{"id":24478,"date":"2024-02-23T16:23:27","date_gmt":"2024-02-23T15:23:27","guid":{"rendered":"https:\/\/www.guerini.it\/?post_type=product&#038;p=24478"},"modified":"2026-04-28T23:37:21","modified_gmt":"2026-04-28T21:37:21","slug":"decalogo-della-complessita","status":"publish","type":"product","link":"https:\/\/www.guerini.it\/index.php\/prodotto\/decalogo-della-complessita\/","title":{"rendered":"Decalogo della complessit\u00e0"},"content":{"rendered":"<p style=\"text-align: justify;\">Perch\u00e9 la complessit\u00e0 aumenta sempre? Cos\u2019\u00e8 il dilemma della complessit\u00e0? Cosa significa danzare con i sistemi complessi? Quali sono le implicazioni della legge della variet\u00e0 necessaria? Che legame c\u2019\u00e8 tra paradosso e metamorfosi? Queste sono alcune delle domande a cui questo decalogo cerca di rispondere. Nel <em>mare magnum<\/em> della letteratura esistente sulla complessit\u00e0, dieci argomenti trattati in maniera sintetica possono rappresentare per il lettore neofita un\u2019occasione per scoprire un tema affascinante e per il lettore esperto un\u2019occasione per rileggere, con un filo rosso diverso, tematiche chiave della materia. I principi della complessit\u00e0 trattati nel testo vengono spesso declinati nella gestione delle organizzazioni in generale e delle imprese in particolare. Le scienze della complessit\u00e0 sono le scienze della sorpresa. Al lettore auguriamo di sorprendersi. Come diceva Aristotele: la meraviglia \u00e8 il principio della conoscenza.<\/p>\n<p style=\"text-align: justify;\"><a href=\"http:\/\/creativecommons.org\/licenses\/by-nc-nd\/4.0\/\" rel=\"license\"><img decoding=\"async\" style=\"border-width: 0;\" src=\"https:\/\/i.creativecommons.org\/l\/by-nc-nd\/4.0\/88x31.png\" alt=\"Licenza Creative Commons\" \/><\/a><br \/>\nQuest&#8217;opera \u00e8 distribuita con Licenza <a href=\"http:\/\/creativecommons.org\/licenses\/by-nc-nd\/4.0\/\" rel=\"license\">Creative Commons Attribuzione &#8211; Non commerciale &#8211; Non opere derivate 4.0 Internazionale<\/a>.<\/p>\n<p><strong>Scarica in formato <a href=\"https:\/\/www.mediafire.com\/file\/8qtuhmy3h1ph5c7\/Spazi+giocati_Picone.pdf\/file\">Open access<\/a><\/strong><\/p>\n<hr \/>\n<p style=\"text-align: justify;\"><strong>Alberto Felice De Toni<\/strong> \u00e8 professore ordinario di Ingegneria Economico Gestionale presso l\u2019<a href=\"https:\/\/www.uniud.it\/it\">Universit\u00e0 di Udine<\/a> dove insegna Gestione dei Sistemi Complessi. \u00c8 stato Preside della Facolt\u00e0 di Ingegneria e Architettura, Magnifico Rettore, Presidente della Fondazione <a href=\"https:\/\/www.crui.it\/\">CRUI<\/a> (Conferenza dei Rettori delle Universit\u00e0 Italiane) e Presidente dell\u2019<a href=\"https:\/\/www.ingegneriagestionale.it\/\">Associazione Italiana di Ingegneria Gestionale<\/a>. Attualmente \u00e8 direttore scientifico di <a href=\"https:\/\/www.cuoa.it\/ita\/eventi\/evento\/open-days-cuoa-business-school?utm_source=google-adwords&amp;utm_medium=search-brand&amp;utm_campaign=open-day-04-05-24&amp;gad_source=1&amp;gclid=Cj0KCQiAoeGuBhCBARIsAGfKY7wwg5Gr20EiXAuadkpWfV5O9Q-yYfAKxKJIs4WCTrdY6lzjd9k7HBgaAgUhEALw_wcB\">CUOA Business School<\/a>, Presidente del Comitato Ordinatore della Scuola Superiore del Centro Alti Studi per la Difesa e Sindaco di Udine.<\/p>\n","protected":false},"excerpt":{"rendered":"<p>Perch\u00e9 la complessit\u00e0 aumenta sempre? Cos\u2019\u00e8 il dilemma della complessit\u00e0? Cosa significa danzare con i sistemi complessi? Quali sono le implicazioni della legge della variet\u00e0 necessaria? Che legame c\u2019\u00e8 tra [&hellip;]<\/p>\n","protected":false},"featured_media":24480,"template":"","meta":{"_editorskit_title_hidden":false,"_editorskit_reading_time":0,"_editorskit_is_block_options_detached":false,"_editorskit_block_options_position":"{}","_monsterinsights_skip_tracking":false,"_monsterinsights_sitenote_active":false,"_monsterinsights_sitenote_note":"","_monsterinsights_sitenote_category":0},"product_brand":[],"product_cat":[6617],"product_tag":[6748,11472,6817,6750],"class_list":{"0":"post-24478","1":"product","2":"type-product","3":"status-publish","4":"has-post-thumbnail","6":"product_cat-bc","7":"product_tag-digitalizzazione","8":"product_tag-interconnessione","9":"product_tag-organizzazioni","10":"product_tag-tecnologia","11":"pa_guerini_amazon_link-https-www-amazon-it-decalogo-della-complessit-alberto-felice-dp-8862509057","12":"pa_guerini_feltrinelli_link-https-www-lafeltrinelli-it-decalogo-della-complessita-agire-apprendere-libro-alberto-felice-de-toni-e-9788862509053","13":"pa_guerini_ibs_link-https-www-ibs-it-decalogo-della-complessita-agire-apprendere-libro-alberto-felice-de-toni-e-9788862509053","14":"pa_guerini_libruniver_link-https-www-libreriauniversitaria-it-decalogo-complessita-agire-apprendere-adattarsi-libro-9788862509053","15":"pa_guerini_mondadori_link-https-www-mondadoristore-it-decalogo-complessita-agire-alberto-felice-de-toni-eai978886250905","17":"first","18":"outofstock","19":"sale","20":"shipping-taxable","21":"purchasable","22":"product-type-simple"},"yoast_head":"<!-- This site is optimized with the Yoast SEO plugin v25.4 - https:\/\/yoast.com\/wordpress\/plugins\/seo\/ -->\n<title>De Toni Alberto Felice, Decalogo della complessit\u00e0 - Guerini Editore<\/title>\n<meta name=\"description\" content=\"Un decalogo di principi della complessit\u00e0, declinati nella gestione delle organizzazioni in generale e delle imprese in particolare\" \/>\n<meta name=\"robots\" content=\"index, follow, max-snippet:-1, max-image-preview:large, max-video-preview:-1\" \/>\n<link rel=\"canonical\" href=\"https:\/\/www.guerini.it\/index.php\/prodotto\/decalogo-della-complessita\/\" \/>\n<meta property=\"og:locale\" content=\"it_IT\" \/>\n<meta property=\"og:type\" content=\"article\" \/>\n<meta property=\"og:title\" content=\"De Toni Alberto Felice, Decalogo della complessit\u00e0 - Guerini Editore\" \/>\n<meta property=\"og:description\" content=\"Un decalogo di principi della complessit\u00e0, declinati nella gestione delle organizzazioni in generale e delle imprese in particolare\" \/>\n<meta property=\"og:url\" content=\"https:\/\/www.guerini.it\/index.php\/prodotto\/decalogo-della-complessita\/\" \/>\n<meta property=\"og:site_name\" content=\"Guerini e Associati\" \/>\n<meta property=\"article:modified_time\" content=\"2026-04-28T21:37:21+00:00\" \/>\n<meta property=\"og:image\" content=\"https:\/\/www.guerini.it\/wp-content\/uploads\/2024\/02\/DECALOGO-DELLA-COMPLESSITa.webp\" \/>\n\t<meta property=\"og:image:width\" content=\"667\" \/>\n\t<meta property=\"og:image:height\" content=\"1000\" \/>\n\t<meta property=\"og:image:type\" content=\"image\/webp\" \/>\n<meta name=\"twitter:card\" content=\"summary_large_image\" \/>\n<meta name=\"twitter:label1\" content=\"Tempo di lettura stimato\" \/>\n\t<meta name=\"twitter:data1\" content=\"2 minuti\" \/>\n<!-- \/ Yoast SEO plugin. -->","yoast_head_json":{"title":"De Toni Alberto Felice, Decalogo della complessit\u00e0 - Guerini Editore","description":"Un decalogo di principi della complessit\u00e0, declinati nella gestione delle organizzazioni in generale e delle imprese in particolare","robots":{"index":"index","follow":"follow","max-snippet":"max-snippet:-1","max-image-preview":"max-image-preview:large","max-video-preview":"max-video-preview:-1"},"canonical":"https:\/\/www.guerini.it\/index.php\/prodotto\/decalogo-della-complessita\/","og_locale":"it_IT","og_type":"article","og_title":"De Toni Alberto Felice, Decalogo della complessit\u00e0 - Guerini Editore","og_description":"Un decalogo di principi della complessit\u00e0, declinati nella gestione delle organizzazioni in generale e delle imprese in particolare","og_url":"https:\/\/www.guerini.it\/index.php\/prodotto\/decalogo-della-complessita\/","og_site_name":"Guerini e Associati","article_modified_time":"2026-04-28T21:37:21+00:00","og_image":[{"width":667,"height":1000,"url":"https:\/\/www.guerini.it\/wp-content\/uploads\/2024\/02\/DECALOGO-DELLA-COMPLESSITa.webp","type":"image\/webp"}],"twitter_card":"summary_large_image","twitter_misc":{"Tempo di lettura stimato":"2 minuti"},"schema":{"@context":"https:\/\/schema.org","@graph":[{"@type":"WebPage","@id":"https:\/\/www.guerini.it\/index.php\/prodotto\/decalogo-della-complessita\/","url":"https:\/\/www.guerini.it\/index.php\/prodotto\/decalogo-della-complessita\/","name":"De Toni Alberto Felice, Decalogo della complessit\u00e0 - Guerini Editore","isPartOf":{"@id":"https:\/\/www.guerini.it\/#website"},"primaryImageOfPage":{"@id":"https:\/\/www.guerini.it\/index.php\/prodotto\/decalogo-della-complessita\/#primaryimage"},"image":{"@id":"https:\/\/www.guerini.it\/index.php\/prodotto\/decalogo-della-complessita\/#primaryimage"},"thumbnailUrl":"https:\/\/www.guerini.it\/wp-content\/uploads\/2024\/02\/DECALOGO-DELLA-COMPLESSITa.webp","datePublished":"2024-02-23T15:23:27+00:00","dateModified":"2026-04-28T21:37:21+00:00","description":"Un decalogo di principi della complessit\u00e0, declinati nella gestione delle organizzazioni in generale e delle imprese in particolare","breadcrumb":{"@id":"https:\/\/www.guerini.it\/index.php\/prodotto\/decalogo-della-complessita\/#breadcrumb"},"inLanguage":"it-IT","potentialAction":[{"@type":"ReadAction","target":["https:\/\/www.guerini.it\/index.php\/prodotto\/decalogo-della-complessita\/"]}]},{"@type":"ImageObject","inLanguage":"it-IT","@id":"https:\/\/www.guerini.it\/index.php\/prodotto\/decalogo-della-complessita\/#primaryimage","url":"https:\/\/www.guerini.it\/wp-content\/uploads\/2024\/02\/DECALOGO-DELLA-COMPLESSITa.webp","contentUrl":"https:\/\/www.guerini.it\/wp-content\/uploads\/2024\/02\/DECALOGO-DELLA-COMPLESSITa.webp","width":667,"height":1000,"caption":"Front Cover di: De Toni Alberto Felice, Decalogo della Complessit\u00e0, Guerini e Associati, 2024"},{"@type":"BreadcrumbList","@id":"https:\/\/www.guerini.it\/index.php\/prodotto\/decalogo-della-complessita\/#breadcrumb","itemListElement":[{"@type":"ListItem","position":1,"name":"Home","item":"https:\/\/www.guerini.it\/"},{"@type":"ListItem","position":2,"name":"Catalogo","item":"https:\/\/www.guerini.it\/index.php\/negozio\/"},{"@type":"ListItem","position":3,"name":"Decalogo della complessit\u00e0"}]},{"@type":"WebSite","@id":"https:\/\/www.guerini.it\/#website","url":"https:\/\/www.guerini.it\/","name":"Guerini e Associati","description":"30 anni di libri, idee e libert\u00e0","publisher":{"@id":"https:\/\/www.guerini.it\/#organization"},"potentialAction":[{"@type":"SearchAction","target":{"@type":"EntryPoint","urlTemplate":"https:\/\/www.guerini.it\/?s={search_term_string}"},"query-input":{"@type":"PropertyValueSpecification","valueRequired":true,"valueName":"search_term_string"}}],"inLanguage":"it-IT"},{"@type":"Organization","@id":"https:\/\/www.guerini.it\/#organization","name":"Guerini e Associati","url":"https:\/\/www.guerini.it\/","logo":{"@type":"ImageObject","inLanguage":"it-IT","@id":"https:\/\/www.guerini.it\/#\/schema\/logo\/image\/","url":"https:\/\/www.guerini.it\/wp-content\/uploads\/2021\/03\/Logo-Guerini-OK_-e1615831292285.png","contentUrl":"https:\/\/www.guerini.it\/wp-content\/uploads\/2021\/03\/Logo-Guerini-OK_-e1615831292285.png","width":2805,"height":1870,"caption":"Guerini e Associati"},"image":{"@id":"https:\/\/www.guerini.it\/#\/schema\/logo\/image\/"}}]}},"_links":{"self":[{"href":"https:\/\/www.guerini.it\/index.php\/wp-json\/wp\/v2\/product\/24478","targetHints":{"allow":["GET"]}}],"collection":[{"href":"https:\/\/www.guerini.it\/index.php\/wp-json\/wp\/v2\/product"}],"about":[{"href":"https:\/\/www.guerini.it\/index.php\/wp-json\/wp\/v2\/types\/product"}],"wp:featuredmedia":[{"embeddable":true,"href":"https:\/\/www.guerini.it\/index.php\/wp-json\/wp\/v2\/media\/24480"}],"wp:attachment":[{"href":"https:\/\/www.guerini.it\/index.php\/wp-json\/wp\/v2\/media?parent=24478"}],"wp:term":[{"taxonomy":"product_brand","embeddable":true,"href":"https:\/\/www.guerini.it\/index.php\/wp-json\/wp\/v2\/product_brand?post=24478"},{"taxonomy":"product_cat","embeddable":true,"href":"https:\/\/www.guerini.it\/index.php\/wp-json\/wp\/v2\/product_cat?post=24478"},{"taxonomy":"product_tag","embeddable":true,"href":"https:\/\/www.guerini.it\/index.php\/wp-json\/wp\/v2\/product_tag?post=24478"}],"curies":[{"name":"wp","href":"https:\/\/api.w.org\/{rel}","templated":true}]}}