{"id":24487,"date":"2024-02-29T16:06:43","date_gmt":"2024-02-29T15:06:43","guid":{"rendered":"https:\/\/www.guerini.it\/?post_type=product&#038;p=24487"},"modified":"2025-09-25T11:05:18","modified_gmt":"2025-09-25T09:05:18","slug":"algocrazia","status":"publish","type":"product","link":"https:\/\/www.guerini.it\/index.php\/prodotto\/algocrazia\/","title":{"rendered":"Algocrazia"},"content":{"rendered":"<p style=\"text-align: justify;\">L\u2019homo sapiens, quello del fuoco, del ferro, del carbone, co-evolve con le macchine, ibridandosi con esse nelle applicazioni della fabbrica come nella vita personale. Come in un fotogramma di Blade Runner, lo scenario che ci si spalanca davanti \u00e8 quello di un Digital worker, un uomo-macchina, inabile a lavorare senza l\u2019interazione con la macchina-uomo, con un computer dotato di Intelligenza Artificiale: un cyborg equipaggiato tanto di ragione affettiva e soggettivit\u00e0 erotica, quanto di potente capacit\u00e0 di calcolo. Si conserva umano, ma si oltrepassa per mezzo della tecnologia, senza per\u00f2 tradirsi nella sua radice biologica. Siamo di fronte a una evoluzione della specie umana che pu\u00f2 condurci oltre le macchine oppure oltre l\u2019umano?<br \/>\nUn destino che non \u00e8 gi\u00e0 scritto, ma \u00e8 unicamente legato alla scelta esclusivamente umana ed etica di bilanciare l\u2019algoritmo con l\u2019androritmo.<br \/>\nCon la trasformazione digitale saltano i tradizionali schemi gestionali e gli stessi princ\u00ecpi organizzativi che hanno governato le aziende e il lavoro.<br \/>\nProgettare il cambiamento \u00e8 la missione che ogni manager, ma soprattutto la direzione Risorse Umane, \u00e8 chiamata oggi a svolgere e con urgenza.<\/p>\n<hr \/>\n<p style=\"text-align: justify;\"><strong>Francesco Donato Perillo<\/strong>, laurea in Filosofia, con lunga esperienza di dirigente delle Risorse Umane nel gruppo Finmeccanica (oggi <a href=\"https:\/\/www.leonardo.com\/it\/home\">Leonardo<\/a>), \u00e8 saggista, formatore e consulente manageriale. Docente di Persone, Macchine e Organizzazione nella trasformazione digitale, all\u2019Universit\u00e0 Suor Orsola Benincasa di Napoli. \u00c8 inoltre editorialista del Corriere del Mezzogiorno (<a href=\"https:\/\/www.rcsmediagroup.it\/pagine\/il-gruppo\/\">Gruppo RCS<\/a>).<\/p>\n","protected":false},"excerpt":{"rendered":"<p>L\u2019homo sapiens, quello del fuoco, del ferro, del carbone, co-evolve con le macchine, ibridandosi con esse nelle applicazioni della fabbrica come nella vita personale. Come in un fotogramma di Blade [&hellip;]<\/p>\n","protected":false},"featured_media":24489,"template":"","meta":{"_editorskit_title_hidden":false,"_editorskit_reading_time":0,"_editorskit_is_block_options_detached":false,"_editorskit_block_options_position":"{}","_monsterinsights_skip_tracking":false,"_monsterinsights_sitenote_active":false,"_monsterinsights_sitenote_note":"","_monsterinsights_sitenote_category":0},"product_brand":[],"product_cat":[6805],"product_tag":[11496,6803,6802,11497],"class_list":{"0":"post-24487","1":"product","2":"type-product","3":"status-publish","4":"has-post-thumbnail","6":"product_cat-guerini-next","7":"product_tag-futuro-del-lavoro","8":"product_tag-management","9":"product_tag-risorse-umane","10":"product_tag-trasformazione-digitale","11":"pa_guerini_amazon_link-https-www-amazon-it-algocrazia-lintelligenza-artificiale-fine-management-dp-8868965283","12":"pa_guerini_feltrinelli_link-https-www-lafeltrinelli-it-algocrazia-intelligenza-artificiale-fine-del-libro-francesco-donato-perillo-e-9788868965280","13":"pa_guerini_ibs_link-https-www-ibs-it-algocrazia-intelligenza-artificiale-fine-del-libro-francesco-donato-perillo-e-9788868965280","14":"pa_guerini_libruniver_link-https-www-libreriauniversitaria-it-algocrazia-intelligenza-artificiale-fine-mangement-libro-9788868965280","15":"pa_guerini_mondadori_link-https-www-mondadoristore-it-algocrazia-intelligenza-francesco-donato-perillo-eai978886896528","17":"first","18":"instock","19":"sale","20":"shipping-taxable","21":"purchasable","22":"product-type-simple"},"yoast_head":"<!-- This site is optimized with the Yoast SEO plugin v25.4 - https:\/\/yoast.com\/wordpress\/plugins\/seo\/ -->\n<title>Donato Perillo, Francesco, Algocrazia - Guerini Editore<\/title>\n<meta name=\"description\" content=\"Come combattere l&#039;Algocrazia? Con la trasformazione digitale saltano i tradizionali schemi gestionali, progettare il cambiamento \u00e8 la missione.\" \/>\n<meta name=\"robots\" content=\"index, follow, max-snippet:-1, max-image-preview:large, max-video-preview:-1\" \/>\n<link rel=\"canonical\" href=\"https:\/\/www.guerini.it\/index.php\/prodotto\/algocrazia\/\" \/>\n<meta property=\"og:locale\" content=\"it_IT\" \/>\n<meta property=\"og:type\" content=\"article\" \/>\n<meta property=\"og:title\" content=\"Donato Perillo, Francesco, Algocrazia - Guerini Editore\" \/>\n<meta property=\"og:description\" content=\"Come combattere l&#039;Algocrazia? Con la trasformazione digitale saltano i tradizionali schemi gestionali, progettare il cambiamento \u00e8 la missione.\" \/>\n<meta property=\"og:url\" content=\"https:\/\/www.guerini.it\/index.php\/prodotto\/algocrazia\/\" \/>\n<meta property=\"og:site_name\" content=\"Guerini e Associati\" \/>\n<meta property=\"article:modified_time\" content=\"2025-09-25T09:05:18+00:00\" \/>\n<meta property=\"og:image\" content=\"https:\/\/www.guerini.it\/wp-content\/uploads\/2024\/02\/9788868965280-1.webp\" \/>\n\t<meta property=\"og:image:width\" content=\"667\" \/>\n\t<meta property=\"og:image:height\" content=\"1000\" \/>\n\t<meta property=\"og:image:type\" content=\"image\/webp\" \/>\n<meta name=\"twitter:card\" content=\"summary_large_image\" \/>\n<meta name=\"twitter:label1\" content=\"Tempo di lettura stimato\" \/>\n\t<meta name=\"twitter:data1\" content=\"2 minuti\" \/>\n<!-- \/ Yoast SEO plugin. -->","yoast_head_json":{"title":"Donato Perillo, Francesco, Algocrazia - Guerini Editore","description":"Come combattere l'Algocrazia? Con la trasformazione digitale saltano i tradizionali schemi gestionali, progettare il cambiamento \u00e8 la missione.","robots":{"index":"index","follow":"follow","max-snippet":"max-snippet:-1","max-image-preview":"max-image-preview:large","max-video-preview":"max-video-preview:-1"},"canonical":"https:\/\/www.guerini.it\/index.php\/prodotto\/algocrazia\/","og_locale":"it_IT","og_type":"article","og_title":"Donato Perillo, Francesco, Algocrazia - Guerini Editore","og_description":"Come combattere l'Algocrazia? Con la trasformazione digitale saltano i tradizionali schemi gestionali, progettare il cambiamento \u00e8 la missione.","og_url":"https:\/\/www.guerini.it\/index.php\/prodotto\/algocrazia\/","og_site_name":"Guerini e Associati","article_modified_time":"2025-09-25T09:05:18+00:00","og_image":[{"width":667,"height":1000,"url":"https:\/\/www.guerini.it\/wp-content\/uploads\/2024\/02\/9788868965280-1.webp","type":"image\/webp"}],"twitter_card":"summary_large_image","twitter_misc":{"Tempo di lettura stimato":"2 minuti"},"schema":{"@context":"https:\/\/schema.org","@graph":[{"@type":"WebPage","@id":"https:\/\/www.guerini.it\/index.php\/prodotto\/algocrazia\/","url":"https:\/\/www.guerini.it\/index.php\/prodotto\/algocrazia\/","name":"Donato Perillo, Francesco, Algocrazia - Guerini Editore","isPartOf":{"@id":"https:\/\/www.guerini.it\/#website"},"primaryImageOfPage":{"@id":"https:\/\/www.guerini.it\/index.php\/prodotto\/algocrazia\/#primaryimage"},"image":{"@id":"https:\/\/www.guerini.it\/index.php\/prodotto\/algocrazia\/#primaryimage"},"thumbnailUrl":"https:\/\/www.guerini.it\/wp-content\/uploads\/2024\/02\/9788868965280-1.webp","datePublished":"2024-02-29T15:06:43+00:00","dateModified":"2025-09-25T09:05:18+00:00","description":"Come combattere l'Algocrazia? Con la trasformazione digitale saltano i tradizionali schemi gestionali, progettare il cambiamento \u00e8 la missione.","breadcrumb":{"@id":"https:\/\/www.guerini.it\/index.php\/prodotto\/algocrazia\/#breadcrumb"},"inLanguage":"it-IT","potentialAction":[{"@type":"ReadAction","target":["https:\/\/www.guerini.it\/index.php\/prodotto\/algocrazia\/"]}]},{"@type":"ImageObject","inLanguage":"it-IT","@id":"https:\/\/www.guerini.it\/index.php\/prodotto\/algocrazia\/#primaryimage","url":"https:\/\/www.guerini.it\/wp-content\/uploads\/2024\/02\/9788868965280-1.webp","contentUrl":"https:\/\/www.guerini.it\/wp-content\/uploads\/2024\/02\/9788868965280-1.webp","width":667,"height":1000,"caption":"Copertina di: Algocrazia, di Francesco Donato Perillo, GueriniNext 2024"},{"@type":"BreadcrumbList","@id":"https:\/\/www.guerini.it\/index.php\/prodotto\/algocrazia\/#breadcrumb","itemListElement":[{"@type":"ListItem","position":1,"name":"Home","item":"https:\/\/www.guerini.it\/"},{"@type":"ListItem","position":2,"name":"Catalogo","item":"https:\/\/www.guerini.it\/index.php\/negozio\/"},{"@type":"ListItem","position":3,"name":"Algocrazia"}]},{"@type":"WebSite","@id":"https:\/\/www.guerini.it\/#website","url":"https:\/\/www.guerini.it\/","name":"Guerini e Associati","description":"30 anni di libri, idee e libert\u00e0","publisher":{"@id":"https:\/\/www.guerini.it\/#organization"},"potentialAction":[{"@type":"SearchAction","target":{"@type":"EntryPoint","urlTemplate":"https:\/\/www.guerini.it\/?s={search_term_string}"},"query-input":{"@type":"PropertyValueSpecification","valueRequired":true,"valueName":"search_term_string"}}],"inLanguage":"it-IT"},{"@type":"Organization","@id":"https:\/\/www.guerini.it\/#organization","name":"Guerini e Associati","url":"https:\/\/www.guerini.it\/","logo":{"@type":"ImageObject","inLanguage":"it-IT","@id":"https:\/\/www.guerini.it\/#\/schema\/logo\/image\/","url":"https:\/\/www.guerini.it\/wp-content\/uploads\/2021\/03\/Logo-Guerini-OK_-e1615831292285.png","contentUrl":"https:\/\/www.guerini.it\/wp-content\/uploads\/2021\/03\/Logo-Guerini-OK_-e1615831292285.png","width":2805,"height":1870,"caption":"Guerini e Associati"},"image":{"@id":"https:\/\/www.guerini.it\/#\/schema\/logo\/image\/"}}]}},"_links":{"self":[{"href":"https:\/\/www.guerini.it\/index.php\/wp-json\/wp\/v2\/product\/24487","targetHints":{"allow":["GET"]}}],"collection":[{"href":"https:\/\/www.guerini.it\/index.php\/wp-json\/wp\/v2\/product"}],"about":[{"href":"https:\/\/www.guerini.it\/index.php\/wp-json\/wp\/v2\/types\/product"}],"wp:featuredmedia":[{"embeddable":true,"href":"https:\/\/www.guerini.it\/index.php\/wp-json\/wp\/v2\/media\/24489"}],"wp:attachment":[{"href":"https:\/\/www.guerini.it\/index.php\/wp-json\/wp\/v2\/media?parent=24487"}],"wp:term":[{"taxonomy":"product_brand","embeddable":true,"href":"https:\/\/www.guerini.it\/index.php\/wp-json\/wp\/v2\/product_brand?post=24487"},{"taxonomy":"product_cat","embeddable":true,"href":"https:\/\/www.guerini.it\/index.php\/wp-json\/wp\/v2\/product_cat?post=24487"},{"taxonomy":"product_tag","embeddable":true,"href":"https:\/\/www.guerini.it\/index.php\/wp-json\/wp\/v2\/product_tag?post=24487"}],"curies":[{"name":"wp","href":"https:\/\/api.w.org\/{rel}","templated":true}]}}