{"id":24507,"date":"2024-03-07T11:48:38","date_gmt":"2024-03-07T10:48:38","guid":{"rendered":"https:\/\/www.guerini.it\/?post_type=product&#038;p=24507"},"modified":"2024-06-09T20:26:18","modified_gmt":"2024-06-09T18:26:18","slug":"tecnobugie","status":"publish","type":"product","link":"https:\/\/www.guerini.it\/index.php\/prodotto\/tecnobugie\/","title":{"rendered":"Tecnobugie"},"content":{"rendered":"<p style=\"text-align: justify;\">Vi hanno detto che solo implementando le nuove tecnologie sareste sopravvissuti alla<em> digital disruption<\/em>. Che la soluzione ai vostri problemi stava nell\u2019AI, nell\u2019IoT, o in qualche altro strumento ancora. Ma vi hanno mentito. Le innovazioni digitali stanno sconvolgendo le organizzazioni di ogni dimensione e forma, ma non \u00e8 detto che la scelta e l\u2019implementazione delle giuste tecnologie porti da sola al successo.<br \/>\nCi\u00f2 su cui bisogna investire sono i cambiamenti nelle dinamiche organizzative e nelle modalit\u00e0 di svolgimento del lavoro. Il modo migliore per rispondere al futuro \u00e8 cambiare la cultura aziendale per renderla pi\u00f9 agile, tollerante al rischio e pronta a sperimentare.<br \/>\nDalla prestigiosa collana di MIT Press, Management on the Cutting Edge, un libro su come smettere di \u00abfare digital\u00bb e iniziare a \u00abessere digital\u00bb.<\/p>\n<hr \/>\n<p style=\"text-align: justify;\"><strong>Gerald C. Kane<\/strong> \u00e8 professore di Sistemi informativi presso il Boston College. Ha lavorato con Deloitte e PwC. Ha pubblicato diversi articoli con <a href=\"https:\/\/hbr.org\/\"><em>Harvard Business Review<\/em><\/a> e <a href=\"https:\/\/sloanreview.mit.edu\/\"><em>MIT-Sloan Management Review<\/em>.<\/a><br \/>\n<strong>Anh Nguyen Phillips<\/strong> \u00e8 managing director del Deloitte Global\u2019s CEO Program. I suoi contributi sul rapporto tra uomini e tecnologia sono apparsi su <a href=\"https:\/\/www.forbes.com\/\"><em>Forbes<\/em><\/a>, <a href=\"https:\/\/fortune.com\/\"><em>Fortune<\/em> <\/a>e il <a href=\"https:\/\/store.wsj.com\/shop\/emea\/wsjaoemea24\/?gclid=EAIaIQobChMI_Kv7pvbhhAMVSGdBAh2CdAPQEAAYASAAEgIYCPD_BwE&amp;trackingCode=aaqyhdit&amp;cid=WSJ_SCH_GOO_ACQ_NA&amp;gclsrc=aw.ds&amp;gad_source=1&amp;ef_id=ZemT3wAAAE5ERgO5:20240307101819:s\"><em>Wall Street Journal<\/em><\/a>.<br \/>\n<strong>Jonathan R. Copulsky<\/strong> insegna Marketing alla Kellogg School of Management. In precedenza ha lavorato per oltre vent\u2019anni da Deloitte.<br \/>\n<strong>Garth R. Andrus<\/strong> ha lavorato in ruoli apicali in diverse delle Big Four. Oggi \u00e8 presidente di <a href=\"https:\/\/www.cognixia.com\/courses\/\">Cognixia<\/a>, societ\u00e0 che si occupa di trasformazione digitale.<\/p>\n","protected":false},"excerpt":{"rendered":"<p>Vi hanno detto che solo implementando le nuove tecnologie sareste sopravvissuti alla digital disruption. Che la soluzione ai vostri problemi stava nell\u2019AI, nell\u2019IoT, o in qualche altro strumento ancora. Ma [&hellip;]<\/p>\n","protected":false},"featured_media":24508,"template":"","meta":{"_editorskit_title_hidden":false,"_editorskit_reading_time":0,"_editorskit_is_block_options_detached":false,"_editorskit_block_options_position":"{}","_monsterinsights_skip_tracking":false,"_monsterinsights_sitenote_active":false,"_monsterinsights_sitenote_note":"","_monsterinsights_sitenote_category":0},"product_brand":[],"product_cat":[6805],"product_tag":[9116,6745,7501,11523],"class_list":{"0":"post-24507","1":"product","2":"type-product","3":"status-publish","4":"has-post-thumbnail","6":"product_cat-guerini-next","7":"product_tag-aziende","8":"product_tag-innovazione","9":"product_tag-intelligenza-artificiale","10":"product_tag-iot","11":"pa_guerini_amazon_link-https-www-amazon-it-tecnobugie-trasformazione-digitale-fossero-persone-dp-8868965208","12":"pa_guerini_feltrinelli_link-https-www-lafeltrinelli-it-tecnobugie-se-al-centro-della-libro-vari-e-9788868965204","13":"pa_guerini_ibs_link-https-www-ibs-it-tecnobugie-se-al-centro-della-libro-vari-e-9788868965204","14":"pa_guerini_libruniver_link-https-www-libreriauniversitaria-it-tecnobugie-se-centro-trasformazione-digitale-libro-9788868965204","15":"pa_guerini_mondadori_link-https-www-mondadoristore-it-tecnobugie-se-centro-anh-nguyen-phillips-garth-r-andrus-gerald-c-kane-jonathan-r-copulsky-eai978886896520","17":"first","18":"instock","19":"sale","20":"shipping-taxable","21":"purchasable","22":"product-type-simple"},"yoast_head":"<!-- This site is optimized with the Yoast SEO plugin v25.4 - https:\/\/yoast.com\/wordpress\/plugins\/seo\/ -->\n<title>Tecnobugie - Guerini Editore<\/title>\n<meta name=\"description\" content=\"Tecnobugie: il modo migliore per rispondere al futuro \u00e8 cambiare la cultura aziendale per renderla pi\u00f9 agile, tollerante al rischio e pronta a sperimentare.\" \/>\n<meta name=\"robots\" content=\"index, follow, max-snippet:-1, max-image-preview:large, max-video-preview:-1\" \/>\n<link rel=\"canonical\" href=\"https:\/\/www.guerini.it\/index.php\/prodotto\/tecnobugie\/\" \/>\n<meta property=\"og:locale\" content=\"it_IT\" \/>\n<meta property=\"og:type\" content=\"article\" \/>\n<meta property=\"og:title\" content=\"Tecnobugie - Guerini Editore\" \/>\n<meta property=\"og:description\" content=\"Tecnobugie: il modo migliore per rispondere al futuro \u00e8 cambiare la cultura aziendale per renderla pi\u00f9 agile, tollerante al rischio e pronta a sperimentare.\" \/>\n<meta property=\"og:url\" content=\"https:\/\/www.guerini.it\/index.php\/prodotto\/tecnobugie\/\" \/>\n<meta property=\"og:site_name\" content=\"Guerini e Associati\" \/>\n<meta property=\"article:modified_time\" content=\"2024-06-09T18:26:18+00:00\" \/>\n<meta property=\"og:image\" content=\"https:\/\/www.guerini.it\/wp-content\/uploads\/2024\/03\/TECNOBUGIE-9788868965204.jpg\" \/>\n\t<meta property=\"og:image:width\" content=\"643\" \/>\n\t<meta property=\"og:image:height\" content=\"1000\" \/>\n\t<meta property=\"og:image:type\" content=\"image\/jpeg\" \/>\n<meta name=\"twitter:card\" content=\"summary_large_image\" \/>\n<meta name=\"twitter:label1\" content=\"Tempo di lettura stimato\" \/>\n\t<meta name=\"twitter:data1\" content=\"2 minuti\" \/>\n<!-- \/ Yoast SEO plugin. -->","yoast_head_json":{"title":"Tecnobugie - Guerini Editore","description":"Tecnobugie: il modo migliore per rispondere al futuro \u00e8 cambiare la cultura aziendale per renderla pi\u00f9 agile, tollerante al rischio e pronta a sperimentare.","robots":{"index":"index","follow":"follow","max-snippet":"max-snippet:-1","max-image-preview":"max-image-preview:large","max-video-preview":"max-video-preview:-1"},"canonical":"https:\/\/www.guerini.it\/index.php\/prodotto\/tecnobugie\/","og_locale":"it_IT","og_type":"article","og_title":"Tecnobugie - Guerini Editore","og_description":"Tecnobugie: il modo migliore per rispondere al futuro \u00e8 cambiare la cultura aziendale per renderla pi\u00f9 agile, tollerante al rischio e pronta a sperimentare.","og_url":"https:\/\/www.guerini.it\/index.php\/prodotto\/tecnobugie\/","og_site_name":"Guerini e Associati","article_modified_time":"2024-06-09T18:26:18+00:00","og_image":[{"width":643,"height":1000,"url":"https:\/\/www.guerini.it\/wp-content\/uploads\/2024\/03\/TECNOBUGIE-9788868965204.jpg","type":"image\/jpeg"}],"twitter_card":"summary_large_image","twitter_misc":{"Tempo di lettura stimato":"2 minuti"},"schema":{"@context":"https:\/\/schema.org","@graph":[{"@type":"WebPage","@id":"https:\/\/www.guerini.it\/index.php\/prodotto\/tecnobugie\/","url":"https:\/\/www.guerini.it\/index.php\/prodotto\/tecnobugie\/","name":"Tecnobugie - Guerini Editore","isPartOf":{"@id":"https:\/\/www.guerini.it\/#website"},"primaryImageOfPage":{"@id":"https:\/\/www.guerini.it\/index.php\/prodotto\/tecnobugie\/#primaryimage"},"image":{"@id":"https:\/\/www.guerini.it\/index.php\/prodotto\/tecnobugie\/#primaryimage"},"thumbnailUrl":"https:\/\/www.guerini.it\/wp-content\/uploads\/2024\/03\/TECNOBUGIE-9788868965204.jpg","datePublished":"2024-03-07T10:48:38+00:00","dateModified":"2024-06-09T18:26:18+00:00","description":"Tecnobugie: il modo migliore per rispondere al futuro \u00e8 cambiare la cultura aziendale per renderla pi\u00f9 agile, tollerante al rischio e pronta a sperimentare.","breadcrumb":{"@id":"https:\/\/www.guerini.it\/index.php\/prodotto\/tecnobugie\/#breadcrumb"},"inLanguage":"it-IT","potentialAction":[{"@type":"ReadAction","target":["https:\/\/www.guerini.it\/index.php\/prodotto\/tecnobugie\/"]}]},{"@type":"ImageObject","inLanguage":"it-IT","@id":"https:\/\/www.guerini.it\/index.php\/prodotto\/tecnobugie\/#primaryimage","url":"https:\/\/www.guerini.it\/wp-content\/uploads\/2024\/03\/TECNOBUGIE-9788868965204.jpg","contentUrl":"https:\/\/www.guerini.it\/wp-content\/uploads\/2024\/03\/TECNOBUGIE-9788868965204.jpg","width":643,"height":1000,"caption":"Front cover di: Tecnobugie, Guerini Next, 2024"},{"@type":"BreadcrumbList","@id":"https:\/\/www.guerini.it\/index.php\/prodotto\/tecnobugie\/#breadcrumb","itemListElement":[{"@type":"ListItem","position":1,"name":"Home","item":"https:\/\/www.guerini.it\/"},{"@type":"ListItem","position":2,"name":"Catalogo","item":"https:\/\/www.guerini.it\/index.php\/negozio\/"},{"@type":"ListItem","position":3,"name":"Tecnobugie"}]},{"@type":"WebSite","@id":"https:\/\/www.guerini.it\/#website","url":"https:\/\/www.guerini.it\/","name":"Guerini e Associati","description":"30 anni di libri, idee e libert\u00e0","publisher":{"@id":"https:\/\/www.guerini.it\/#organization"},"potentialAction":[{"@type":"SearchAction","target":{"@type":"EntryPoint","urlTemplate":"https:\/\/www.guerini.it\/?s={search_term_string}"},"query-input":{"@type":"PropertyValueSpecification","valueRequired":true,"valueName":"search_term_string"}}],"inLanguage":"it-IT"},{"@type":"Organization","@id":"https:\/\/www.guerini.it\/#organization","name":"Guerini e Associati","url":"https:\/\/www.guerini.it\/","logo":{"@type":"ImageObject","inLanguage":"it-IT","@id":"https:\/\/www.guerini.it\/#\/schema\/logo\/image\/","url":"https:\/\/www.guerini.it\/wp-content\/uploads\/2021\/03\/Logo-Guerini-OK_-e1615831292285.png","contentUrl":"https:\/\/www.guerini.it\/wp-content\/uploads\/2021\/03\/Logo-Guerini-OK_-e1615831292285.png","width":2805,"height":1870,"caption":"Guerini e Associati"},"image":{"@id":"https:\/\/www.guerini.it\/#\/schema\/logo\/image\/"}}]}},"_links":{"self":[{"href":"https:\/\/www.guerini.it\/index.php\/wp-json\/wp\/v2\/product\/24507","targetHints":{"allow":["GET"]}}],"collection":[{"href":"https:\/\/www.guerini.it\/index.php\/wp-json\/wp\/v2\/product"}],"about":[{"href":"https:\/\/www.guerini.it\/index.php\/wp-json\/wp\/v2\/types\/product"}],"wp:featuredmedia":[{"embeddable":true,"href":"https:\/\/www.guerini.it\/index.php\/wp-json\/wp\/v2\/media\/24508"}],"wp:attachment":[{"href":"https:\/\/www.guerini.it\/index.php\/wp-json\/wp\/v2\/media?parent=24507"}],"wp:term":[{"taxonomy":"product_brand","embeddable":true,"href":"https:\/\/www.guerini.it\/index.php\/wp-json\/wp\/v2\/product_brand?post=24507"},{"taxonomy":"product_cat","embeddable":true,"href":"https:\/\/www.guerini.it\/index.php\/wp-json\/wp\/v2\/product_cat?post=24507"},{"taxonomy":"product_tag","embeddable":true,"href":"https:\/\/www.guerini.it\/index.php\/wp-json\/wp\/v2\/product_tag?post=24507"}],"curies":[{"name":"wp","href":"https:\/\/api.w.org\/{rel}","templated":true}]}}