{"id":24513,"date":"2024-03-07T15:26:03","date_gmt":"2024-03-07T14:26:03","guid":{"rendered":"https:\/\/www.guerini.it\/?post_type=product&#038;p=24513"},"modified":"2024-06-09T20:26:19","modified_gmt":"2024-06-09T18:26:19","slug":"strategia-che-passione","status":"publish","type":"product","link":"https:\/\/www.guerini.it\/index.php\/prodotto\/strategia-che-passione\/","title":{"rendered":"Strategia, che passione!"},"content":{"rendered":"<p style=\"text-align: justify;\">Ogni problema ha una soluzione; un metodo e una strategia sono la strada pi\u00f9 breve per raggiungerla.<br \/>\nQuesto volume si propone agli imprenditori, manager, sportivi e non solo, come una guida pratica e un metodo per creare le strategie opportune rivolte ai propri obiettivi.<br \/>\nLa strategia ci indirizza verso una maggiore consapevolezza, che significa acuire la capacit\u00e0 di intuire, percepire, riconoscere e dare un nome alla realt\u00e0, il pi\u00f9 possibile, in ogni ambito e aspetto della vita professionale, ma anche in quella privata o di cittadino.<br \/>\nNei continui cambiamenti globali, chi ha ruoli e responsabilit\u00e0 importanti capisce la necessit\u00e0 di cambiare e adeguarsi ai sempre nuovi scenari. Adottare un metodo, semplice e diretto di miglioramento continuo e usare una strategia mirata consente di raggiungere gli obiettivi con minore sforzo, in minore tempo e con maggiori risultati.<\/p>\n<hr \/>\n<p style=\"text-align: justify;\"><strong>Massimo Giannecchini<\/strong> \u00e8 co-fondatore di una start up. Imprenditore per trentasei anni, intorno ai sessant\u2019anni vende l\u2019azienda a una multinazionale e diventa consulente aziendale, in particolare nell\u2019ambito della gestione strategica delle aziende e PMI. <em>Strategia, che passione!<\/em> \u00e8 il suo primo libro.<br \/>\n<strong>Riccardo Paterni<\/strong> \u00e8 imprenditore e consulente su temi di internazionalizzazione (focus India) e di performance in ambiti sportivi e aziendali in particolare riguardo a PMI nella motorsport industry e settori affini. Autore di libri, \u00e8 creatore e conduttore di format divulgativi.<\/p>\n","protected":false},"excerpt":{"rendered":"<p>Ogni problema ha una soluzione; un metodo e una strategia sono la strada pi\u00f9 breve per raggiungerla. Questo volume si propone agli imprenditori, manager, sportivi e non solo, come una [&hellip;]<\/p>\n","protected":false},"featured_media":24517,"template":"","meta":{"_editorskit_title_hidden":false,"_editorskit_reading_time":0,"_editorskit_is_block_options_detached":false,"_editorskit_block_options_position":"{}","_monsterinsights_skip_tracking":false,"_monsterinsights_sitenote_active":false,"_monsterinsights_sitenote_note":"","_monsterinsights_sitenote_category":0},"product_brand":[],"product_cat":[6805],"product_tag":[11525,10828,11526],"class_list":{"0":"post-24513","1":"product","2":"type-product","3":"status-publish","4":"has-post-thumbnail","6":"product_cat-guerini-next","7":"product_tag-impresa-italiana","8":"product_tag-pmi","9":"product_tag-strategia-dimpresa","10":"pa_guerini_amazon_link-https-www-amazon-it-strategia-passione-pratica-imprenditori-manager-dp-8868965437","11":"pa_guerini_feltrinelli_link-https-www-lafeltrinelli-it-strategia-che-passione-guida-pratica-libro-massimo-giannecchini-riccardo-paterni-e-9788868965433","12":"pa_guerini_ibs_link-https-www-ibs-it-strategia-che-passione-guida-pratica-libro-massimo-giannecchini-riccardo-paterni-e-9788868965433","13":"pa_guerini_libruniver_link-https-www-libreriauniversitaria-it-strategia-passione-guida-pratica-imprenditori-libro-9788868965433","14":"pa_guerini_mondadori_link-https-www-mondadoristore-it-strategia-che-passione-massimo-giannecchini-eai978886896543","16":"first","17":"instock","18":"sale","19":"shipping-taxable","20":"purchasable","21":"product-type-simple"},"yoast_head":"<!-- This site is optimized with the Yoast SEO plugin v25.4 - https:\/\/yoast.com\/wordpress\/plugins\/seo\/ -->\n<title>Giannecchini Massimo, Strategia, che passione! - Guerini Editore<\/title>\n<meta name=\"description\" content=\"Questo volume si propone agli imprenditori, manager e sportivi come una guida pratica per creare le strategie opportune rivolte ai propri obiettivi.\" \/>\n<meta name=\"robots\" content=\"index, follow, max-snippet:-1, max-image-preview:large, max-video-preview:-1\" \/>\n<link rel=\"canonical\" href=\"https:\/\/www.guerini.it\/index.php\/prodotto\/strategia-che-passione\/\" \/>\n<meta property=\"og:locale\" content=\"it_IT\" \/>\n<meta property=\"og:type\" content=\"article\" \/>\n<meta property=\"og:title\" content=\"Giannecchini Massimo, Strategia, che passione! - Guerini Editore\" \/>\n<meta property=\"og:description\" content=\"Questo volume si propone agli imprenditori, manager e sportivi come una guida pratica per creare le strategie opportune rivolte ai propri obiettivi.\" \/>\n<meta property=\"og:url\" content=\"https:\/\/www.guerini.it\/index.php\/prodotto\/strategia-che-passione\/\" \/>\n<meta property=\"og:site_name\" content=\"Guerini e Associati\" \/>\n<meta property=\"article:modified_time\" content=\"2024-06-09T18:26:19+00:00\" \/>\n<meta property=\"og:image\" content=\"https:\/\/www.guerini.it\/wp-content\/uploads\/2024\/03\/Strategia-che-passione-9788868965433.webp\" \/>\n\t<meta property=\"og:image:width\" content=\"613\" \/>\n\t<meta property=\"og:image:height\" content=\"1000\" \/>\n\t<meta property=\"og:image:type\" content=\"image\/webp\" \/>\n<meta name=\"twitter:card\" content=\"summary_large_image\" \/>\n<meta name=\"twitter:label1\" content=\"Tempo di lettura stimato\" \/>\n\t<meta name=\"twitter:data1\" content=\"2 minuti\" \/>\n<!-- \/ Yoast SEO plugin. -->","yoast_head_json":{"title":"Giannecchini Massimo, Strategia, che passione! - Guerini Editore","description":"Questo volume si propone agli imprenditori, manager e sportivi come una guida pratica per creare le strategie opportune rivolte ai propri obiettivi.","robots":{"index":"index","follow":"follow","max-snippet":"max-snippet:-1","max-image-preview":"max-image-preview:large","max-video-preview":"max-video-preview:-1"},"canonical":"https:\/\/www.guerini.it\/index.php\/prodotto\/strategia-che-passione\/","og_locale":"it_IT","og_type":"article","og_title":"Giannecchini Massimo, Strategia, che passione! - Guerini Editore","og_description":"Questo volume si propone agli imprenditori, manager e sportivi come una guida pratica per creare le strategie opportune rivolte ai propri obiettivi.","og_url":"https:\/\/www.guerini.it\/index.php\/prodotto\/strategia-che-passione\/","og_site_name":"Guerini e Associati","article_modified_time":"2024-06-09T18:26:19+00:00","og_image":[{"width":613,"height":1000,"url":"https:\/\/www.guerini.it\/wp-content\/uploads\/2024\/03\/Strategia-che-passione-9788868965433.webp","type":"image\/webp"}],"twitter_card":"summary_large_image","twitter_misc":{"Tempo di lettura stimato":"2 minuti"},"schema":{"@context":"https:\/\/schema.org","@graph":[{"@type":"WebPage","@id":"https:\/\/www.guerini.it\/index.php\/prodotto\/strategia-che-passione\/","url":"https:\/\/www.guerini.it\/index.php\/prodotto\/strategia-che-passione\/","name":"Giannecchini Massimo, Strategia, che passione! - Guerini Editore","isPartOf":{"@id":"https:\/\/www.guerini.it\/#website"},"primaryImageOfPage":{"@id":"https:\/\/www.guerini.it\/index.php\/prodotto\/strategia-che-passione\/#primaryimage"},"image":{"@id":"https:\/\/www.guerini.it\/index.php\/prodotto\/strategia-che-passione\/#primaryimage"},"thumbnailUrl":"https:\/\/www.guerini.it\/wp-content\/uploads\/2024\/03\/Strategia-che-passione-9788868965433.webp","datePublished":"2024-03-07T14:26:03+00:00","dateModified":"2024-06-09T18:26:19+00:00","description":"Questo volume si propone agli imprenditori, manager e sportivi come una guida pratica per creare le strategie opportune rivolte ai propri obiettivi.","breadcrumb":{"@id":"https:\/\/www.guerini.it\/index.php\/prodotto\/strategia-che-passione\/#breadcrumb"},"inLanguage":"it-IT","potentialAction":[{"@type":"ReadAction","target":["https:\/\/www.guerini.it\/index.php\/prodotto\/strategia-che-passione\/"]}]},{"@type":"ImageObject","inLanguage":"it-IT","@id":"https:\/\/www.guerini.it\/index.php\/prodotto\/strategia-che-passione\/#primaryimage","url":"https:\/\/www.guerini.it\/wp-content\/uploads\/2024\/03\/Strategia-che-passione-9788868965433.webp","contentUrl":"https:\/\/www.guerini.it\/wp-content\/uploads\/2024\/03\/Strategia-che-passione-9788868965433.webp","width":613,"height":1000,"caption":"Front cover di: Giannecchini Massimo, Strategia che passione!, GueriniNext, 2024"},{"@type":"BreadcrumbList","@id":"https:\/\/www.guerini.it\/index.php\/prodotto\/strategia-che-passione\/#breadcrumb","itemListElement":[{"@type":"ListItem","position":1,"name":"Home","item":"https:\/\/www.guerini.it\/"},{"@type":"ListItem","position":2,"name":"Catalogo","item":"https:\/\/www.guerini.it\/index.php\/negozio\/"},{"@type":"ListItem","position":3,"name":"Strategia, che passione!"}]},{"@type":"WebSite","@id":"https:\/\/www.guerini.it\/#website","url":"https:\/\/www.guerini.it\/","name":"Guerini e Associati","description":"30 anni di libri, idee e libert\u00e0","publisher":{"@id":"https:\/\/www.guerini.it\/#organization"},"potentialAction":[{"@type":"SearchAction","target":{"@type":"EntryPoint","urlTemplate":"https:\/\/www.guerini.it\/?s={search_term_string}"},"query-input":{"@type":"PropertyValueSpecification","valueRequired":true,"valueName":"search_term_string"}}],"inLanguage":"it-IT"},{"@type":"Organization","@id":"https:\/\/www.guerini.it\/#organization","name":"Guerini e Associati","url":"https:\/\/www.guerini.it\/","logo":{"@type":"ImageObject","inLanguage":"it-IT","@id":"https:\/\/www.guerini.it\/#\/schema\/logo\/image\/","url":"https:\/\/www.guerini.it\/wp-content\/uploads\/2021\/03\/Logo-Guerini-OK_-e1615831292285.png","contentUrl":"https:\/\/www.guerini.it\/wp-content\/uploads\/2021\/03\/Logo-Guerini-OK_-e1615831292285.png","width":2805,"height":1870,"caption":"Guerini e Associati"},"image":{"@id":"https:\/\/www.guerini.it\/#\/schema\/logo\/image\/"}}]}},"_links":{"self":[{"href":"https:\/\/www.guerini.it\/index.php\/wp-json\/wp\/v2\/product\/24513","targetHints":{"allow":["GET"]}}],"collection":[{"href":"https:\/\/www.guerini.it\/index.php\/wp-json\/wp\/v2\/product"}],"about":[{"href":"https:\/\/www.guerini.it\/index.php\/wp-json\/wp\/v2\/types\/product"}],"wp:featuredmedia":[{"embeddable":true,"href":"https:\/\/www.guerini.it\/index.php\/wp-json\/wp\/v2\/media\/24517"}],"wp:attachment":[{"href":"https:\/\/www.guerini.it\/index.php\/wp-json\/wp\/v2\/media?parent=24513"}],"wp:term":[{"taxonomy":"product_brand","embeddable":true,"href":"https:\/\/www.guerini.it\/index.php\/wp-json\/wp\/v2\/product_brand?post=24513"},{"taxonomy":"product_cat","embeddable":true,"href":"https:\/\/www.guerini.it\/index.php\/wp-json\/wp\/v2\/product_cat?post=24513"},{"taxonomy":"product_tag","embeddable":true,"href":"https:\/\/www.guerini.it\/index.php\/wp-json\/wp\/v2\/product_tag?post=24513"}],"curies":[{"name":"wp","href":"https:\/\/api.w.org\/{rel}","templated":true}]}}