{"id":24520,"date":"2024-03-07T16:00:04","date_gmt":"2024-03-07T15:00:04","guid":{"rendered":"https:\/\/www.guerini.it\/?post_type=product&#038;p=24520"},"modified":"2026-02-13T16:24:08","modified_gmt":"2026-02-13T15:24:08","slug":"una-didattica-per-luniversita","status":"publish","type":"product","link":"https:\/\/www.guerini.it\/index.php\/prodotto\/una-didattica-per-luniversita\/","title":{"rendered":"Una didattica per l&#8217;universit\u00e0"},"content":{"rendered":"<p style=\"text-align: justify;\">All\u2019interno di un quadro sociale ed economico sempre pi\u00f9 articolato e dinamico, le universit\u00e0 hanno il compito di educare \u2013 non solo formare \u2013 i giovani di oggi: i lavoratori e i cittadini di domani, indirizzandoli verso un apprendimento permanente e di valore, centrato sulla persona. Per fare questo, sono chiamate a stare al passo con l\u2019innovazione, se non addirittura a farsene portavoce, rivedendo costantemente il proprio modello di business, i processi e le prassi didattiche nell\u2019ottica di una sempre pi\u00f9 efficace realizzazione del proprio mandato. Il volume, sulla base di una dettagliata analisi dei principali trend della higher education, offre una panoramica sulle dimensioni chiave dell\u2019azione didattica. In particolare, il modello didattico di LIUC\u2013 Universit\u00e0 Cattaneo ivi presentato mette in luce l\u2019importanza di investire in un processo di miglioramento continuo, per supportare gli studenti nell\u2019affrontare una sfida tanto delicata e complessa: imparare ad imparare, per saper sfruttare le sfide che li aspettano come occasioni per reinventarsi.<\/p>\n<hr \/>\n<p style=\"text-align: justify;\"><strong>Aurelio Ravarini<\/strong> \u00e8 Professore Associato di Organizzazione Aziendale e Sistemi Informativi presso la liuc \u2013 Universit\u00e0 Cattaneo. Ha diretto per dieci anni il CETIC della <a href=\"https:\/\/www.liuc.it\/\">LIUC<\/a>. Dal 2019, \u00e8 Delegato del Rettore per l\u2019Innovazione Digitale. Ha conseguito il PhD presso la Edith Cowan University in Australia, e la sua ricerca si concentra su trasformazione digitale e sviluppo di sistemi informativi. Ha avuto ruoli internazionali presso istituzioni come la Grenoble Ecole de Management e la Cornell University. Ha pubblicato oltre 140 lavori scientifici e collaborato come Associate Editor per E<a href=\"https:\/\/www.tandfonline.com\/journals\/tjis20\">uropean Journal of Information Systems<\/a>.<br \/>\n<strong>Alice Canavesi<\/strong> \u00e8 assegnista di ricerca presso la LIUC \u2013 Universit\u00e0 Cattaneo, dove ha conseguito il Dottorato in Management, Finance e Accounting. Le sue attivit\u00e0 di ricerca riguardano le metodologie innovative e le tecnologie digitali per la formazione manageriale, nonch\u00e9 la leadership aziendale. Lavora all\u2019interno del Learning and Teaching Hub di Ateneo, dove, oltre all\u2019attivit\u00e0 di ricerca, si occupa del co-design dei progetti di innovazione didattica.<\/p>\n","protected":false},"excerpt":{"rendered":"<p>All\u2019interno di un quadro sociale ed economico sempre pi\u00f9 articolato e dinamico, le universit\u00e0 hanno il compito di educare \u2013 non solo formare \u2013 i giovani di oggi: i lavoratori [&hellip;]<\/p>\n","protected":false},"featured_media":24521,"template":"","meta":{"_editorskit_title_hidden":false,"_editorskit_reading_time":0,"_editorskit_is_block_options_detached":false,"_editorskit_block_options_position":"{}","_monsterinsights_skip_tracking":false,"_monsterinsights_sitenote_active":false,"_monsterinsights_sitenote_note":"","_monsterinsights_sitenote_category":0},"product_brand":[],"product_cat":[6805,6700],"product_tag":[6815,8517,7532],"class_list":{"0":"post-24520","1":"product","2":"type-product","3":"status-publish","4":"has-post-thumbnail","6":"product_cat-guerini-next","7":"product_cat-universita-cattaneo-libri","8":"product_tag-economia","9":"product_tag-liuc","10":"product_tag-universita","11":"pa_guerini_amazon_link-https-www-amazon-it-didattica-luniversit-educazione-innovazione-nellesperienza-dp-8868965445","12":"pa_guerini_feltrinelli_link-https-www-lafeltrinelli-it-didattica-per-universita-educazione-innovazione-libro-vari-e-9788868965440","13":"pa_guerini_ibs_link-https-www-ibs-it-didattica-per-universita-educazione-innovazione-libro-vari-e-9788868965440","14":"pa_guerini_libruniver_link-https-www-libreriauniversitaria-it-didattica-universita-educazione-innovazione-esperienza-libro-9788868965440","15":"pa_guerini_mondadori_link-https-www-mondadoristore-it-didattica-universita-na-eai978886896544","17":"first","18":"instock","19":"sale","20":"shipping-taxable","21":"purchasable","22":"product-type-simple"},"yoast_head":"<!-- This site is optimized with the Yoast SEO plugin v25.4 - https:\/\/yoast.com\/wordpress\/plugins\/seo\/ -->\n<title>Ravarini, Canavesi, Una didattica per l&#039;universit\u00e0 - Guerini Editore<\/title>\n<meta name=\"description\" content=\"Il volume, sulla base di un&#039;analisi dei principali trend della higher education, offre una panoramica sulle dimensioni chiave dell\u2019azione didattica.\" \/>\n<meta name=\"robots\" content=\"index, follow, max-snippet:-1, max-image-preview:large, max-video-preview:-1\" \/>\n<link rel=\"canonical\" href=\"https:\/\/www.guerini.it\/index.php\/prodotto\/una-didattica-per-luniversita\/\" \/>\n<meta property=\"og:locale\" content=\"it_IT\" \/>\n<meta property=\"og:type\" content=\"article\" \/>\n<meta property=\"og:title\" content=\"Ravarini, Canavesi, Una didattica per l&#039;universit\u00e0 - Guerini Editore\" \/>\n<meta property=\"og:description\" content=\"Il volume, sulla base di un&#039;analisi dei principali trend della higher education, offre una panoramica sulle dimensioni chiave dell\u2019azione didattica.\" \/>\n<meta property=\"og:url\" content=\"https:\/\/www.guerini.it\/index.php\/prodotto\/una-didattica-per-luniversita\/\" \/>\n<meta property=\"og:site_name\" content=\"Guerini e Associati\" \/>\n<meta property=\"article:modified_time\" content=\"2026-02-13T15:24:08+00:00\" \/>\n<meta property=\"og:image\" content=\"https:\/\/www.guerini.it\/wp-content\/uploads\/2024\/03\/DIDATTICA-PER-LUNIVERSITa9788868965440.webp\" \/>\n\t<meta property=\"og:image:width\" content=\"652\" \/>\n\t<meta property=\"og:image:height\" content=\"1000\" \/>\n\t<meta property=\"og:image:type\" content=\"image\/webp\" \/>\n<meta name=\"twitter:card\" content=\"summary_large_image\" \/>\n<meta name=\"twitter:label1\" content=\"Tempo di lettura stimato\" \/>\n\t<meta name=\"twitter:data1\" content=\"2 minuti\" \/>\n<!-- \/ Yoast SEO plugin. -->","yoast_head_json":{"title":"Ravarini, Canavesi, Una didattica per l'universit\u00e0 - Guerini Editore","description":"Il volume, sulla base di un'analisi dei principali trend della higher education, offre una panoramica sulle dimensioni chiave dell\u2019azione didattica.","robots":{"index":"index","follow":"follow","max-snippet":"max-snippet:-1","max-image-preview":"max-image-preview:large","max-video-preview":"max-video-preview:-1"},"canonical":"https:\/\/www.guerini.it\/index.php\/prodotto\/una-didattica-per-luniversita\/","og_locale":"it_IT","og_type":"article","og_title":"Ravarini, Canavesi, Una didattica per l'universit\u00e0 - Guerini Editore","og_description":"Il volume, sulla base di un'analisi dei principali trend della higher education, offre una panoramica sulle dimensioni chiave dell\u2019azione didattica.","og_url":"https:\/\/www.guerini.it\/index.php\/prodotto\/una-didattica-per-luniversita\/","og_site_name":"Guerini e Associati","article_modified_time":"2026-02-13T15:24:08+00:00","og_image":[{"width":652,"height":1000,"url":"https:\/\/www.guerini.it\/wp-content\/uploads\/2024\/03\/DIDATTICA-PER-LUNIVERSITa9788868965440.webp","type":"image\/webp"}],"twitter_card":"summary_large_image","twitter_misc":{"Tempo di lettura stimato":"2 minuti"},"schema":{"@context":"https:\/\/schema.org","@graph":[{"@type":"WebPage","@id":"https:\/\/www.guerini.it\/index.php\/prodotto\/una-didattica-per-luniversita\/","url":"https:\/\/www.guerini.it\/index.php\/prodotto\/una-didattica-per-luniversita\/","name":"Ravarini, Canavesi, Una didattica per l'universit\u00e0 - Guerini Editore","isPartOf":{"@id":"https:\/\/www.guerini.it\/#website"},"primaryImageOfPage":{"@id":"https:\/\/www.guerini.it\/index.php\/prodotto\/una-didattica-per-luniversita\/#primaryimage"},"image":{"@id":"https:\/\/www.guerini.it\/index.php\/prodotto\/una-didattica-per-luniversita\/#primaryimage"},"thumbnailUrl":"https:\/\/www.guerini.it\/wp-content\/uploads\/2024\/03\/DIDATTICA-PER-LUNIVERSITa9788868965440.webp","datePublished":"2024-03-07T15:00:04+00:00","dateModified":"2026-02-13T15:24:08+00:00","description":"Il volume, sulla base di un'analisi dei principali trend della higher education, offre una panoramica sulle dimensioni chiave dell\u2019azione didattica.","breadcrumb":{"@id":"https:\/\/www.guerini.it\/index.php\/prodotto\/una-didattica-per-luniversita\/#breadcrumb"},"inLanguage":"it-IT","potentialAction":[{"@type":"ReadAction","target":["https:\/\/www.guerini.it\/index.php\/prodotto\/una-didattica-per-luniversita\/"]}]},{"@type":"ImageObject","inLanguage":"it-IT","@id":"https:\/\/www.guerini.it\/index.php\/prodotto\/una-didattica-per-luniversita\/#primaryimage","url":"https:\/\/www.guerini.it\/wp-content\/uploads\/2024\/03\/DIDATTICA-PER-LUNIVERSITa9788868965440.webp","contentUrl":"https:\/\/www.guerini.it\/wp-content\/uploads\/2024\/03\/DIDATTICA-PER-LUNIVERSITa9788868965440.webp","width":652,"height":1000,"caption":"Front Cover di: Ravarini Aurelio, Canavesi Alice, Una didattica per l'universit\u00e0, Guerini Next, 2024"},{"@type":"BreadcrumbList","@id":"https:\/\/www.guerini.it\/index.php\/prodotto\/una-didattica-per-luniversita\/#breadcrumb","itemListElement":[{"@type":"ListItem","position":1,"name":"Home","item":"https:\/\/www.guerini.it\/"},{"@type":"ListItem","position":2,"name":"Catalogo","item":"https:\/\/www.guerini.it\/index.php\/negozio\/"},{"@type":"ListItem","position":3,"name":"Una didattica per l&#8217;universit\u00e0"}]},{"@type":"WebSite","@id":"https:\/\/www.guerini.it\/#website","url":"https:\/\/www.guerini.it\/","name":"Guerini e Associati","description":"30 anni di libri, idee e libert\u00e0","publisher":{"@id":"https:\/\/www.guerini.it\/#organization"},"potentialAction":[{"@type":"SearchAction","target":{"@type":"EntryPoint","urlTemplate":"https:\/\/www.guerini.it\/?s={search_term_string}"},"query-input":{"@type":"PropertyValueSpecification","valueRequired":true,"valueName":"search_term_string"}}],"inLanguage":"it-IT"},{"@type":"Organization","@id":"https:\/\/www.guerini.it\/#organization","name":"Guerini e Associati","url":"https:\/\/www.guerini.it\/","logo":{"@type":"ImageObject","inLanguage":"it-IT","@id":"https:\/\/www.guerini.it\/#\/schema\/logo\/image\/","url":"https:\/\/www.guerini.it\/wp-content\/uploads\/2021\/03\/Logo-Guerini-OK_-e1615831292285.png","contentUrl":"https:\/\/www.guerini.it\/wp-content\/uploads\/2021\/03\/Logo-Guerini-OK_-e1615831292285.png","width":2805,"height":1870,"caption":"Guerini e Associati"},"image":{"@id":"https:\/\/www.guerini.it\/#\/schema\/logo\/image\/"}}]}},"_links":{"self":[{"href":"https:\/\/www.guerini.it\/index.php\/wp-json\/wp\/v2\/product\/24520","targetHints":{"allow":["GET"]}}],"collection":[{"href":"https:\/\/www.guerini.it\/index.php\/wp-json\/wp\/v2\/product"}],"about":[{"href":"https:\/\/www.guerini.it\/index.php\/wp-json\/wp\/v2\/types\/product"}],"wp:featuredmedia":[{"embeddable":true,"href":"https:\/\/www.guerini.it\/index.php\/wp-json\/wp\/v2\/media\/24521"}],"wp:attachment":[{"href":"https:\/\/www.guerini.it\/index.php\/wp-json\/wp\/v2\/media?parent=24520"}],"wp:term":[{"taxonomy":"product_brand","embeddable":true,"href":"https:\/\/www.guerini.it\/index.php\/wp-json\/wp\/v2\/product_brand?post=24520"},{"taxonomy":"product_cat","embeddable":true,"href":"https:\/\/www.guerini.it\/index.php\/wp-json\/wp\/v2\/product_cat?post=24520"},{"taxonomy":"product_tag","embeddable":true,"href":"https:\/\/www.guerini.it\/index.php\/wp-json\/wp\/v2\/product_tag?post=24520"}],"curies":[{"name":"wp","href":"https:\/\/api.w.org\/{rel}","templated":true}]}}