{"id":24586,"date":"2024-04-15T16:51:33","date_gmt":"2024-04-15T14:51:33","guid":{"rendered":"https:\/\/www.guerini.it\/?post_type=product&#038;p=24586"},"modified":"2024-07-19T09:08:10","modified_gmt":"2024-07-19T07:08:10","slug":"larte-del-talento","status":"publish","type":"product","link":"https:\/\/www.guerini.it\/index.php\/prodotto\/larte-del-talento\/","title":{"rendered":"L&#8217;arte del talento"},"content":{"rendered":"<p style=\"text-align: justify;\">Perch\u00e9 alcune persone diventano le migliori nel loro campo e altre no? \u00c8 questione di talento\u2026 ma, allora, cos\u2019\u00e8 il talento? Alberto De Biasi ne propone una definizione che unisce predisposizione naturale, disciplina, pratica, motivazione, atteggiamento e opportunit\u00e0. E risponde a tutte le domande che chiunque voglia costruire la propria carriera si pone.<br \/>\nCome faccio a capire qual \u00e8 la mia strada? Come si coltiva un talento, quanto dipende da me e quanto dagli altri? Si pu\u00f2 coltivare pi\u00f9 di un talento o conviene essere monomaniaci?<br \/>\nCon una prosa scorrevole e tanti esempi dal mondo della formazione e dello sport, questo libro ci racconta come costruire la nostra strada.<\/p>\n<hr \/>\n<p style=\"text-align: center;\"><em><strong>Chiunque sia chiamato al compito di costruire squadre, assegnare loro un obiettivo<\/strong><\/em><br \/>\n<em><strong>e cercare di raggiungerlo \u00e8 un allenatore<\/strong><\/em><br \/>\n<em><strong>o un\u2019allenatrice, anche se il suo campo di gioco<\/strong><\/em><br \/>\n<em><strong>\u00e8 un\u2019azienda, una scuola o un ospedale.<\/strong><\/em><br \/>\ndalla premessa di<strong> Mauro Berruto<\/strong><\/p>\n<hr \/>\n<p style=\"text-align: justify;\"><strong>Alberto De Biasi<\/strong> ha iniziato a lavorare come consulente per le risorse umane nel 1998, specializzandosi nella formazione e nello sviluppo delle persone nelle organizzazioni. Facilitatore di gruppi e team, nella sua carriera ha gestito centinaia di aule, formando oltre 10.000 persone in Europa, America e Medio Oriente. Le sue aree di maggiore passione sono lo storytelling, la leadership, lo sviluppo personale e il raggiungimento dell\u2019eccellenza. Ha una laurea in psicologia e un PhD in Organizational Development and Change. Vive a Torino con la moglie e i due figli (le sue tre L).<\/p>\n","protected":false},"excerpt":{"rendered":"<p>Perch\u00e9 alcune persone diventano le migliori nel loro campo e altre no? \u00c8 questione di talento\u2026 ma, allora, cos\u2019\u00e8 il talento? Alberto De Biasi ne propone una definizione che unisce [&hellip;]<\/p>\n","protected":false},"featured_media":24587,"template":"","meta":{"_editorskit_title_hidden":false,"_editorskit_reading_time":0,"_editorskit_is_block_options_detached":false,"_editorskit_block_options_position":"{}","_monsterinsights_skip_tracking":false,"_monsterinsights_sitenote_active":false,"_monsterinsights_sitenote_note":"","_monsterinsights_sitenote_category":0},"product_brand":[],"product_cat":[6805],"product_tag":[8475,7526,11496,6803,6802],"class_list":{"0":"post-24586","1":"product","2":"type-product","3":"status-publish","4":"has-post-thumbnail","6":"product_cat-guerini-next","7":"product_tag-attualita","8":"product_tag-filosofia","9":"product_tag-futuro-del-lavoro","10":"product_tag-management","11":"product_tag-risorse-umane","12":"pa_guerini_amazon_link-https-www-amazon-it-larte-del-talento-alberto-biasi-dp-8868965453","13":"pa_guerini_feltrinelli_link-https-www-lafeltrinelli-it-arte-del-talento-libro-alberto-de-biasi-e-9788868965457","14":"pa_guerini_ibs_link-https-www-ibs-it-arte-del-talento-libro-alberto-de-biasi-e-9788868965457","15":"pa_guerini_libruniver_link-https-www-libreriauniversitaria-it-arte-talento-biasi-alberto-guerini-libro-9788868965457","16":"pa_guerini_mondadori_link-https-www-mondadoristore-it-l-arte-del-talento-alberto-de-biasi-eai978886896545","18":"first","19":"instock","20":"sale","21":"shipping-taxable","22":"purchasable","23":"product-type-simple"},"yoast_head":"<!-- This site is optimized with the Yoast SEO plugin v25.4 - https:\/\/yoast.com\/wordpress\/plugins\/seo\/ -->\n<title>De Biasi Alberto, L&#039;arte del talento - Guerini Editore<\/title>\n<meta name=\"description\" content=\"De Biasi racconta come coltivare il talento, unione di predisposizione naturale, disciplina, pratica, motivazione, atteggiamento e opportunit\u00e0.\" \/>\n<meta name=\"robots\" content=\"index, follow, max-snippet:-1, max-image-preview:large, max-video-preview:-1\" \/>\n<link rel=\"canonical\" href=\"https:\/\/www.guerini.it\/index.php\/prodotto\/larte-del-talento\/\" \/>\n<meta property=\"og:locale\" content=\"it_IT\" \/>\n<meta property=\"og:type\" content=\"article\" \/>\n<meta property=\"og:title\" content=\"De Biasi Alberto, L&#039;arte del talento - Guerini Editore\" \/>\n<meta property=\"og:description\" content=\"De Biasi racconta come coltivare il talento, unione di predisposizione naturale, disciplina, pratica, motivazione, atteggiamento e opportunit\u00e0.\" \/>\n<meta property=\"og:url\" content=\"https:\/\/www.guerini.it\/index.php\/prodotto\/larte-del-talento\/\" \/>\n<meta property=\"og:site_name\" content=\"Guerini e Associati\" \/>\n<meta property=\"article:modified_time\" content=\"2024-07-19T07:08:10+00:00\" \/>\n<meta property=\"og:image\" content=\"https:\/\/www.guerini.it\/wp-content\/uploads\/2024\/04\/LARTE-DEL-TALENTO-9788868965457.webp\" \/>\n\t<meta property=\"og:image:width\" content=\"667\" \/>\n\t<meta property=\"og:image:height\" content=\"1000\" \/>\n\t<meta property=\"og:image:type\" content=\"image\/webp\" \/>\n<meta name=\"twitter:card\" content=\"summary_large_image\" \/>\n<meta name=\"twitter:label1\" content=\"Tempo di lettura stimato\" \/>\n\t<meta name=\"twitter:data1\" content=\"2 minuti\" \/>\n<!-- \/ Yoast SEO plugin. -->","yoast_head_json":{"title":"De Biasi Alberto, L'arte del talento - Guerini Editore","description":"De Biasi racconta come coltivare il talento, unione di predisposizione naturale, disciplina, pratica, motivazione, atteggiamento e opportunit\u00e0.","robots":{"index":"index","follow":"follow","max-snippet":"max-snippet:-1","max-image-preview":"max-image-preview:large","max-video-preview":"max-video-preview:-1"},"canonical":"https:\/\/www.guerini.it\/index.php\/prodotto\/larte-del-talento\/","og_locale":"it_IT","og_type":"article","og_title":"De Biasi Alberto, L'arte del talento - Guerini Editore","og_description":"De Biasi racconta come coltivare il talento, unione di predisposizione naturale, disciplina, pratica, motivazione, atteggiamento e opportunit\u00e0.","og_url":"https:\/\/www.guerini.it\/index.php\/prodotto\/larte-del-talento\/","og_site_name":"Guerini e Associati","article_modified_time":"2024-07-19T07:08:10+00:00","og_image":[{"width":667,"height":1000,"url":"https:\/\/www.guerini.it\/wp-content\/uploads\/2024\/04\/LARTE-DEL-TALENTO-9788868965457.webp","type":"image\/webp"}],"twitter_card":"summary_large_image","twitter_misc":{"Tempo di lettura stimato":"2 minuti"},"schema":{"@context":"https:\/\/schema.org","@graph":[{"@type":"WebPage","@id":"https:\/\/www.guerini.it\/index.php\/prodotto\/larte-del-talento\/","url":"https:\/\/www.guerini.it\/index.php\/prodotto\/larte-del-talento\/","name":"De Biasi Alberto, L'arte del talento - Guerini Editore","isPartOf":{"@id":"https:\/\/www.guerini.it\/#website"},"primaryImageOfPage":{"@id":"https:\/\/www.guerini.it\/index.php\/prodotto\/larte-del-talento\/#primaryimage"},"image":{"@id":"https:\/\/www.guerini.it\/index.php\/prodotto\/larte-del-talento\/#primaryimage"},"thumbnailUrl":"https:\/\/www.guerini.it\/wp-content\/uploads\/2024\/04\/LARTE-DEL-TALENTO-9788868965457.webp","datePublished":"2024-04-15T14:51:33+00:00","dateModified":"2024-07-19T07:08:10+00:00","description":"De Biasi racconta come coltivare il talento, unione di predisposizione naturale, disciplina, pratica, motivazione, atteggiamento e opportunit\u00e0.","breadcrumb":{"@id":"https:\/\/www.guerini.it\/index.php\/prodotto\/larte-del-talento\/#breadcrumb"},"inLanguage":"it-IT","potentialAction":[{"@type":"ReadAction","target":["https:\/\/www.guerini.it\/index.php\/prodotto\/larte-del-talento\/"]}]},{"@type":"ImageObject","inLanguage":"it-IT","@id":"https:\/\/www.guerini.it\/index.php\/prodotto\/larte-del-talento\/#primaryimage","url":"https:\/\/www.guerini.it\/wp-content\/uploads\/2024\/04\/LARTE-DEL-TALENTO-9788868965457.webp","contentUrl":"https:\/\/www.guerini.it\/wp-content\/uploads\/2024\/04\/LARTE-DEL-TALENTO-9788868965457.webp","width":667,"height":1000,"caption":"Front Cover di: Alberto De Biasi, L'arte del talento, Guerini NEXT, 2024"},{"@type":"BreadcrumbList","@id":"https:\/\/www.guerini.it\/index.php\/prodotto\/larte-del-talento\/#breadcrumb","itemListElement":[{"@type":"ListItem","position":1,"name":"Home","item":"https:\/\/www.guerini.it\/"},{"@type":"ListItem","position":2,"name":"Catalogo","item":"https:\/\/www.guerini.it\/index.php\/negozio\/"},{"@type":"ListItem","position":3,"name":"L&#8217;arte del talento"}]},{"@type":"WebSite","@id":"https:\/\/www.guerini.it\/#website","url":"https:\/\/www.guerini.it\/","name":"Guerini e Associati","description":"30 anni di libri, idee e libert\u00e0","publisher":{"@id":"https:\/\/www.guerini.it\/#organization"},"potentialAction":[{"@type":"SearchAction","target":{"@type":"EntryPoint","urlTemplate":"https:\/\/www.guerini.it\/?s={search_term_string}"},"query-input":{"@type":"PropertyValueSpecification","valueRequired":true,"valueName":"search_term_string"}}],"inLanguage":"it-IT"},{"@type":"Organization","@id":"https:\/\/www.guerini.it\/#organization","name":"Guerini e Associati","url":"https:\/\/www.guerini.it\/","logo":{"@type":"ImageObject","inLanguage":"it-IT","@id":"https:\/\/www.guerini.it\/#\/schema\/logo\/image\/","url":"https:\/\/www.guerini.it\/wp-content\/uploads\/2021\/03\/Logo-Guerini-OK_-e1615831292285.png","contentUrl":"https:\/\/www.guerini.it\/wp-content\/uploads\/2021\/03\/Logo-Guerini-OK_-e1615831292285.png","width":2805,"height":1870,"caption":"Guerini e Associati"},"image":{"@id":"https:\/\/www.guerini.it\/#\/schema\/logo\/image\/"}}]}},"_links":{"self":[{"href":"https:\/\/www.guerini.it\/index.php\/wp-json\/wp\/v2\/product\/24586","targetHints":{"allow":["GET"]}}],"collection":[{"href":"https:\/\/www.guerini.it\/index.php\/wp-json\/wp\/v2\/product"}],"about":[{"href":"https:\/\/www.guerini.it\/index.php\/wp-json\/wp\/v2\/types\/product"}],"wp:featuredmedia":[{"embeddable":true,"href":"https:\/\/www.guerini.it\/index.php\/wp-json\/wp\/v2\/media\/24587"}],"wp:attachment":[{"href":"https:\/\/www.guerini.it\/index.php\/wp-json\/wp\/v2\/media?parent=24586"}],"wp:term":[{"taxonomy":"product_brand","embeddable":true,"href":"https:\/\/www.guerini.it\/index.php\/wp-json\/wp\/v2\/product_brand?post=24586"},{"taxonomy":"product_cat","embeddable":true,"href":"https:\/\/www.guerini.it\/index.php\/wp-json\/wp\/v2\/product_cat?post=24586"},{"taxonomy":"product_tag","embeddable":true,"href":"https:\/\/www.guerini.it\/index.php\/wp-json\/wp\/v2\/product_tag?post=24586"}],"curies":[{"name":"wp","href":"https:\/\/api.w.org\/{rel}","templated":true}]}}