{"id":24590,"date":"2024-04-16T16:38:45","date_gmt":"2024-04-16T14:38:45","guid":{"rendered":"https:\/\/www.guerini.it\/?post_type=product&#038;p=24590"},"modified":"2024-06-09T20:26:20","modified_gmt":"2024-06-09T18:26:20","slug":"leadership-collegiale","status":"publish","type":"product","link":"https:\/\/www.guerini.it\/index.php\/prodotto\/leadership-collegiale\/","title":{"rendered":"Leadership collegiale"},"content":{"rendered":"<p style=\"text-align: justify;\">La complessit\u00e0 delle sfide che le organizzazioni si trovano ad affrontare aumenta ogni giorno di pi\u00f9: costruire un vantaggio competitivo nell\u2019era digitale, accrescere la capacit\u00e0 di adattarsi ai cambiamenti, saper essere attrattive per nuovi talenti, sperimentare nuovi modi di intendere la leadership. Le strutture interne sono obsolete e non pi\u00f9 al passo coi tempi. I processi decisionali lunghi impediscono una risposta competente e veloce al cliente. Occorrono strutture, pratiche, processi che permettano ai team di assumere responsabilit\u00e0, di esprimere il loro potenziale creativo e innovativo. In questo libro vengono presentati approcci che intendono la leadership non come una competenza personale, bens\u00ec come una funzione che tutti, all\u2019interno di un\u2019organizzazione, possono esercitare.<br \/>\nLa <strong>Leadership Collegiale<\/strong> di Claudia Schr\u00f6der e Bernd Oestereich d\u00e0 vita a organizzazioni che vogliano essere agili, dinamiche e performanti. \u00c8 un percorso evolutivo che i responsabili di oggi possono intraprendere insieme ai propri collaboratori, perch\u00e9 per rispondere alla complessit\u00e0 l\u2019intelligenza di pochi non basta. L\u2019azienda guidata collegialmente \u00e8 un modello di leadership che, di fronte alle nuove sfide, sa reagire in modo inclusivo, veloce ed efficace.<br \/>\nSiamo all\u2019inizio di un\u2019epoca che ci riserver\u00e0 grandi cambiamenti: la Leadership Collegiale \u00e8 la strada da seguire per chiunque voglia creare un\u2019organizzazione a prova di futuro.<\/p>\n<hr \/>\n<p><strong>Monica Margoni<\/strong> \u00e8 facilitatrice, coach e trainer. Nel 2019 ha fondato <a href=\"https:\/\/facilitalab.it\/\">facilitalab<\/a>, attraverso cui lavora per persone, gruppi, enti, organizzazioni profit e non profit con gli strumenti della facilitazione, del coaching, della formazione e della consulenza grazie alla sua esperienza nello sviluppo organizzativo agile. Sprigionare il potenziale delle organizzazioni e dei team, dare supporto nella loro efficacia con metodi agili e creativi \u00e8 il suo focus. \u00c8 attiva in diverse community, tra cui <a href=\"https:\/\/agile-gilde.org\/\">Agile Gilde<\/a>, associazione nata da professionisti che si orientano al modello della Leadership Collegiale.<\/p>\n","protected":false},"excerpt":{"rendered":"<p>La complessit\u00e0 delle sfide che le organizzazioni si trovano ad affrontare aumenta ogni giorno di pi\u00f9: costruire un vantaggio competitivo nell\u2019era digitale, accrescere la capacit\u00e0 di adattarsi ai cambiamenti, saper [&hellip;]<\/p>\n","protected":false},"featured_media":24591,"template":"","meta":{"_editorskit_title_hidden":false,"_editorskit_reading_time":0,"_editorskit_is_block_options_detached":false,"_editorskit_block_options_position":"{}","_monsterinsights_skip_tracking":false,"_monsterinsights_sitenote_active":false,"_monsterinsights_sitenote_note":"","_monsterinsights_sitenote_category":0},"product_brand":[],"product_cat":[6805],"product_tag":[11607,11609,11608,11606],"class_list":{"0":"post-24590","1":"product","2":"type-product","3":"status-publish","4":"has-post-thumbnail","6":"product_cat-guerini-next","7":"product_tag-adattabilita-aziendale","8":"product_tag-client-orientation","9":"product_tag-flessibilita-organizzativa","10":"product_tag-organizzazioni-agili","11":"pa_guerini_amazon_link-https-www-amazon-it-leadership-collegiale-monica-margoni-dp-886896502x","12":"pa_guerini_feltrinelli_link-https-www-lafeltrinelli-it-leadership-collegiale-libro-monica-margoni-e-9788868965020","13":"pa_guerini_ibs_link-https-www-ibs-it-leadership-collegiale-libro-monica-margoni-e-9788868965020","14":"pa_guerini_libruniver_link-https-www-libreriauniversitaria-it-leadership-collegiale-margoni-monica-guerini-libro-9788868965020","15":"pa_guerini_mondadori_link-https-www-mondadoristore-it-leadership-collegiale-monica-margoni-eai978886896502-_gl19vff0o_upmq-gclideaiaiqobchmi_f292bjjhqmvx1tbah1pkweseaayasaaegi2cpd_bwegclsrcaw-ds","17":"first","18":"instock","19":"sale","20":"shipping-taxable","21":"purchasable","22":"product-type-simple"},"yoast_head":"<!-- This site is optimized with the Yoast SEO plugin v25.4 - https:\/\/yoast.com\/wordpress\/plugins\/seo\/ -->\n<title>Margoni Monica, Leadership Collegiale, Guerini Editore<\/title>\n<meta name=\"description\" content=\"Cosa occorre alle organizzazioni di oggi? strutture, pratiche, processi che permettano ai team di assumere responsabilit\u00e0, di esprimere innovazione.\" \/>\n<meta name=\"robots\" content=\"index, follow, max-snippet:-1, max-image-preview:large, max-video-preview:-1\" \/>\n<link rel=\"canonical\" href=\"https:\/\/www.guerini.it\/index.php\/prodotto\/leadership-collegiale\/\" \/>\n<meta property=\"og:locale\" content=\"it_IT\" \/>\n<meta property=\"og:type\" content=\"article\" \/>\n<meta property=\"og:title\" content=\"Margoni Monica, Leadership Collegiale, Guerini Editore\" \/>\n<meta property=\"og:description\" content=\"Cosa occorre alle organizzazioni di oggi? strutture, pratiche, processi che permettano ai team di assumere responsabilit\u00e0, di esprimere innovazione.\" \/>\n<meta property=\"og:url\" content=\"https:\/\/www.guerini.it\/index.php\/prodotto\/leadership-collegiale\/\" \/>\n<meta property=\"og:site_name\" content=\"Guerini e Associati\" \/>\n<meta property=\"article:modified_time\" content=\"2024-06-09T18:26:20+00:00\" \/>\n<meta property=\"og:image\" content=\"https:\/\/www.guerini.it\/wp-content\/uploads\/2024\/04\/LEADERSHIP-COLLEGIALE-9788868965020.webp\" \/>\n\t<meta property=\"og:image:width\" content=\"643\" \/>\n\t<meta property=\"og:image:height\" content=\"1000\" \/>\n\t<meta property=\"og:image:type\" content=\"image\/webp\" \/>\n<meta name=\"twitter:card\" content=\"summary_large_image\" \/>\n<meta name=\"twitter:label1\" content=\"Tempo di lettura stimato\" \/>\n\t<meta name=\"twitter:data1\" content=\"2 minuti\" \/>\n<!-- \/ Yoast SEO plugin. -->","yoast_head_json":{"title":"Margoni Monica, Leadership Collegiale, Guerini Editore","description":"Cosa occorre alle organizzazioni di oggi? strutture, pratiche, processi che permettano ai team di assumere responsabilit\u00e0, di esprimere innovazione.","robots":{"index":"index","follow":"follow","max-snippet":"max-snippet:-1","max-image-preview":"max-image-preview:large","max-video-preview":"max-video-preview:-1"},"canonical":"https:\/\/www.guerini.it\/index.php\/prodotto\/leadership-collegiale\/","og_locale":"it_IT","og_type":"article","og_title":"Margoni Monica, Leadership Collegiale, Guerini Editore","og_description":"Cosa occorre alle organizzazioni di oggi? strutture, pratiche, processi che permettano ai team di assumere responsabilit\u00e0, di esprimere innovazione.","og_url":"https:\/\/www.guerini.it\/index.php\/prodotto\/leadership-collegiale\/","og_site_name":"Guerini e Associati","article_modified_time":"2024-06-09T18:26:20+00:00","og_image":[{"width":643,"height":1000,"url":"https:\/\/www.guerini.it\/wp-content\/uploads\/2024\/04\/LEADERSHIP-COLLEGIALE-9788868965020.webp","type":"image\/webp"}],"twitter_card":"summary_large_image","twitter_misc":{"Tempo di lettura stimato":"2 minuti"},"schema":{"@context":"https:\/\/schema.org","@graph":[{"@type":"WebPage","@id":"https:\/\/www.guerini.it\/index.php\/prodotto\/leadership-collegiale\/","url":"https:\/\/www.guerini.it\/index.php\/prodotto\/leadership-collegiale\/","name":"Margoni Monica, Leadership Collegiale, Guerini Editore","isPartOf":{"@id":"https:\/\/www.guerini.it\/#website"},"primaryImageOfPage":{"@id":"https:\/\/www.guerini.it\/index.php\/prodotto\/leadership-collegiale\/#primaryimage"},"image":{"@id":"https:\/\/www.guerini.it\/index.php\/prodotto\/leadership-collegiale\/#primaryimage"},"thumbnailUrl":"https:\/\/www.guerini.it\/wp-content\/uploads\/2024\/04\/LEADERSHIP-COLLEGIALE-9788868965020.webp","datePublished":"2024-04-16T14:38:45+00:00","dateModified":"2024-06-09T18:26:20+00:00","description":"Cosa occorre alle organizzazioni di oggi? strutture, pratiche, processi che permettano ai team di assumere responsabilit\u00e0, di esprimere innovazione.","breadcrumb":{"@id":"https:\/\/www.guerini.it\/index.php\/prodotto\/leadership-collegiale\/#breadcrumb"},"inLanguage":"it-IT","potentialAction":[{"@type":"ReadAction","target":["https:\/\/www.guerini.it\/index.php\/prodotto\/leadership-collegiale\/"]}]},{"@type":"ImageObject","inLanguage":"it-IT","@id":"https:\/\/www.guerini.it\/index.php\/prodotto\/leadership-collegiale\/#primaryimage","url":"https:\/\/www.guerini.it\/wp-content\/uploads\/2024\/04\/LEADERSHIP-COLLEGIALE-9788868965020.webp","contentUrl":"https:\/\/www.guerini.it\/wp-content\/uploads\/2024\/04\/LEADERSHIP-COLLEGIALE-9788868965020.webp","width":643,"height":1000,"caption":"Copertina di: Margoni Monica, Leadership Collegiale, Guerini Next, 2024"},{"@type":"BreadcrumbList","@id":"https:\/\/www.guerini.it\/index.php\/prodotto\/leadership-collegiale\/#breadcrumb","itemListElement":[{"@type":"ListItem","position":1,"name":"Home","item":"https:\/\/www.guerini.it\/"},{"@type":"ListItem","position":2,"name":"Catalogo","item":"https:\/\/www.guerini.it\/index.php\/negozio\/"},{"@type":"ListItem","position":3,"name":"Leadership collegiale"}]},{"@type":"WebSite","@id":"https:\/\/www.guerini.it\/#website","url":"https:\/\/www.guerini.it\/","name":"Guerini e Associati","description":"30 anni di libri, idee e libert\u00e0","publisher":{"@id":"https:\/\/www.guerini.it\/#organization"},"potentialAction":[{"@type":"SearchAction","target":{"@type":"EntryPoint","urlTemplate":"https:\/\/www.guerini.it\/?s={search_term_string}"},"query-input":{"@type":"PropertyValueSpecification","valueRequired":true,"valueName":"search_term_string"}}],"inLanguage":"it-IT"},{"@type":"Organization","@id":"https:\/\/www.guerini.it\/#organization","name":"Guerini e Associati","url":"https:\/\/www.guerini.it\/","logo":{"@type":"ImageObject","inLanguage":"it-IT","@id":"https:\/\/www.guerini.it\/#\/schema\/logo\/image\/","url":"https:\/\/www.guerini.it\/wp-content\/uploads\/2021\/03\/Logo-Guerini-OK_-e1615831292285.png","contentUrl":"https:\/\/www.guerini.it\/wp-content\/uploads\/2021\/03\/Logo-Guerini-OK_-e1615831292285.png","width":2805,"height":1870,"caption":"Guerini e Associati"},"image":{"@id":"https:\/\/www.guerini.it\/#\/schema\/logo\/image\/"}}]}},"_links":{"self":[{"href":"https:\/\/www.guerini.it\/index.php\/wp-json\/wp\/v2\/product\/24590","targetHints":{"allow":["GET"]}}],"collection":[{"href":"https:\/\/www.guerini.it\/index.php\/wp-json\/wp\/v2\/product"}],"about":[{"href":"https:\/\/www.guerini.it\/index.php\/wp-json\/wp\/v2\/types\/product"}],"wp:featuredmedia":[{"embeddable":true,"href":"https:\/\/www.guerini.it\/index.php\/wp-json\/wp\/v2\/media\/24591"}],"wp:attachment":[{"href":"https:\/\/www.guerini.it\/index.php\/wp-json\/wp\/v2\/media?parent=24590"}],"wp:term":[{"taxonomy":"product_brand","embeddable":true,"href":"https:\/\/www.guerini.it\/index.php\/wp-json\/wp\/v2\/product_brand?post=24590"},{"taxonomy":"product_cat","embeddable":true,"href":"https:\/\/www.guerini.it\/index.php\/wp-json\/wp\/v2\/product_cat?post=24590"},{"taxonomy":"product_tag","embeddable":true,"href":"https:\/\/www.guerini.it\/index.php\/wp-json\/wp\/v2\/product_tag?post=24590"}],"curies":[{"name":"wp","href":"https:\/\/api.w.org\/{rel}","templated":true}]}}