{"id":24609,"date":"2024-04-26T15:03:11","date_gmt":"2024-04-26T13:03:11","guid":{"rendered":"https:\/\/www.guerini.it\/?post_type=product&#038;p=24609"},"modified":"2024-06-09T20:26:21","modified_gmt":"2024-06-09T18:26:21","slug":"la-legge-di-gravita-e-uguale-per-tutti","status":"publish","type":"product","link":"https:\/\/www.guerini.it\/index.php\/prodotto\/la-legge-di-gravita-e-uguale-per-tutti\/","title":{"rendered":"La legge (di gravit\u00e0) \u00e8 uguale per tutti"},"content":{"rendered":"<p style=\"text-align: justify;\">Un lavoro che consiste nel creare 100 prototipi, di cui solo 25 vedono la luce, di cui appena 13 hanno successo. Una tragedia? Affatto, anzi la normalit\u00e0 per chi si occupa di innovazione, come tutti i professionisti intervistati in questo libro che qui portano la loro esperienza.<br \/>\nCome innovare in strutture standardizzate? Come far combaciare innovazione e logica? Come fare management oggi, in un mondo in continua trasformazione?<br \/>\nAttraverso diciassette interviste a Direttori R&amp;D e Innovation e Operations Manager di aziende leader, possiamo percorrere la strada che ha portato questi professionisti al raggiungimento di risultati importanti, ma anche imparare strategie da uomini e donne che sognano in grande pur essendo attraversati da dubbi, paure e speranze.<br \/>\nPer farsi ispirare e per capire cosa significa davvero innovare in un mondo che cambia.<\/p>\n<hr \/>\n<p style=\"text-align: justify;\"><strong>Marco Rosetti<\/strong> \u00e8 nato a Torino nel 1971. \u00c8 un imprenditore, formatore e consulente aziendale dal 1997. Dal 2014 \u00e8 Amministratore Delegato di <a href=\"https:\/\/www.btsdi.it\/\">BTS Design Innovation<\/a>, azienda specializzata nello sviluppo di nuovi prodotti, dove coordina un team di ingegneri e designer. \u00c8 Vice Presidente e Responsabile per i progetti di innovazione in BTS, multinazionale nel settore della consulenza manageriale. Lavora principalmente in Italia e in Medio Oriente. Ha sempre collaborato con aziende multinazionali della grande industria e del mondo dei servizi. \u00c8 sposato, ha tre figli e una passione per il cinema e le materie scientifiche, oltre che un\u2019insaziabile curiosit\u00e0 per quasi tutto. Per Guerini Next ha pubblicato <em>Certo che ho paura<\/em> (2022).<\/p>\n","protected":false},"excerpt":{"rendered":"<p>Un lavoro che consiste nel creare 100 prototipi, di cui solo 25 vedono la luce, di cui appena 13 hanno successo. Una tragedia? Affatto, anzi la normalit\u00e0 per chi si [&hellip;]<\/p>\n","protected":false},"featured_media":24610,"template":"","meta":{"_editorskit_title_hidden":false,"_editorskit_reading_time":0,"_editorskit_is_block_options_detached":false,"_editorskit_block_options_position":"{}","_monsterinsights_skip_tracking":false,"_monsterinsights_sitenote_active":false,"_monsterinsights_sitenote_note":"","_monsterinsights_sitenote_category":0},"product_brand":[],"product_cat":[6805],"product_tag":[11641,11639,6745,11640,6803],"class_list":{"0":"post-24609","1":"product","2":"type-product","3":"status-publish","4":"has-post-thumbnail","6":"product_cat-guerini-next","7":"product_tag-esperienze-ceo","8":"product_tag-gestione-aziendale","9":"product_tag-innovazione","10":"product_tag-ispirazione","11":"product_tag-management","12":"pa_guerini_amazon_link-https-www-amazon-it-gravit-innovazione-persone-controllano-rischio-dp-8868965410","13":"pa_guerini_feltrinelli_link-https-www-lafeltrinelli-it-legge-di-gravita-uguale-per-libro-marco-rosetti-e-9788868965419","14":"pa_guerini_ibs_link-https-www-ibs-it-legge-di-gravita-uguale-per-libro-marco-rosetti-e-9788868965419","15":"pa_guerini_libruniver_link-https-www-libreriauniversitaria-it-legge-gravita-uguale-tutti-storie-libro-9788868965419","16":"pa_guerini_mondadori_link-https-www-mondadoristore-it-legge-di-gravita-e-uguale-marco-rosetti-eai978886896541","18":"first","19":"instock","20":"sale","21":"shipping-taxable","22":"purchasable","23":"product-type-simple"},"yoast_head":"<!-- This site is optimized with the Yoast SEO plugin v25.4 - https:\/\/yoast.com\/wordpress\/plugins\/seo\/ -->\n<title>Rosetti, Marco, La legge (di gravit\u00e0) \u00e8 uguale per tutti - Guerini Editore<\/title>\n<meta name=\"description\" content=\"Diciassette professionisti ci insegnano come innovare e come fare management oggi, in un mondo in continua trasformazione.\" \/>\n<meta name=\"robots\" content=\"index, follow, max-snippet:-1, max-image-preview:large, max-video-preview:-1\" \/>\n<link rel=\"canonical\" href=\"https:\/\/www.guerini.it\/index.php\/prodotto\/la-legge-di-gravita-e-uguale-per-tutti\/\" \/>\n<meta property=\"og:locale\" content=\"it_IT\" \/>\n<meta property=\"og:type\" content=\"article\" \/>\n<meta property=\"og:title\" content=\"Rosetti, Marco, La legge (di gravit\u00e0) \u00e8 uguale per tutti - Guerini Editore\" \/>\n<meta property=\"og:description\" content=\"Diciassette professionisti ci insegnano come innovare e come fare management oggi, in un mondo in continua trasformazione.\" \/>\n<meta property=\"og:url\" content=\"https:\/\/www.guerini.it\/index.php\/prodotto\/la-legge-di-gravita-e-uguale-per-tutti\/\" \/>\n<meta property=\"og:site_name\" content=\"Guerini e Associati\" \/>\n<meta property=\"article:modified_time\" content=\"2024-06-09T18:26:21+00:00\" \/>\n<meta property=\"og:image\" content=\"https:\/\/www.guerini.it\/wp-content\/uploads\/2024\/04\/LA-LEGGE-DI-GRAVITA-E-UGUALE-PER-TUTTI-9788868965419.webp\" \/>\n\t<meta property=\"og:image:width\" content=\"667\" \/>\n\t<meta property=\"og:image:height\" content=\"1000\" \/>\n\t<meta property=\"og:image:type\" content=\"image\/webp\" \/>\n<meta name=\"twitter:card\" content=\"summary_large_image\" \/>\n<meta name=\"twitter:label1\" content=\"Tempo di lettura stimato\" \/>\n\t<meta name=\"twitter:data1\" content=\"2 minuti\" \/>\n<!-- \/ Yoast SEO plugin. -->","yoast_head_json":{"title":"Rosetti, Marco, La legge (di gravit\u00e0) \u00e8 uguale per tutti - Guerini Editore","description":"Diciassette professionisti ci insegnano come innovare e come fare management oggi, in un mondo in continua trasformazione.","robots":{"index":"index","follow":"follow","max-snippet":"max-snippet:-1","max-image-preview":"max-image-preview:large","max-video-preview":"max-video-preview:-1"},"canonical":"https:\/\/www.guerini.it\/index.php\/prodotto\/la-legge-di-gravita-e-uguale-per-tutti\/","og_locale":"it_IT","og_type":"article","og_title":"Rosetti, Marco, La legge (di gravit\u00e0) \u00e8 uguale per tutti - Guerini Editore","og_description":"Diciassette professionisti ci insegnano come innovare e come fare management oggi, in un mondo in continua trasformazione.","og_url":"https:\/\/www.guerini.it\/index.php\/prodotto\/la-legge-di-gravita-e-uguale-per-tutti\/","og_site_name":"Guerini e Associati","article_modified_time":"2024-06-09T18:26:21+00:00","og_image":[{"width":667,"height":1000,"url":"https:\/\/www.guerini.it\/wp-content\/uploads\/2024\/04\/LA-LEGGE-DI-GRAVITA-E-UGUALE-PER-TUTTI-9788868965419.webp","type":"image\/webp"}],"twitter_card":"summary_large_image","twitter_misc":{"Tempo di lettura stimato":"2 minuti"},"schema":{"@context":"https:\/\/schema.org","@graph":[{"@type":"WebPage","@id":"https:\/\/www.guerini.it\/index.php\/prodotto\/la-legge-di-gravita-e-uguale-per-tutti\/","url":"https:\/\/www.guerini.it\/index.php\/prodotto\/la-legge-di-gravita-e-uguale-per-tutti\/","name":"Rosetti, Marco, La legge (di gravit\u00e0) \u00e8 uguale per tutti - Guerini Editore","isPartOf":{"@id":"https:\/\/www.guerini.it\/#website"},"primaryImageOfPage":{"@id":"https:\/\/www.guerini.it\/index.php\/prodotto\/la-legge-di-gravita-e-uguale-per-tutti\/#primaryimage"},"image":{"@id":"https:\/\/www.guerini.it\/index.php\/prodotto\/la-legge-di-gravita-e-uguale-per-tutti\/#primaryimage"},"thumbnailUrl":"https:\/\/www.guerini.it\/wp-content\/uploads\/2024\/04\/LA-LEGGE-DI-GRAVITA-E-UGUALE-PER-TUTTI-9788868965419.webp","datePublished":"2024-04-26T13:03:11+00:00","dateModified":"2024-06-09T18:26:21+00:00","description":"Diciassette professionisti ci insegnano come innovare e come fare management oggi, in un mondo in continua trasformazione.","breadcrumb":{"@id":"https:\/\/www.guerini.it\/index.php\/prodotto\/la-legge-di-gravita-e-uguale-per-tutti\/#breadcrumb"},"inLanguage":"it-IT","potentialAction":[{"@type":"ReadAction","target":["https:\/\/www.guerini.it\/index.php\/prodotto\/la-legge-di-gravita-e-uguale-per-tutti\/"]}]},{"@type":"ImageObject","inLanguage":"it-IT","@id":"https:\/\/www.guerini.it\/index.php\/prodotto\/la-legge-di-gravita-e-uguale-per-tutti\/#primaryimage","url":"https:\/\/www.guerini.it\/wp-content\/uploads\/2024\/04\/LA-LEGGE-DI-GRAVITA-E-UGUALE-PER-TUTTI-9788868965419.webp","contentUrl":"https:\/\/www.guerini.it\/wp-content\/uploads\/2024\/04\/LA-LEGGE-DI-GRAVITA-E-UGUALE-PER-TUTTI-9788868965419.webp","width":667,"height":1000,"caption":"Front Cover: Marco Rosetti, La legge (di gravit\u00e0) \u00e8 uguale per tutti, Guerini Next, 2024"},{"@type":"BreadcrumbList","@id":"https:\/\/www.guerini.it\/index.php\/prodotto\/la-legge-di-gravita-e-uguale-per-tutti\/#breadcrumb","itemListElement":[{"@type":"ListItem","position":1,"name":"Home","item":"https:\/\/www.guerini.it\/"},{"@type":"ListItem","position":2,"name":"Catalogo","item":"https:\/\/www.guerini.it\/index.php\/negozio\/"},{"@type":"ListItem","position":3,"name":"La legge (di gravit\u00e0) \u00e8 uguale per tutti"}]},{"@type":"WebSite","@id":"https:\/\/www.guerini.it\/#website","url":"https:\/\/www.guerini.it\/","name":"Guerini e Associati","description":"30 anni di libri, idee e libert\u00e0","publisher":{"@id":"https:\/\/www.guerini.it\/#organization"},"potentialAction":[{"@type":"SearchAction","target":{"@type":"EntryPoint","urlTemplate":"https:\/\/www.guerini.it\/?s={search_term_string}"},"query-input":{"@type":"PropertyValueSpecification","valueRequired":true,"valueName":"search_term_string"}}],"inLanguage":"it-IT"},{"@type":"Organization","@id":"https:\/\/www.guerini.it\/#organization","name":"Guerini e Associati","url":"https:\/\/www.guerini.it\/","logo":{"@type":"ImageObject","inLanguage":"it-IT","@id":"https:\/\/www.guerini.it\/#\/schema\/logo\/image\/","url":"https:\/\/www.guerini.it\/wp-content\/uploads\/2021\/03\/Logo-Guerini-OK_-e1615831292285.png","contentUrl":"https:\/\/www.guerini.it\/wp-content\/uploads\/2021\/03\/Logo-Guerini-OK_-e1615831292285.png","width":2805,"height":1870,"caption":"Guerini e Associati"},"image":{"@id":"https:\/\/www.guerini.it\/#\/schema\/logo\/image\/"}}]}},"_links":{"self":[{"href":"https:\/\/www.guerini.it\/index.php\/wp-json\/wp\/v2\/product\/24609","targetHints":{"allow":["GET"]}}],"collection":[{"href":"https:\/\/www.guerini.it\/index.php\/wp-json\/wp\/v2\/product"}],"about":[{"href":"https:\/\/www.guerini.it\/index.php\/wp-json\/wp\/v2\/types\/product"}],"wp:featuredmedia":[{"embeddable":true,"href":"https:\/\/www.guerini.it\/index.php\/wp-json\/wp\/v2\/media\/24610"}],"wp:attachment":[{"href":"https:\/\/www.guerini.it\/index.php\/wp-json\/wp\/v2\/media?parent=24609"}],"wp:term":[{"taxonomy":"product_brand","embeddable":true,"href":"https:\/\/www.guerini.it\/index.php\/wp-json\/wp\/v2\/product_brand?post=24609"},{"taxonomy":"product_cat","embeddable":true,"href":"https:\/\/www.guerini.it\/index.php\/wp-json\/wp\/v2\/product_cat?post=24609"},{"taxonomy":"product_tag","embeddable":true,"href":"https:\/\/www.guerini.it\/index.php\/wp-json\/wp\/v2\/product_tag?post=24609"}],"curies":[{"name":"wp","href":"https:\/\/api.w.org\/{rel}","templated":true}]}}