{"id":24621,"date":"2024-05-03T15:29:48","date_gmt":"2024-05-03T13:29:48","guid":{"rendered":"https:\/\/www.guerini.it\/?post_type=product&#038;p=24621"},"modified":"2024-06-09T20:26:21","modified_gmt":"2024-06-09T18:26:21","slug":"splendori-e-miserie-delle-intelligenze-artificiali","status":"publish","type":"product","link":"https:\/\/www.guerini.it\/index.php\/prodotto\/splendori-e-miserie-delle-intelligenze-artificiali\/","title":{"rendered":"Splendori e miserie delle intelligenze artificiali"},"content":{"rendered":"<p style=\"text-align: justify;\">Si attende fiduciosamente un futuro tempo felice, si crede nella promessa di un paradiso tecnologico. Forse nuove tecnologie ci salveranno. Ma intanto i costi immediati li stiamo pagando, e li pagheremo nei prossimi anni. Perch\u00e9 nessuna promessa tecnologica \u00e8 veramente ultima, salvifica. Dovremmo sempre ricordare che anche la tecnologia pi\u00f9 promettente e splendida ha un rovescio della medaglia: costi e aspetti perversi che solo nel tempo e alla prova dei fatti si rivelano evidenti.<\/p>\n<p style=\"text-align: center;\"><em><strong>Pi\u00f9 che parole nuove, parole antiche. Pi\u00f9 che raccontare ci\u00f2 che del mondo \u00e8 possibile vedere tramite un computer, mi sembra importante guardare a ci\u00f2 che un computer non sa vedere, non pu\u00f2 vedere. Pi\u00f9 che rileggere la storia alla luce della novit\u00e0 digitale, mi pare sia opportuno oggi leggere la novit\u00e0 digitale alla luce della storia. Pi\u00f9 che adeguare il nostro pensiero e i nostri comportamenti alla cultura digitale, si tratta di decostruire la cultura digitale, osservando le miserie che gli splendori non riescono a nascondere.<\/strong><\/em><\/p>\n<hr \/>\n<p style=\"text-align: justify;\"><strong>Francesco Varanini <\/strong>etnografo e ricercatore sociale di formazione, ha lavorato come progettista di sistemi informatici e come manager in ambito Risorse Umane, Organizzazione e Marketing. Nel 1999 ha ideato e diretto il primo Master italiano dedicato all\u2019e-business e alla cultura digitale. Ha insegnato Informatica Umanistica all\u2019Universit\u00e0 di Pisa. \u00c8 Presidente di Assoetica. L\u2019attivit\u00e0 di docente e consulente si nutre del parallelo impegno come critico letterario. Tra i suoi libri, ricordiamo <em>Viaggio letterario in America Latina<\/em>, <em>Romanzi per i manager<\/em> e, per le nostre edizioni, <a href=\"https:\/\/www.guerini.it\/index.php\/prodotto\/le-parole-del-manager\/\"><em>Le parole del manager<\/em><\/a>, <a href=\"https:\/\/www.guerini.it\/index.php\/prodotto\/contro-il-management\/\"><em>Contro il management<\/em><\/a>, <a href=\"https:\/\/www.guerini.it\/index.php\/prodotto\/macchine-per-pensare\/\"><em>Macchine per pensare<\/em><\/a>, <a href=\"https:\/\/www.guerini.it\/index.php\/prodotto\/le-cinque-leggi-bronzee-dell-era-digitale\/\"><em>Le cinque leggi bronzee dell\u2019era digitale<\/em><\/a>,<a href=\"https:\/\/www.guerini.it\/index.php\/prodotto\/marchionne-non-e-il-migliore-dei-manager-possibili\/\"><em> Marchionne non \u00e8 il migliore dei manager possibili<\/em><\/a>.<br \/>\n<a href=\"https:\/\/www.francescovaranini.it\/\">www.francescovaranini.it\u00a0<\/a><\/p>\n","protected":false},"excerpt":{"rendered":"<p>Si attende fiduciosamente un futuro tempo felice, si crede nella promessa di un paradiso tecnologico. Forse nuove tecnologie ci salveranno. Ma intanto i costi immediati li stiamo pagando, e li [&hellip;]<\/p>\n","protected":false},"featured_media":24622,"template":"","meta":{"_editorskit_title_hidden":false,"_editorskit_reading_time":0,"_editorskit_is_block_options_detached":false,"_editorskit_block_options_position":"{}","_monsterinsights_skip_tracking":false,"_monsterinsights_sitenote_active":false,"_monsterinsights_sitenote_note":"","_monsterinsights_sitenote_category":0},"product_brand":[],"product_cat":[6728,6585],"product_tag":[11655,10641,6745,7501,11654,11653],"class_list":{"0":"post-24621","1":"product","2":"type-product","3":"status-publish","4":"has-post-thumbnail","6":"product_cat-ultime_novita","7":"product_cat-sma","8":"product_tag-algoritmi","9":"product_tag-big-data","10":"product_tag-innovazione","11":"product_tag-intelligenza-artificiale","12":"product_tag-machine-learning","13":"product_tag-sviluppo","14":"pa_guerini_amazon_link-https-www-amazon-it-splendori-intelligenze-artificiali-dellumana-esperienza-dp-8862509200","15":"pa_guerini_feltrinelli_link-https-www-lafeltrinelli-it-splendori-miserie-delle-intelligenze-artificiali-libro-francesco-varanini-e-9788862509206","16":"pa_guerini_ibs_link-https-www-ibs-it-splendori-miserie-delle-intelligenze-artificiali-libro-francesco-varanini-e-9788862509206","17":"pa_guerini_libruniver_link-https-www-libreriauniversitaria-it-splendori-miserie-intelligenze-artificiali-luce-libro-9788862509206","18":"pa_guerini_mondadori_link-https-www-mondadoristore-it-splendori-miserie-francesco-varanini-eai978886250920-_gl1183uvyj_upmq-gclideaiaiqobchmi5qro8pwnhgmvdgutbh1lew4eeaayasaaegkg7fd_bwegclsrcaw-ds","20":"first","21":"instock","22":"sale","23":"shipping-taxable","24":"purchasable","25":"product-type-simple"},"yoast_head":"<!-- This site is optimized with the Yoast SEO plugin v25.4 - https:\/\/yoast.com\/wordpress\/plugins\/seo\/ -->\n<title>Splendori e miserie delle intelligenze artificiali, Guerini Editore<\/title>\n<meta name=\"description\" content=\"Dovremmo ricordare che anche la tecnologia pi\u00f9 promettente ha un rovescio della medaglia: costi e aspetti perversi che nel tempo si rivelano evidenti.\" \/>\n<meta name=\"robots\" content=\"index, follow, max-snippet:-1, max-image-preview:large, max-video-preview:-1\" \/>\n<link rel=\"canonical\" href=\"https:\/\/www.guerini.it\/index.php\/prodotto\/splendori-e-miserie-delle-intelligenze-artificiali\/\" \/>\n<meta property=\"og:locale\" content=\"it_IT\" \/>\n<meta property=\"og:type\" content=\"article\" \/>\n<meta property=\"og:title\" content=\"Splendori e miserie delle intelligenze artificiali, Guerini Editore\" \/>\n<meta property=\"og:description\" content=\"Dovremmo ricordare che anche la tecnologia pi\u00f9 promettente ha un rovescio della medaglia: costi e aspetti perversi che nel tempo si rivelano evidenti.\" \/>\n<meta property=\"og:url\" content=\"https:\/\/www.guerini.it\/index.php\/prodotto\/splendori-e-miserie-delle-intelligenze-artificiali\/\" \/>\n<meta property=\"og:site_name\" content=\"Guerini e Associati\" \/>\n<meta property=\"article:modified_time\" content=\"2024-06-09T18:26:21+00:00\" \/>\n<meta property=\"og:image\" content=\"https:\/\/www.guerini.it\/wp-content\/uploads\/2024\/05\/splendori-e-miserie-9788862509206.webp\" \/>\n\t<meta property=\"og:image:width\" content=\"667\" \/>\n\t<meta property=\"og:image:height\" content=\"1000\" \/>\n\t<meta property=\"og:image:type\" content=\"image\/webp\" \/>\n<meta name=\"twitter:card\" content=\"summary_large_image\" \/>\n<meta name=\"twitter:label1\" content=\"Tempo di lettura stimato\" \/>\n\t<meta name=\"twitter:data1\" content=\"2 minuti\" \/>\n<!-- \/ Yoast SEO plugin. -->","yoast_head_json":{"title":"Splendori e miserie delle intelligenze artificiali, Guerini Editore","description":"Dovremmo ricordare che anche la tecnologia pi\u00f9 promettente ha un rovescio della medaglia: costi e aspetti perversi che nel tempo si rivelano evidenti.","robots":{"index":"index","follow":"follow","max-snippet":"max-snippet:-1","max-image-preview":"max-image-preview:large","max-video-preview":"max-video-preview:-1"},"canonical":"https:\/\/www.guerini.it\/index.php\/prodotto\/splendori-e-miserie-delle-intelligenze-artificiali\/","og_locale":"it_IT","og_type":"article","og_title":"Splendori e miserie delle intelligenze artificiali, Guerini Editore","og_description":"Dovremmo ricordare che anche la tecnologia pi\u00f9 promettente ha un rovescio della medaglia: costi e aspetti perversi che nel tempo si rivelano evidenti.","og_url":"https:\/\/www.guerini.it\/index.php\/prodotto\/splendori-e-miserie-delle-intelligenze-artificiali\/","og_site_name":"Guerini e Associati","article_modified_time":"2024-06-09T18:26:21+00:00","og_image":[{"width":667,"height":1000,"url":"https:\/\/www.guerini.it\/wp-content\/uploads\/2024\/05\/splendori-e-miserie-9788862509206.webp","type":"image\/webp"}],"twitter_card":"summary_large_image","twitter_misc":{"Tempo di lettura stimato":"2 minuti"},"schema":{"@context":"https:\/\/schema.org","@graph":[{"@type":"WebPage","@id":"https:\/\/www.guerini.it\/index.php\/prodotto\/splendori-e-miserie-delle-intelligenze-artificiali\/","url":"https:\/\/www.guerini.it\/index.php\/prodotto\/splendori-e-miserie-delle-intelligenze-artificiali\/","name":"Splendori e miserie delle intelligenze artificiali, Guerini Editore","isPartOf":{"@id":"https:\/\/www.guerini.it\/#website"},"primaryImageOfPage":{"@id":"https:\/\/www.guerini.it\/index.php\/prodotto\/splendori-e-miserie-delle-intelligenze-artificiali\/#primaryimage"},"image":{"@id":"https:\/\/www.guerini.it\/index.php\/prodotto\/splendori-e-miserie-delle-intelligenze-artificiali\/#primaryimage"},"thumbnailUrl":"https:\/\/www.guerini.it\/wp-content\/uploads\/2024\/05\/splendori-e-miserie-9788862509206.webp","datePublished":"2024-05-03T13:29:48+00:00","dateModified":"2024-06-09T18:26:21+00:00","description":"Dovremmo ricordare che anche la tecnologia pi\u00f9 promettente ha un rovescio della medaglia: costi e aspetti perversi che nel tempo si rivelano evidenti.","breadcrumb":{"@id":"https:\/\/www.guerini.it\/index.php\/prodotto\/splendori-e-miserie-delle-intelligenze-artificiali\/#breadcrumb"},"inLanguage":"it-IT","potentialAction":[{"@type":"ReadAction","target":["https:\/\/www.guerini.it\/index.php\/prodotto\/splendori-e-miserie-delle-intelligenze-artificiali\/"]}]},{"@type":"ImageObject","inLanguage":"it-IT","@id":"https:\/\/www.guerini.it\/index.php\/prodotto\/splendori-e-miserie-delle-intelligenze-artificiali\/#primaryimage","url":"https:\/\/www.guerini.it\/wp-content\/uploads\/2024\/05\/splendori-e-miserie-9788862509206.webp","contentUrl":"https:\/\/www.guerini.it\/wp-content\/uploads\/2024\/05\/splendori-e-miserie-9788862509206.webp","width":667,"height":1000,"caption":"Splendori e miserie delle intelligenze artificiali, Francesco Varanini, Guerini e Associati 2024"},{"@type":"BreadcrumbList","@id":"https:\/\/www.guerini.it\/index.php\/prodotto\/splendori-e-miserie-delle-intelligenze-artificiali\/#breadcrumb","itemListElement":[{"@type":"ListItem","position":1,"name":"Home","item":"https:\/\/www.guerini.it\/"},{"@type":"ListItem","position":2,"name":"Catalogo","item":"https:\/\/www.guerini.it\/index.php\/negozio\/"},{"@type":"ListItem","position":3,"name":"Splendori e miserie delle intelligenze artificiali"}]},{"@type":"WebSite","@id":"https:\/\/www.guerini.it\/#website","url":"https:\/\/www.guerini.it\/","name":"Guerini e Associati","description":"30 anni di libri, idee e libert\u00e0","publisher":{"@id":"https:\/\/www.guerini.it\/#organization"},"potentialAction":[{"@type":"SearchAction","target":{"@type":"EntryPoint","urlTemplate":"https:\/\/www.guerini.it\/?s={search_term_string}"},"query-input":{"@type":"PropertyValueSpecification","valueRequired":true,"valueName":"search_term_string"}}],"inLanguage":"it-IT"},{"@type":"Organization","@id":"https:\/\/www.guerini.it\/#organization","name":"Guerini e Associati","url":"https:\/\/www.guerini.it\/","logo":{"@type":"ImageObject","inLanguage":"it-IT","@id":"https:\/\/www.guerini.it\/#\/schema\/logo\/image\/","url":"https:\/\/www.guerini.it\/wp-content\/uploads\/2021\/03\/Logo-Guerini-OK_-e1615831292285.png","contentUrl":"https:\/\/www.guerini.it\/wp-content\/uploads\/2021\/03\/Logo-Guerini-OK_-e1615831292285.png","width":2805,"height":1870,"caption":"Guerini e Associati"},"image":{"@id":"https:\/\/www.guerini.it\/#\/schema\/logo\/image\/"}}]}},"_links":{"self":[{"href":"https:\/\/www.guerini.it\/index.php\/wp-json\/wp\/v2\/product\/24621","targetHints":{"allow":["GET"]}}],"collection":[{"href":"https:\/\/www.guerini.it\/index.php\/wp-json\/wp\/v2\/product"}],"about":[{"href":"https:\/\/www.guerini.it\/index.php\/wp-json\/wp\/v2\/types\/product"}],"wp:featuredmedia":[{"embeddable":true,"href":"https:\/\/www.guerini.it\/index.php\/wp-json\/wp\/v2\/media\/24622"}],"wp:attachment":[{"href":"https:\/\/www.guerini.it\/index.php\/wp-json\/wp\/v2\/media?parent=24621"}],"wp:term":[{"taxonomy":"product_brand","embeddable":true,"href":"https:\/\/www.guerini.it\/index.php\/wp-json\/wp\/v2\/product_brand?post=24621"},{"taxonomy":"product_cat","embeddable":true,"href":"https:\/\/www.guerini.it\/index.php\/wp-json\/wp\/v2\/product_cat?post=24621"},{"taxonomy":"product_tag","embeddable":true,"href":"https:\/\/www.guerini.it\/index.php\/wp-json\/wp\/v2\/product_tag?post=24621"}],"curies":[{"name":"wp","href":"https:\/\/api.w.org\/{rel}","templated":true}]}}