{"id":24673,"date":"2024-05-30T15:16:21","date_gmt":"2024-05-30T13:16:21","guid":{"rendered":"https:\/\/www.guerini.it\/?post_type=product&#038;p=24673"},"modified":"2024-06-09T20:26:23","modified_gmt":"2024-06-09T18:26:23","slug":"organizzazione-aziendale","status":"publish","type":"product","link":"https:\/\/www.guerini.it\/index.php\/prodotto\/organizzazione-aziendale\/","title":{"rendered":"Organizzazione aziendale"},"content":{"rendered":"<p style=\"text-align: justify;\">Cosa significa progettare un\u2019organizzazione? In quanti modi \u00e8 possibile attivare, incentivare e coordinare il comportamento individuale? Quali sfide si annidano nell\u2019anima soffice dell\u2019organizzazione e in che modo esse mettono in discussione l\u2019eleganza e la forbitezza delle strutture formali? Attraverso quali sentieri le organizzazioni evolvono, nel tentativo di adattarsi alle pressioni istituzionali che esperiscono e alle sfide competitive che affrontano durante la loro vita? Mettere a punto un\u2019organizzazione efficace, efficiente, sostenibile e resiliente \u00e8 una chimera o una concreta aspirazione? Lungi dal fornire una risposta a questi interrogativi, il volume offre a chi legge delle chiavi di lettura utili a declinare la complessit\u00e0 delle strutture e dei comportamenti organizzativi. In tal modo sar\u00e0 pi\u00f9 congruo lo sforzo di argomentare proposizioni che, pur non risolvendo i quesiti sopra esposti, consentono di navigare meglio il profondo e ricco oceano dell\u2019organizzazione aziendale.<\/p>\n<hr \/>\n<p style=\"text-align: justify;\"><strong>Rocco Palumbo<\/strong> \u00e8 Professore Associato di Organizzazione aziendale presso il Dipartimento di Management e Diritto dell\u2019Universit\u00e0 degli Studi di Roma Tor Vergata. Attualmente, \u00e8 capo-redattore (Editor in Chief) dell\u2019<a href=\"https:\/\/www.emeraldgrouppublishing.com\/journal\/ijpsm\">International Journal of Public Sector Management<\/a>, una delle riviste di maggiore prestigio a livello globale in tema di direzione, organizzazione e gestione delle aziende e delle amministrazioni pubbliche. \u00c8 visiting professor presso la Kwansei Gakuin University (Giappone). Le sue attivit\u00e0 di ricerca hanno come oggetto prevalentemente la gestione delle risorse umane nelle aziende e amministrazioni pubbliche e il cambiamento organizzativo.<br \/>\n<strong>Maurizio Decastri<\/strong> \u00e8 Professore Ordinario di Organizzazione aziendale presso l\u2019Universit\u00e0 degli Studi di Roma Tor Vergata, dove \u00e8 stato Prorettore al Personale e ai rapporti con le imprese. \u00c8 responsabile e docente della sezione Management della Scuola di Polizia Interforze, coordinatore del Nucleo di Valutazione e Controllo di ARERA, sindaco di Air Dolomiti, componente dell\u2019OIV del MASE. \u00c8 Presidente di <a href=\"https:\/\/www.eosmc.com\/\">Eos Management Consulting<\/a> e di <a href=\"https:\/\/www.bruno.it\/\">Bruno Euronics spa<\/a>. Per le nostre edizioni ha pubblicato, tra gli altri, <a href=\"https:\/\/www.guerini.it\/index.php\/prodotto\/verso-un-nuovo-rinascimento\/#:~:text=L'accelerazione%20apportata%20dalla%20crisi,immaginiamo%20possa%20perdurare%20nel%20tempo.\"><em>Verso un nuovo rinascimento<\/em><\/a> (2020), <a href=\"https:\/\/www.guerini.it\/index.php\/prodotto\/leggere-e-progettare-le-organizzazioni\/\"><em>Leggere le organizzazioni e Progettare le organizzazioni<\/em><\/a> (2016), <a href=\"https:\/\/www.guerini.it\/index.php\/prodotto\/leadership-2\/\"><em>Leadership. Dalla letteratura alla teoria manageriale<\/em> <\/a>(2011).<\/p>\n","protected":false},"excerpt":{"rendered":"<p>Cosa significa progettare un\u2019organizzazione? In quanti modi \u00e8 possibile attivare, incentivare e coordinare il comportamento individuale? Quali sfide si annidano nell\u2019anima soffice dell\u2019organizzazione e in che modo esse mettono in [&hellip;]<\/p>\n","protected":false},"featured_media":24674,"template":"","meta":{"_editorskit_title_hidden":false,"_editorskit_reading_time":0,"_editorskit_is_block_options_detached":false,"_editorskit_block_options_position":"{}","_monsterinsights_skip_tracking":false,"_monsterinsights_sitenote_active":false,"_monsterinsights_sitenote_note":"","_monsterinsights_sitenote_category":0},"product_brand":[],"product_cat":[6805,8379],"product_tag":[11723,6803,10749,11722],"class_list":{"0":"post-24673","1":"product","2":"type-product","3":"status-publish","4":"has-post-thumbnail","6":"product_cat-guerini-next","7":"product_cat-manuali","8":"product_tag-comportamento-organizzativo","9":"product_tag-management","10":"product_tag-organizzazione-aziendale","11":"product_tag-progettazione-aziendale","12":"pa_guerini_amazon_link-https-www-amazon-it-organizzazione-aziendale-comprendere-progettare-organizzazioni-dp-8868965682","13":"pa_guerini_feltrinelli_link-https-www-lafeltrinelli-it-organizzazione-aziendale-chiavi-di-lettura-libro-rocco-palumbo-maurizio-decastri-e-9788868965686","14":"pa_guerini_ibs_link-https-www-ibs-it-organizzazione-aziendale-chiavi-di-lettura-libro-rocco-palumbo-maurizio-decastri-e-9788868965686","15":"pa_guerini_libruniver_link-https-www-libreriauniversitaria-it-organizzazione-aziendale-chiavi-lettura-comprendere-libro-9788868965686","16":"pa_guerini_mondadori_link-https-www-mondadoristore-it-organizzazione-aziendale-maurizio-decastri-rocco-palumbo-eai978886896568","18":"first","19":"instock","20":"sale","21":"shipping-taxable","22":"purchasable","23":"product-type-simple"},"yoast_head":"<!-- This site is optimized with the Yoast SEO plugin v25.4 - https:\/\/yoast.com\/wordpress\/plugins\/seo\/ -->\n<title>Organizzazione aziendale, Palumbo, Decastri, Guerini Editore 2024<\/title>\n<meta name=\"description\" content=\"Il volume offre delle chiavi di lettura che consentono di navigare meglio il profondo e ricco oceano dell\u2019organizzazione aziendale.\" \/>\n<meta name=\"robots\" content=\"index, follow, max-snippet:-1, max-image-preview:large, max-video-preview:-1\" \/>\n<link rel=\"canonical\" href=\"https:\/\/www.guerini.it\/index.php\/prodotto\/organizzazione-aziendale\/\" \/>\n<meta property=\"og:locale\" content=\"it_IT\" \/>\n<meta property=\"og:type\" content=\"article\" \/>\n<meta property=\"og:title\" content=\"Organizzazione aziendale, Palumbo, Decastri, Guerini Editore 2024\" \/>\n<meta property=\"og:description\" content=\"Il volume offre delle chiavi di lettura che consentono di navigare meglio il profondo e ricco oceano dell\u2019organizzazione aziendale.\" \/>\n<meta property=\"og:url\" content=\"https:\/\/www.guerini.it\/index.php\/prodotto\/organizzazione-aziendale\/\" \/>\n<meta property=\"og:site_name\" content=\"Guerini e Associati\" \/>\n<meta property=\"article:modified_time\" content=\"2024-06-09T18:26:23+00:00\" \/>\n<meta property=\"og:image\" content=\"https:\/\/www.guerini.it\/wp-content\/uploads\/2024\/05\/ORGANIZZAZIONE-AZIENDALE9788868965686.webp\" \/>\n\t<meta property=\"og:image:width\" content=\"708\" \/>\n\t<meta property=\"og:image:height\" content=\"1000\" \/>\n\t<meta property=\"og:image:type\" content=\"image\/webp\" \/>\n<meta name=\"twitter:card\" content=\"summary_large_image\" \/>\n<meta name=\"twitter:label1\" content=\"Tempo di lettura stimato\" \/>\n\t<meta name=\"twitter:data1\" content=\"2 minuti\" \/>\n<!-- \/ Yoast SEO plugin. -->","yoast_head_json":{"title":"Organizzazione aziendale, Palumbo, Decastri, Guerini Editore 2024","description":"Il volume offre delle chiavi di lettura che consentono di navigare meglio il profondo e ricco oceano dell\u2019organizzazione aziendale.","robots":{"index":"index","follow":"follow","max-snippet":"max-snippet:-1","max-image-preview":"max-image-preview:large","max-video-preview":"max-video-preview:-1"},"canonical":"https:\/\/www.guerini.it\/index.php\/prodotto\/organizzazione-aziendale\/","og_locale":"it_IT","og_type":"article","og_title":"Organizzazione aziendale, Palumbo, Decastri, Guerini Editore 2024","og_description":"Il volume offre delle chiavi di lettura che consentono di navigare meglio il profondo e ricco oceano dell\u2019organizzazione aziendale.","og_url":"https:\/\/www.guerini.it\/index.php\/prodotto\/organizzazione-aziendale\/","og_site_name":"Guerini e Associati","article_modified_time":"2024-06-09T18:26:23+00:00","og_image":[{"width":708,"height":1000,"url":"https:\/\/www.guerini.it\/wp-content\/uploads\/2024\/05\/ORGANIZZAZIONE-AZIENDALE9788868965686.webp","type":"image\/webp"}],"twitter_card":"summary_large_image","twitter_misc":{"Tempo di lettura stimato":"2 minuti"},"schema":{"@context":"https:\/\/schema.org","@graph":[{"@type":"WebPage","@id":"https:\/\/www.guerini.it\/index.php\/prodotto\/organizzazione-aziendale\/","url":"https:\/\/www.guerini.it\/index.php\/prodotto\/organizzazione-aziendale\/","name":"Organizzazione aziendale, Palumbo, Decastri, Guerini Editore 2024","isPartOf":{"@id":"https:\/\/www.guerini.it\/#website"},"primaryImageOfPage":{"@id":"https:\/\/www.guerini.it\/index.php\/prodotto\/organizzazione-aziendale\/#primaryimage"},"image":{"@id":"https:\/\/www.guerini.it\/index.php\/prodotto\/organizzazione-aziendale\/#primaryimage"},"thumbnailUrl":"https:\/\/www.guerini.it\/wp-content\/uploads\/2024\/05\/ORGANIZZAZIONE-AZIENDALE9788868965686.webp","datePublished":"2024-05-30T13:16:21+00:00","dateModified":"2024-06-09T18:26:23+00:00","description":"Il volume offre delle chiavi di lettura che consentono di navigare meglio il profondo e ricco oceano dell\u2019organizzazione aziendale.","breadcrumb":{"@id":"https:\/\/www.guerini.it\/index.php\/prodotto\/organizzazione-aziendale\/#breadcrumb"},"inLanguage":"it-IT","potentialAction":[{"@type":"ReadAction","target":["https:\/\/www.guerini.it\/index.php\/prodotto\/organizzazione-aziendale\/"]}]},{"@type":"ImageObject","inLanguage":"it-IT","@id":"https:\/\/www.guerini.it\/index.php\/prodotto\/organizzazione-aziendale\/#primaryimage","url":"https:\/\/www.guerini.it\/wp-content\/uploads\/2024\/05\/ORGANIZZAZIONE-AZIENDALE9788868965686.webp","contentUrl":"https:\/\/www.guerini.it\/wp-content\/uploads\/2024\/05\/ORGANIZZAZIONE-AZIENDALE9788868965686.webp","width":708,"height":1000,"caption":"Organizzazione aziendale, Rocco Palumbo, Maurizio Decastri, Guerini Next, 2024"},{"@type":"BreadcrumbList","@id":"https:\/\/www.guerini.it\/index.php\/prodotto\/organizzazione-aziendale\/#breadcrumb","itemListElement":[{"@type":"ListItem","position":1,"name":"Home","item":"https:\/\/www.guerini.it\/"},{"@type":"ListItem","position":2,"name":"Catalogo","item":"https:\/\/www.guerini.it\/index.php\/negozio\/"},{"@type":"ListItem","position":3,"name":"Organizzazione aziendale"}]},{"@type":"WebSite","@id":"https:\/\/www.guerini.it\/#website","url":"https:\/\/www.guerini.it\/","name":"Guerini e Associati","description":"30 anni di libri, idee e libert\u00e0","publisher":{"@id":"https:\/\/www.guerini.it\/#organization"},"potentialAction":[{"@type":"SearchAction","target":{"@type":"EntryPoint","urlTemplate":"https:\/\/www.guerini.it\/?s={search_term_string}"},"query-input":{"@type":"PropertyValueSpecification","valueRequired":true,"valueName":"search_term_string"}}],"inLanguage":"it-IT"},{"@type":"Organization","@id":"https:\/\/www.guerini.it\/#organization","name":"Guerini e Associati","url":"https:\/\/www.guerini.it\/","logo":{"@type":"ImageObject","inLanguage":"it-IT","@id":"https:\/\/www.guerini.it\/#\/schema\/logo\/image\/","url":"https:\/\/www.guerini.it\/wp-content\/uploads\/2021\/03\/Logo-Guerini-OK_-e1615831292285.png","contentUrl":"https:\/\/www.guerini.it\/wp-content\/uploads\/2021\/03\/Logo-Guerini-OK_-e1615831292285.png","width":2805,"height":1870,"caption":"Guerini e Associati"},"image":{"@id":"https:\/\/www.guerini.it\/#\/schema\/logo\/image\/"}}]}},"_links":{"self":[{"href":"https:\/\/www.guerini.it\/index.php\/wp-json\/wp\/v2\/product\/24673","targetHints":{"allow":["GET"]}}],"collection":[{"href":"https:\/\/www.guerini.it\/index.php\/wp-json\/wp\/v2\/product"}],"about":[{"href":"https:\/\/www.guerini.it\/index.php\/wp-json\/wp\/v2\/types\/product"}],"wp:featuredmedia":[{"embeddable":true,"href":"https:\/\/www.guerini.it\/index.php\/wp-json\/wp\/v2\/media\/24674"}],"wp:attachment":[{"href":"https:\/\/www.guerini.it\/index.php\/wp-json\/wp\/v2\/media?parent=24673"}],"wp:term":[{"taxonomy":"product_brand","embeddable":true,"href":"https:\/\/www.guerini.it\/index.php\/wp-json\/wp\/v2\/product_brand?post=24673"},{"taxonomy":"product_cat","embeddable":true,"href":"https:\/\/www.guerini.it\/index.php\/wp-json\/wp\/v2\/product_cat?post=24673"},{"taxonomy":"product_tag","embeddable":true,"href":"https:\/\/www.guerini.it\/index.php\/wp-json\/wp\/v2\/product_tag?post=24673"}],"curies":[{"name":"wp","href":"https:\/\/api.w.org\/{rel}","templated":true}]}}