{"id":24678,"date":"2024-06-06T11:17:29","date_gmt":"2024-06-06T09:17:29","guid":{"rendered":"https:\/\/www.guerini.it\/?post_type=product&#038;p=24678"},"modified":"2024-06-10T09:49:59","modified_gmt":"2024-06-10T07:49:59","slug":"public-relations","status":"publish","type":"product","link":"https:\/\/www.guerini.it\/index.php\/prodotto\/public-relations\/","title":{"rendered":"Public Relations"},"content":{"rendered":"<p style=\"text-align: justify;\">Cosa sono le public relations? Una disciplina manageriale strategica e socialmente responsabile costituita dalle attivit\u00e0 continuative e pianificate di comunicazione realizzate da un\u2019organizzazione, che sia un\u2019impresa privata, un ente pubblico o un\u2019associazione. Queste attivit\u00e0 sono fondamentali per creare o consolidare relazioni, tendenzialmente simmetriche, con i pubblici\/influenti che possono ostacolare o agevolare il raggiungimento dei suoi obiettivi. Sono poi essenziali per migliorare o difendere, in caso di crisi, la sua reputazione.<br \/>\nUna professione nata a inizio Novecento e denominata public relations appena un secolo fa, ma che negli ultimi quarant\u2019anni ha saputo trasformarsi profondamente e che, davanti alle pressanti sfide del futuro, deve aprirsi sempre di pi\u00f9 a tre dimensioni chiave: la convergenza di <em>comunicazione<\/em> e <em>relazione<\/em> nel rapporto tra organizzazioni e stakeholder\/pubblici, la dimensione <em>phygital<\/em> che deve caratterizzare tutte le attivit\u00e0 operative e, infine, l\u2019orientamento alla <em>reputazione<\/em>, da declinarsi sempre pi\u00f9 in ottica ESG.<\/p>\n<hr \/>\n<p style=\"text-align: justify;\"><strong>Fabrizio Vignati<\/strong> si occupa da oltre 25 anni di relazioni pubbliche e istituzionali. Fondatore di RepCom, \u00e8 socio del CIPR di Londra, consigliere nazionale FERPI e membro del comitato scientifico del FerpiLab. Professore di <em>Public relations<\/em> e <em>Financial communication<\/em> presso diverse universit\u00e0 e business school italiane e straniere, \u00e8 autore del volume scientifico <em>Financial P.R. La comunicazione finanziaria nelle societ\u00e0 quotate<\/em>. Giornalista, coltiva da sempre la passione per la scrittura (<a href=\"http:\/\/www.fabriziovignati.it\/\">www.fabriziovignati.it<\/a>).<\/p>\n","protected":false},"excerpt":{"rendered":"<p>Cosa sono le public relations? Una disciplina manageriale strategica e socialmente responsabile costituita dalle attivit\u00e0 continuative e pianificate di comunicazione realizzate da un\u2019organizzazione, che sia un\u2019impresa privata, un ente pubblico [&hellip;]<\/p>\n","protected":false},"featured_media":24679,"template":"","meta":{"_editorskit_title_hidden":false,"_editorskit_reading_time":0,"_editorskit_is_block_options_detached":false,"_editorskit_block_options_position":"{}","_monsterinsights_skip_tracking":false,"_monsterinsights_sitenote_active":false,"_monsterinsights_sitenote_note":"","_monsterinsights_sitenote_category":0},"product_brand":[],"product_cat":[6805,6529],"product_tag":[6814,6803,11731,11733,11732],"class_list":{"0":"post-24678","1":"product","2":"type-product","3":"status-publish","4":"has-post-thumbnail","6":"product_cat-guerini-next","7":"product_cat-economia-e-management","8":"product_tag-comunicazione","9":"product_tag-management","10":"product_tag-public-relations","11":"product_tag-relazioni","12":"product_tag-reputazione","13":"pa_guerini_amazon_link-https-www-amazon-it-relations-metodologia-strumenti-professione-comunicazione-dp-8868965720","14":"pa_guerini_feltrinelli_link-https-www-lafeltrinelli-it-public-relations-teoria-metodologia-strumenti-libro-fabrizio-vignati-e-9788868965723","15":"pa_guerini_ibs_link-https-www-ibs-it-public-relations-teoria-metodologia-strumenti-libro-fabrizio-vignati-e-9788868965723","16":"pa_guerini_libruniver_link-https-www-libreriauniversitaria-it-public-relations-teoria-metodologia-strumenti-libro-9788868965723","17":"pa_guerini_mondadori_link-https-www-mondadoristore-it-public-relations-teoria-fabrizio-vignati-eai978886896572","19":"first","20":"instock","21":"sale","22":"shipping-taxable","23":"purchasable","24":"product-type-simple"},"yoast_head":"<!-- This site is optimized with the Yoast SEO plugin v25.4 - https:\/\/yoast.com\/wordpress\/plugins\/seo\/ -->\n<title>Public Relations, Fabrizio Vignati, Guerini Editore, 2024<\/title>\n<meta name=\"description\" content=\"Le public relations sono una disciplina manageriale strategica e socialmente responsabile, basata su attivit\u00e0 continuative e pianificate di comunicazione.\" \/>\n<meta name=\"robots\" content=\"index, follow, max-snippet:-1, max-image-preview:large, max-video-preview:-1\" \/>\n<link rel=\"canonical\" href=\"https:\/\/www.guerini.it\/index.php\/prodotto\/public-relations\/\" \/>\n<meta property=\"og:locale\" content=\"it_IT\" \/>\n<meta property=\"og:type\" content=\"article\" \/>\n<meta property=\"og:title\" content=\"Public Relations, Fabrizio Vignati, Guerini Editore, 2024\" \/>\n<meta property=\"og:description\" content=\"Le public relations sono una disciplina manageriale strategica e socialmente responsabile, basata su attivit\u00e0 continuative e pianificate di comunicazione.\" \/>\n<meta property=\"og:url\" content=\"https:\/\/www.guerini.it\/index.php\/prodotto\/public-relations\/\" \/>\n<meta property=\"og:site_name\" content=\"Guerini e Associati\" \/>\n<meta property=\"article:modified_time\" content=\"2024-06-10T07:49:59+00:00\" \/>\n<meta property=\"og:image\" content=\"https:\/\/www.guerini.it\/wp-content\/uploads\/2024\/06\/PUBLIC-RELATIONS-9788868965723.webp\" \/>\n\t<meta property=\"og:image:width\" content=\"708\" \/>\n\t<meta property=\"og:image:height\" content=\"1000\" \/>\n\t<meta property=\"og:image:type\" content=\"image\/webp\" \/>\n<meta name=\"twitter:card\" content=\"summary_large_image\" \/>\n<meta name=\"twitter:label1\" content=\"Tempo di lettura stimato\" \/>\n\t<meta name=\"twitter:data1\" content=\"2 minuti\" \/>\n<!-- \/ Yoast SEO plugin. -->","yoast_head_json":{"title":"Public Relations, Fabrizio Vignati, Guerini Editore, 2024","description":"Le public relations sono una disciplina manageriale strategica e socialmente responsabile, basata su attivit\u00e0 continuative e pianificate di comunicazione.","robots":{"index":"index","follow":"follow","max-snippet":"max-snippet:-1","max-image-preview":"max-image-preview:large","max-video-preview":"max-video-preview:-1"},"canonical":"https:\/\/www.guerini.it\/index.php\/prodotto\/public-relations\/","og_locale":"it_IT","og_type":"article","og_title":"Public Relations, Fabrizio Vignati, Guerini Editore, 2024","og_description":"Le public relations sono una disciplina manageriale strategica e socialmente responsabile, basata su attivit\u00e0 continuative e pianificate di comunicazione.","og_url":"https:\/\/www.guerini.it\/index.php\/prodotto\/public-relations\/","og_site_name":"Guerini e Associati","article_modified_time":"2024-06-10T07:49:59+00:00","og_image":[{"width":708,"height":1000,"url":"https:\/\/www.guerini.it\/wp-content\/uploads\/2024\/06\/PUBLIC-RELATIONS-9788868965723.webp","type":"image\/webp"}],"twitter_card":"summary_large_image","twitter_misc":{"Tempo di lettura stimato":"2 minuti"},"schema":{"@context":"https:\/\/schema.org","@graph":[{"@type":"WebPage","@id":"https:\/\/www.guerini.it\/index.php\/prodotto\/public-relations\/","url":"https:\/\/www.guerini.it\/index.php\/prodotto\/public-relations\/","name":"Public Relations, Fabrizio Vignati, Guerini Editore, 2024","isPartOf":{"@id":"https:\/\/www.guerini.it\/#website"},"primaryImageOfPage":{"@id":"https:\/\/www.guerini.it\/index.php\/prodotto\/public-relations\/#primaryimage"},"image":{"@id":"https:\/\/www.guerini.it\/index.php\/prodotto\/public-relations\/#primaryimage"},"thumbnailUrl":"https:\/\/www.guerini.it\/wp-content\/uploads\/2024\/06\/PUBLIC-RELATIONS-9788868965723.webp","datePublished":"2024-06-06T09:17:29+00:00","dateModified":"2024-06-10T07:49:59+00:00","description":"Le public relations sono una disciplina manageriale strategica e socialmente responsabile, basata su attivit\u00e0 continuative e pianificate di comunicazione.","breadcrumb":{"@id":"https:\/\/www.guerini.it\/index.php\/prodotto\/public-relations\/#breadcrumb"},"inLanguage":"it-IT","potentialAction":[{"@type":"ReadAction","target":["https:\/\/www.guerini.it\/index.php\/prodotto\/public-relations\/"]}]},{"@type":"ImageObject","inLanguage":"it-IT","@id":"https:\/\/www.guerini.it\/index.php\/prodotto\/public-relations\/#primaryimage","url":"https:\/\/www.guerini.it\/wp-content\/uploads\/2024\/06\/PUBLIC-RELATIONS-9788868965723.webp","contentUrl":"https:\/\/www.guerini.it\/wp-content\/uploads\/2024\/06\/PUBLIC-RELATIONS-9788868965723.webp","width":708,"height":1000,"caption":"Public Relations, Fabrizio Vignati, GueriniNext, 2024"},{"@type":"BreadcrumbList","@id":"https:\/\/www.guerini.it\/index.php\/prodotto\/public-relations\/#breadcrumb","itemListElement":[{"@type":"ListItem","position":1,"name":"Home","item":"https:\/\/www.guerini.it\/"},{"@type":"ListItem","position":2,"name":"Catalogo","item":"https:\/\/www.guerini.it\/index.php\/negozio\/"},{"@type":"ListItem","position":3,"name":"Public Relations"}]},{"@type":"WebSite","@id":"https:\/\/www.guerini.it\/#website","url":"https:\/\/www.guerini.it\/","name":"Guerini e Associati","description":"30 anni di libri, idee e libert\u00e0","publisher":{"@id":"https:\/\/www.guerini.it\/#organization"},"potentialAction":[{"@type":"SearchAction","target":{"@type":"EntryPoint","urlTemplate":"https:\/\/www.guerini.it\/?s={search_term_string}"},"query-input":{"@type":"PropertyValueSpecification","valueRequired":true,"valueName":"search_term_string"}}],"inLanguage":"it-IT"},{"@type":"Organization","@id":"https:\/\/www.guerini.it\/#organization","name":"Guerini e Associati","url":"https:\/\/www.guerini.it\/","logo":{"@type":"ImageObject","inLanguage":"it-IT","@id":"https:\/\/www.guerini.it\/#\/schema\/logo\/image\/","url":"https:\/\/www.guerini.it\/wp-content\/uploads\/2021\/03\/Logo-Guerini-OK_-e1615831292285.png","contentUrl":"https:\/\/www.guerini.it\/wp-content\/uploads\/2021\/03\/Logo-Guerini-OK_-e1615831292285.png","width":2805,"height":1870,"caption":"Guerini e Associati"},"image":{"@id":"https:\/\/www.guerini.it\/#\/schema\/logo\/image\/"}}]}},"_links":{"self":[{"href":"https:\/\/www.guerini.it\/index.php\/wp-json\/wp\/v2\/product\/24678","targetHints":{"allow":["GET"]}}],"collection":[{"href":"https:\/\/www.guerini.it\/index.php\/wp-json\/wp\/v2\/product"}],"about":[{"href":"https:\/\/www.guerini.it\/index.php\/wp-json\/wp\/v2\/types\/product"}],"wp:featuredmedia":[{"embeddable":true,"href":"https:\/\/www.guerini.it\/index.php\/wp-json\/wp\/v2\/media\/24679"}],"wp:attachment":[{"href":"https:\/\/www.guerini.it\/index.php\/wp-json\/wp\/v2\/media?parent=24678"}],"wp:term":[{"taxonomy":"product_brand","embeddable":true,"href":"https:\/\/www.guerini.it\/index.php\/wp-json\/wp\/v2\/product_brand?post=24678"},{"taxonomy":"product_cat","embeddable":true,"href":"https:\/\/www.guerini.it\/index.php\/wp-json\/wp\/v2\/product_cat?post=24678"},{"taxonomy":"product_tag","embeddable":true,"href":"https:\/\/www.guerini.it\/index.php\/wp-json\/wp\/v2\/product_tag?post=24678"}],"curies":[{"name":"wp","href":"https:\/\/api.w.org\/{rel}","templated":true}]}}