{"id":24864,"date":"2024-08-29T13:24:42","date_gmt":"2024-08-29T11:24:42","guid":{"rendered":"https:\/\/www.guerini.it\/?post_type=product&#038;p=24864"},"modified":"2024-09-24T16:44:26","modified_gmt":"2024-09-24T14:44:26","slug":"intelligenza-emotiva-al-cinema","status":"publish","type":"product","link":"https:\/\/www.guerini.it\/index.php\/prodotto\/intelligenza-emotiva-al-cinema\/","title":{"rendered":"Intelligenza emotiva al cinema"},"content":{"rendered":"<p style=\"text-align: justify;\">Un viaggio intrigante e coinvolgente nel mondo dell\u2019intelligenza emotiva applicata al contesto aziendale. Il filo conduttore? Una selezione di film iconici che hanno segnato l\u2019immaginario collettivo, tra cui <em>Il Diavolo veste Prada<\/em>, <em>Barbie<\/em> o <em>L\u2019attimo fuggente<\/em>. Attraverso l\u2019analisi di scene emblematiche e personaggi indimenticabili, queste pagine guidano il lettore alla scoperta di strategie pratiche ed efficaci per gestire al meglio le relazioni interpersonali, superare i conflitti e migliorare le performance individuali e di gruppo nell\u2019ambiente lavorativo. Dalla gestione dello stress alla capacit\u00e0 di negoziare e motivare gli altri, offrono strumenti concreti e approfondimenti psicologici che permettono di sviluppare l\u2019intelligenza emotiva in modo innovativo e divertente per creare un ambiente di lavoro positivo e produttivo. Oggi pi\u00f9 che mai \u00e8 indispensabile imparare a gestire le emozioni in modo costruttivo: proiettando le scene pi\u00f9 celebri di sempre, i film ci raccontano anche come affrontare con successo le sfide del mondo del lavoro moderno.<\/p>\n<hr \/>\n<p style=\"text-align: justify;\"><strong>Luigi Di Iorio<\/strong> \u00e8 Amministratore Delegato di <a href=\"https:\/\/www.openhs.it\/\">Open Human Solutions.<\/a> Laureato in Scienze della Formazione all\u2019Universit\u00e0 Cattolica di Milano, ha lavorato in Canon School, scuola di formazione interna di Canon Italia. \u00c8 stato responsabile della formazione manageriale per CFMT di Milano. Ha iniziato a collaborare in Open HS presso cui ha curato importanti percorsi di sviluppo manageriale e comportamentale per numerose aziende. Ha insegnato Intelligenza Emotiva alla Business School dell\u2019Universit\u00e0 Liuc di Castellanza, ora \u00e8 Professore a contratto di Organizzazione Aziendale e Soft Skills for Entrepreneurs all\u2019Universit\u00e0 Statale di Milano.<\/p>\n","protected":false},"excerpt":{"rendered":"<p>Un viaggio intrigante e coinvolgente nel mondo dell\u2019intelligenza emotiva applicata al contesto aziendale. Il filo conduttore? Una selezione di film iconici che hanno segnato l\u2019immaginario collettivo, tra cui Il Diavolo [&hellip;]<\/p>\n","protected":false},"featured_media":24865,"template":"","meta":{"_editorskit_title_hidden":false,"_editorskit_reading_time":0,"_editorskit_is_block_options_detached":false,"_editorskit_block_options_position":"{}","_monsterinsights_skip_tracking":false,"_monsterinsights_sitenote_active":false,"_monsterinsights_sitenote_note":"","_monsterinsights_sitenote_category":0},"product_brand":[],"product_cat":[6805,6728],"product_tag":[8795,10879,11862,7020,7800,7081],"class_list":{"0":"post-24864","1":"product","2":"type-product","3":"status-publish","4":"has-post-thumbnail","6":"product_cat-guerini-next","7":"product_cat-ultime_novita","8":"product_tag-cinema","9":"product_tag-cultura-aziendale","10":"product_tag-film","11":"product_tag-formazione","12":"product_tag-intelligenza-emotiva","13":"product_tag-soft-skills","14":"pa_guerini_amazon_link-https-www-amazon-it-intelligenza-emotiva-apprendere-cherniss-attraverso-dp-8868965674","15":"pa_guerini_feltrinelli_link-https-www-lafeltrinelli-it-intelligenza-emotiva-al-cinema-apprendere-libro-luigi-di-iorio-e-9788868965679","16":"pa_guerini_ibs_link-https-www-ibs-it-intelligenza-emotiva-al-cinema-apprendere-libro-luigi-di-iorio-e-9788868965679","17":"pa_guerini_libruniver_link-https-www-libreriauniversitaria-it-intelligenza-emotiva-cinema-apprendere-modello-libro-9788868965679","18":"pa_guerini_mondadori_link-https-www-mondadoristore-it-intelligenza-emotiva-al-cinema-apprendere-il-modello-di-cherniss-e-goleman-attraverso-i-film-luigi-di-iorio-eai978886896567","20":"first","21":"instock","22":"sale","23":"shipping-taxable","24":"purchasable","25":"product-type-simple"},"yoast_head":"<!-- This site is optimized with the Yoast SEO plugin v25.4 - https:\/\/yoast.com\/wordpress\/plugins\/seo\/ -->\n<title>Luigi Di Iorio, Intelligenza emotiva al cinema - Guerini Editore<\/title>\n<meta name=\"description\" content=\"L\u2019intelligenza emotiva applicata al contesto aziendale spiegata attraverso l\u2019analisi di film iconici e personaggi emblematici e indimenticabili.\" \/>\n<meta name=\"robots\" content=\"index, follow, max-snippet:-1, max-image-preview:large, max-video-preview:-1\" \/>\n<link rel=\"canonical\" href=\"https:\/\/www.guerini.it\/index.php\/prodotto\/intelligenza-emotiva-al-cinema\/\" \/>\n<meta property=\"og:locale\" content=\"it_IT\" \/>\n<meta property=\"og:type\" content=\"article\" \/>\n<meta property=\"og:title\" content=\"Luigi Di Iorio, Intelligenza emotiva al cinema - Guerini Editore\" \/>\n<meta property=\"og:description\" content=\"L\u2019intelligenza emotiva applicata al contesto aziendale spiegata attraverso l\u2019analisi di film iconici e personaggi emblematici e indimenticabili.\" \/>\n<meta property=\"og:url\" content=\"https:\/\/www.guerini.it\/index.php\/prodotto\/intelligenza-emotiva-al-cinema\/\" \/>\n<meta property=\"og:site_name\" content=\"Guerini e Associati\" \/>\n<meta property=\"article:modified_time\" content=\"2024-09-24T14:44:26+00:00\" \/>\n<meta property=\"og:image\" content=\"https:\/\/www.guerini.it\/wp-content\/uploads\/2024\/08\/9788868965679-INTELLIGENZA-EMOTIVA-AL-CINEMA.webp\" \/>\n\t<meta property=\"og:image:width\" content=\"643\" \/>\n\t<meta property=\"og:image:height\" content=\"1000\" \/>\n\t<meta property=\"og:image:type\" content=\"image\/webp\" \/>\n<meta name=\"twitter:card\" content=\"summary_large_image\" \/>\n<meta name=\"twitter:label1\" content=\"Tempo di lettura stimato\" \/>\n\t<meta name=\"twitter:data1\" content=\"2 minuti\" \/>\n<!-- \/ Yoast SEO plugin. -->","yoast_head_json":{"title":"Luigi Di Iorio, Intelligenza emotiva al cinema - Guerini Editore","description":"L\u2019intelligenza emotiva applicata al contesto aziendale spiegata attraverso l\u2019analisi di film iconici e personaggi emblematici e indimenticabili.","robots":{"index":"index","follow":"follow","max-snippet":"max-snippet:-1","max-image-preview":"max-image-preview:large","max-video-preview":"max-video-preview:-1"},"canonical":"https:\/\/www.guerini.it\/index.php\/prodotto\/intelligenza-emotiva-al-cinema\/","og_locale":"it_IT","og_type":"article","og_title":"Luigi Di Iorio, Intelligenza emotiva al cinema - Guerini Editore","og_description":"L\u2019intelligenza emotiva applicata al contesto aziendale spiegata attraverso l\u2019analisi di film iconici e personaggi emblematici e indimenticabili.","og_url":"https:\/\/www.guerini.it\/index.php\/prodotto\/intelligenza-emotiva-al-cinema\/","og_site_name":"Guerini e Associati","article_modified_time":"2024-09-24T14:44:26+00:00","og_image":[{"width":643,"height":1000,"url":"https:\/\/www.guerini.it\/wp-content\/uploads\/2024\/08\/9788868965679-INTELLIGENZA-EMOTIVA-AL-CINEMA.webp","type":"image\/webp"}],"twitter_card":"summary_large_image","twitter_misc":{"Tempo di lettura stimato":"2 minuti"},"schema":{"@context":"https:\/\/schema.org","@graph":[{"@type":"WebPage","@id":"https:\/\/www.guerini.it\/index.php\/prodotto\/intelligenza-emotiva-al-cinema\/","url":"https:\/\/www.guerini.it\/index.php\/prodotto\/intelligenza-emotiva-al-cinema\/","name":"Luigi Di Iorio, Intelligenza emotiva al cinema - Guerini Editore","isPartOf":{"@id":"https:\/\/www.guerini.it\/#website"},"primaryImageOfPage":{"@id":"https:\/\/www.guerini.it\/index.php\/prodotto\/intelligenza-emotiva-al-cinema\/#primaryimage"},"image":{"@id":"https:\/\/www.guerini.it\/index.php\/prodotto\/intelligenza-emotiva-al-cinema\/#primaryimage"},"thumbnailUrl":"https:\/\/www.guerini.it\/wp-content\/uploads\/2024\/08\/9788868965679-INTELLIGENZA-EMOTIVA-AL-CINEMA.webp","datePublished":"2024-08-29T11:24:42+00:00","dateModified":"2024-09-24T14:44:26+00:00","description":"L\u2019intelligenza emotiva applicata al contesto aziendale spiegata attraverso l\u2019analisi di film iconici e personaggi emblematici e indimenticabili.","breadcrumb":{"@id":"https:\/\/www.guerini.it\/index.php\/prodotto\/intelligenza-emotiva-al-cinema\/#breadcrumb"},"inLanguage":"it-IT","potentialAction":[{"@type":"ReadAction","target":["https:\/\/www.guerini.it\/index.php\/prodotto\/intelligenza-emotiva-al-cinema\/"]}]},{"@type":"ImageObject","inLanguage":"it-IT","@id":"https:\/\/www.guerini.it\/index.php\/prodotto\/intelligenza-emotiva-al-cinema\/#primaryimage","url":"https:\/\/www.guerini.it\/wp-content\/uploads\/2024\/08\/9788868965679-INTELLIGENZA-EMOTIVA-AL-CINEMA.webp","contentUrl":"https:\/\/www.guerini.it\/wp-content\/uploads\/2024\/08\/9788868965679-INTELLIGENZA-EMOTIVA-AL-CINEMA.webp","width":643,"height":1000,"caption":"Front cover di L. Di Iorio, Intelligenza emotiva al cinema, Guerini Next, 2024"},{"@type":"BreadcrumbList","@id":"https:\/\/www.guerini.it\/index.php\/prodotto\/intelligenza-emotiva-al-cinema\/#breadcrumb","itemListElement":[{"@type":"ListItem","position":1,"name":"Home","item":"https:\/\/www.guerini.it\/"},{"@type":"ListItem","position":2,"name":"Catalogo","item":"https:\/\/www.guerini.it\/index.php\/negozio\/"},{"@type":"ListItem","position":3,"name":"Intelligenza emotiva al cinema"}]},{"@type":"WebSite","@id":"https:\/\/www.guerini.it\/#website","url":"https:\/\/www.guerini.it\/","name":"Guerini e Associati","description":"30 anni di libri, idee e libert\u00e0","publisher":{"@id":"https:\/\/www.guerini.it\/#organization"},"potentialAction":[{"@type":"SearchAction","target":{"@type":"EntryPoint","urlTemplate":"https:\/\/www.guerini.it\/?s={search_term_string}"},"query-input":{"@type":"PropertyValueSpecification","valueRequired":true,"valueName":"search_term_string"}}],"inLanguage":"it-IT"},{"@type":"Organization","@id":"https:\/\/www.guerini.it\/#organization","name":"Guerini e Associati","url":"https:\/\/www.guerini.it\/","logo":{"@type":"ImageObject","inLanguage":"it-IT","@id":"https:\/\/www.guerini.it\/#\/schema\/logo\/image\/","url":"https:\/\/www.guerini.it\/wp-content\/uploads\/2021\/03\/Logo-Guerini-OK_-e1615831292285.png","contentUrl":"https:\/\/www.guerini.it\/wp-content\/uploads\/2021\/03\/Logo-Guerini-OK_-e1615831292285.png","width":2805,"height":1870,"caption":"Guerini e Associati"},"image":{"@id":"https:\/\/www.guerini.it\/#\/schema\/logo\/image\/"}}]}},"_links":{"self":[{"href":"https:\/\/www.guerini.it\/index.php\/wp-json\/wp\/v2\/product\/24864","targetHints":{"allow":["GET"]}}],"collection":[{"href":"https:\/\/www.guerini.it\/index.php\/wp-json\/wp\/v2\/product"}],"about":[{"href":"https:\/\/www.guerini.it\/index.php\/wp-json\/wp\/v2\/types\/product"}],"wp:featuredmedia":[{"embeddable":true,"href":"https:\/\/www.guerini.it\/index.php\/wp-json\/wp\/v2\/media\/24865"}],"wp:attachment":[{"href":"https:\/\/www.guerini.it\/index.php\/wp-json\/wp\/v2\/media?parent=24864"}],"wp:term":[{"taxonomy":"product_brand","embeddable":true,"href":"https:\/\/www.guerini.it\/index.php\/wp-json\/wp\/v2\/product_brand?post=24864"},{"taxonomy":"product_cat","embeddable":true,"href":"https:\/\/www.guerini.it\/index.php\/wp-json\/wp\/v2\/product_cat?post=24864"},{"taxonomy":"product_tag","embeddable":true,"href":"https:\/\/www.guerini.it\/index.php\/wp-json\/wp\/v2\/product_tag?post=24864"}],"curies":[{"name":"wp","href":"https:\/\/api.w.org\/{rel}","templated":true}]}}