{"id":24891,"date":"2024-09-09T15:37:46","date_gmt":"2024-09-09T13:37:46","guid":{"rendered":"https:\/\/www.guerini.it\/?post_type=product&#038;p=24891"},"modified":"2025-01-13T09:28:15","modified_gmt":"2025-01-13T08:28:15","slug":"la-terza-missione-nelluniversita-italiana","status":"publish","type":"product","link":"https:\/\/www.guerini.it\/index.php\/prodotto\/la-terza-missione-nelluniversita-italiana\/","title":{"rendered":"La Terza Missione nell\u2019universit\u00e0 italiana"},"content":{"rendered":"<p style=\"text-align: justify;\">La progressiva apertura delle universit\u00e0 all\u2019economia e alla societ\u00e0 si inserisce in un processo che da tempo caratterizza la maggior parte dei sistemi d\u2019istruzione superiore. Si tratta di un\u2019evoluzione di grande rilievo che modifica alcuni caratteri fondamentali delle universit\u00e0 e delle attivit\u00e0 professionali del personale accademico e tecnico-amministrativo.<br \/>\nL\u2019ipotesi interpretativa che guida la ricerca presentata nel volume \u00e8 che la Terza Missione rappresenti il principale strumento di rapporto con il territorio e di apertura delle universit\u00e0 alla societ\u00e0 e all\u2019economia. Per studiare la Terza Missione a livello di ateneo occorre, da un lato, considerare le politiche di apertura attraverso le scelte e le strategie della governance delle universit\u00e0 e, dall\u2019altro, le concrete attivit\u00e0 realizzate dagli atenei in campo economico e in campo sociale. L\u2019indagine, perci\u00f2, ha studiato sia le politiche sia le attivit\u00e0 di Terza Missione in dodici universit\u00e0 italiane, diverse per dimensioni e collocazione geografica, attraverso l\u2019analisi dei documenti e delle interviste a testimoni qualificati.<\/p>\n<hr \/>\n<p style=\"text-align: justify;\"><strong>Stefano Boffo<\/strong>, gi\u00e0 professore associato presso il Dipartimento di Scienze Sociali dell\u2019Universit\u00e0 di Napoli Federico II, \u00e8 ricercatore associato all\u2019Istituto di ricerche sulla popolazione e le politiche sociali del Consiglio Nazionale delle Ricerche.<\/p>\n<p style=\"text-align: justify;\"><strong>Roberto Moscati<\/strong>, gi\u00e0 professore ordinario presso il Dipartimento di Sociologia e Ricerca Sociale dell\u2019Universit\u00e0 di Milano-Bicocca, \u00e8 ricercatore a contratto presso lo stesso Dipartimento.<\/p>\n<p style=\"text-align: justify;\"><strong>Michele Rostan<\/strong> \u00e8 professore ordinario presso il Dipartimento di Scienze Politiche e Sociali dell\u2019Universit\u00e0 di Pavia dove dirige il Centro Interdipartimentale di Studi e Ricerche sui Sistemi di Istruzione Superiore.<\/p>\n","protected":false},"excerpt":{"rendered":"<p>La progressiva apertura delle universit\u00e0 all\u2019economia e alla societ\u00e0 si inserisce in un processo che da tempo caratterizza la maggior parte dei sistemi d\u2019istruzione superiore. Si tratta di un\u2019evoluzione di [&hellip;]<\/p>\n","protected":false},"featured_media":24892,"template":"","meta":{"_editorskit_title_hidden":false,"_editorskit_reading_time":0,"_editorskit_is_block_options_detached":false,"_editorskit_block_options_position":"{}","_monsterinsights_skip_tracking":false,"_monsterinsights_sitenote_active":false,"_monsterinsights_sitenote_note":"","_monsterinsights_sitenote_category":0},"product_brand":[],"product_cat":[11883],"product_tag":[8475,11886,6815,6754,6952,11885],"class_list":{"0":"post-24891","1":"product","2":"type-product","3":"status-publish","4":"has-post-thumbnail","6":"product_cat-situazioni-formative","7":"product_tag-attualita","8":"product_tag-collaborazione","9":"product_tag-economia","10":"product_tag-sostenibilita","11":"product_tag-sviluppo-economico","12":"product_tag-terza-missione","14":"first","15":"instock","16":"sale","17":"shipping-taxable","18":"purchasable","19":"product-type-simple"},"yoast_head":"<!-- This site is optimized with the Yoast SEO plugin v25.4 - https:\/\/yoast.com\/wordpress\/plugins\/seo\/ -->\n<title>La Terza Missione nell\u2019universit\u00e0 italiana - Guerini e Associati<\/title>\n<meta name=\"description\" content=\"Il volume indaga le politiche e le attivit\u00e0 di Terza Missione in dodici universit\u00e0 italiane, attraverso interviste e l\u2019analisi di documenti.\" \/>\n<meta name=\"robots\" content=\"index, follow, max-snippet:-1, max-image-preview:large, max-video-preview:-1\" \/>\n<link rel=\"canonical\" href=\"https:\/\/www.guerini.it\/index.php\/prodotto\/la-terza-missione-nelluniversita-italiana\/\" \/>\n<meta property=\"og:locale\" content=\"it_IT\" \/>\n<meta property=\"og:type\" content=\"article\" \/>\n<meta property=\"og:title\" content=\"La Terza Missione nell\u2019universit\u00e0 italiana - Guerini e Associati\" \/>\n<meta property=\"og:description\" content=\"Il volume indaga le politiche e le attivit\u00e0 di Terza Missione in dodici universit\u00e0 italiane, attraverso interviste e l\u2019analisi di documenti.\" \/>\n<meta property=\"og:url\" content=\"https:\/\/www.guerini.it\/index.php\/prodotto\/la-terza-missione-nelluniversita-italiana\/\" \/>\n<meta property=\"og:site_name\" content=\"Guerini e Associati\" \/>\n<meta property=\"article:modified_time\" content=\"2025-01-13T08:28:15+00:00\" \/>\n<meta property=\"og:image\" content=\"https:\/\/www.guerini.it\/wp-content\/uploads\/2024\/09\/9788862509343-La-Terza-Missione-nelluniversita-italiana.webp\" \/>\n\t<meta property=\"og:image:width\" content=\"649\" \/>\n\t<meta property=\"og:image:height\" content=\"1000\" \/>\n\t<meta property=\"og:image:type\" content=\"image\/webp\" \/>\n<meta name=\"twitter:card\" content=\"summary_large_image\" \/>\n<meta name=\"twitter:label1\" content=\"Tempo di lettura stimato\" \/>\n\t<meta name=\"twitter:data1\" content=\"2 minuti\" \/>\n<!-- \/ Yoast SEO plugin. -->","yoast_head_json":{"title":"La Terza Missione nell\u2019universit\u00e0 italiana - Guerini e Associati","description":"Il volume indaga le politiche e le attivit\u00e0 di Terza Missione in dodici universit\u00e0 italiane, attraverso interviste e l\u2019analisi di documenti.","robots":{"index":"index","follow":"follow","max-snippet":"max-snippet:-1","max-image-preview":"max-image-preview:large","max-video-preview":"max-video-preview:-1"},"canonical":"https:\/\/www.guerini.it\/index.php\/prodotto\/la-terza-missione-nelluniversita-italiana\/","og_locale":"it_IT","og_type":"article","og_title":"La Terza Missione nell\u2019universit\u00e0 italiana - Guerini e Associati","og_description":"Il volume indaga le politiche e le attivit\u00e0 di Terza Missione in dodici universit\u00e0 italiane, attraverso interviste e l\u2019analisi di documenti.","og_url":"https:\/\/www.guerini.it\/index.php\/prodotto\/la-terza-missione-nelluniversita-italiana\/","og_site_name":"Guerini e Associati","article_modified_time":"2025-01-13T08:28:15+00:00","og_image":[{"width":649,"height":1000,"url":"https:\/\/www.guerini.it\/wp-content\/uploads\/2024\/09\/9788862509343-La-Terza-Missione-nelluniversita-italiana.webp","type":"image\/webp"}],"twitter_card":"summary_large_image","twitter_misc":{"Tempo di lettura stimato":"2 minuti"},"schema":{"@context":"https:\/\/schema.org","@graph":[{"@type":"WebPage","@id":"https:\/\/www.guerini.it\/index.php\/prodotto\/la-terza-missione-nelluniversita-italiana\/","url":"https:\/\/www.guerini.it\/index.php\/prodotto\/la-terza-missione-nelluniversita-italiana\/","name":"La Terza Missione nell\u2019universit\u00e0 italiana - Guerini e Associati","isPartOf":{"@id":"https:\/\/www.guerini.it\/#website"},"primaryImageOfPage":{"@id":"https:\/\/www.guerini.it\/index.php\/prodotto\/la-terza-missione-nelluniversita-italiana\/#primaryimage"},"image":{"@id":"https:\/\/www.guerini.it\/index.php\/prodotto\/la-terza-missione-nelluniversita-italiana\/#primaryimage"},"thumbnailUrl":"https:\/\/www.guerini.it\/wp-content\/uploads\/2024\/09\/9788862509343-La-Terza-Missione-nelluniversita-italiana.webp","datePublished":"2024-09-09T13:37:46+00:00","dateModified":"2025-01-13T08:28:15+00:00","description":"Il volume indaga le politiche e le attivit\u00e0 di Terza Missione in dodici universit\u00e0 italiane, attraverso interviste e l\u2019analisi di documenti.","breadcrumb":{"@id":"https:\/\/www.guerini.it\/index.php\/prodotto\/la-terza-missione-nelluniversita-italiana\/#breadcrumb"},"inLanguage":"it-IT","potentialAction":[{"@type":"ReadAction","target":["https:\/\/www.guerini.it\/index.php\/prodotto\/la-terza-missione-nelluniversita-italiana\/"]}]},{"@type":"ImageObject","inLanguage":"it-IT","@id":"https:\/\/www.guerini.it\/index.php\/prodotto\/la-terza-missione-nelluniversita-italiana\/#primaryimage","url":"https:\/\/www.guerini.it\/wp-content\/uploads\/2024\/09\/9788862509343-La-Terza-Missione-nelluniversita-italiana.webp","contentUrl":"https:\/\/www.guerini.it\/wp-content\/uploads\/2024\/09\/9788862509343-La-Terza-Missione-nelluniversita-italiana.webp","width":649,"height":1000,"caption":"Front cover di: S. Boffo, R. Moscati, M. Rostan, La Terza Missione nell\u2019universit\u00e0 italiana, Guerini e Associati, 2024"},{"@type":"BreadcrumbList","@id":"https:\/\/www.guerini.it\/index.php\/prodotto\/la-terza-missione-nelluniversita-italiana\/#breadcrumb","itemListElement":[{"@type":"ListItem","position":1,"name":"Home","item":"https:\/\/www.guerini.it\/"},{"@type":"ListItem","position":2,"name":"Catalogo","item":"https:\/\/www.guerini.it\/index.php\/negozio\/"},{"@type":"ListItem","position":3,"name":"La Terza Missione nell\u2019universit\u00e0 italiana"}]},{"@type":"WebSite","@id":"https:\/\/www.guerini.it\/#website","url":"https:\/\/www.guerini.it\/","name":"Guerini e Associati","description":"30 anni di libri, idee e libert\u00e0","publisher":{"@id":"https:\/\/www.guerini.it\/#organization"},"potentialAction":[{"@type":"SearchAction","target":{"@type":"EntryPoint","urlTemplate":"https:\/\/www.guerini.it\/?s={search_term_string}"},"query-input":{"@type":"PropertyValueSpecification","valueRequired":true,"valueName":"search_term_string"}}],"inLanguage":"it-IT"},{"@type":"Organization","@id":"https:\/\/www.guerini.it\/#organization","name":"Guerini e Associati","url":"https:\/\/www.guerini.it\/","logo":{"@type":"ImageObject","inLanguage":"it-IT","@id":"https:\/\/www.guerini.it\/#\/schema\/logo\/image\/","url":"https:\/\/www.guerini.it\/wp-content\/uploads\/2021\/03\/Logo-Guerini-OK_-e1615831292285.png","contentUrl":"https:\/\/www.guerini.it\/wp-content\/uploads\/2021\/03\/Logo-Guerini-OK_-e1615831292285.png","width":2805,"height":1870,"caption":"Guerini e Associati"},"image":{"@id":"https:\/\/www.guerini.it\/#\/schema\/logo\/image\/"}}]}},"_links":{"self":[{"href":"https:\/\/www.guerini.it\/index.php\/wp-json\/wp\/v2\/product\/24891","targetHints":{"allow":["GET"]}}],"collection":[{"href":"https:\/\/www.guerini.it\/index.php\/wp-json\/wp\/v2\/product"}],"about":[{"href":"https:\/\/www.guerini.it\/index.php\/wp-json\/wp\/v2\/types\/product"}],"wp:featuredmedia":[{"embeddable":true,"href":"https:\/\/www.guerini.it\/index.php\/wp-json\/wp\/v2\/media\/24892"}],"wp:attachment":[{"href":"https:\/\/www.guerini.it\/index.php\/wp-json\/wp\/v2\/media?parent=24891"}],"wp:term":[{"taxonomy":"product_brand","embeddable":true,"href":"https:\/\/www.guerini.it\/index.php\/wp-json\/wp\/v2\/product_brand?post=24891"},{"taxonomy":"product_cat","embeddable":true,"href":"https:\/\/www.guerini.it\/index.php\/wp-json\/wp\/v2\/product_cat?post=24891"},{"taxonomy":"product_tag","embeddable":true,"href":"https:\/\/www.guerini.it\/index.php\/wp-json\/wp\/v2\/product_tag?post=24891"}],"curies":[{"name":"wp","href":"https:\/\/api.w.org\/{rel}","templated":true}]}}