{"id":25108,"date":"2024-10-14T13:13:28","date_gmt":"2024-10-14T11:13:28","guid":{"rendered":"https:\/\/www.guerini.it\/?post_type=product&#038;p=25108"},"modified":"2026-02-13T16:25:23","modified_gmt":"2026-02-13T15:25:23","slug":"governance-delle-organizzazioni-sportive","status":"publish","type":"product","link":"https:\/\/www.guerini.it\/index.php\/prodotto\/governance-delle-organizzazioni-sportive\/","title":{"rendered":"Governance delle organizzazioni sportive"},"content":{"rendered":"<p style=\"text-align: justify;\">Le innumerevoli pressioni a cui sono soggette le organizzazioni sportive stanno determinando cambiamenti nei sistemi di <em>governance<\/em> e negli stili manageriali. In quest\u2019ottica, le dinamiche dei contesti all\u2019interno dei quali esse operano e \u00absi muovono\u00bb hanno attivato processi significativamente complessi, in virt\u00f9 di paradigmi che sono sempre pi\u00f9 ispirati alla sostenibilit\u00e0, comportando ricadute sia sul piano ambientale sia su quello sociale, pur restando, nel contempo, legati a fattori economici talvolta stringenti.<br \/>\nIn tale scenario, lo sport ha rappresentato e continua a rappresentare una componente essenziale della vita delle persone, il cui impatto non deriva esclusivamente dagli aspetti finanziari che caratterizzano l\u2019attivit\u00e0 (economica) di una business \u00ab<em>industry<\/em>\u00bb, ma soprattutto dalla sua centralit\u00e0 come elemento di inclusione sociale, salute e, in ultima analisi, benessere dell\u2019individuo e della comunit\u00e0.<br \/>\nI concetti di <em>governance<\/em> e di responsabilit\u00e0 diventano dunque cruciali, ora pi\u00f9 che nel passato, e le prospettive del settore sportivo si determineranno sempre pi\u00f9 in funzione della capacit\u00e0 delle entit\u00e0 di ben amministrarsi, declinando in maniera tangibile la propria <em>accountability<\/em> nei confronti dei molteplici <em>stakeholder<\/em>.<br \/>\nIn questa cornice si inserisce il presente volume che, attraverso lo sguardo transdisciplinare dei suoi Autori, procede a una disamina integrale di processi, modelli e valenze delle organizzazioni sportive.<\/p>\n<hr \/>\n<p style=\"text-align: justify;\"><strong>Patrizia Tettamanzi<\/strong> (Ph.D.) \u00e8 Professore Ordinario di <em>Financial Accounting e Sustainability Reporting<\/em> presso liuc \u2013 Universit\u00e0 Cattaneo. \u00c8 coordinatrice dell\u2019orientamento in <em>Sustainability Management<\/em> presso lo stesso Ateneo e professore a contratto di Financial Reporting and Analysis presso l\u2019Universit\u00e0 Bocconi. \u00c8 Dottore Commercialista e Revisore Legale. \u00c8 autrice di numerose pubblicazioni su riviste e testi nazionali e internazionali.<br \/>\n<strong>Michael Murgolo<\/strong> (Ph.D.) \u00e8 Docente e <em>Research Fellow<\/em> di Economia Aziendale presso<br \/>\nliuc \u2013 Universit\u00e0 Cattaneo. <em>Advisor<\/em> di societ\u00e0 calcistiche ed enti sportivi. Dottore Commercialista. \u00c8 autore di pubblicazioni su riviste e testi nazionali e internazionali<\/p>\n","protected":false},"excerpt":{"rendered":"<p>Le innumerevoli pressioni a cui sono soggette le organizzazioni sportive stanno determinando cambiamenti nei sistemi di governance e negli stili manageriali. In quest\u2019ottica, le dinamiche dei contesti all\u2019interno dei quali [&hellip;]<\/p>\n","protected":false},"featured_media":25109,"template":"","meta":{"_editorskit_title_hidden":false,"_editorskit_reading_time":0,"_editorskit_is_block_options_detached":false,"_editorskit_block_options_position":"{}","_monsterinsights_skip_tracking":false,"_monsterinsights_sitenote_active":false,"_monsterinsights_sitenote_note":"","_monsterinsights_sitenote_category":0},"product_brand":[],"product_cat":[6805,6700],"product_tag":[8540,7067,6817,6749,6754,10235],"class_list":{"0":"post-25108","1":"product","2":"type-product","3":"status-publish","4":"has-post-thumbnail","6":"product_cat-guerini-next","7":"product_cat-universita-cattaneo-libri","8":"product_tag-governance","9":"product_tag-inclusione","10":"product_tag-organizzazioni","11":"product_tag-ricerca","12":"product_tag-sostenibilita","13":"product_tag-sport","14":"pa_guerini_amazon_link-https-www-amazon-co-za-governance-organizzazioni-sportive-inclusione-sostenibilit-dp-8868965844","15":"pa_guerini_feltrinelli_link-https-www-lafeltrinelli-it-governance-delle-organizzazioni-sportive-verso-libro-vari-e-9788868965846","16":"pa_guerini_ibs_link-https-www-ibs-it-governance-delle-organizzazioni-sportive-verso-libro-vari-e-9788868965846","17":"pa_guerini_libruniver_link-https-www-libreriauniversitaria-it-governance-organizzazioni-sportive-verso-modello-libro-9788868965846","18":"pa_guerini_mondadori_link-https-www-mondadoristore-it-governance-delle-organizzazioni-sportive-verso-un-modello-di-inclusione-sociale-e-sostenibilita-na-eai978886896584","20":"first","21":"instock","22":"sale","23":"shipping-taxable","24":"purchasable","25":"product-type-simple"},"yoast_head":"<!-- This site is optimized with the Yoast SEO plugin v25.4 - https:\/\/yoast.com\/wordpress\/plugins\/seo\/ -->\n<title>Governance delle organizzazioni sportive, a cura di P. Tettamanzi, M. Murgolo, - Guerini Editore<\/title>\n<meta name=\"description\" content=\"Un volume che procede a una disamina integrale di processi, modelli e valenze delle organizzazioni sportive.\" \/>\n<meta name=\"robots\" content=\"index, follow, max-snippet:-1, max-image-preview:large, max-video-preview:-1\" \/>\n<link rel=\"canonical\" href=\"https:\/\/www.guerini.it\/index.php\/prodotto\/governance-delle-organizzazioni-sportive\/\" \/>\n<meta property=\"og:locale\" content=\"it_IT\" \/>\n<meta property=\"og:type\" content=\"article\" \/>\n<meta property=\"og:title\" content=\"Governance delle organizzazioni sportive, a cura di P. Tettamanzi, M. Murgolo, - Guerini Editore\" \/>\n<meta property=\"og:description\" content=\"Un volume che procede a una disamina integrale di processi, modelli e valenze delle organizzazioni sportive.\" \/>\n<meta property=\"og:url\" content=\"https:\/\/www.guerini.it\/index.php\/prodotto\/governance-delle-organizzazioni-sportive\/\" \/>\n<meta property=\"og:site_name\" content=\"Guerini e Associati\" \/>\n<meta property=\"article:modified_time\" content=\"2026-02-13T15:25:23+00:00\" \/>\n<meta property=\"og:image\" content=\"https:\/\/www.guerini.it\/wp-content\/uploads\/2024\/10\/GOVERNANCE-DELLE-ORGANIZZAZIONI-SPORTIVE-8788868965846.webp\" \/>\n\t<meta property=\"og:image:width\" content=\"652\" \/>\n\t<meta property=\"og:image:height\" content=\"1000\" \/>\n\t<meta property=\"og:image:type\" content=\"image\/webp\" \/>\n<meta name=\"twitter:card\" content=\"summary_large_image\" \/>\n<meta name=\"twitter:label1\" content=\"Tempo di lettura stimato\" \/>\n\t<meta name=\"twitter:data1\" content=\"2 minuti\" \/>\n<!-- \/ Yoast SEO plugin. -->","yoast_head_json":{"title":"Governance delle organizzazioni sportive, a cura di P. Tettamanzi, M. Murgolo, - Guerini Editore","description":"Un volume che procede a una disamina integrale di processi, modelli e valenze delle organizzazioni sportive.","robots":{"index":"index","follow":"follow","max-snippet":"max-snippet:-1","max-image-preview":"max-image-preview:large","max-video-preview":"max-video-preview:-1"},"canonical":"https:\/\/www.guerini.it\/index.php\/prodotto\/governance-delle-organizzazioni-sportive\/","og_locale":"it_IT","og_type":"article","og_title":"Governance delle organizzazioni sportive, a cura di P. Tettamanzi, M. Murgolo, - Guerini Editore","og_description":"Un volume che procede a una disamina integrale di processi, modelli e valenze delle organizzazioni sportive.","og_url":"https:\/\/www.guerini.it\/index.php\/prodotto\/governance-delle-organizzazioni-sportive\/","og_site_name":"Guerini e Associati","article_modified_time":"2026-02-13T15:25:23+00:00","og_image":[{"width":652,"height":1000,"url":"https:\/\/www.guerini.it\/wp-content\/uploads\/2024\/10\/GOVERNANCE-DELLE-ORGANIZZAZIONI-SPORTIVE-8788868965846.webp","type":"image\/webp"}],"twitter_card":"summary_large_image","twitter_misc":{"Tempo di lettura stimato":"2 minuti"},"schema":{"@context":"https:\/\/schema.org","@graph":[{"@type":"WebPage","@id":"https:\/\/www.guerini.it\/index.php\/prodotto\/governance-delle-organizzazioni-sportive\/","url":"https:\/\/www.guerini.it\/index.php\/prodotto\/governance-delle-organizzazioni-sportive\/","name":"Governance delle organizzazioni sportive, a cura di P. Tettamanzi, M. Murgolo, - Guerini Editore","isPartOf":{"@id":"https:\/\/www.guerini.it\/#website"},"primaryImageOfPage":{"@id":"https:\/\/www.guerini.it\/index.php\/prodotto\/governance-delle-organizzazioni-sportive\/#primaryimage"},"image":{"@id":"https:\/\/www.guerini.it\/index.php\/prodotto\/governance-delle-organizzazioni-sportive\/#primaryimage"},"thumbnailUrl":"https:\/\/www.guerini.it\/wp-content\/uploads\/2024\/10\/GOVERNANCE-DELLE-ORGANIZZAZIONI-SPORTIVE-8788868965846.webp","datePublished":"2024-10-14T11:13:28+00:00","dateModified":"2026-02-13T15:25:23+00:00","description":"Un volume che procede a una disamina integrale di processi, modelli e valenze delle organizzazioni sportive.","breadcrumb":{"@id":"https:\/\/www.guerini.it\/index.php\/prodotto\/governance-delle-organizzazioni-sportive\/#breadcrumb"},"inLanguage":"it-IT","potentialAction":[{"@type":"ReadAction","target":["https:\/\/www.guerini.it\/index.php\/prodotto\/governance-delle-organizzazioni-sportive\/"]}]},{"@type":"ImageObject","inLanguage":"it-IT","@id":"https:\/\/www.guerini.it\/index.php\/prodotto\/governance-delle-organizzazioni-sportive\/#primaryimage","url":"https:\/\/www.guerini.it\/wp-content\/uploads\/2024\/10\/GOVERNANCE-DELLE-ORGANIZZAZIONI-SPORTIVE-8788868965846.webp","contentUrl":"https:\/\/www.guerini.it\/wp-content\/uploads\/2024\/10\/GOVERNANCE-DELLE-ORGANIZZAZIONI-SPORTIVE-8788868965846.webp","width":652,"height":1000,"caption":"Front cover di Governance delle organizzazioni sportive, a cura di P. Tettamazzi, M. Murgolo, GueriniNext, 2024"},{"@type":"BreadcrumbList","@id":"https:\/\/www.guerini.it\/index.php\/prodotto\/governance-delle-organizzazioni-sportive\/#breadcrumb","itemListElement":[{"@type":"ListItem","position":1,"name":"Home","item":"https:\/\/www.guerini.it\/"},{"@type":"ListItem","position":2,"name":"Catalogo","item":"https:\/\/www.guerini.it\/index.php\/negozio\/"},{"@type":"ListItem","position":3,"name":"Governance delle organizzazioni sportive"}]},{"@type":"WebSite","@id":"https:\/\/www.guerini.it\/#website","url":"https:\/\/www.guerini.it\/","name":"Guerini e Associati","description":"30 anni di libri, idee e libert\u00e0","publisher":{"@id":"https:\/\/www.guerini.it\/#organization"},"potentialAction":[{"@type":"SearchAction","target":{"@type":"EntryPoint","urlTemplate":"https:\/\/www.guerini.it\/?s={search_term_string}"},"query-input":{"@type":"PropertyValueSpecification","valueRequired":true,"valueName":"search_term_string"}}],"inLanguage":"it-IT"},{"@type":"Organization","@id":"https:\/\/www.guerini.it\/#organization","name":"Guerini e Associati","url":"https:\/\/www.guerini.it\/","logo":{"@type":"ImageObject","inLanguage":"it-IT","@id":"https:\/\/www.guerini.it\/#\/schema\/logo\/image\/","url":"https:\/\/www.guerini.it\/wp-content\/uploads\/2021\/03\/Logo-Guerini-OK_-e1615831292285.png","contentUrl":"https:\/\/www.guerini.it\/wp-content\/uploads\/2021\/03\/Logo-Guerini-OK_-e1615831292285.png","width":2805,"height":1870,"caption":"Guerini e Associati"},"image":{"@id":"https:\/\/www.guerini.it\/#\/schema\/logo\/image\/"}}]}},"_links":{"self":[{"href":"https:\/\/www.guerini.it\/index.php\/wp-json\/wp\/v2\/product\/25108","targetHints":{"allow":["GET"]}}],"collection":[{"href":"https:\/\/www.guerini.it\/index.php\/wp-json\/wp\/v2\/product"}],"about":[{"href":"https:\/\/www.guerini.it\/index.php\/wp-json\/wp\/v2\/types\/product"}],"wp:featuredmedia":[{"embeddable":true,"href":"https:\/\/www.guerini.it\/index.php\/wp-json\/wp\/v2\/media\/25109"}],"wp:attachment":[{"href":"https:\/\/www.guerini.it\/index.php\/wp-json\/wp\/v2\/media?parent=25108"}],"wp:term":[{"taxonomy":"product_brand","embeddable":true,"href":"https:\/\/www.guerini.it\/index.php\/wp-json\/wp\/v2\/product_brand?post=25108"},{"taxonomy":"product_cat","embeddable":true,"href":"https:\/\/www.guerini.it\/index.php\/wp-json\/wp\/v2\/product_cat?post=25108"},{"taxonomy":"product_tag","embeddable":true,"href":"https:\/\/www.guerini.it\/index.php\/wp-json\/wp\/v2\/product_tag?post=25108"}],"curies":[{"name":"wp","href":"https:\/\/api.w.org\/{rel}","templated":true}]}}