{"id":25123,"date":"2024-10-16T15:59:30","date_gmt":"2024-10-16T13:59:30","guid":{"rendered":"https:\/\/www.guerini.it\/?post_type=product&#038;p=25123"},"modified":"2024-11-14T09:54:42","modified_gmt":"2024-11-14T08:54:42","slug":"italia-che-impresa","status":"publish","type":"product","link":"https:\/\/www.guerini.it\/index.php\/prodotto\/italia-che-impresa\/","title":{"rendered":"Italia, che impresa!"},"content":{"rendered":"<p style=\"text-align: justify;\">Dalle colonne di LinkedIn alla carta stampata, questo libro \u00e8 un inno d\u2019amore alla capacit\u00e0 tutta italiana di fare impresa in ogni epoca e in ogni contesto. Donne e uomini, da Nord a Sud, marchi storici e giovani imprese si susseguono in 30 storie che testimoniano l\u2019ingegno, l\u2019audacia, l\u2019energia e l\u2019impegno di tanti italiani che per creare o salvare le loro imprese hanno superato ogni genere di difficolt\u00e0.<br \/>\nStile veloce e poche pennellate decise catturano l\u2019essenza di avventure umane straordinarie, dimostrando che si pu\u00f2 fare impresa in qualsiasi condizione. Perch\u00e9 la storia ci insegna che si \u00e8 fatta impresa in contesti ben pi\u00f9 critici di quelli attuali. L\u2019hanno fatta e continuano a farla donne e<br \/>\nuomini eccezionali che hanno affrontato sfide inimmaginabili, costruito sogni e inventato nuovi criteri e valori di riferimento, mettendo in gioco le loro vite nei contesti pi\u00f9 critici e imprevedibili. Le loro storie vogliono essere di ispirazione per tutti coloro che vogliono fare la differenza.<\/p>\n<hr \/>\n<p style=\"text-align: justify;\"><strong>Alessandro Scaglione<\/strong> \u00e8 esperto di imprese familiari, dove ha lavorato con diversi imprenditori, prima come dirigente e poi come consigliere sui temi di governance. Milanese, classe 1967, sposato e padre di due figli, \u00e8 laureato in Ingegneria Gestionale, master in General Management al MIP del Politecnico di Milano e Board Member Certificato dalla Swiss Association for Quality. Per le nostre edizioni ha curato<em> R-innovare il family business<\/em> (2019) e <em>Continuare insieme<\/em> (2020).<\/p>\n","protected":false},"excerpt":{"rendered":"<p>Dalle colonne di LinkedIn alla carta stampata, questo libro \u00e8 un inno d\u2019amore alla capacit\u00e0 tutta italiana di fare impresa in ogni epoca e in ogni contesto. Donne e uomini, [&hellip;]<\/p>\n","protected":false},"featured_media":25124,"template":"","meta":{"_editorskit_title_hidden":false,"_editorskit_reading_time":0,"_editorskit_is_block_options_detached":false,"_editorskit_block_options_position":"{}","_monsterinsights_skip_tracking":false,"_monsterinsights_sitenote_active":false,"_monsterinsights_sitenote_note":"","_monsterinsights_sitenote_category":0},"product_brand":[],"product_cat":[6805,6728],"product_tag":[11597,6968,7394],"class_list":{"0":"post-25123","1":"product","2":"type-product","3":"status-publish","4":"has-post-thumbnail","6":"product_cat-guerini-next","7":"product_cat-ultime_novita","8":"product_tag-cultura-dimpresa","9":"product_tag-impresa","10":"product_tag-italia","11":"pa_guerini_amazon_link-https-www-amazon-it-audaci-imprese-alessandro-scaglione-dp-8868965690","12":"pa_guerini_feltrinelli_link-https-www-lafeltrinelli-it-italia-che-impresa-libro-alessandro-scaglione-e-9788868965693","13":"pa_guerini_ibs_link-https-www-ibs-it-italia-che-impresa-libro-alessandro-scaglione-e-9788868965693","14":"pa_guerini_libruniver_link-https-www-libreriauniversitaria-it-italia-impresa-scaglione-alessandro-guerini-libro-9788868965693","15":"pa_guerini_mondadori_link-https-www-mondadoristore-it-italia-che-impresa-alessandro-scaglione-eai978886896569","17":"first","18":"instock","19":"sale","20":"shipping-taxable","21":"purchasable","22":"product-type-simple"},"yoast_head":"<!-- This site is optimized with the Yoast SEO plugin v25.4 - https:\/\/yoast.com\/wordpress\/plugins\/seo\/ -->\n<title>Alessandro Scaglione, Italia, che impresa! - Guerini Editore<\/title>\n<meta name=\"description\" content=\"Un inno alla capacit\u00e0 italiana di fare impresa in ogni epoca e contesto: 30 storie che testimoniano l\u2019ingegno, l\u2019audacia e l\u2019impegno di tanti italiani.\" \/>\n<meta name=\"robots\" content=\"index, follow, max-snippet:-1, max-image-preview:large, max-video-preview:-1\" \/>\n<link rel=\"canonical\" href=\"https:\/\/www.guerini.it\/index.php\/prodotto\/italia-che-impresa\/\" \/>\n<meta property=\"og:locale\" content=\"it_IT\" \/>\n<meta property=\"og:type\" content=\"article\" \/>\n<meta property=\"og:title\" content=\"Alessandro Scaglione, Italia, che impresa! - Guerini Editore\" \/>\n<meta property=\"og:description\" content=\"Un inno alla capacit\u00e0 italiana di fare impresa in ogni epoca e contesto: 30 storie che testimoniano l\u2019ingegno, l\u2019audacia e l\u2019impegno di tanti italiani.\" \/>\n<meta property=\"og:url\" content=\"https:\/\/www.guerini.it\/index.php\/prodotto\/italia-che-impresa\/\" \/>\n<meta property=\"og:site_name\" content=\"Guerini e Associati\" \/>\n<meta property=\"article:modified_time\" content=\"2024-11-14T08:54:42+00:00\" \/>\n<meta property=\"og:image\" content=\"https:\/\/www.guerini.it\/wp-content\/uploads\/2024\/10\/ITALIA-CHE-IMPRESA-9788868965693.webp\" \/>\n\t<meta property=\"og:image:width\" content=\"667\" \/>\n\t<meta property=\"og:image:height\" content=\"1000\" \/>\n\t<meta property=\"og:image:type\" content=\"image\/webp\" \/>\n<meta name=\"twitter:card\" content=\"summary_large_image\" \/>\n<meta name=\"twitter:label1\" content=\"Tempo di lettura stimato\" \/>\n\t<meta name=\"twitter:data1\" content=\"2 minuti\" \/>\n<!-- \/ Yoast SEO plugin. -->","yoast_head_json":{"title":"Alessandro Scaglione, Italia, che impresa! - Guerini Editore","description":"Un inno alla capacit\u00e0 italiana di fare impresa in ogni epoca e contesto: 30 storie che testimoniano l\u2019ingegno, l\u2019audacia e l\u2019impegno di tanti italiani.","robots":{"index":"index","follow":"follow","max-snippet":"max-snippet:-1","max-image-preview":"max-image-preview:large","max-video-preview":"max-video-preview:-1"},"canonical":"https:\/\/www.guerini.it\/index.php\/prodotto\/italia-che-impresa\/","og_locale":"it_IT","og_type":"article","og_title":"Alessandro Scaglione, Italia, che impresa! - Guerini Editore","og_description":"Un inno alla capacit\u00e0 italiana di fare impresa in ogni epoca e contesto: 30 storie che testimoniano l\u2019ingegno, l\u2019audacia e l\u2019impegno di tanti italiani.","og_url":"https:\/\/www.guerini.it\/index.php\/prodotto\/italia-che-impresa\/","og_site_name":"Guerini e Associati","article_modified_time":"2024-11-14T08:54:42+00:00","og_image":[{"width":667,"height":1000,"url":"https:\/\/www.guerini.it\/wp-content\/uploads\/2024\/10\/ITALIA-CHE-IMPRESA-9788868965693.webp","type":"image\/webp"}],"twitter_card":"summary_large_image","twitter_misc":{"Tempo di lettura stimato":"2 minuti"},"schema":{"@context":"https:\/\/schema.org","@graph":[{"@type":"WebPage","@id":"https:\/\/www.guerini.it\/index.php\/prodotto\/italia-che-impresa\/","url":"https:\/\/www.guerini.it\/index.php\/prodotto\/italia-che-impresa\/","name":"Alessandro Scaglione, Italia, che impresa! - Guerini Editore","isPartOf":{"@id":"https:\/\/www.guerini.it\/#website"},"primaryImageOfPage":{"@id":"https:\/\/www.guerini.it\/index.php\/prodotto\/italia-che-impresa\/#primaryimage"},"image":{"@id":"https:\/\/www.guerini.it\/index.php\/prodotto\/italia-che-impresa\/#primaryimage"},"thumbnailUrl":"https:\/\/www.guerini.it\/wp-content\/uploads\/2024\/10\/ITALIA-CHE-IMPRESA-9788868965693.webp","datePublished":"2024-10-16T13:59:30+00:00","dateModified":"2024-11-14T08:54:42+00:00","description":"Un inno alla capacit\u00e0 italiana di fare impresa in ogni epoca e contesto: 30 storie che testimoniano l\u2019ingegno, l\u2019audacia e l\u2019impegno di tanti italiani.","breadcrumb":{"@id":"https:\/\/www.guerini.it\/index.php\/prodotto\/italia-che-impresa\/#breadcrumb"},"inLanguage":"it-IT","potentialAction":[{"@type":"ReadAction","target":["https:\/\/www.guerini.it\/index.php\/prodotto\/italia-che-impresa\/"]}]},{"@type":"ImageObject","inLanguage":"it-IT","@id":"https:\/\/www.guerini.it\/index.php\/prodotto\/italia-che-impresa\/#primaryimage","url":"https:\/\/www.guerini.it\/wp-content\/uploads\/2024\/10\/ITALIA-CHE-IMPRESA-9788868965693.webp","contentUrl":"https:\/\/www.guerini.it\/wp-content\/uploads\/2024\/10\/ITALIA-CHE-IMPRESA-9788868965693.webp","width":667,"height":1000,"caption":"Front Cover di A. Scaglione, Italia, che impresa!, GueriniNext, 2024"},{"@type":"BreadcrumbList","@id":"https:\/\/www.guerini.it\/index.php\/prodotto\/italia-che-impresa\/#breadcrumb","itemListElement":[{"@type":"ListItem","position":1,"name":"Home","item":"https:\/\/www.guerini.it\/"},{"@type":"ListItem","position":2,"name":"Catalogo","item":"https:\/\/www.guerini.it\/index.php\/negozio\/"},{"@type":"ListItem","position":3,"name":"Italia, che impresa!"}]},{"@type":"WebSite","@id":"https:\/\/www.guerini.it\/#website","url":"https:\/\/www.guerini.it\/","name":"Guerini e Associati","description":"30 anni di libri, idee e libert\u00e0","publisher":{"@id":"https:\/\/www.guerini.it\/#organization"},"potentialAction":[{"@type":"SearchAction","target":{"@type":"EntryPoint","urlTemplate":"https:\/\/www.guerini.it\/?s={search_term_string}"},"query-input":{"@type":"PropertyValueSpecification","valueRequired":true,"valueName":"search_term_string"}}],"inLanguage":"it-IT"},{"@type":"Organization","@id":"https:\/\/www.guerini.it\/#organization","name":"Guerini e Associati","url":"https:\/\/www.guerini.it\/","logo":{"@type":"ImageObject","inLanguage":"it-IT","@id":"https:\/\/www.guerini.it\/#\/schema\/logo\/image\/","url":"https:\/\/www.guerini.it\/wp-content\/uploads\/2021\/03\/Logo-Guerini-OK_-e1615831292285.png","contentUrl":"https:\/\/www.guerini.it\/wp-content\/uploads\/2021\/03\/Logo-Guerini-OK_-e1615831292285.png","width":2805,"height":1870,"caption":"Guerini e Associati"},"image":{"@id":"https:\/\/www.guerini.it\/#\/schema\/logo\/image\/"}}]}},"_links":{"self":[{"href":"https:\/\/www.guerini.it\/index.php\/wp-json\/wp\/v2\/product\/25123","targetHints":{"allow":["GET"]}}],"collection":[{"href":"https:\/\/www.guerini.it\/index.php\/wp-json\/wp\/v2\/product"}],"about":[{"href":"https:\/\/www.guerini.it\/index.php\/wp-json\/wp\/v2\/types\/product"}],"wp:featuredmedia":[{"embeddable":true,"href":"https:\/\/www.guerini.it\/index.php\/wp-json\/wp\/v2\/media\/25124"}],"wp:attachment":[{"href":"https:\/\/www.guerini.it\/index.php\/wp-json\/wp\/v2\/media?parent=25123"}],"wp:term":[{"taxonomy":"product_brand","embeddable":true,"href":"https:\/\/www.guerini.it\/index.php\/wp-json\/wp\/v2\/product_brand?post=25123"},{"taxonomy":"product_cat","embeddable":true,"href":"https:\/\/www.guerini.it\/index.php\/wp-json\/wp\/v2\/product_cat?post=25123"},{"taxonomy":"product_tag","embeddable":true,"href":"https:\/\/www.guerini.it\/index.php\/wp-json\/wp\/v2\/product_tag?post=25123"}],"curies":[{"name":"wp","href":"https:\/\/api.w.org\/{rel}","templated":true}]}}