{"id":25138,"date":"2024-10-21T16:00:05","date_gmt":"2024-10-21T14:00:05","guid":{"rendered":"https:\/\/www.guerini.it\/?post_type=product&#038;p=25138"},"modified":"2024-10-29T11:18:47","modified_gmt":"2024-10-29T10:18:47","slug":"lemployee-experience-nellera-dellai","status":"publish","type":"product","link":"https:\/\/www.guerini.it\/index.php\/prodotto\/lemployee-experience-nellera-dellai\/","title":{"rendered":"L\u2019Employee Experience nell\u2019era dell\u2019AI"},"content":{"rendered":"<p style=\"text-align: justify;\">L\u2019impatto dell\u2019intelligenza artificiale nelle risorse umane \u00e8 rivoluzionario. Sono numerose le opportunit\u00e0 che \u00e8 in grado di offrire. L\u2019AI diventa uno strumento prezioso per migliorare il benessere degli employee, automa\u00adtizzando compiti ripetitivi e liberando tempo per attivit\u00e0 a pi\u00f9 alto valore aggiunto, come la creativit\u00e0 e la gestione empatica delle persone. L\u2019AI pu\u00f2 supportare l\u2019HR nel rendere i processi di selezione, formazione e gestione delle risorse pi\u00f9 equi, trasparenti ed efficienti, facilitando le decisioni basate su dati concreti e migliorando l\u2019esperienza lavorativa. Tuttavia, \u00e8 essenziale bilanciare questa tecnologia con l\u2019elemento umano, per evitare di delegare eccessivamente la delicata funzione HR alle macchine. Una riflessione critica volta a evitare l\u2019abuso di strumenti di AI, che invece possono diventare un potente alleato dei professionisti nel promuovere un ambiente di lavoro pi\u00f9 inclusivo e sostenibile, ma solo se vengono utilizzati in modo consapevole e responsabile.<\/p>\n<hr \/>\n<p style=\"text-align: justify;\"><strong>Rosario Sica<\/strong> fisico cibernetico di formazione, ha collaborato in passato nella cooperazione internazionale e per il MAE ed \u00e8 stato consulente per primarie societ\u00e0 di management consulting. Specializzato nei processi di trasformazione digitale con focus sull\u2019innovazione dello sviluppo organizzativo, \u00e8 autore di 5 libri e oltre 100 articoli per <em>Harvard Business Review<\/em>.<br \/>\nPer le nostre edizioni ha pubblicato <em>Il valore del Purpose. Trovare il senso in un\u2019organizzazione: un dovere verso le persone e il futuro<\/em> (2024).<br \/>\nCoinvolto nella ricerca applicata, insegna in diverse Universit\u00e0 in Italia e all\u2019estero. Ha vissuto e lavorato in vari paesi, tra cui Vietnam, Fiji, Australia, Nuova Zelanda, Cile, South Africa. Attualmente ricopre la carica di Global Equity Partner di Gruppo BIP ed \u00e8 Amministratore Delegato di OpenKnowledge, societ\u00e0 del Gruppo BIP.<\/p>\n","protected":false},"excerpt":{"rendered":"<p>L\u2019impatto dell\u2019intelligenza artificiale nelle risorse umane \u00e8 rivoluzionario. Sono numerose le opportunit\u00e0 che \u00e8 in grado di offrire. L\u2019AI diventa uno strumento prezioso per migliorare il benessere degli employee, automa\u00adtizzando [&hellip;]<\/p>\n","protected":false},"featured_media":25139,"template":"","meta":{"_editorskit_title_hidden":false,"_editorskit_reading_time":0,"_editorskit_is_block_options_detached":false,"_editorskit_block_options_position":"{}","_monsterinsights_skip_tracking":false,"_monsterinsights_sitenote_active":false,"_monsterinsights_sitenote_note":"","_monsterinsights_sitenote_category":0},"product_brand":[],"product_cat":[6805,6728],"product_tag":[7413,7501,7341,6802],"class_list":{"0":"post-25138","1":"product","2":"type-product","3":"status-publish","4":"has-post-thumbnail","6":"product_cat-guerini-next","7":"product_cat-ultime_novita","8":"product_tag-benessere-psicologico","9":"product_tag-intelligenza-artificiale","10":"product_tag-lavoro","11":"product_tag-risorse-umane","12":"pa_guerini_amazon_link-https-www-amazon-it-lemployee-experience-semplifica-business-semplifica-dp-8868965909","13":"pa_guerini_feltrinelli_link-https-www-lafeltrinelli-it-employee-experience-nell-era-dell-libro-rosario-sica-e-9788868965907","14":"pa_guerini_ibs_link-https-www-ibs-it-employee-experience-nell-era-dell-libro-rosario-sica-e-9788868965907","15":"pa_guerini_libruniver_link-https-www-libreriauniversitaria-it-employee-experience-era-semplifica-business-libro-9788868965907","16":"pa_guerini_mondadori_link-https-www-mondadoristore-it-l-employee-experience-nell-era-dell-ai-semplifica-il-tuo-business-semplifica-la-tua-vita-rosario-sica-eai978886896590","18":"first","19":"instock","20":"sale","21":"shipping-taxable","22":"purchasable","23":"product-type-simple"},"yoast_head":"<!-- This site is optimized with the Yoast SEO plugin v25.4 - https:\/\/yoast.com\/wordpress\/plugins\/seo\/ -->\n<title>Rosario Sica, L\u2019Employee Experience nell\u2019era dell\u2019AI - Edizioni Guerini<\/title>\n<meta name=\"description\" content=\"Una riflessione critica volta a definire l&#039;uso di strumenti di AI, potenziali alleati della promozione di un ambiente di lavoro pi\u00f9 inclusivo e sostenibile.\" \/>\n<meta name=\"robots\" content=\"index, follow, max-snippet:-1, max-image-preview:large, max-video-preview:-1\" \/>\n<link rel=\"canonical\" href=\"https:\/\/www.guerini.it\/index.php\/prodotto\/lemployee-experience-nellera-dellai\/\" \/>\n<meta property=\"og:locale\" content=\"it_IT\" \/>\n<meta property=\"og:type\" content=\"article\" \/>\n<meta property=\"og:title\" content=\"Rosario Sica, L\u2019Employee Experience nell\u2019era dell\u2019AI - Edizioni Guerini\" \/>\n<meta property=\"og:description\" content=\"Una riflessione critica volta a definire l&#039;uso di strumenti di AI, potenziali alleati della promozione di un ambiente di lavoro pi\u00f9 inclusivo e sostenibile.\" \/>\n<meta property=\"og:url\" content=\"https:\/\/www.guerini.it\/index.php\/prodotto\/lemployee-experience-nellera-dellai\/\" \/>\n<meta property=\"og:site_name\" content=\"Guerini e Associati\" \/>\n<meta property=\"article:modified_time\" content=\"2024-10-29T10:18:47+00:00\" \/>\n<meta property=\"og:image\" content=\"https:\/\/www.guerini.it\/wp-content\/uploads\/2024\/10\/9788868965907.webp\" \/>\n\t<meta property=\"og:image:width\" content=\"708\" \/>\n\t<meta property=\"og:image:height\" content=\"1000\" \/>\n\t<meta property=\"og:image:type\" content=\"image\/webp\" \/>\n<meta name=\"twitter:card\" content=\"summary_large_image\" \/>\n<meta name=\"twitter:label1\" content=\"Tempo di lettura stimato\" \/>\n\t<meta name=\"twitter:data1\" content=\"2 minuti\" \/>\n<!-- \/ Yoast SEO plugin. -->","yoast_head_json":{"title":"Rosario Sica, L\u2019Employee Experience nell\u2019era dell\u2019AI - Edizioni Guerini","description":"Una riflessione critica volta a definire l'uso di strumenti di AI, potenziali alleati della promozione di un ambiente di lavoro pi\u00f9 inclusivo e sostenibile.","robots":{"index":"index","follow":"follow","max-snippet":"max-snippet:-1","max-image-preview":"max-image-preview:large","max-video-preview":"max-video-preview:-1"},"canonical":"https:\/\/www.guerini.it\/index.php\/prodotto\/lemployee-experience-nellera-dellai\/","og_locale":"it_IT","og_type":"article","og_title":"Rosario Sica, L\u2019Employee Experience nell\u2019era dell\u2019AI - Edizioni Guerini","og_description":"Una riflessione critica volta a definire l'uso di strumenti di AI, potenziali alleati della promozione di un ambiente di lavoro pi\u00f9 inclusivo e sostenibile.","og_url":"https:\/\/www.guerini.it\/index.php\/prodotto\/lemployee-experience-nellera-dellai\/","og_site_name":"Guerini e Associati","article_modified_time":"2024-10-29T10:18:47+00:00","og_image":[{"width":708,"height":1000,"url":"https:\/\/www.guerini.it\/wp-content\/uploads\/2024\/10\/9788868965907.webp","type":"image\/webp"}],"twitter_card":"summary_large_image","twitter_misc":{"Tempo di lettura stimato":"2 minuti"},"schema":{"@context":"https:\/\/schema.org","@graph":[{"@type":"WebPage","@id":"https:\/\/www.guerini.it\/index.php\/prodotto\/lemployee-experience-nellera-dellai\/","url":"https:\/\/www.guerini.it\/index.php\/prodotto\/lemployee-experience-nellera-dellai\/","name":"Rosario Sica, L\u2019Employee Experience nell\u2019era dell\u2019AI - Edizioni Guerini","isPartOf":{"@id":"https:\/\/www.guerini.it\/#website"},"primaryImageOfPage":{"@id":"https:\/\/www.guerini.it\/index.php\/prodotto\/lemployee-experience-nellera-dellai\/#primaryimage"},"image":{"@id":"https:\/\/www.guerini.it\/index.php\/prodotto\/lemployee-experience-nellera-dellai\/#primaryimage"},"thumbnailUrl":"https:\/\/www.guerini.it\/wp-content\/uploads\/2024\/10\/9788868965907.webp","datePublished":"2024-10-21T14:00:05+00:00","dateModified":"2024-10-29T10:18:47+00:00","description":"Una riflessione critica volta a definire l'uso di strumenti di AI, potenziali alleati della promozione di un ambiente di lavoro pi\u00f9 inclusivo e sostenibile.","breadcrumb":{"@id":"https:\/\/www.guerini.it\/index.php\/prodotto\/lemployee-experience-nellera-dellai\/#breadcrumb"},"inLanguage":"it-IT","potentialAction":[{"@type":"ReadAction","target":["https:\/\/www.guerini.it\/index.php\/prodotto\/lemployee-experience-nellera-dellai\/"]}]},{"@type":"ImageObject","inLanguage":"it-IT","@id":"https:\/\/www.guerini.it\/index.php\/prodotto\/lemployee-experience-nellera-dellai\/#primaryimage","url":"https:\/\/www.guerini.it\/wp-content\/uploads\/2024\/10\/9788868965907.webp","contentUrl":"https:\/\/www.guerini.it\/wp-content\/uploads\/2024\/10\/9788868965907.webp","width":708,"height":1000,"caption":"Front cover di R. Sica, L\u2019Employee Experience nell\u2019era dell\u2019AI, Guerini Next, 2024"},{"@type":"BreadcrumbList","@id":"https:\/\/www.guerini.it\/index.php\/prodotto\/lemployee-experience-nellera-dellai\/#breadcrumb","itemListElement":[{"@type":"ListItem","position":1,"name":"Home","item":"https:\/\/www.guerini.it\/"},{"@type":"ListItem","position":2,"name":"Catalogo","item":"https:\/\/www.guerini.it\/index.php\/negozio\/"},{"@type":"ListItem","position":3,"name":"L\u2019Employee Experience nell\u2019era dell\u2019AI"}]},{"@type":"WebSite","@id":"https:\/\/www.guerini.it\/#website","url":"https:\/\/www.guerini.it\/","name":"Guerini e Associati","description":"30 anni di libri, idee e libert\u00e0","publisher":{"@id":"https:\/\/www.guerini.it\/#organization"},"potentialAction":[{"@type":"SearchAction","target":{"@type":"EntryPoint","urlTemplate":"https:\/\/www.guerini.it\/?s={search_term_string}"},"query-input":{"@type":"PropertyValueSpecification","valueRequired":true,"valueName":"search_term_string"}}],"inLanguage":"it-IT"},{"@type":"Organization","@id":"https:\/\/www.guerini.it\/#organization","name":"Guerini e Associati","url":"https:\/\/www.guerini.it\/","logo":{"@type":"ImageObject","inLanguage":"it-IT","@id":"https:\/\/www.guerini.it\/#\/schema\/logo\/image\/","url":"https:\/\/www.guerini.it\/wp-content\/uploads\/2021\/03\/Logo-Guerini-OK_-e1615831292285.png","contentUrl":"https:\/\/www.guerini.it\/wp-content\/uploads\/2021\/03\/Logo-Guerini-OK_-e1615831292285.png","width":2805,"height":1870,"caption":"Guerini e Associati"},"image":{"@id":"https:\/\/www.guerini.it\/#\/schema\/logo\/image\/"}}]}},"_links":{"self":[{"href":"https:\/\/www.guerini.it\/index.php\/wp-json\/wp\/v2\/product\/25138","targetHints":{"allow":["GET"]}}],"collection":[{"href":"https:\/\/www.guerini.it\/index.php\/wp-json\/wp\/v2\/product"}],"about":[{"href":"https:\/\/www.guerini.it\/index.php\/wp-json\/wp\/v2\/types\/product"}],"wp:featuredmedia":[{"embeddable":true,"href":"https:\/\/www.guerini.it\/index.php\/wp-json\/wp\/v2\/media\/25139"}],"wp:attachment":[{"href":"https:\/\/www.guerini.it\/index.php\/wp-json\/wp\/v2\/media?parent=25138"}],"wp:term":[{"taxonomy":"product_brand","embeddable":true,"href":"https:\/\/www.guerini.it\/index.php\/wp-json\/wp\/v2\/product_brand?post=25138"},{"taxonomy":"product_cat","embeddable":true,"href":"https:\/\/www.guerini.it\/index.php\/wp-json\/wp\/v2\/product_cat?post=25138"},{"taxonomy":"product_tag","embeddable":true,"href":"https:\/\/www.guerini.it\/index.php\/wp-json\/wp\/v2\/product_tag?post=25138"}],"curies":[{"name":"wp","href":"https:\/\/api.w.org\/{rel}","templated":true}]}}