{"id":25149,"date":"2024-10-24T11:53:24","date_gmt":"2024-10-24T09:53:24","guid":{"rendered":"https:\/\/www.guerini.it\/?post_type=product&#038;p=25149"},"modified":"2025-03-10T11:15:43","modified_gmt":"2025-03-10T10:15:43","slug":"digital-irrigation","status":"publish","type":"product","link":"https:\/\/www.guerini.it\/index.php\/prodotto\/digital-irrigation\/","title":{"rendered":"Digital irrigation"},"content":{"rendered":"<p style=\"text-align: justify;\">L\u2019agricoltura si trova davanti a sfide epocali. Entro il 2100 sul Pianeta vivranno oltre 10 miliardi di persone. Riscaldamento globale e desertificazione renderanno il terreno sempre meno coltivabile e l\u2019acqua sar\u00e0 sempre pi\u00f9 costosa e difficilmente reperibile. Per sfamare la popolazione mondiale dovremo imparare a fare di pi\u00f9 con meno. Proprio in Italia si stanno sviluppando numerosi esperimenti all\u2019avanguardia per dare vita all\u2019agricoltura del futuro: la <em>digital irrigation<\/em> \u00e8 la strada da percorrere. Attraverso una disamina dei modelli hardware e software impiegati ed esempi concreti di applicazione sul campo, possiamo imparare a leggere le esigenze del suolo e dei territori e ottenere la massima resa con il minimo impiego della risorsa idrica. Per essere pronti ad affrontare le sfide sociali e ambientali che ci aspettano.<\/p>\n<hr \/>\n<p style=\"text-align: justify;\"><strong>Lauro Venturi<\/strong> vive in collina, tra Modena e Bologna. Dopo una robusta esperienza di consulenza e formazione \u00e8 approdato al mondo manageriale. Per decenni ha ricoperto ruoli di vertice, tra cui quello di CEO di Ocmis Group. Attualmente svolge attivit\u00e0 di consulenza, counseling e coaching e la sua specializzazione sono le medie imprese e i sistemi associativi. \u00c8 autore di numerose pubblicazioni, sia romanzi sia saggi, tra cui <em>La PMI nel XXI secolo: uno sguardo affettuoso sulla piccola e media impresa<\/em> (2013; ebook), <em>Il sangue dei pomodori<\/em> (2021) e <em>Il Counseling aziendale<\/em> (2021). Per le nostre edizioni ha pubblicato <em>L\u2019educazione sentimentale del manager<\/em> (2005) e<em> L\u2019amministratore (de)legato<\/em> (2022).<\/p>\n","protected":false},"excerpt":{"rendered":"<p>L\u2019agricoltura si trova davanti a sfide epocali. Entro il 2100 sul Pianeta vivranno oltre 10 miliardi di persone. Riscaldamento globale e desertificazione renderanno il terreno sempre meno coltivabile e l\u2019acqua [&hellip;]<\/p>\n","protected":false},"featured_media":25150,"template":"","meta":{"_editorskit_title_hidden":false,"_editorskit_reading_time":0,"_editorskit_is_block_options_detached":false,"_editorskit_block_options_position":"{}","_monsterinsights_skip_tracking":false,"_monsterinsights_sitenote_active":false,"_monsterinsights_sitenote_note":"","_monsterinsights_sitenote_category":0},"product_brand":[],"product_cat":[6699],"product_tag":[12045,6756,6754,9893],"class_list":{"0":"post-25149","1":"product","2":"type-product","3":"status-publish","4":"has-post-thumbnail","6":"product_cat-guerini4-0","7":"product_tag-agricoltura","8":"product_tag-ambiente","9":"product_tag-sostenibilita","10":"product_tag-territorio","11":"pa_guerini_amazon_link-https-www-amazon-fr-dp-886250912xtagpicclick06-21linkcodeosith1psc1","12":"pa_guerini_feltrinelli_link-https-www-lafeltrinelli-it-digital-irrigation-agricoltura-per-prossimo-libro-vari-e-9788862509121","13":"pa_guerini_ibs_link-https-www-ibs-it-digital-irrigation-agricoltura-per-prossimo-libro-vari-e-9788862509121","14":"pa_guerini_libruniver_link-https-www-libreriauniversitaria-it-digital-irrigation-agricoltura-prossimo-millennio-libro-9788862509121","15":"pa_guerini_mondadori_link-https-www-mondadoristore-it-digital-irrigation-l-agricoltura-per-il-prossimo-millennio-na-eai978886250912","17":"first","18":"instock","19":"sale","20":"shipping-taxable","21":"purchasable","22":"product-type-simple"},"yoast_head":"<!-- This site is optimized with the Yoast SEO plugin v25.4 - https:\/\/yoast.com\/wordpress\/plugins\/seo\/ -->\n<title>Digital irrigation, a cura di Lauro Venturi - Guerini e Associati<\/title>\n<meta name=\"description\" content=\"Leggere le esigenze dei territori e ottenere la massima resa con il minimo impiego della risorsa idrica per affrontare le sfide ambientali che ci aspettano.\" \/>\n<meta name=\"robots\" content=\"index, follow, max-snippet:-1, max-image-preview:large, max-video-preview:-1\" \/>\n<link rel=\"canonical\" href=\"https:\/\/www.guerini.it\/index.php\/prodotto\/digital-irrigation\/\" \/>\n<meta property=\"og:locale\" content=\"it_IT\" \/>\n<meta property=\"og:type\" content=\"article\" \/>\n<meta property=\"og:title\" content=\"Digital irrigation, a cura di Lauro Venturi - Guerini e Associati\" \/>\n<meta property=\"og:description\" content=\"Leggere le esigenze dei territori e ottenere la massima resa con il minimo impiego della risorsa idrica per affrontare le sfide ambientali che ci aspettano.\" \/>\n<meta property=\"og:url\" content=\"https:\/\/www.guerini.it\/index.php\/prodotto\/digital-irrigation\/\" \/>\n<meta property=\"og:site_name\" content=\"Guerini e Associati\" \/>\n<meta property=\"article:modified_time\" content=\"2025-03-10T10:15:43+00:00\" \/>\n<meta property=\"og:image\" content=\"https:\/\/www.guerini.it\/wp-content\/uploads\/2024\/10\/DIGITAL-IRRIGATION-9788862509121.webp\" \/>\n\t<meta property=\"og:image:width\" content=\"667\" \/>\n\t<meta property=\"og:image:height\" content=\"1000\" \/>\n\t<meta property=\"og:image:type\" content=\"image\/webp\" \/>\n<meta name=\"twitter:card\" content=\"summary_large_image\" \/>\n<meta name=\"twitter:label1\" content=\"Tempo di lettura stimato\" \/>\n\t<meta name=\"twitter:data1\" content=\"2 minuti\" \/>\n<!-- \/ Yoast SEO plugin. -->","yoast_head_json":{"title":"Digital irrigation, a cura di Lauro Venturi - Guerini e Associati","description":"Leggere le esigenze dei territori e ottenere la massima resa con il minimo impiego della risorsa idrica per affrontare le sfide ambientali che ci aspettano.","robots":{"index":"index","follow":"follow","max-snippet":"max-snippet:-1","max-image-preview":"max-image-preview:large","max-video-preview":"max-video-preview:-1"},"canonical":"https:\/\/www.guerini.it\/index.php\/prodotto\/digital-irrigation\/","og_locale":"it_IT","og_type":"article","og_title":"Digital irrigation, a cura di Lauro Venturi - Guerini e Associati","og_description":"Leggere le esigenze dei territori e ottenere la massima resa con il minimo impiego della risorsa idrica per affrontare le sfide ambientali che ci aspettano.","og_url":"https:\/\/www.guerini.it\/index.php\/prodotto\/digital-irrigation\/","og_site_name":"Guerini e Associati","article_modified_time":"2025-03-10T10:15:43+00:00","og_image":[{"width":667,"height":1000,"url":"https:\/\/www.guerini.it\/wp-content\/uploads\/2024\/10\/DIGITAL-IRRIGATION-9788862509121.webp","type":"image\/webp"}],"twitter_card":"summary_large_image","twitter_misc":{"Tempo di lettura stimato":"2 minuti"},"schema":{"@context":"https:\/\/schema.org","@graph":[{"@type":"WebPage","@id":"https:\/\/www.guerini.it\/index.php\/prodotto\/digital-irrigation\/","url":"https:\/\/www.guerini.it\/index.php\/prodotto\/digital-irrigation\/","name":"Digital irrigation, a cura di Lauro Venturi - Guerini e Associati","isPartOf":{"@id":"https:\/\/www.guerini.it\/#website"},"primaryImageOfPage":{"@id":"https:\/\/www.guerini.it\/index.php\/prodotto\/digital-irrigation\/#primaryimage"},"image":{"@id":"https:\/\/www.guerini.it\/index.php\/prodotto\/digital-irrigation\/#primaryimage"},"thumbnailUrl":"https:\/\/www.guerini.it\/wp-content\/uploads\/2024\/10\/DIGITAL-IRRIGATION-9788862509121.webp","datePublished":"2024-10-24T09:53:24+00:00","dateModified":"2025-03-10T10:15:43+00:00","description":"Leggere le esigenze dei territori e ottenere la massima resa con il minimo impiego della risorsa idrica per affrontare le sfide ambientali che ci aspettano.","breadcrumb":{"@id":"https:\/\/www.guerini.it\/index.php\/prodotto\/digital-irrigation\/#breadcrumb"},"inLanguage":"it-IT","potentialAction":[{"@type":"ReadAction","target":["https:\/\/www.guerini.it\/index.php\/prodotto\/digital-irrigation\/"]}]},{"@type":"ImageObject","inLanguage":"it-IT","@id":"https:\/\/www.guerini.it\/index.php\/prodotto\/digital-irrigation\/#primaryimage","url":"https:\/\/www.guerini.it\/wp-content\/uploads\/2024\/10\/DIGITAL-IRRIGATION-9788862509121.webp","contentUrl":"https:\/\/www.guerini.it\/wp-content\/uploads\/2024\/10\/DIGITAL-IRRIGATION-9788862509121.webp","width":667,"height":1000,"caption":"Front cover di Digital Irrigation, a cura di L. Venturi, Guerini e Associati, 2024"},{"@type":"BreadcrumbList","@id":"https:\/\/www.guerini.it\/index.php\/prodotto\/digital-irrigation\/#breadcrumb","itemListElement":[{"@type":"ListItem","position":1,"name":"Home","item":"https:\/\/www.guerini.it\/"},{"@type":"ListItem","position":2,"name":"Catalogo","item":"https:\/\/www.guerini.it\/index.php\/negozio\/"},{"@type":"ListItem","position":3,"name":"Digital irrigation"}]},{"@type":"WebSite","@id":"https:\/\/www.guerini.it\/#website","url":"https:\/\/www.guerini.it\/","name":"Guerini e Associati","description":"30 anni di libri, idee e libert\u00e0","publisher":{"@id":"https:\/\/www.guerini.it\/#organization"},"potentialAction":[{"@type":"SearchAction","target":{"@type":"EntryPoint","urlTemplate":"https:\/\/www.guerini.it\/?s={search_term_string}"},"query-input":{"@type":"PropertyValueSpecification","valueRequired":true,"valueName":"search_term_string"}}],"inLanguage":"it-IT"},{"@type":"Organization","@id":"https:\/\/www.guerini.it\/#organization","name":"Guerini e Associati","url":"https:\/\/www.guerini.it\/","logo":{"@type":"ImageObject","inLanguage":"it-IT","@id":"https:\/\/www.guerini.it\/#\/schema\/logo\/image\/","url":"https:\/\/www.guerini.it\/wp-content\/uploads\/2021\/03\/Logo-Guerini-OK_-e1615831292285.png","contentUrl":"https:\/\/www.guerini.it\/wp-content\/uploads\/2021\/03\/Logo-Guerini-OK_-e1615831292285.png","width":2805,"height":1870,"caption":"Guerini e Associati"},"image":{"@id":"https:\/\/www.guerini.it\/#\/schema\/logo\/image\/"}}]}},"_links":{"self":[{"href":"https:\/\/www.guerini.it\/index.php\/wp-json\/wp\/v2\/product\/25149","targetHints":{"allow":["GET"]}}],"collection":[{"href":"https:\/\/www.guerini.it\/index.php\/wp-json\/wp\/v2\/product"}],"about":[{"href":"https:\/\/www.guerini.it\/index.php\/wp-json\/wp\/v2\/types\/product"}],"wp:featuredmedia":[{"embeddable":true,"href":"https:\/\/www.guerini.it\/index.php\/wp-json\/wp\/v2\/media\/25150"}],"wp:attachment":[{"href":"https:\/\/www.guerini.it\/index.php\/wp-json\/wp\/v2\/media?parent=25149"}],"wp:term":[{"taxonomy":"product_brand","embeddable":true,"href":"https:\/\/www.guerini.it\/index.php\/wp-json\/wp\/v2\/product_brand?post=25149"},{"taxonomy":"product_cat","embeddable":true,"href":"https:\/\/www.guerini.it\/index.php\/wp-json\/wp\/v2\/product_cat?post=25149"},{"taxonomy":"product_tag","embeddable":true,"href":"https:\/\/www.guerini.it\/index.php\/wp-json\/wp\/v2\/product_tag?post=25149"}],"curies":[{"name":"wp","href":"https:\/\/api.w.org\/{rel}","templated":true}]}}