{"id":25203,"date":"2024-11-21T13:27:59","date_gmt":"2024-11-21T12:27:59","guid":{"rendered":"https:\/\/www.guerini.it\/?post_type=product&#038;p=25203"},"modified":"2025-01-13T09:19:03","modified_gmt":"2025-01-13T08:19:03","slug":"per-una-tv-senza-informazione","status":"publish","type":"product","link":"https:\/\/www.guerini.it\/index.php\/prodotto\/per-una-tv-senza-informazione\/","title":{"rendered":"Per una TV senza informazione"},"content":{"rendered":"<p style=\"text-align: justify;\">Aveva ragione Jean Baudrillard. La realt\u00e0 non \u00e8 pi\u00f9 importante. \u00c8 scomparsa. Allo stesso modo si sono estinti il pensiero complesso e il desiderio delle persone di comprendere il mondo. Negli stati economicamente avanzati del pianeta \u00e8 lo spettacolo a dare significato all\u2019esistenza. E i cittadini spettatori, soddisfatti, accettano ben volentieri l\u2019ipnosi. In questo scenario ha ancora senso occuparsi della realt\u00e0 in televisione e informare chi non desidera altro che intrattenimento? A cosa servono telegiornali, talk show e programmi culturali? Perch\u00e9 dunque, si chiede l\u2019autore, non eliminarli per sempre e liberare la televisione da tutto quello che non \u00e8 intrattenimento?! Una serie di idee vengono qui proposte per sostituire l\u2019ormai inutile informazione televisiva con degli spettacoli nuovi, sensazionali e terrificanti. Visioni horror, ironia nera e denuncia sociale si alternano in questo testo al contempo comico e agghiacciante, realistico e folle, di sconcertante attualit\u00e0. Un\u2019analisi lucida, tagliente e disperata dell\u2019apocalisse<br \/>\nculturale del nostro tempo.<\/p>\n<hr \/>\n<p style=\"text-align: justify;\"><strong>Francesco Teodori<\/strong> (Jesi, 1993) \u00e8 giornalista televisivo, nonostante abbia studiato giurisprudenza e un po\u2019 di filosofia. In passato ha scritto per diverse riviste culturali occupandosi, talvolta, di argomenti seri. Anche se non sembrerebbe ama la televisione e ha in discreta considerazione il lavoro giornalistico. Attualmente lavora in TV dove tenta invano di realizzare i propositi di questa opera.<\/p>\n","protected":false},"excerpt":{"rendered":"<p>Aveva ragione Jean Baudrillard. La realt\u00e0 non \u00e8 pi\u00f9 importante. \u00c8 scomparsa. Allo stesso modo si sono estinti il pensiero complesso e il desiderio delle persone di comprendere il mondo. [&hellip;]<\/p>\n","protected":false},"featured_media":25205,"template":"","meta":{"_editorskit_title_hidden":false,"_editorskit_reading_time":0,"_editorskit_is_block_options_detached":false,"_editorskit_block_options_position":"{}","_monsterinsights_skip_tracking":false,"_monsterinsights_sitenote_active":false,"_monsterinsights_sitenote_note":"","_monsterinsights_sitenote_category":0},"product_brand":[],"product_cat":[6542],"product_tag":[8475,8025,11813,12137,6816,12136],"class_list":{"0":"post-25203","1":"product","2":"type-product","3":"status-publish","4":"has-post-thumbnail","6":"product_cat-log-edizioni","7":"product_tag-attualita","8":"product_tag-cultura","9":"product_tag-informazione","10":"product_tag-intrattenimento","11":"product_tag-societa","12":"product_tag-televisione","13":"pa_guerini_amazon_link-https-www-amazon-it-informazione-purificare-televisivo-componenti-superflue-dp-8898072201","14":"pa_guerini_feltrinelli_link-https-www-lafeltrinelli-it-per-tv-senza-informazione-modesta-libro-francesco-teodori-e-9788898072200","15":"pa_guerini_ibs_link-https-www-ibs-it-per-tv-senza-informazione-modesta-libro-francesco-teodori-e-9788898072200","16":"pa_guerini_libruniver_link-https-www-libreriauniversitaria-it-tv-senza-informazione-modesta-proposta-libro-9788898072200","18":"first","19":"instock","20":"sale","21":"shipping-taxable","22":"purchasable","23":"product-type-simple"},"yoast_head":"<!-- This site is optimized with the Yoast SEO plugin v25.4 - https:\/\/yoast.com\/wordpress\/plugins\/seo\/ -->\n<title>Francesco Teodori, Per una TV senza informazione - Guerini e Associati<\/title>\n<meta name=\"description\" content=\"Una modesta proposta per purificare il mezzo televisivo dalle sue componenti superflue e dannose e renderlo pi\u00f9 utile a beneficio di tutti.\" \/>\n<meta name=\"robots\" content=\"index, follow, max-snippet:-1, max-image-preview:large, max-video-preview:-1\" \/>\n<link rel=\"canonical\" href=\"https:\/\/www.guerini.it\/index.php\/prodotto\/per-una-tv-senza-informazione\/\" \/>\n<meta property=\"og:locale\" content=\"it_IT\" \/>\n<meta property=\"og:type\" content=\"article\" \/>\n<meta property=\"og:title\" content=\"Francesco Teodori, Per una TV senza informazione - Guerini e Associati\" \/>\n<meta property=\"og:description\" content=\"Una modesta proposta per purificare il mezzo televisivo dalle sue componenti superflue e dannose e renderlo pi\u00f9 utile a beneficio di tutti.\" \/>\n<meta property=\"og:url\" content=\"https:\/\/www.guerini.it\/index.php\/prodotto\/per-una-tv-senza-informazione\/\" \/>\n<meta property=\"og:site_name\" content=\"Guerini e Associati\" \/>\n<meta property=\"article:modified_time\" content=\"2025-01-13T08:19:03+00:00\" \/>\n<meta property=\"og:image\" content=\"https:\/\/www.guerini.it\/wp-content\/uploads\/2024\/11\/PER-UNA-TV-SENZA-INFORMAZIONE-9788898072200.webp\" \/>\n\t<meta property=\"og:image:width\" content=\"723\" \/>\n\t<meta property=\"og:image:height\" content=\"1000\" \/>\n\t<meta property=\"og:image:type\" content=\"image\/webp\" \/>\n<meta name=\"twitter:card\" content=\"summary_large_image\" \/>\n<meta name=\"twitter:label1\" content=\"Tempo di lettura stimato\" \/>\n\t<meta name=\"twitter:data1\" content=\"2 minuti\" \/>\n<!-- \/ Yoast SEO plugin. -->","yoast_head_json":{"title":"Francesco Teodori, Per una TV senza informazione - Guerini e Associati","description":"Una modesta proposta per purificare il mezzo televisivo dalle sue componenti superflue e dannose e renderlo pi\u00f9 utile a beneficio di tutti.","robots":{"index":"index","follow":"follow","max-snippet":"max-snippet:-1","max-image-preview":"max-image-preview:large","max-video-preview":"max-video-preview:-1"},"canonical":"https:\/\/www.guerini.it\/index.php\/prodotto\/per-una-tv-senza-informazione\/","og_locale":"it_IT","og_type":"article","og_title":"Francesco Teodori, Per una TV senza informazione - Guerini e Associati","og_description":"Una modesta proposta per purificare il mezzo televisivo dalle sue componenti superflue e dannose e renderlo pi\u00f9 utile a beneficio di tutti.","og_url":"https:\/\/www.guerini.it\/index.php\/prodotto\/per-una-tv-senza-informazione\/","og_site_name":"Guerini e Associati","article_modified_time":"2025-01-13T08:19:03+00:00","og_image":[{"width":723,"height":1000,"url":"https:\/\/www.guerini.it\/wp-content\/uploads\/2024\/11\/PER-UNA-TV-SENZA-INFORMAZIONE-9788898072200.webp","type":"image\/webp"}],"twitter_card":"summary_large_image","twitter_misc":{"Tempo di lettura stimato":"2 minuti"},"schema":{"@context":"https:\/\/schema.org","@graph":[{"@type":"WebPage","@id":"https:\/\/www.guerini.it\/index.php\/prodotto\/per-una-tv-senza-informazione\/","url":"https:\/\/www.guerini.it\/index.php\/prodotto\/per-una-tv-senza-informazione\/","name":"Francesco Teodori, Per una TV senza informazione - Guerini e Associati","isPartOf":{"@id":"https:\/\/www.guerini.it\/#website"},"primaryImageOfPage":{"@id":"https:\/\/www.guerini.it\/index.php\/prodotto\/per-una-tv-senza-informazione\/#primaryimage"},"image":{"@id":"https:\/\/www.guerini.it\/index.php\/prodotto\/per-una-tv-senza-informazione\/#primaryimage"},"thumbnailUrl":"https:\/\/www.guerini.it\/wp-content\/uploads\/2024\/11\/PER-UNA-TV-SENZA-INFORMAZIONE-9788898072200.webp","datePublished":"2024-11-21T12:27:59+00:00","dateModified":"2025-01-13T08:19:03+00:00","description":"Una modesta proposta per purificare il mezzo televisivo dalle sue componenti superflue e dannose e renderlo pi\u00f9 utile a beneficio di tutti.","breadcrumb":{"@id":"https:\/\/www.guerini.it\/index.php\/prodotto\/per-una-tv-senza-informazione\/#breadcrumb"},"inLanguage":"it-IT","potentialAction":[{"@type":"ReadAction","target":["https:\/\/www.guerini.it\/index.php\/prodotto\/per-una-tv-senza-informazione\/"]}]},{"@type":"ImageObject","inLanguage":"it-IT","@id":"https:\/\/www.guerini.it\/index.php\/prodotto\/per-una-tv-senza-informazione\/#primaryimage","url":"https:\/\/www.guerini.it\/wp-content\/uploads\/2024\/11\/PER-UNA-TV-SENZA-INFORMAZIONE-9788898072200.webp","contentUrl":"https:\/\/www.guerini.it\/wp-content\/uploads\/2024\/11\/PER-UNA-TV-SENZA-INFORMAZIONE-9788898072200.webp","width":723,"height":1000,"caption":"Front Cover di F. Teodori, Per una TV senza informazione, LOG edizioni, 2024"},{"@type":"BreadcrumbList","@id":"https:\/\/www.guerini.it\/index.php\/prodotto\/per-una-tv-senza-informazione\/#breadcrumb","itemListElement":[{"@type":"ListItem","position":1,"name":"Home","item":"https:\/\/www.guerini.it\/"},{"@type":"ListItem","position":2,"name":"Catalogo","item":"https:\/\/www.guerini.it\/index.php\/negozio\/"},{"@type":"ListItem","position":3,"name":"Per una TV senza informazione"}]},{"@type":"WebSite","@id":"https:\/\/www.guerini.it\/#website","url":"https:\/\/www.guerini.it\/","name":"Guerini e Associati","description":"30 anni di libri, idee e libert\u00e0","publisher":{"@id":"https:\/\/www.guerini.it\/#organization"},"potentialAction":[{"@type":"SearchAction","target":{"@type":"EntryPoint","urlTemplate":"https:\/\/www.guerini.it\/?s={search_term_string}"},"query-input":{"@type":"PropertyValueSpecification","valueRequired":true,"valueName":"search_term_string"}}],"inLanguage":"it-IT"},{"@type":"Organization","@id":"https:\/\/www.guerini.it\/#organization","name":"Guerini e Associati","url":"https:\/\/www.guerini.it\/","logo":{"@type":"ImageObject","inLanguage":"it-IT","@id":"https:\/\/www.guerini.it\/#\/schema\/logo\/image\/","url":"https:\/\/www.guerini.it\/wp-content\/uploads\/2021\/03\/Logo-Guerini-OK_-e1615831292285.png","contentUrl":"https:\/\/www.guerini.it\/wp-content\/uploads\/2021\/03\/Logo-Guerini-OK_-e1615831292285.png","width":2805,"height":1870,"caption":"Guerini e Associati"},"image":{"@id":"https:\/\/www.guerini.it\/#\/schema\/logo\/image\/"}}]}},"_links":{"self":[{"href":"https:\/\/www.guerini.it\/index.php\/wp-json\/wp\/v2\/product\/25203","targetHints":{"allow":["GET"]}}],"collection":[{"href":"https:\/\/www.guerini.it\/index.php\/wp-json\/wp\/v2\/product"}],"about":[{"href":"https:\/\/www.guerini.it\/index.php\/wp-json\/wp\/v2\/types\/product"}],"wp:featuredmedia":[{"embeddable":true,"href":"https:\/\/www.guerini.it\/index.php\/wp-json\/wp\/v2\/media\/25205"}],"wp:attachment":[{"href":"https:\/\/www.guerini.it\/index.php\/wp-json\/wp\/v2\/media?parent=25203"}],"wp:term":[{"taxonomy":"product_brand","embeddable":true,"href":"https:\/\/www.guerini.it\/index.php\/wp-json\/wp\/v2\/product_brand?post=25203"},{"taxonomy":"product_cat","embeddable":true,"href":"https:\/\/www.guerini.it\/index.php\/wp-json\/wp\/v2\/product_cat?post=25203"},{"taxonomy":"product_tag","embeddable":true,"href":"https:\/\/www.guerini.it\/index.php\/wp-json\/wp\/v2\/product_tag?post=25203"}],"curies":[{"name":"wp","href":"https:\/\/api.w.org\/{rel}","templated":true}]}}