{"id":25362,"date":"2025-02-10T11:34:13","date_gmt":"2025-02-10T10:34:13","guid":{"rendered":"https:\/\/www.guerini.it\/?post_type=product&#038;p=25362"},"modified":"2025-06-13T09:52:35","modified_gmt":"2025-06-13T07:52:35","slug":"motivati-si-diventa","status":"publish","type":"product","link":"https:\/\/www.guerini.it\/index.php\/prodotto\/motivati-si-diventa\/","title":{"rendered":"Motivati si diventa"},"content":{"rendered":"<p style=\"text-align: justify;\">E se fosse possibile cambiare il proprio approccio alla vita? Questo libro propone un percorso strutturato per migliorarsi, esplorando passo dopo passo le chiavi per diventare pi\u00f9 consapevoli delle proprie potenzialit\u00e0, pi\u00f9 efficaci, pi\u00f9 motivati. Attraverso testimonianze dal mondo dello sport, dell\u2019impresa, della consulenza e dell\u2019istruzione, queste pagine offrono strategie pratiche, esercizi mirati e nuove prospettive per affrontare le sfide quotidiane con maggiore sicurezza e motivazione. Ognuno potr\u00e0 scegliere il proprio cammino di crescita: checklist sintetiche, suggerimenti concreti e spunti di riflessione rendono ogni capitolo uno strumento utile per trasformare l\u2019ispirazione in azione e ottenere risultati reali. Un invito a prendere in mano le redini della propria vita con consapevolezza e motivazione.<\/p>\n<hr \/>\n<p style=\"text-align: justify;\"><strong>Lucilla Rizzini<\/strong> inizia la sua carriera lavorativa nell\u2019ambito del commercio internazionale come export area manager gi\u00e0 nel periodo universitario. Dopo la laurea entra nell\u2019azienda di famiglia contribuendone al successo internazionale. Dal 1999 al 2011 ricopre ruoli manageriali in aziende italiane e internazionali. Successivamente si avvia alla libera professione, specializzandosi in formazione e coaching. Nel 2017 fonda Ellecubica e nel 2019 avvia la prima academy italiana di coaching dinamico. Oggi \u00e8 coach certificata, autrice e speaker a eventi formativi e motivazionali, offrendo supporto a manager, imprenditori, professionisti e coach.<\/p>\n","protected":false},"excerpt":{"rendered":"<p>E se fosse possibile cambiare il proprio approccio alla vita? Questo libro propone un percorso strutturato per migliorarsi, esplorando passo dopo passo le chiavi per diventare pi\u00f9 consapevoli delle proprie [&hellip;]<\/p>\n","protected":false},"featured_media":25363,"template":"","meta":{"_editorskit_title_hidden":false,"_editorskit_reading_time":0,"_editorskit_is_block_options_detached":false,"_editorskit_block_options_position":"{}","_monsterinsights_skip_tracking":false,"_monsterinsights_sitenote_active":false,"_monsterinsights_sitenote_note":"","_monsterinsights_sitenote_category":0},"product_brand":[],"product_cat":[6805],"product_tag":[10713,11069,12158],"class_list":{"0":"post-25362","1":"product","2":"type-product","3":"status-publish","4":"has-post-thumbnail","6":"product_cat-guerini-next","7":"product_tag-crescita-personale","8":"product_tag-crescita-professionale","9":"product_tag-motivazione","10":"pa_guerini_amazon_link-https-www-amazon-it-motivati-diventa-pratiche-motivarsi-motivare-dp-8868965186","11":"pa_guerini_feltrinelli_link-https-www-lafeltrinelli-it-motivati-si-diventa-storie-teorie-libro-lucilla-rizzini-e-9788868965181","12":"pa_guerini_ibs_link-https-www-ibs-it-motivati-si-diventa-storie-teorie-libro-lucilla-rizzini-e-9788868965181","13":"pa_guerini_libruniver_link-https-www-libreriauniversitaria-it-motivati-si-diventa-storie-teorie-libro-9788868965181","14":"pa_guerini_mondadori_link-https-www-mondadoristore-it-motivati-si-diventa-storie-teorie-e-pratiche-per-motivarsi-e-motivare-lucilla-rizzini-eai978886896518","16":"first","17":"instock","18":"sale","19":"shipping-taxable","20":"purchasable","21":"product-type-simple"},"yoast_head":"<!-- This site is optimized with the Yoast SEO plugin v25.4 - https:\/\/yoast.com\/wordpress\/plugins\/seo\/ -->\n<title>Lucilla Rizzini, Motivati si diventa - Guerini Editore<\/title>\n<meta name=\"description\" content=\"Un percorso strutturato per migliorarsi, esplorando le chiavi per diventare pi\u00f9 consapevoli delle proprie potenzialit\u00e0, pi\u00f9 efficaci, pi\u00f9 motivati.\" \/>\n<meta name=\"robots\" content=\"index, follow, max-snippet:-1, max-image-preview:large, max-video-preview:-1\" \/>\n<link rel=\"canonical\" href=\"https:\/\/www.guerini.it\/index.php\/prodotto\/motivati-si-diventa\/\" \/>\n<meta property=\"og:locale\" content=\"it_IT\" \/>\n<meta property=\"og:type\" content=\"article\" \/>\n<meta property=\"og:title\" content=\"Lucilla Rizzini, Motivati si diventa - Guerini Editore\" \/>\n<meta property=\"og:description\" content=\"Un percorso strutturato per migliorarsi, esplorando le chiavi per diventare pi\u00f9 consapevoli delle proprie potenzialit\u00e0, pi\u00f9 efficaci, pi\u00f9 motivati.\" \/>\n<meta property=\"og:url\" content=\"https:\/\/www.guerini.it\/index.php\/prodotto\/motivati-si-diventa\/\" \/>\n<meta property=\"og:site_name\" content=\"Guerini e Associati\" \/>\n<meta property=\"article:modified_time\" content=\"2025-06-13T07:52:35+00:00\" \/>\n<meta property=\"og:image\" content=\"https:\/\/www.guerini.it\/wp-content\/uploads\/2025\/02\/MOTIVATI-SI-DIVENTA-9788868965181.webp\" \/>\n\t<meta property=\"og:image:width\" content=\"667\" \/>\n\t<meta property=\"og:image:height\" content=\"1000\" \/>\n\t<meta property=\"og:image:type\" content=\"image\/webp\" \/>\n<meta name=\"twitter:card\" content=\"summary_large_image\" \/>\n<meta name=\"twitter:label1\" content=\"Tempo di lettura stimato\" \/>\n\t<meta name=\"twitter:data1\" content=\"2 minuti\" \/>\n<!-- \/ Yoast SEO plugin. -->","yoast_head_json":{"title":"Lucilla Rizzini, Motivati si diventa - Guerini Editore","description":"Un percorso strutturato per migliorarsi, esplorando le chiavi per diventare pi\u00f9 consapevoli delle proprie potenzialit\u00e0, pi\u00f9 efficaci, pi\u00f9 motivati.","robots":{"index":"index","follow":"follow","max-snippet":"max-snippet:-1","max-image-preview":"max-image-preview:large","max-video-preview":"max-video-preview:-1"},"canonical":"https:\/\/www.guerini.it\/index.php\/prodotto\/motivati-si-diventa\/","og_locale":"it_IT","og_type":"article","og_title":"Lucilla Rizzini, Motivati si diventa - Guerini Editore","og_description":"Un percorso strutturato per migliorarsi, esplorando le chiavi per diventare pi\u00f9 consapevoli delle proprie potenzialit\u00e0, pi\u00f9 efficaci, pi\u00f9 motivati.","og_url":"https:\/\/www.guerini.it\/index.php\/prodotto\/motivati-si-diventa\/","og_site_name":"Guerini e Associati","article_modified_time":"2025-06-13T07:52:35+00:00","og_image":[{"width":667,"height":1000,"url":"https:\/\/www.guerini.it\/wp-content\/uploads\/2025\/02\/MOTIVATI-SI-DIVENTA-9788868965181.webp","type":"image\/webp"}],"twitter_card":"summary_large_image","twitter_misc":{"Tempo di lettura stimato":"2 minuti"},"schema":{"@context":"https:\/\/schema.org","@graph":[{"@type":"WebPage","@id":"https:\/\/www.guerini.it\/index.php\/prodotto\/motivati-si-diventa\/","url":"https:\/\/www.guerini.it\/index.php\/prodotto\/motivati-si-diventa\/","name":"Lucilla Rizzini, Motivati si diventa - Guerini Editore","isPartOf":{"@id":"https:\/\/www.guerini.it\/#website"},"primaryImageOfPage":{"@id":"https:\/\/www.guerini.it\/index.php\/prodotto\/motivati-si-diventa\/#primaryimage"},"image":{"@id":"https:\/\/www.guerini.it\/index.php\/prodotto\/motivati-si-diventa\/#primaryimage"},"thumbnailUrl":"https:\/\/www.guerini.it\/wp-content\/uploads\/2025\/02\/MOTIVATI-SI-DIVENTA-9788868965181.webp","datePublished":"2025-02-10T10:34:13+00:00","dateModified":"2025-06-13T07:52:35+00:00","description":"Un percorso strutturato per migliorarsi, esplorando le chiavi per diventare pi\u00f9 consapevoli delle proprie potenzialit\u00e0, pi\u00f9 efficaci, pi\u00f9 motivati.","breadcrumb":{"@id":"https:\/\/www.guerini.it\/index.php\/prodotto\/motivati-si-diventa\/#breadcrumb"},"inLanguage":"it-IT","potentialAction":[{"@type":"ReadAction","target":["https:\/\/www.guerini.it\/index.php\/prodotto\/motivati-si-diventa\/"]}]},{"@type":"ImageObject","inLanguage":"it-IT","@id":"https:\/\/www.guerini.it\/index.php\/prodotto\/motivati-si-diventa\/#primaryimage","url":"https:\/\/www.guerini.it\/wp-content\/uploads\/2025\/02\/MOTIVATI-SI-DIVENTA-9788868965181.webp","contentUrl":"https:\/\/www.guerini.it\/wp-content\/uploads\/2025\/02\/MOTIVATI-SI-DIVENTA-9788868965181.webp","width":667,"height":1000,"caption":"Front Cover di L. Rizzini, Motivati si diventa, Guerini Next, 2025"},{"@type":"BreadcrumbList","@id":"https:\/\/www.guerini.it\/index.php\/prodotto\/motivati-si-diventa\/#breadcrumb","itemListElement":[{"@type":"ListItem","position":1,"name":"Home","item":"https:\/\/www.guerini.it\/"},{"@type":"ListItem","position":2,"name":"Catalogo","item":"https:\/\/www.guerini.it\/index.php\/negozio\/"},{"@type":"ListItem","position":3,"name":"Motivati si diventa"}]},{"@type":"WebSite","@id":"https:\/\/www.guerini.it\/#website","url":"https:\/\/www.guerini.it\/","name":"Guerini e Associati","description":"30 anni di libri, idee e libert\u00e0","publisher":{"@id":"https:\/\/www.guerini.it\/#organization"},"potentialAction":[{"@type":"SearchAction","target":{"@type":"EntryPoint","urlTemplate":"https:\/\/www.guerini.it\/?s={search_term_string}"},"query-input":{"@type":"PropertyValueSpecification","valueRequired":true,"valueName":"search_term_string"}}],"inLanguage":"it-IT"},{"@type":"Organization","@id":"https:\/\/www.guerini.it\/#organization","name":"Guerini e Associati","url":"https:\/\/www.guerini.it\/","logo":{"@type":"ImageObject","inLanguage":"it-IT","@id":"https:\/\/www.guerini.it\/#\/schema\/logo\/image\/","url":"https:\/\/www.guerini.it\/wp-content\/uploads\/2021\/03\/Logo-Guerini-OK_-e1615831292285.png","contentUrl":"https:\/\/www.guerini.it\/wp-content\/uploads\/2021\/03\/Logo-Guerini-OK_-e1615831292285.png","width":2805,"height":1870,"caption":"Guerini e Associati"},"image":{"@id":"https:\/\/www.guerini.it\/#\/schema\/logo\/image\/"}}]}},"_links":{"self":[{"href":"https:\/\/www.guerini.it\/index.php\/wp-json\/wp\/v2\/product\/25362","targetHints":{"allow":["GET"]}}],"collection":[{"href":"https:\/\/www.guerini.it\/index.php\/wp-json\/wp\/v2\/product"}],"about":[{"href":"https:\/\/www.guerini.it\/index.php\/wp-json\/wp\/v2\/types\/product"}],"wp:featuredmedia":[{"embeddable":true,"href":"https:\/\/www.guerini.it\/index.php\/wp-json\/wp\/v2\/media\/25363"}],"wp:attachment":[{"href":"https:\/\/www.guerini.it\/index.php\/wp-json\/wp\/v2\/media?parent=25362"}],"wp:term":[{"taxonomy":"product_brand","embeddable":true,"href":"https:\/\/www.guerini.it\/index.php\/wp-json\/wp\/v2\/product_brand?post=25362"},{"taxonomy":"product_cat","embeddable":true,"href":"https:\/\/www.guerini.it\/index.php\/wp-json\/wp\/v2\/product_cat?post=25362"},{"taxonomy":"product_tag","embeddable":true,"href":"https:\/\/www.guerini.it\/index.php\/wp-json\/wp\/v2\/product_tag?post=25362"}],"curies":[{"name":"wp","href":"https:\/\/api.w.org\/{rel}","templated":true}]}}