{"id":25410,"date":"2025-03-21T15:53:21","date_gmt":"2025-03-21T14:53:21","guid":{"rendered":"https:\/\/www.guerini.it\/?post_type=product&#038;p=25410"},"modified":"2025-06-13T09:50:17","modified_gmt":"2025-06-13T07:50:17","slug":"lera-della-diseducazione-finanziaria","status":"publish","type":"product","link":"https:\/\/www.guerini.it\/index.php\/prodotto\/lera-della-diseducazione-finanziaria\/","title":{"rendered":"L&#8217;era della (dis)educazione finanziaria"},"content":{"rendered":"<p style=\"text-align: justify;\">Oggi investiamo in strumenti finanziari che fino a poco tempo fa erano riservati agli esperti. Sui nostri dispositivi arrivano continuamente notizie, dati e previsioni sui mercati. Ma in questa apparente \u00abdemocratizzazione\u00bb della finanza, abbiamo davvero consapevolezza delle scelte che facciamo con i nostri soldi?<br \/>\nQuesto libro propone un approccio originale all\u2019educazione finanziaria, recentemente introdotta anche nelle scuole: prima di acquisire nuove conoscenze finanziarie \u00e8 necessario un processo di \u00abdis-educazione\u00bb per liberarci dai pregiudizi e dalle abitudini mentali che inconsapevolmente ne ostacolano un efficace apprendimento.<br \/>\nGli autori, combinando teoria e esperienza pratica, ci offrono un percorso che sfida le convenzioni tradizionali, presentando modelli concettuali come la <em>Financial Information Taxonomy<\/em>, un metodo per filtrare e dare senso alle informazioni finanziarie che ci raggiungono ogni giorno, e il modello 4R\u00ae che dimostra come una maggiore consapevolezza finanziaria possa migliorare il rapporto tra clienti e istituzioni finanziarie con vantaggi per entrambi.<br \/>\nNon un semplice manuale tecnico quindi, ma una guida che mira a rendere l\u2019educazione finanziaria una componente naturale della vita di tutti i giorni, accessibile e capace di migliorare concretamente le nostre quotidiane decisioni economiche.<\/p>\n<hr \/>\n<p style=\"text-align: justify;\"><strong>Fabrizio Pirolli<\/strong>, romano, classe 1966, \u00e8 un professionista della formazione che da tempo si occupa di processi educativi, in particolare di apprendimento degli adulti. Ha ricoperto ruoli di responsabilit\u00e0 nelle principali reti di consulenza finanziaria italiane.<\/p>\n<p style=\"text-align: justify;\"><strong>Pier Tommaso Trastulli<\/strong> si \u00e8 sempre dedicato alla clientela privata; entrato nel 1991 in una cassa di risparmio, dal 2007 \u00e8 consulente finanziario: prima in una prestigiosa realt\u00e0 nazionale ed ora in uno dei principali gruppi europei. \u00c9 laureato in Giurisprudenza.<\/p>\n<p style=\"text-align: justify;\">Dal 2021 entrambi pubblicano contributi mensili di educazione finanziaria su autorevoli riviste di settore.<\/p>\n","protected":false},"excerpt":{"rendered":"<p>Oggi investiamo in strumenti finanziari che fino a poco tempo fa erano riservati agli esperti. Sui nostri dispositivi arrivano continuamente notizie, dati e previsioni sui mercati. Ma in questa apparente [&hellip;]<\/p>\n","protected":false},"featured_media":25411,"template":"","meta":{"_editorskit_title_hidden":false,"_editorskit_reading_time":0,"_editorskit_is_block_options_detached":false,"_editorskit_block_options_position":"{}","_monsterinsights_skip_tracking":false,"_monsterinsights_sitenote_active":false,"_monsterinsights_sitenote_note":"","_monsterinsights_sitenote_category":0},"product_brand":[],"product_cat":[6805,12530],"product_tag":[12284,12329,7054],"class_list":{"0":"post-25410","1":"product","2":"type-product","3":"status-publish","4":"has-post-thumbnail","6":"product_cat-guerini-next","7":"product_cat-strategia-e-gestione-delle-istituzioni-finanziarie","8":"product_tag-economia-e-management","9":"product_tag-educazione-finanziaria","10":"product_tag-investimenti","11":"pa_guerini_amazon_link-https-www-amazon-it-lera-della-dis-educazione-finanziaria-dp-8868965852","12":"pa_guerini_feltrinelli_link-https-www-lafeltrinelli-it-era-della-diseducazione-finanziaria-sfida-libro-fabrizio-pirolli-pier-tommaso-trastulli-e-9788868965853","13":"pa_guerini_ibs_link-https-www-ibs-it-era-della-diseducazione-finanziaria-sfida-libro-fabrizio-pirolli-pier-tommaso-trastulli-e-9788868965853","14":"pa_guerini_libruniver_link-https-www-libreriauniversitaria-it-era-dis-educazione-finanziaria-sfida-libro-9788868965853","15":"pa_guerini_mondadori_link-https-www-mondadoristore-it-l-era-della-diseducazione-finanziaria-una-sfida-per-individui-istituzioni-intermediari-eai978886896585","17":"first","18":"instock","19":"sale","20":"shipping-taxable","21":"purchasable","22":"product-type-simple"},"yoast_head":"<!-- This site is optimized with the Yoast SEO plugin v25.4 - https:\/\/yoast.com\/wordpress\/plugins\/seo\/ -->\n<title>F. Pirolli e P. T. Trastulli, L&#039;era della (dis)educazione finanziaria - Guerini editore<\/title>\n<meta name=\"description\" content=\"Un libro che mira a rendere l\u2019educazione finanziaria una componente naturale della quotidianit\u00e0, capace di migliorare le nostre decisioni economiche.\" \/>\n<meta name=\"robots\" content=\"index, follow, max-snippet:-1, max-image-preview:large, max-video-preview:-1\" \/>\n<link rel=\"canonical\" href=\"https:\/\/www.guerini.it\/index.php\/prodotto\/lera-della-diseducazione-finanziaria\/\" \/>\n<meta property=\"og:locale\" content=\"it_IT\" \/>\n<meta property=\"og:type\" content=\"article\" \/>\n<meta property=\"og:title\" content=\"F. Pirolli e P. T. Trastulli, L&#039;era della (dis)educazione finanziaria - Guerini editore\" \/>\n<meta property=\"og:description\" content=\"Un libro che mira a rendere l\u2019educazione finanziaria una componente naturale della quotidianit\u00e0, capace di migliorare le nostre decisioni economiche.\" \/>\n<meta property=\"og:url\" content=\"https:\/\/www.guerini.it\/index.php\/prodotto\/lera-della-diseducazione-finanziaria\/\" \/>\n<meta property=\"og:site_name\" content=\"Guerini e Associati\" \/>\n<meta property=\"article:modified_time\" content=\"2025-06-13T07:50:17+00:00\" \/>\n<meta property=\"og:image\" content=\"https:\/\/www.guerini.it\/wp-content\/uploads\/2025\/03\/LERA-DELLA-DISEDUCAZIONE-FINANZIARIA-9788868965853.webp\" \/>\n\t<meta property=\"og:image:width\" content=\"643\" \/>\n\t<meta property=\"og:image:height\" content=\"1000\" \/>\n\t<meta property=\"og:image:type\" content=\"image\/webp\" \/>\n<meta name=\"twitter:card\" content=\"summary_large_image\" \/>\n<meta name=\"twitter:label1\" content=\"Tempo di lettura stimato\" \/>\n\t<meta name=\"twitter:data1\" content=\"2 minuti\" \/>\n<!-- \/ Yoast SEO plugin. -->","yoast_head_json":{"title":"F. Pirolli e P. T. Trastulli, L'era della (dis)educazione finanziaria - Guerini editore","description":"Un libro che mira a rendere l\u2019educazione finanziaria una componente naturale della quotidianit\u00e0, capace di migliorare le nostre decisioni economiche.","robots":{"index":"index","follow":"follow","max-snippet":"max-snippet:-1","max-image-preview":"max-image-preview:large","max-video-preview":"max-video-preview:-1"},"canonical":"https:\/\/www.guerini.it\/index.php\/prodotto\/lera-della-diseducazione-finanziaria\/","og_locale":"it_IT","og_type":"article","og_title":"F. Pirolli e P. T. Trastulli, L'era della (dis)educazione finanziaria - Guerini editore","og_description":"Un libro che mira a rendere l\u2019educazione finanziaria una componente naturale della quotidianit\u00e0, capace di migliorare le nostre decisioni economiche.","og_url":"https:\/\/www.guerini.it\/index.php\/prodotto\/lera-della-diseducazione-finanziaria\/","og_site_name":"Guerini e Associati","article_modified_time":"2025-06-13T07:50:17+00:00","og_image":[{"width":643,"height":1000,"url":"https:\/\/www.guerini.it\/wp-content\/uploads\/2025\/03\/LERA-DELLA-DISEDUCAZIONE-FINANZIARIA-9788868965853.webp","type":"image\/webp"}],"twitter_card":"summary_large_image","twitter_misc":{"Tempo di lettura stimato":"2 minuti"},"schema":{"@context":"https:\/\/schema.org","@graph":[{"@type":"WebPage","@id":"https:\/\/www.guerini.it\/index.php\/prodotto\/lera-della-diseducazione-finanziaria\/","url":"https:\/\/www.guerini.it\/index.php\/prodotto\/lera-della-diseducazione-finanziaria\/","name":"F. Pirolli e P. T. Trastulli, L'era della (dis)educazione finanziaria - Guerini editore","isPartOf":{"@id":"https:\/\/www.guerini.it\/#website"},"primaryImageOfPage":{"@id":"https:\/\/www.guerini.it\/index.php\/prodotto\/lera-della-diseducazione-finanziaria\/#primaryimage"},"image":{"@id":"https:\/\/www.guerini.it\/index.php\/prodotto\/lera-della-diseducazione-finanziaria\/#primaryimage"},"thumbnailUrl":"https:\/\/www.guerini.it\/wp-content\/uploads\/2025\/03\/LERA-DELLA-DISEDUCAZIONE-FINANZIARIA-9788868965853.webp","datePublished":"2025-03-21T14:53:21+00:00","dateModified":"2025-06-13T07:50:17+00:00","description":"Un libro che mira a rendere l\u2019educazione finanziaria una componente naturale della quotidianit\u00e0, capace di migliorare le nostre decisioni economiche.","breadcrumb":{"@id":"https:\/\/www.guerini.it\/index.php\/prodotto\/lera-della-diseducazione-finanziaria\/#breadcrumb"},"inLanguage":"it-IT","potentialAction":[{"@type":"ReadAction","target":["https:\/\/www.guerini.it\/index.php\/prodotto\/lera-della-diseducazione-finanziaria\/"]}]},{"@type":"ImageObject","inLanguage":"it-IT","@id":"https:\/\/www.guerini.it\/index.php\/prodotto\/lera-della-diseducazione-finanziaria\/#primaryimage","url":"https:\/\/www.guerini.it\/wp-content\/uploads\/2025\/03\/LERA-DELLA-DISEDUCAZIONE-FINANZIARIA-9788868965853.webp","contentUrl":"https:\/\/www.guerini.it\/wp-content\/uploads\/2025\/03\/LERA-DELLA-DISEDUCAZIONE-FINANZIARIA-9788868965853.webp","width":643,"height":1000,"caption":"Front cover di F. Pirolli e P. T. Trastulli, L'era della (dis)educazione finanziaria, Guerini Next, 2025"},{"@type":"BreadcrumbList","@id":"https:\/\/www.guerini.it\/index.php\/prodotto\/lera-della-diseducazione-finanziaria\/#breadcrumb","itemListElement":[{"@type":"ListItem","position":1,"name":"Home","item":"https:\/\/www.guerini.it\/"},{"@type":"ListItem","position":2,"name":"Catalogo","item":"https:\/\/www.guerini.it\/index.php\/negozio\/"},{"@type":"ListItem","position":3,"name":"L&#8217;era della (dis)educazione finanziaria"}]},{"@type":"WebSite","@id":"https:\/\/www.guerini.it\/#website","url":"https:\/\/www.guerini.it\/","name":"Guerini e Associati","description":"30 anni di libri, idee e libert\u00e0","publisher":{"@id":"https:\/\/www.guerini.it\/#organization"},"potentialAction":[{"@type":"SearchAction","target":{"@type":"EntryPoint","urlTemplate":"https:\/\/www.guerini.it\/?s={search_term_string}"},"query-input":{"@type":"PropertyValueSpecification","valueRequired":true,"valueName":"search_term_string"}}],"inLanguage":"it-IT"},{"@type":"Organization","@id":"https:\/\/www.guerini.it\/#organization","name":"Guerini e Associati","url":"https:\/\/www.guerini.it\/","logo":{"@type":"ImageObject","inLanguage":"it-IT","@id":"https:\/\/www.guerini.it\/#\/schema\/logo\/image\/","url":"https:\/\/www.guerini.it\/wp-content\/uploads\/2021\/03\/Logo-Guerini-OK_-e1615831292285.png","contentUrl":"https:\/\/www.guerini.it\/wp-content\/uploads\/2021\/03\/Logo-Guerini-OK_-e1615831292285.png","width":2805,"height":1870,"caption":"Guerini e Associati"},"image":{"@id":"https:\/\/www.guerini.it\/#\/schema\/logo\/image\/"}}]}},"_links":{"self":[{"href":"https:\/\/www.guerini.it\/index.php\/wp-json\/wp\/v2\/product\/25410","targetHints":{"allow":["GET"]}}],"collection":[{"href":"https:\/\/www.guerini.it\/index.php\/wp-json\/wp\/v2\/product"}],"about":[{"href":"https:\/\/www.guerini.it\/index.php\/wp-json\/wp\/v2\/types\/product"}],"wp:featuredmedia":[{"embeddable":true,"href":"https:\/\/www.guerini.it\/index.php\/wp-json\/wp\/v2\/media\/25411"}],"wp:attachment":[{"href":"https:\/\/www.guerini.it\/index.php\/wp-json\/wp\/v2\/media?parent=25410"}],"wp:term":[{"taxonomy":"product_brand","embeddable":true,"href":"https:\/\/www.guerini.it\/index.php\/wp-json\/wp\/v2\/product_brand?post=25410"},{"taxonomy":"product_cat","embeddable":true,"href":"https:\/\/www.guerini.it\/index.php\/wp-json\/wp\/v2\/product_cat?post=25410"},{"taxonomy":"product_tag","embeddable":true,"href":"https:\/\/www.guerini.it\/index.php\/wp-json\/wp\/v2\/product_tag?post=25410"}],"curies":[{"name":"wp","href":"https:\/\/api.w.org\/{rel}","templated":true}]}}