{"id":25549,"date":"2025-05-19T14:28:51","date_gmt":"2025-05-19T12:28:51","guid":{"rendered":"https:\/\/www.guerini.it\/?post_type=product&#038;p=25549"},"modified":"2025-06-06T11:36:13","modified_gmt":"2025-06-06T09:36:13","slug":"dante-e-la-leadership","status":"publish","type":"product","link":"https:\/\/www.guerini.it\/index.php\/prodotto\/dante-e-la-leadership\/","title":{"rendered":"Dante e la leadership"},"content":{"rendered":"<p style=\"text-align: justify;\">Come puoi avere il successo che desideri nella tua vita? \u00c8 importante che tu abbia ben chiaro ci\u00f2 che ti d\u00e0 gioia mettendoci l\u2019impegno necessario per raggiungere i tuoi obiettivi e sviluppando la capacit\u00e0 di rialzarti e superare i momenti difficili. Questo libro ti dice esattamente come farlo. \u00c8 un libro che ti trasforma mentre lo leggi.<\/p>\n<p style=\"text-align: justify;\"><em>Nel loro meraviglioso libro, Francesco Filippelli e Sandra Astuti invitano i lettori a intraprendere un piacevole viaggio alla scoperta di s\u00e9 tra i famosi monumenti fiorentini. Passeggiate per le strade di Firenze con Leonardo e Dante, lasciatevi ispirare da racconti illuminanti di crescita personale e professionale e scegliete di vivere una vita di gioia, resilienza e successo.<\/em><br \/>\nKen Blanchard, coautore di <em>The New One Minute Manager<\/em><\/p>\n<hr \/>\n<p style=\"text-align: justify;\"><strong>Francesco Filippelli<\/strong> \u00e8 un ingegnere che ha costruito la sua carriera ai vertici di aziende tecnologiche. \u00c8 stato direttore generale in varie aziende e oggi \u00e8 vicepresidente in una multinazionale americana. La passione per la leadership \u00e8 nata affrontando sfide manageriali rilevanti e si \u00e8 consolidata con formazione d\u2019eccellenza presso il MIT, la Bocconi e la London School of Economics. \u00c8 un mentore di esperienza che affianca giovani leader e professionisti, offrendo ispirazione e visione strategica. \u00c8 membro del Comitato di Indirizzo della <a href=\"https:\/\/www.dief.unifi.it\/\">Facolt\u00e0 di Ingegneria Industriale<\/a> di Firenze.<\/p>\n<p style=\"text-align: justify;\"><strong>Sandra Astuti<\/strong> \u00e8 un consulente legale, executive e business coach aziendale, specializzata nello sviluppo delle competenze e nel team building. Il suo lavoro si concentra sul potenziamento della comunicazione, della leadership e sul miglioramento dei processi aziendali fornendo strumenti concreti. Affianca la direzione aziendale nei percorsi di cambiamento, riorganizzazione aziendale e consolidamento della cultura d\u2019impresa con un approccio integrato che unisce consulenza strategica, mentoring e formazione.<\/p>\n","protected":false},"excerpt":{"rendered":"<p>Come puoi avere il successo che desideri nella tua vita? \u00c8 importante che tu abbia ben chiaro ci\u00f2 che ti d\u00e0 gioia mettendoci l\u2019impegno necessario per raggiungere i tuoi obiettivi [&hellip;]<\/p>\n","protected":false},"featured_media":25550,"template":"","meta":{"_editorskit_title_hidden":false,"_editorskit_reading_time":0,"_editorskit_is_block_options_detached":false,"_editorskit_block_options_position":"{}","_monsterinsights_skip_tracking":false,"_monsterinsights_sitenote_active":false,"_monsterinsights_sitenote_note":"","_monsterinsights_sitenote_category":0},"product_brand":[],"product_cat":[6805,6728],"product_tag":[7474,10713,7020,6967,12480,12158,6802,7081],"class_list":{"0":"post-25549","1":"product","2":"type-product","3":"status-publish","4":"has-post-thumbnail","6":"product_cat-guerini-next","7":"product_cat-ultime_novita","8":"product_tag-coaching","9":"product_tag-crescita-personale","10":"product_tag-formazione","11":"product_tag-leadership","12":"product_tag-mindset","13":"product_tag-motivazione","14":"product_tag-risorse-umane","15":"product_tag-soft-skills","16":"pa_guerini_amazon_link-https-www-amazon-it-dante-leadership-storie-crescita-firenze-dp-8868966069","17":"pa_guerini_feltrinelli_link-https-www-lafeltrinelli-it-dante-leadership-storie-di-crescita-libro-francesco-filippelli-sandra-astuti-e-9788868966065queryidac561d78ef51ece9b9883a771c35da0b","18":"pa_guerini_ibs_link-https-www-ibs-it-dante-leadership-storie-di-crescita-libro-francesco-filippelli-sandra-astuti-e-9788868966065queryidfcaedaf4c4b94900f67210ec952deee8","19":"pa_guerini_libruniver_link-https-www-libreriauniversitaria-it-dante-leadership-storie-crescita-vie-libro-9788868966065","20":"pa_guerini_mondadori_link-https-www-mondadoristore-it-dante-e-la-leadership-storie-di-crescita-per-le-vie-di-firenze-universita-e-professioni-sandra-astuti-francesco-filippelli-p-9788868966065","22":"first","23":"instock","24":"sale","25":"shipping-taxable","26":"purchasable","27":"product-type-simple"},"yoast_head":"<!-- This site is optimized with the Yoast SEO plugin v25.4 - https:\/\/yoast.com\/wordpress\/plugins\/seo\/ -->\n<title>Dante e la leadership - Guerini e Associati<\/title>\n<meta name=\"description\" content=\"Un viaggio tra le strade di Firenze accompagnati da Leonardo e Dante e racconti illuminanti di crescita personale e professionale.\" \/>\n<meta name=\"robots\" content=\"index, follow, max-snippet:-1, max-image-preview:large, max-video-preview:-1\" \/>\n<link rel=\"canonical\" href=\"https:\/\/www.guerini.it\/index.php\/prodotto\/dante-e-la-leadership\/\" \/>\n<meta property=\"og:locale\" content=\"it_IT\" \/>\n<meta property=\"og:type\" content=\"article\" \/>\n<meta property=\"og:title\" content=\"Dante e la leadership - Guerini e Associati\" \/>\n<meta property=\"og:description\" content=\"Un viaggio tra le strade di Firenze accompagnati da Leonardo e Dante e racconti illuminanti di crescita personale e professionale.\" \/>\n<meta property=\"og:url\" content=\"https:\/\/www.guerini.it\/index.php\/prodotto\/dante-e-la-leadership\/\" \/>\n<meta property=\"og:site_name\" content=\"Guerini e Associati\" \/>\n<meta property=\"article:modified_time\" content=\"2025-06-06T09:36:13+00:00\" \/>\n<meta property=\"og:image\" content=\"https:\/\/www.guerini.it\/wp-content\/uploads\/2025\/05\/DANTE-E-LA-LEADERSHIP9788868966065.webp\" \/>\n\t<meta property=\"og:image:width\" content=\"643\" \/>\n\t<meta property=\"og:image:height\" content=\"1000\" \/>\n\t<meta property=\"og:image:type\" content=\"image\/webp\" \/>\n<meta name=\"twitter:card\" content=\"summary_large_image\" \/>\n<meta name=\"twitter:label1\" content=\"Tempo di lettura stimato\" \/>\n\t<meta name=\"twitter:data1\" content=\"2 minuti\" \/>\n<!-- \/ Yoast SEO plugin. -->","yoast_head_json":{"title":"Dante e la leadership - Guerini e Associati","description":"Un viaggio tra le strade di Firenze accompagnati da Leonardo e Dante e racconti illuminanti di crescita personale e professionale.","robots":{"index":"index","follow":"follow","max-snippet":"max-snippet:-1","max-image-preview":"max-image-preview:large","max-video-preview":"max-video-preview:-1"},"canonical":"https:\/\/www.guerini.it\/index.php\/prodotto\/dante-e-la-leadership\/","og_locale":"it_IT","og_type":"article","og_title":"Dante e la leadership - Guerini e Associati","og_description":"Un viaggio tra le strade di Firenze accompagnati da Leonardo e Dante e racconti illuminanti di crescita personale e professionale.","og_url":"https:\/\/www.guerini.it\/index.php\/prodotto\/dante-e-la-leadership\/","og_site_name":"Guerini e Associati","article_modified_time":"2025-06-06T09:36:13+00:00","og_image":[{"width":643,"height":1000,"url":"https:\/\/www.guerini.it\/wp-content\/uploads\/2025\/05\/DANTE-E-LA-LEADERSHIP9788868966065.webp","type":"image\/webp"}],"twitter_card":"summary_large_image","twitter_misc":{"Tempo di lettura stimato":"2 minuti"},"schema":{"@context":"https:\/\/schema.org","@graph":[{"@type":"WebPage","@id":"https:\/\/www.guerini.it\/index.php\/prodotto\/dante-e-la-leadership\/","url":"https:\/\/www.guerini.it\/index.php\/prodotto\/dante-e-la-leadership\/","name":"Dante e la leadership - Guerini e Associati","isPartOf":{"@id":"https:\/\/www.guerini.it\/#website"},"primaryImageOfPage":{"@id":"https:\/\/www.guerini.it\/index.php\/prodotto\/dante-e-la-leadership\/#primaryimage"},"image":{"@id":"https:\/\/www.guerini.it\/index.php\/prodotto\/dante-e-la-leadership\/#primaryimage"},"thumbnailUrl":"https:\/\/www.guerini.it\/wp-content\/uploads\/2025\/05\/DANTE-E-LA-LEADERSHIP9788868966065.webp","datePublished":"2025-05-19T12:28:51+00:00","dateModified":"2025-06-06T09:36:13+00:00","description":"Un viaggio tra le strade di Firenze accompagnati da Leonardo e Dante e racconti illuminanti di crescita personale e professionale.","breadcrumb":{"@id":"https:\/\/www.guerini.it\/index.php\/prodotto\/dante-e-la-leadership\/#breadcrumb"},"inLanguage":"it-IT","potentialAction":[{"@type":"ReadAction","target":["https:\/\/www.guerini.it\/index.php\/prodotto\/dante-e-la-leadership\/"]}]},{"@type":"ImageObject","inLanguage":"it-IT","@id":"https:\/\/www.guerini.it\/index.php\/prodotto\/dante-e-la-leadership\/#primaryimage","url":"https:\/\/www.guerini.it\/wp-content\/uploads\/2025\/05\/DANTE-E-LA-LEADERSHIP9788868966065.webp","contentUrl":"https:\/\/www.guerini.it\/wp-content\/uploads\/2025\/05\/DANTE-E-LA-LEADERSHIP9788868966065.webp","width":643,"height":1000,"caption":"Front cover di F. Filippelli, S. Astuti, Dante e la leadership, Guerini Next, 2025"},{"@type":"BreadcrumbList","@id":"https:\/\/www.guerini.it\/index.php\/prodotto\/dante-e-la-leadership\/#breadcrumb","itemListElement":[{"@type":"ListItem","position":1,"name":"Home","item":"https:\/\/www.guerini.it\/"},{"@type":"ListItem","position":2,"name":"Catalogo","item":"https:\/\/www.guerini.it\/index.php\/negozio\/"},{"@type":"ListItem","position":3,"name":"Dante e la leadership"}]},{"@type":"WebSite","@id":"https:\/\/www.guerini.it\/#website","url":"https:\/\/www.guerini.it\/","name":"Guerini e Associati","description":"30 anni di libri, idee e libert\u00e0","publisher":{"@id":"https:\/\/www.guerini.it\/#organization"},"potentialAction":[{"@type":"SearchAction","target":{"@type":"EntryPoint","urlTemplate":"https:\/\/www.guerini.it\/?s={search_term_string}"},"query-input":{"@type":"PropertyValueSpecification","valueRequired":true,"valueName":"search_term_string"}}],"inLanguage":"it-IT"},{"@type":"Organization","@id":"https:\/\/www.guerini.it\/#organization","name":"Guerini e Associati","url":"https:\/\/www.guerini.it\/","logo":{"@type":"ImageObject","inLanguage":"it-IT","@id":"https:\/\/www.guerini.it\/#\/schema\/logo\/image\/","url":"https:\/\/www.guerini.it\/wp-content\/uploads\/2021\/03\/Logo-Guerini-OK_-e1615831292285.png","contentUrl":"https:\/\/www.guerini.it\/wp-content\/uploads\/2021\/03\/Logo-Guerini-OK_-e1615831292285.png","width":2805,"height":1870,"caption":"Guerini e Associati"},"image":{"@id":"https:\/\/www.guerini.it\/#\/schema\/logo\/image\/"}}]}},"_links":{"self":[{"href":"https:\/\/www.guerini.it\/index.php\/wp-json\/wp\/v2\/product\/25549","targetHints":{"allow":["GET"]}}],"collection":[{"href":"https:\/\/www.guerini.it\/index.php\/wp-json\/wp\/v2\/product"}],"about":[{"href":"https:\/\/www.guerini.it\/index.php\/wp-json\/wp\/v2\/types\/product"}],"wp:featuredmedia":[{"embeddable":true,"href":"https:\/\/www.guerini.it\/index.php\/wp-json\/wp\/v2\/media\/25550"}],"wp:attachment":[{"href":"https:\/\/www.guerini.it\/index.php\/wp-json\/wp\/v2\/media?parent=25549"}],"wp:term":[{"taxonomy":"product_brand","embeddable":true,"href":"https:\/\/www.guerini.it\/index.php\/wp-json\/wp\/v2\/product_brand?post=25549"},{"taxonomy":"product_cat","embeddable":true,"href":"https:\/\/www.guerini.it\/index.php\/wp-json\/wp\/v2\/product_cat?post=25549"},{"taxonomy":"product_tag","embeddable":true,"href":"https:\/\/www.guerini.it\/index.php\/wp-json\/wp\/v2\/product_tag?post=25549"}],"curies":[{"name":"wp","href":"https:\/\/api.w.org\/{rel}","templated":true}]}}