{"id":25622,"date":"2025-06-24T10:22:28","date_gmt":"2025-06-24T08:22:28","guid":{"rendered":"https:\/\/www.guerini.it\/?post_type=product&#038;p=25622"},"modified":"2025-10-13T16:04:06","modified_gmt":"2025-10-13T14:04:06","slug":"a-spasso-con-lucy","status":"publish","type":"product","link":"https:\/\/www.guerini.it\/index.php\/prodotto\/a-spasso-con-lucy\/","title":{"rendered":"A spasso con Lucy"},"content":{"rendered":"<p style=\"text-align: justify;\">Cosa mangiavamo tre milioni di anni fa? E perch\u00e9 ci\u00f2 che mangiamo oggi \u00e8 cos\u00ec discusso? In questo viaggio tra evoluzione, scienza e cultura alimentare, \u00e8 Lucy &#8211; la nostra antenata australopiteca &#8211; a guidarci alla scoperta del ruolo che la carne ha avuto nello sviluppo umano e del dibattito attuale sul suo consumo. Con un linguaggio accessibile e rigoroso, il testo affronta le sfide ambientali, etiche e nutrizionali legate alla produzione di proteine animali, superando ideologie e semplificazioni. Dalle proteine al benessere animale, dalla zootecnia rigenerativa alla sicurezza alimentare, fino al ruolo della carne all&#8217;interno della Dieta Mediterranea, il libro promuove un&#8217;alimentazione equilibrata, consapevole e sostenibile. Un racconto critico e documentato che invita il lettore a riflettere, conoscere e scegliere con libert\u00e0 e responsabilit\u00e0.<\/p>\n<hr \/>\n<p style=\"text-align: justify;\"><strong>Pietro Paganini<\/strong> \u00e8 analista e divulgatore socioeconomico e (geo)politico con esperienza nel contesto globale. \u00c8 il fondatore e Curiosity Officer di <a href=\"https:\/\/www.competere.eu\/\">Competere.eu<\/a>, un istituto impegnato nelle politiche di innovazione e sostenibilit\u00e0. Collabora con imprese, governi e istituzioni internazionali. \u00c8 Editorial Board Member della rivista The Oil Palm Industry Economic Journal. Scrive e ha pubblicato per quotidiani e piattaforme nazionali e internazionali come il <a href=\"https:\/\/www.corriere.it\/\">Corriere della Sera<\/a>, il Wall Street lournal e <a href=\"https:\/\/www.ilsole24ore.com\/\">Il Sole 24 Ore<\/a>. \u00c8 professore aggiunto in Business Administration presso la Fox School of Business alla Temple University di Philadelphia.<\/p>\n<p style=\"text-align: justify;\"><strong>Carola Macagno<\/strong> \u00e8 Project Manager presso Competere &#8211; Policies for Sustainable Development, dove coordina attivit\u00e0 di ricerca, comunicazione e advocacy su temi legati all&#8217;innovazione nelle politiche pubbliche, con un focus particolare su agroalimentare, salute pubblica e sviluppo di sistemi produttivi pi\u00f9 resilienti e sostenibili.<\/p>\n","protected":false},"excerpt":{"rendered":"<p>Cosa mangiavamo tre milioni di anni fa? E perch\u00e9 ci\u00f2 che mangiamo oggi \u00e8 cos\u00ec discusso? In questo viaggio tra evoluzione, scienza e cultura alimentare, \u00e8 Lucy &#8211; la nostra [&hellip;]<\/p>\n","protected":false},"featured_media":25623,"template":"","meta":{"_editorskit_title_hidden":false,"_editorskit_reading_time":0,"_editorskit_is_block_options_detached":false,"_editorskit_block_options_position":"{}","_monsterinsights_skip_tracking":false,"_monsterinsights_sitenote_active":false,"_monsterinsights_sitenote_note":"","_monsterinsights_sitenote_category":0},"product_brand":[],"product_cat":[6806],"product_tag":[12560,12563,12564,12565,12561,12562,6754],"class_list":{"0":"post-25622","1":"product","2":"type-product","3":"status-publish","4":"has-post-thumbnail","6":"product_cat-senza-categoria","7":"product_tag-alimentazione-consapevole","8":"product_tag-carne","9":"product_tag-dieta-mediterranea","10":"product_tag-etica-alimentare","11":"product_tag-nutrizione","12":"product_tag-scienza-del-cibo","13":"product_tag-sostenibilita","14":"pa_guerini_amazon_link-https-www-amazon-it-spasso-mangiamo-parliamo-proteine-animali-dp-8862509650","15":"pa_guerini_feltrinelli_link-https-www-lafeltrinelli-it-a-spasso-con-lucy-perche-libro-vari-e-9788862509657","16":"pa_guerini_ibs_link-https-www-ibs-it-a-spasso-con-lucy-perche-libro-vari-e-9788862509657","17":"pa_guerini_libruniver_link-https-www-libreriauniversitaria-it-spasso-lucy-perche-mangiamo-parliamo-libro-9788862509657","18":"pa_guerini_mondadori_link-https-www-mondadoristore-it-a-spasso-con-lucy-perche-mangiamo-come-parliamo-virtu-e-valore-delle-proteine-animali-libro-p-9788862509657","20":"first","21":"instock","22":"sale","23":"shipping-taxable","24":"purchasable","25":"product-type-simple"},"yoast_head":"<!-- This site is optimized with the Yoast SEO plugin v25.4 - https:\/\/yoast.com\/wordpress\/plugins\/seo\/ -->\n<title>A spasso con Lucy, a cura di P. Paganini | Guerini Editore<\/title>\n<meta name=\"description\" content=\"Un libro che affronta le sfide ambientali, etiche e nutrizionali legate alla produzione di proteine animali, superando ideologie e semplificazioni.\" \/>\n<meta name=\"robots\" content=\"index, follow, max-snippet:-1, max-image-preview:large, max-video-preview:-1\" \/>\n<link rel=\"canonical\" href=\"https:\/\/www.guerini.it\/index.php\/prodotto\/a-spasso-con-lucy\/\" \/>\n<meta property=\"og:locale\" content=\"it_IT\" \/>\n<meta property=\"og:type\" content=\"article\" \/>\n<meta property=\"og:title\" content=\"A spasso con Lucy, a cura di P. Paganini | Guerini Editore\" \/>\n<meta property=\"og:description\" content=\"Un libro che affronta le sfide ambientali, etiche e nutrizionali legate alla produzione di proteine animali, superando ideologie e semplificazioni.\" \/>\n<meta property=\"og:url\" content=\"https:\/\/www.guerini.it\/index.php\/prodotto\/a-spasso-con-lucy\/\" \/>\n<meta property=\"og:site_name\" content=\"Guerini e Associati\" \/>\n<meta property=\"article:modified_time\" content=\"2025-10-13T14:04:06+00:00\" \/>\n<meta property=\"og:image\" content=\"https:\/\/www.guerini.it\/wp-content\/uploads\/2025\/06\/A-spasso-con-Lucy-9788862509657-scaled.webp\" \/>\n\t<meta property=\"og:image:width\" content=\"1835\" \/>\n\t<meta property=\"og:image:height\" content=\"2560\" \/>\n\t<meta property=\"og:image:type\" content=\"image\/webp\" \/>\n<meta name=\"twitter:card\" content=\"summary_large_image\" \/>\n<meta name=\"twitter:label1\" content=\"Tempo di lettura stimato\" \/>\n\t<meta name=\"twitter:data1\" content=\"2 minuti\" \/>\n<!-- \/ Yoast SEO plugin. -->","yoast_head_json":{"title":"A spasso con Lucy, a cura di P. Paganini | Guerini Editore","description":"Un libro che affronta le sfide ambientali, etiche e nutrizionali legate alla produzione di proteine animali, superando ideologie e semplificazioni.","robots":{"index":"index","follow":"follow","max-snippet":"max-snippet:-1","max-image-preview":"max-image-preview:large","max-video-preview":"max-video-preview:-1"},"canonical":"https:\/\/www.guerini.it\/index.php\/prodotto\/a-spasso-con-lucy\/","og_locale":"it_IT","og_type":"article","og_title":"A spasso con Lucy, a cura di P. Paganini | Guerini Editore","og_description":"Un libro che affronta le sfide ambientali, etiche e nutrizionali legate alla produzione di proteine animali, superando ideologie e semplificazioni.","og_url":"https:\/\/www.guerini.it\/index.php\/prodotto\/a-spasso-con-lucy\/","og_site_name":"Guerini e Associati","article_modified_time":"2025-10-13T14:04:06+00:00","og_image":[{"width":1835,"height":2560,"url":"https:\/\/www.guerini.it\/wp-content\/uploads\/2025\/06\/A-spasso-con-Lucy-9788862509657-scaled.webp","type":"image\/webp"}],"twitter_card":"summary_large_image","twitter_misc":{"Tempo di lettura stimato":"2 minuti"},"schema":{"@context":"https:\/\/schema.org","@graph":[{"@type":"WebPage","@id":"https:\/\/www.guerini.it\/index.php\/prodotto\/a-spasso-con-lucy\/","url":"https:\/\/www.guerini.it\/index.php\/prodotto\/a-spasso-con-lucy\/","name":"A spasso con Lucy, a cura di P. Paganini | Guerini Editore","isPartOf":{"@id":"https:\/\/www.guerini.it\/#website"},"primaryImageOfPage":{"@id":"https:\/\/www.guerini.it\/index.php\/prodotto\/a-spasso-con-lucy\/#primaryimage"},"image":{"@id":"https:\/\/www.guerini.it\/index.php\/prodotto\/a-spasso-con-lucy\/#primaryimage"},"thumbnailUrl":"https:\/\/www.guerini.it\/wp-content\/uploads\/2025\/06\/A-spasso-con-Lucy-9788862509657-scaled.webp","datePublished":"2025-06-24T08:22:28+00:00","dateModified":"2025-10-13T14:04:06+00:00","description":"Un libro che affronta le sfide ambientali, etiche e nutrizionali legate alla produzione di proteine animali, superando ideologie e semplificazioni.","breadcrumb":{"@id":"https:\/\/www.guerini.it\/index.php\/prodotto\/a-spasso-con-lucy\/#breadcrumb"},"inLanguage":"it-IT","potentialAction":[{"@type":"ReadAction","target":["https:\/\/www.guerini.it\/index.php\/prodotto\/a-spasso-con-lucy\/"]}]},{"@type":"ImageObject","inLanguage":"it-IT","@id":"https:\/\/www.guerini.it\/index.php\/prodotto\/a-spasso-con-lucy\/#primaryimage","url":"https:\/\/www.guerini.it\/wp-content\/uploads\/2025\/06\/A-spasso-con-Lucy-9788862509657-scaled.webp","contentUrl":"https:\/\/www.guerini.it\/wp-content\/uploads\/2025\/06\/A-spasso-con-Lucy-9788862509657-scaled.webp","width":1835,"height":2560,"caption":"A spasso con Lucy, a cura di P. Paganini, Guerini e Associati, 2025"},{"@type":"BreadcrumbList","@id":"https:\/\/www.guerini.it\/index.php\/prodotto\/a-spasso-con-lucy\/#breadcrumb","itemListElement":[{"@type":"ListItem","position":1,"name":"Home","item":"https:\/\/www.guerini.it\/"},{"@type":"ListItem","position":2,"name":"Catalogo","item":"https:\/\/www.guerini.it\/index.php\/negozio\/"},{"@type":"ListItem","position":3,"name":"A spasso con Lucy"}]},{"@type":"WebSite","@id":"https:\/\/www.guerini.it\/#website","url":"https:\/\/www.guerini.it\/","name":"Guerini e Associati","description":"30 anni di libri, idee e libert\u00e0","publisher":{"@id":"https:\/\/www.guerini.it\/#organization"},"potentialAction":[{"@type":"SearchAction","target":{"@type":"EntryPoint","urlTemplate":"https:\/\/www.guerini.it\/?s={search_term_string}"},"query-input":{"@type":"PropertyValueSpecification","valueRequired":true,"valueName":"search_term_string"}}],"inLanguage":"it-IT"},{"@type":"Organization","@id":"https:\/\/www.guerini.it\/#organization","name":"Guerini e Associati","url":"https:\/\/www.guerini.it\/","logo":{"@type":"ImageObject","inLanguage":"it-IT","@id":"https:\/\/www.guerini.it\/#\/schema\/logo\/image\/","url":"https:\/\/www.guerini.it\/wp-content\/uploads\/2021\/03\/Logo-Guerini-OK_-e1615831292285.png","contentUrl":"https:\/\/www.guerini.it\/wp-content\/uploads\/2021\/03\/Logo-Guerini-OK_-e1615831292285.png","width":2805,"height":1870,"caption":"Guerini e Associati"},"image":{"@id":"https:\/\/www.guerini.it\/#\/schema\/logo\/image\/"}}]}},"_links":{"self":[{"href":"https:\/\/www.guerini.it\/index.php\/wp-json\/wp\/v2\/product\/25622","targetHints":{"allow":["GET"]}}],"collection":[{"href":"https:\/\/www.guerini.it\/index.php\/wp-json\/wp\/v2\/product"}],"about":[{"href":"https:\/\/www.guerini.it\/index.php\/wp-json\/wp\/v2\/types\/product"}],"wp:featuredmedia":[{"embeddable":true,"href":"https:\/\/www.guerini.it\/index.php\/wp-json\/wp\/v2\/media\/25623"}],"wp:attachment":[{"href":"https:\/\/www.guerini.it\/index.php\/wp-json\/wp\/v2\/media?parent=25622"}],"wp:term":[{"taxonomy":"product_brand","embeddable":true,"href":"https:\/\/www.guerini.it\/index.php\/wp-json\/wp\/v2\/product_brand?post=25622"},{"taxonomy":"product_cat","embeddable":true,"href":"https:\/\/www.guerini.it\/index.php\/wp-json\/wp\/v2\/product_cat?post=25622"},{"taxonomy":"product_tag","embeddable":true,"href":"https:\/\/www.guerini.it\/index.php\/wp-json\/wp\/v2\/product_tag?post=25622"}],"curies":[{"name":"wp","href":"https:\/\/api.w.org\/{rel}","templated":true}]}}