{"id":25680,"date":"2025-07-24T18:25:01","date_gmt":"2025-07-24T16:25:01","guid":{"rendered":"https:\/\/www.guerini.it\/?post_type=product&#038;p=25680"},"modified":"2025-09-05T16:36:53","modified_gmt":"2025-09-05T14:36:53","slug":"la-tutorship-nella-formazione-sul-campo","status":"publish","type":"product","link":"https:\/\/www.guerini.it\/index.php\/prodotto\/la-tutorship-nella-formazione-sul-campo\/","title":{"rendered":"La Tutorship nella formazione sul campo"},"content":{"rendered":"<p style=\"text-align: justify;\">Negli ultimi anni abbiamo assistito a un\u2019accelerazione delle pratiche e delle innovazioni didattiche, anche grazie all\u2019uso delle tecnologie; ci\u00f2 \u00e8 accaduto sia nella formazione in aula e online sia nella formazione sul campo. Quest\u2019ultima rimane un aspetto cruciale per molti professionisti, tra i quali quelli della cura, che vivono nei tirocini e negli stage un aspetto fondamentale e irrinunciabile del loro percorso formativo, sia nella formazione di base e post-base sia nell\u2019aggiornamento continuo. L\u2019esercizio della riflessivit\u00e0 \u00e8 ormai un aspetto consolidato nei processi di apprendimento degli adulti e rappresenta un elemento cruciale per lo sviluppo delle competenze. Tuttavia la tutorship spesso si riduce a un modello da imitare, con limitati strumenti per facilitare l\u2019apprendimento riflessivo: in questo modo risulta difficile aiutare il formando a pensare determinate esperienze nella loro complessit\u00e0. Il testo si concentra sulle metodologie che possono facilitare l\u2019esercizio della tutorship nella formazione sul campo, indicando i modelli di apprendimento a esse sottesi, esempi applicativi e criticit\u00e0 ed \u00e8 rivolto a formatori, educatori e a tutte le figure coinvolte nei processi di apprendimento degli adulti in diversi contesti organizzativi che quotidianamente, e spesso silenziosamente, sono impegnate nel portare la formazione degli adulti verso traguardi pi\u00f9 alti.<\/p>\n<hr \/>\n<p style=\"text-align: justify;\"><strong>Lucia Zannini<\/strong> \u00e8 professore ordinario di Pedagogia generale e sociale presso l\u2019<a href=\"https:\/\/www.unimi.it\/it\">Universit\u00e0 degli Studi di Milano<\/a>, dove insegna in diversi corsi di laurea magistrali e triennali della Facolt\u00e0 di Medicina e Chirurgia. Da oltre trent\u2019anni si occupa di metodologie tutoriali di apprendimento e di formazione di formatori.<\/p>\n<p style=\"text-align: justify;\"><strong>Katia Daniele<\/strong> \u00e8 laureata magistrale in Scienze riabilitative e dottore di ricerca in Educazione nella societ\u00e0 contemporanea. Da diversi anni svolge attivit\u00e0 didattiche di Pedagogia generale e sociale nei corsi di laurea delle professioni mediche e sanitarie presso l\u2019Universit\u00e0 di Milano, dove \u00e8 titolare dell\u2019insegnamento di Tirocinio indiretto.<\/p>\n","protected":false},"excerpt":{"rendered":"<p>Negli ultimi anni abbiamo assistito a un\u2019accelerazione delle pratiche e delle innovazioni didattiche, anche grazie all\u2019uso delle tecnologie; ci\u00f2 \u00e8 accaduto sia nella formazione in aula e online sia nella [&hellip;]<\/p>\n","protected":false},"featured_media":25681,"template":"","meta":{"_editorskit_title_hidden":false,"_editorskit_reading_time":0,"_editorskit_is_block_options_detached":false,"_editorskit_block_options_position":"{}","_monsterinsights_skip_tracking":false,"_monsterinsights_sitenote_active":false,"_monsterinsights_sitenote_note":"","_monsterinsights_sitenote_category":0},"product_brand":[],"product_cat":[6672],"product_tag":[12584],"class_list":{"0":"post-25680","1":"product","2":"type-product","3":"status-publish","4":"has-post-thumbnail","6":"product_cat-processi-formativi-nuova-serie","7":"product_tag-psicologia-e-pedagogia","8":"pa_guerini_amazon_link-https-www-amazon-it-tutorship-formazione-campo-sguardo-pedagogico-dp-8881075008","9":"pa_guerini_feltrinelli_link-https-www-lafeltrinelli-it-tutorship-nella-formazione-sul-campo-libro-lucia-zannini-katia-daniele-e-9788881075003","10":"pa_guerini_ibs_link-https-www-ibs-it-tutorship-nella-formazione-sul-campo-libro-lucia-zannini-katia-daniele-e-9788881075003","11":"pa_guerini_libruniver_link-https-www-libreriauniversitaria-it-tutorship-formazione-campo-uno-sguardo-libro-9788881075003","12":"pa_guerini_mondadori_link-https-www-mondadoristore-it-la-tutorship-nella-formazione-sul-campo-uno-sguardo-pedagogico-p-9788881075003","14":"first","15":"instock","16":"sale","17":"shipping-taxable","18":"purchasable","19":"product-type-simple"},"yoast_head":"<!-- This site is optimized with the Yoast SEO plugin v25.4 - https:\/\/yoast.com\/wordpress\/plugins\/seo\/ -->\n<title>L. Zannini, K. Daniele, La Tutorship nella formazione sul campo<\/title>\n<meta name=\"description\" content=\"Il testo analizza le metodologie alla tutorship nella formazione sul campo, con modelli di apprendimento, esempi pratici e criticit\u00e0.\" \/>\n<meta name=\"robots\" content=\"index, follow, max-snippet:-1, max-image-preview:large, max-video-preview:-1\" \/>\n<link rel=\"canonical\" href=\"https:\/\/www.guerini.it\/index.php\/prodotto\/la-tutorship-nella-formazione-sul-campo\/\" \/>\n<meta property=\"og:locale\" content=\"it_IT\" \/>\n<meta property=\"og:type\" content=\"article\" \/>\n<meta property=\"og:title\" content=\"L. Zannini, K. Daniele, La Tutorship nella formazione sul campo\" \/>\n<meta property=\"og:description\" content=\"Il testo analizza le metodologie alla tutorship nella formazione sul campo, con modelli di apprendimento, esempi pratici e criticit\u00e0.\" \/>\n<meta property=\"og:url\" content=\"https:\/\/www.guerini.it\/index.php\/prodotto\/la-tutorship-nella-formazione-sul-campo\/\" \/>\n<meta property=\"og:site_name\" content=\"Guerini e Associati\" \/>\n<meta property=\"article:modified_time\" content=\"2025-09-05T14:36:53+00:00\" \/>\n<meta property=\"og:image\" content=\"https:\/\/www.guerini.it\/wp-content\/uploads\/2025\/07\/LA-TUTORSHIP-NELLA-FORMAZIONE-SUL-CAMPO_9788881075003.webp\" \/>\n\t<meta property=\"og:image:width\" content=\"643\" \/>\n\t<meta property=\"og:image:height\" content=\"1000\" \/>\n\t<meta property=\"og:image:type\" content=\"image\/webp\" \/>\n<meta name=\"twitter:card\" content=\"summary_large_image\" \/>\n<meta name=\"twitter:label1\" content=\"Tempo di lettura stimato\" \/>\n\t<meta name=\"twitter:data1\" content=\"2 minuti\" \/>\n<!-- \/ Yoast SEO plugin. -->","yoast_head_json":{"title":"L. Zannini, K. Daniele, La Tutorship nella formazione sul campo","description":"Il testo analizza le metodologie alla tutorship nella formazione sul campo, con modelli di apprendimento, esempi pratici e criticit\u00e0.","robots":{"index":"index","follow":"follow","max-snippet":"max-snippet:-1","max-image-preview":"max-image-preview:large","max-video-preview":"max-video-preview:-1"},"canonical":"https:\/\/www.guerini.it\/index.php\/prodotto\/la-tutorship-nella-formazione-sul-campo\/","og_locale":"it_IT","og_type":"article","og_title":"L. Zannini, K. Daniele, La Tutorship nella formazione sul campo","og_description":"Il testo analizza le metodologie alla tutorship nella formazione sul campo, con modelli di apprendimento, esempi pratici e criticit\u00e0.","og_url":"https:\/\/www.guerini.it\/index.php\/prodotto\/la-tutorship-nella-formazione-sul-campo\/","og_site_name":"Guerini e Associati","article_modified_time":"2025-09-05T14:36:53+00:00","og_image":[{"width":643,"height":1000,"url":"https:\/\/www.guerini.it\/wp-content\/uploads\/2025\/07\/LA-TUTORSHIP-NELLA-FORMAZIONE-SUL-CAMPO_9788881075003.webp","type":"image\/webp"}],"twitter_card":"summary_large_image","twitter_misc":{"Tempo di lettura stimato":"2 minuti"},"schema":{"@context":"https:\/\/schema.org","@graph":[{"@type":"WebPage","@id":"https:\/\/www.guerini.it\/index.php\/prodotto\/la-tutorship-nella-formazione-sul-campo\/","url":"https:\/\/www.guerini.it\/index.php\/prodotto\/la-tutorship-nella-formazione-sul-campo\/","name":"L. Zannini, K. Daniele, La Tutorship nella formazione sul campo","isPartOf":{"@id":"https:\/\/www.guerini.it\/#website"},"primaryImageOfPage":{"@id":"https:\/\/www.guerini.it\/index.php\/prodotto\/la-tutorship-nella-formazione-sul-campo\/#primaryimage"},"image":{"@id":"https:\/\/www.guerini.it\/index.php\/prodotto\/la-tutorship-nella-formazione-sul-campo\/#primaryimage"},"thumbnailUrl":"https:\/\/www.guerini.it\/wp-content\/uploads\/2025\/07\/LA-TUTORSHIP-NELLA-FORMAZIONE-SUL-CAMPO_9788881075003.webp","datePublished":"2025-07-24T16:25:01+00:00","dateModified":"2025-09-05T14:36:53+00:00","description":"Il testo analizza le metodologie alla tutorship nella formazione sul campo, con modelli di apprendimento, esempi pratici e criticit\u00e0.","breadcrumb":{"@id":"https:\/\/www.guerini.it\/index.php\/prodotto\/la-tutorship-nella-formazione-sul-campo\/#breadcrumb"},"inLanguage":"it-IT","potentialAction":[{"@type":"ReadAction","target":["https:\/\/www.guerini.it\/index.php\/prodotto\/la-tutorship-nella-formazione-sul-campo\/"]}]},{"@type":"ImageObject","inLanguage":"it-IT","@id":"https:\/\/www.guerini.it\/index.php\/prodotto\/la-tutorship-nella-formazione-sul-campo\/#primaryimage","url":"https:\/\/www.guerini.it\/wp-content\/uploads\/2025\/07\/LA-TUTORSHIP-NELLA-FORMAZIONE-SUL-CAMPO_9788881075003.webp","contentUrl":"https:\/\/www.guerini.it\/wp-content\/uploads\/2025\/07\/LA-TUTORSHIP-NELLA-FORMAZIONE-SUL-CAMPO_9788881075003.webp","width":643,"height":1000,"caption":"L. Zannini, K. Daniele, La Tutorship nella formazione sul campo, Guerini Scientifica, 2025."},{"@type":"BreadcrumbList","@id":"https:\/\/www.guerini.it\/index.php\/prodotto\/la-tutorship-nella-formazione-sul-campo\/#breadcrumb","itemListElement":[{"@type":"ListItem","position":1,"name":"Home","item":"https:\/\/www.guerini.it\/"},{"@type":"ListItem","position":2,"name":"Catalogo","item":"https:\/\/www.guerini.it\/index.php\/negozio\/"},{"@type":"ListItem","position":3,"name":"La Tutorship nella formazione sul campo"}]},{"@type":"WebSite","@id":"https:\/\/www.guerini.it\/#website","url":"https:\/\/www.guerini.it\/","name":"Guerini e Associati","description":"30 anni di libri, idee e libert\u00e0","publisher":{"@id":"https:\/\/www.guerini.it\/#organization"},"potentialAction":[{"@type":"SearchAction","target":{"@type":"EntryPoint","urlTemplate":"https:\/\/www.guerini.it\/?s={search_term_string}"},"query-input":{"@type":"PropertyValueSpecification","valueRequired":true,"valueName":"search_term_string"}}],"inLanguage":"it-IT"},{"@type":"Organization","@id":"https:\/\/www.guerini.it\/#organization","name":"Guerini e Associati","url":"https:\/\/www.guerini.it\/","logo":{"@type":"ImageObject","inLanguage":"it-IT","@id":"https:\/\/www.guerini.it\/#\/schema\/logo\/image\/","url":"https:\/\/www.guerini.it\/wp-content\/uploads\/2021\/03\/Logo-Guerini-OK_-e1615831292285.png","contentUrl":"https:\/\/www.guerini.it\/wp-content\/uploads\/2021\/03\/Logo-Guerini-OK_-e1615831292285.png","width":2805,"height":1870,"caption":"Guerini e Associati"},"image":{"@id":"https:\/\/www.guerini.it\/#\/schema\/logo\/image\/"}}]}},"_links":{"self":[{"href":"https:\/\/www.guerini.it\/index.php\/wp-json\/wp\/v2\/product\/25680","targetHints":{"allow":["GET"]}}],"collection":[{"href":"https:\/\/www.guerini.it\/index.php\/wp-json\/wp\/v2\/product"}],"about":[{"href":"https:\/\/www.guerini.it\/index.php\/wp-json\/wp\/v2\/types\/product"}],"wp:featuredmedia":[{"embeddable":true,"href":"https:\/\/www.guerini.it\/index.php\/wp-json\/wp\/v2\/media\/25681"}],"wp:attachment":[{"href":"https:\/\/www.guerini.it\/index.php\/wp-json\/wp\/v2\/media?parent=25680"}],"wp:term":[{"taxonomy":"product_brand","embeddable":true,"href":"https:\/\/www.guerini.it\/index.php\/wp-json\/wp\/v2\/product_brand?post=25680"},{"taxonomy":"product_cat","embeddable":true,"href":"https:\/\/www.guerini.it\/index.php\/wp-json\/wp\/v2\/product_cat?post=25680"},{"taxonomy":"product_tag","embeddable":true,"href":"https:\/\/www.guerini.it\/index.php\/wp-json\/wp\/v2\/product_tag?post=25680"}],"curies":[{"name":"wp","href":"https:\/\/api.w.org\/{rel}","templated":true}]}}