{"id":25761,"date":"2025-09-03T13:25:07","date_gmt":"2025-09-03T11:25:07","guid":{"rendered":"https:\/\/www.guerini.it\/?post_type=product&#038;p=25761"},"modified":"2025-09-19T09:59:56","modified_gmt":"2025-09-19T07:59:56","slug":"obesita-istruzioni-per-ribellarsi","status":"publish","type":"product","link":"https:\/\/www.guerini.it\/index.php\/prodotto\/obesita-istruzioni-per-ribellarsi\/","title":{"rendered":"Obesit\u00e0,  istruzioni per ribellarsi"},"content":{"rendered":"<p style=\"text-align: justify;\">E se il segreto per vivere pi\u00f9 a lungo e in salute non fosse una dieta miracolosa, ma l\u2019equilibrio? Non quello imposto da guru, influencer o regolatori pubblici. Ma il tuo: personale, unico.<br \/>\nIn un mondo in cui l\u2019obesit\u00e0 cresce e il peso corporeo \u00e8 diventato il campo di battaglia di ideologie, teorie strampalate e crociate moralistiche, questa \u00e8 una via diversa. Una via pi\u00f9 umana e pi\u00f9 razionale: superare il rumore di fondo per ritrovare la propria rotta.<br \/>\nL\u2019obiettivo non \u00e8 solo dimagrire, ma vivere meglio, pi\u00f9 a lungo e con consapevolezza. Per farlo non servono regimi restrittivi, tassazioni punitive o sensi di colpa. Serve conoscenza. Serve responsabilit\u00e0. Serve un approccio equilibrato, cucito su misura, non calato dall\u2019alto.<br \/>\nUn invito a cambiare prospettiva: non formule magiche o verit\u00e0 assolute, ma una riflessione rigorosa e multidisciplinare che smonta miti e semplificazioni, per restituire dignit\u00e0 e profondit\u00e0 a una delle sfide pi\u00f9 urgenti del nostro tempo.<br \/>\nL\u2019equilibrio non \u00e8 una moda, \u00e8 una conquista personale. \u00c8 la chiave per il benessere, la longevit\u00e0 e la libert\u00e0. Inizia da qui.<\/p>\n<hr \/>\n<p style=\"text-align: justify;\">MICHELE CARRUBA \u00e8 presidente onorario del Centro di Studio e Ricerca sull\u2019Obesit\u00e0 dell\u2019Universit\u00e0 degli Studi di Milano, dove \u00e8 stato professore ordinario di Farmacologia e direttore del Dipartimento di Farmacologia, Chemioterapia e Tossicologia Medica. Ha guidato le ricerche sull\u2019obesit\u00e0 dell\u2019IRCCS Istituto Auxologico Italiano e fondato o presieduto numerose societ\u00e0 scientifiche, tra cui la SIO e la SISDCA. Ha collaborato con il Ministero della Salute, presiedendo la Commissione Alimentazione, Stili di Vita e Salute.<br \/>\nPIETRO PAGANINI sviluppa politiche e strategie per uno stile di vita equilibrato e la libert\u00e0 di scelta dei cittadini, collaborando con governi, istituzioni e leader aziendali a soluzioni innovative basate su evidenze scientifiche. \u00c8 professore alla Fox School of Business della Temple University di Philadelphia e Adjunct Assistant Professor alla John Cabot University di Roma. Presidente e cofondatore del think tank <em>Competere \u2013 Policies for Sustainable Development<\/em>, per le nostre edizioni ha pubblicato <em>i-Food<\/em> (2023) e curato <em>A Spasso con Lucy<\/em> (2025).<\/p>\n","protected":false},"excerpt":{"rendered":"<p>E se il segreto per vivere pi\u00f9 a lungo e in salute non fosse una dieta miracolosa, ma l\u2019equilibrio? Non quello imposto da guru, influencer o regolatori pubblici. Ma il [&hellip;]<\/p>\n","protected":false},"featured_media":25762,"template":"","meta":{"_editorskit_title_hidden":false,"_editorskit_reading_time":0,"_editorskit_is_block_options_detached":false,"_editorskit_block_options_position":"{}","_monsterinsights_skip_tracking":false,"_monsterinsights_sitenote_active":false,"_monsterinsights_sitenote_note":"","_monsterinsights_sitenote_category":0},"product_brand":[],"product_cat":[6728,6585],"product_tag":[11078,12560,7717,12638,12639,12484,12640],"class_list":{"0":"post-25761","1":"product","2":"type-product","3":"status-publish","4":"has-post-thumbnail","6":"product_cat-ultime_novita","7":"product_cat-sma","8":"product_tag-alimentazione","9":"product_tag-alimentazione-consapevole","10":"product_tag-benessere","11":"product_tag-equilibrio","12":"product_tag-longevita","13":"product_tag-scienza-e-salute","14":"product_tag-vita","15":"pa_guerini_amazon_link-https-www-amazon-it-istruzioni-ribellarsi-mediterranea-equilibrio-longevit-dp-8862509332","16":"pa_guerini_feltrinelli_link-https-www-lafeltrinelli-it-obesita-istruzioni-per-ribellarsi-via-libro-michele-carruba-pietro-paganini-e-9788862509336","17":"pa_guerini_ibs_link-https-www-ibs-it-obesita-istruzioni-per-ribellarsi-via-libro-michele-carruba-pietro-paganini-e-9788862509336","18":"pa_guerini_libruniver_link-https-www-libreriauniversitaria-it-obesita-istruzioni-ribellarsi-via-mediterranea-libro-9788862509336","19":"pa_guerini_mondadori_link-https-www-mondadoristore-it-obesita-istruzioni-per-ribellarsi-la-via-mediterranea-per-equilibrio-longevita-e-liberta-di-scelta-libro-michele-carruba-p-9788862509336","21":"first","22":"instock","23":"sale","24":"shipping-taxable","25":"purchasable","26":"product-type-simple"},"yoast_head":"<!-- This site is optimized with the Yoast SEO plugin v25.4 - https:\/\/yoast.com\/wordpress\/plugins\/seo\/ -->\n<title>Michele Carruba, Pietro Paganini, Obesit\u00e0, istruzioni per ribellarsi - Guerini e Associati<\/title>\n<meta name=\"description\" content=\"Un libro capace di incentivare il lettore a superare miti e mode per riscoprire un equilibrio personale, chiave autentica di benessere e longevit\u00e0.\" \/>\n<meta name=\"robots\" content=\"index, follow, max-snippet:-1, max-image-preview:large, max-video-preview:-1\" \/>\n<link rel=\"canonical\" href=\"https:\/\/www.guerini.it\/index.php\/prodotto\/obesita-istruzioni-per-ribellarsi\/\" \/>\n<meta property=\"og:locale\" content=\"it_IT\" \/>\n<meta property=\"og:type\" content=\"article\" \/>\n<meta property=\"og:title\" content=\"Michele Carruba, Pietro Paganini, Obesit\u00e0, istruzioni per ribellarsi - Guerini e Associati\" \/>\n<meta property=\"og:description\" content=\"Un libro capace di incentivare il lettore a superare miti e mode per riscoprire un equilibrio personale, chiave autentica di benessere e longevit\u00e0.\" \/>\n<meta property=\"og:url\" content=\"https:\/\/www.guerini.it\/index.php\/prodotto\/obesita-istruzioni-per-ribellarsi\/\" \/>\n<meta property=\"og:site_name\" content=\"Guerini e Associati\" \/>\n<meta property=\"article:modified_time\" content=\"2025-09-19T07:59:56+00:00\" \/>\n<meta property=\"og:image\" content=\"https:\/\/www.guerini.it\/wp-content\/uploads\/2025\/09\/9788862509336.webp\" \/>\n\t<meta property=\"og:image:width\" content=\"676\" \/>\n\t<meta property=\"og:image:height\" content=\"1000\" \/>\n\t<meta property=\"og:image:type\" content=\"image\/webp\" \/>\n<meta name=\"twitter:card\" content=\"summary_large_image\" \/>\n<meta name=\"twitter:label1\" content=\"Tempo di lettura stimato\" \/>\n\t<meta name=\"twitter:data1\" content=\"2 minuti\" \/>\n<!-- \/ Yoast SEO plugin. -->","yoast_head_json":{"title":"Michele Carruba, Pietro Paganini, Obesit\u00e0, istruzioni per ribellarsi - Guerini e Associati","description":"Un libro capace di incentivare il lettore a superare miti e mode per riscoprire un equilibrio personale, chiave autentica di benessere e longevit\u00e0.","robots":{"index":"index","follow":"follow","max-snippet":"max-snippet:-1","max-image-preview":"max-image-preview:large","max-video-preview":"max-video-preview:-1"},"canonical":"https:\/\/www.guerini.it\/index.php\/prodotto\/obesita-istruzioni-per-ribellarsi\/","og_locale":"it_IT","og_type":"article","og_title":"Michele Carruba, Pietro Paganini, Obesit\u00e0, istruzioni per ribellarsi - Guerini e Associati","og_description":"Un libro capace di incentivare il lettore a superare miti e mode per riscoprire un equilibrio personale, chiave autentica di benessere e longevit\u00e0.","og_url":"https:\/\/www.guerini.it\/index.php\/prodotto\/obesita-istruzioni-per-ribellarsi\/","og_site_name":"Guerini e Associati","article_modified_time":"2025-09-19T07:59:56+00:00","og_image":[{"width":676,"height":1000,"url":"https:\/\/www.guerini.it\/wp-content\/uploads\/2025\/09\/9788862509336.webp","type":"image\/webp"}],"twitter_card":"summary_large_image","twitter_misc":{"Tempo di lettura stimato":"2 minuti"},"schema":{"@context":"https:\/\/schema.org","@graph":[{"@type":"WebPage","@id":"https:\/\/www.guerini.it\/index.php\/prodotto\/obesita-istruzioni-per-ribellarsi\/","url":"https:\/\/www.guerini.it\/index.php\/prodotto\/obesita-istruzioni-per-ribellarsi\/","name":"Michele Carruba, Pietro Paganini, Obesit\u00e0, istruzioni per ribellarsi - Guerini e Associati","isPartOf":{"@id":"https:\/\/www.guerini.it\/#website"},"primaryImageOfPage":{"@id":"https:\/\/www.guerini.it\/index.php\/prodotto\/obesita-istruzioni-per-ribellarsi\/#primaryimage"},"image":{"@id":"https:\/\/www.guerini.it\/index.php\/prodotto\/obesita-istruzioni-per-ribellarsi\/#primaryimage"},"thumbnailUrl":"https:\/\/www.guerini.it\/wp-content\/uploads\/2025\/09\/9788862509336.webp","datePublished":"2025-09-03T11:25:07+00:00","dateModified":"2025-09-19T07:59:56+00:00","description":"Un libro capace di incentivare il lettore a superare miti e mode per riscoprire un equilibrio personale, chiave autentica di benessere e longevit\u00e0.","breadcrumb":{"@id":"https:\/\/www.guerini.it\/index.php\/prodotto\/obesita-istruzioni-per-ribellarsi\/#breadcrumb"},"inLanguage":"it-IT","potentialAction":[{"@type":"ReadAction","target":["https:\/\/www.guerini.it\/index.php\/prodotto\/obesita-istruzioni-per-ribellarsi\/"]}]},{"@type":"ImageObject","inLanguage":"it-IT","@id":"https:\/\/www.guerini.it\/index.php\/prodotto\/obesita-istruzioni-per-ribellarsi\/#primaryimage","url":"https:\/\/www.guerini.it\/wp-content\/uploads\/2025\/09\/9788862509336.webp","contentUrl":"https:\/\/www.guerini.it\/wp-content\/uploads\/2025\/09\/9788862509336.webp","width":676,"height":1000,"caption":"Front cover di M. Carruba, P. Paganini, Obesit\u00e0, Guerini e Associati, 2025"},{"@type":"BreadcrumbList","@id":"https:\/\/www.guerini.it\/index.php\/prodotto\/obesita-istruzioni-per-ribellarsi\/#breadcrumb","itemListElement":[{"@type":"ListItem","position":1,"name":"Home","item":"https:\/\/www.guerini.it\/"},{"@type":"ListItem","position":2,"name":"Catalogo","item":"https:\/\/www.guerini.it\/index.php\/negozio\/"},{"@type":"ListItem","position":3,"name":"Obesit\u00e0, istruzioni per ribellarsi"}]},{"@type":"WebSite","@id":"https:\/\/www.guerini.it\/#website","url":"https:\/\/www.guerini.it\/","name":"Guerini e Associati","description":"30 anni di libri, idee e libert\u00e0","publisher":{"@id":"https:\/\/www.guerini.it\/#organization"},"potentialAction":[{"@type":"SearchAction","target":{"@type":"EntryPoint","urlTemplate":"https:\/\/www.guerini.it\/?s={search_term_string}"},"query-input":{"@type":"PropertyValueSpecification","valueRequired":true,"valueName":"search_term_string"}}],"inLanguage":"it-IT"},{"@type":"Organization","@id":"https:\/\/www.guerini.it\/#organization","name":"Guerini e Associati","url":"https:\/\/www.guerini.it\/","logo":{"@type":"ImageObject","inLanguage":"it-IT","@id":"https:\/\/www.guerini.it\/#\/schema\/logo\/image\/","url":"https:\/\/www.guerini.it\/wp-content\/uploads\/2021\/03\/Logo-Guerini-OK_-e1615831292285.png","contentUrl":"https:\/\/www.guerini.it\/wp-content\/uploads\/2021\/03\/Logo-Guerini-OK_-e1615831292285.png","width":2805,"height":1870,"caption":"Guerini e Associati"},"image":{"@id":"https:\/\/www.guerini.it\/#\/schema\/logo\/image\/"}}]}},"_links":{"self":[{"href":"https:\/\/www.guerini.it\/index.php\/wp-json\/wp\/v2\/product\/25761","targetHints":{"allow":["GET"]}}],"collection":[{"href":"https:\/\/www.guerini.it\/index.php\/wp-json\/wp\/v2\/product"}],"about":[{"href":"https:\/\/www.guerini.it\/index.php\/wp-json\/wp\/v2\/types\/product"}],"wp:featuredmedia":[{"embeddable":true,"href":"https:\/\/www.guerini.it\/index.php\/wp-json\/wp\/v2\/media\/25762"}],"wp:attachment":[{"href":"https:\/\/www.guerini.it\/index.php\/wp-json\/wp\/v2\/media?parent=25761"}],"wp:term":[{"taxonomy":"product_brand","embeddable":true,"href":"https:\/\/www.guerini.it\/index.php\/wp-json\/wp\/v2\/product_brand?post=25761"},{"taxonomy":"product_cat","embeddable":true,"href":"https:\/\/www.guerini.it\/index.php\/wp-json\/wp\/v2\/product_cat?post=25761"},{"taxonomy":"product_tag","embeddable":true,"href":"https:\/\/www.guerini.it\/index.php\/wp-json\/wp\/v2\/product_tag?post=25761"}],"curies":[{"name":"wp","href":"https:\/\/api.w.org\/{rel}","templated":true}]}}