{"id":25802,"date":"2025-09-23T14:29:14","date_gmt":"2025-09-23T12:29:14","guid":{"rendered":"https:\/\/www.guerini.it\/?post_type=product&#038;p=25802"},"modified":"2025-09-26T12:08:44","modified_gmt":"2025-09-26T10:08:44","slug":"i-teatri-del-corpo","status":"publish","type":"product","link":"https:\/\/www.guerini.it\/index.php\/prodotto\/i-teatri-del-corpo\/","title":{"rendered":"I teatri del corpo"},"content":{"rendered":"<p style=\"text-align: justify;\">Nella ricerca che ha segnato il percorso intellettuale di Michel Foucault, la questione del corpo \u00e8 trasversale e rappresenta l\u2019asse sul quale si dipana un\u2019implicita tensione pedagogica rinvenibile nella sua opera. Il presente volume sostiene la possibilit\u00e0 di reperire nelle sue opere le tracce di un discorso pedagogico come formazione e costituzione della soggettivit\u00e0, articolato sul problema della produzione di verit\u00e0 che ha nel corpo il suo correlato teorico-pratico decisivo: il corpo \u00e8 qui inteso ora come punto di presa, ora come strumento, ora come \u00abcampo\u00bb attraverso il quale e sul quale \u00e8 prodotta la soggettivit\u00e0 dell\u2019individuo moderno. Attraverso una ricostruzione genealogica dei principali sistemi di pensiero relativi al rapporto tra corpo, anima, societ\u00e0 e politica nella tradizione occidentale, il volume mostra come l\u2019educazione operi all\u2019interno di tali rapporti, configurandosi come una tecnologia di potere che, esercitandosi sui corpi in modalit\u00e0 differenti, costituisce la forza capace di modellare diverse forme di soggettivit\u00e0, pi\u00f9 o meno conformi ai contesti storici, politici, materiali e culturali di riferimento.<\/p>\n<hr \/>\n<p style=\"text-align: justify;\"><strong>Pierangelo Barone <\/strong>\u00e8 professore ordinario presso l\u2019Universit\u00e0 di Mila\u00adno Bicocca, dove insegna Pedagogia generale e Pedagogia della devianza e della marginalit\u00e0. \u00c8 socio fondatore e vicepresidente del Centro Studi Ric\u00adcardo Massa. Tra i suoi principali filoni di indagine, vi \u00e8 l\u2019analisi dei proces\u00adsi storici e genealogici della devianza. Negli anni ha coordinato numerosi progetti di ricerca-formazione nel campo della devianza minorile, collabo\u00adrando con diversi enti che operano all\u2019interno di Istituti Penali Minorili e sul territorio. Autore di numerosi saggi e articoli scientifici, per le nostre edizioni ha pubblicato i volumi: <em>Pedagogia dell\u2019adolescenza <\/em>(2009), <em>Pedagogia della marginalit\u00e0 e della devianza <\/em>(2011), <em>Fare di ogni individuo un caso <\/em>(2019).<\/p>\n","protected":false},"excerpt":{"rendered":"<p>Nella ricerca che ha segnato il percorso intellettuale di Michel Foucault, la questione del corpo \u00e8 trasversale e rappresenta l\u2019asse sul quale si dipana un\u2019implicita tensione pedagogica rinvenibile nella sua [&hellip;]<\/p>\n","protected":false},"featured_media":25804,"template":"","meta":{"_editorskit_title_hidden":false,"_editorskit_reading_time":0,"_editorskit_is_block_options_detached":false,"_editorskit_block_options_position":"{}","_monsterinsights_skip_tracking":false,"_monsterinsights_sitenote_active":false,"_monsterinsights_sitenote_note":"","_monsterinsights_sitenote_category":0},"product_brand":[],"product_cat":[6538,6688],"product_tag":[6822,7653],"class_list":{"0":"post-25802","1":"product","2":"type-product","3":"status-publish","4":"has-post-thumbnail","6":"product_cat-sociologia-e-comunicazione","7":"product_cat-processi-formativi-e-scienze-dell-educazione-educare-nel-margine","8":"product_tag-educazione","9":"product_tag-pedagogia","10":"pa_guerini_amazon_link-https-www-amazon-it-dp-8881074907","11":"pa_guerini_feltrinelli_link-https-www-lafeltrinelli-it-teatri-del-corpo-studi-pedagogici-libro-pierangelo-barone-e-9788881074907","12":"pa_guerini_libruniver_link-https-www-libreriauniversitaria-it-teatri-corpo-studi-pedagogici-luce-libro-9788881074907","13":"pa_guerini_link_ibs-https-www-ibs-it-teatri-del-corpo-studi-pedagogici-libro-pierangelo-barone-e-9788881074907","15":"first","16":"instock","17":"sale","18":"shipping-taxable","19":"purchasable","20":"product-type-simple"},"yoast_head":"<!-- This site is optimized with the Yoast SEO plugin v25.4 - https:\/\/yoast.com\/wordpress\/plugins\/seo\/ -->\n<title>Pierangelo Barone, I teatri del corpo - Guerini Scientifica<\/title>\n<meta name=\"description\" content=\"Il volume mostra come l\u2019educazione sia una tecnologia di potere che, agendo sui corpi, modella la soggettivit\u00e0 nei diversi contesti storici e culturali.\" \/>\n<meta name=\"robots\" content=\"index, follow, max-snippet:-1, max-image-preview:large, max-video-preview:-1\" \/>\n<link rel=\"canonical\" href=\"https:\/\/www.guerini.it\/index.php\/prodotto\/i-teatri-del-corpo\/\" \/>\n<meta property=\"og:locale\" content=\"it_IT\" \/>\n<meta property=\"og:type\" content=\"article\" \/>\n<meta property=\"og:title\" content=\"Pierangelo Barone, I teatri del corpo - Guerini Scientifica\" \/>\n<meta property=\"og:description\" content=\"Il volume mostra come l\u2019educazione sia una tecnologia di potere che, agendo sui corpi, modella la soggettivit\u00e0 nei diversi contesti storici e culturali.\" \/>\n<meta property=\"og:url\" content=\"https:\/\/www.guerini.it\/index.php\/prodotto\/i-teatri-del-corpo\/\" \/>\n<meta property=\"og:site_name\" content=\"Guerini e Associati\" \/>\n<meta property=\"article:modified_time\" content=\"2025-09-26T10:08:44+00:00\" \/>\n<meta property=\"og:image\" content=\"https:\/\/www.guerini.it\/wp-content\/uploads\/2025\/09\/I-teatri-del-corpo_9788881074907.webp\" \/>\n\t<meta property=\"og:image:width\" content=\"643\" \/>\n\t<meta property=\"og:image:height\" content=\"1000\" \/>\n\t<meta property=\"og:image:type\" content=\"image\/webp\" \/>\n<meta name=\"twitter:card\" content=\"summary_large_image\" \/>\n<meta name=\"twitter:label1\" content=\"Tempo di lettura stimato\" \/>\n\t<meta name=\"twitter:data1\" content=\"2 minuti\" \/>\n<!-- \/ Yoast SEO plugin. -->","yoast_head_json":{"title":"Pierangelo Barone, I teatri del corpo - Guerini Scientifica","description":"Il volume mostra come l\u2019educazione sia una tecnologia di potere che, agendo sui corpi, modella la soggettivit\u00e0 nei diversi contesti storici e culturali.","robots":{"index":"index","follow":"follow","max-snippet":"max-snippet:-1","max-image-preview":"max-image-preview:large","max-video-preview":"max-video-preview:-1"},"canonical":"https:\/\/www.guerini.it\/index.php\/prodotto\/i-teatri-del-corpo\/","og_locale":"it_IT","og_type":"article","og_title":"Pierangelo Barone, I teatri del corpo - Guerini Scientifica","og_description":"Il volume mostra come l\u2019educazione sia una tecnologia di potere che, agendo sui corpi, modella la soggettivit\u00e0 nei diversi contesti storici e culturali.","og_url":"https:\/\/www.guerini.it\/index.php\/prodotto\/i-teatri-del-corpo\/","og_site_name":"Guerini e Associati","article_modified_time":"2025-09-26T10:08:44+00:00","og_image":[{"width":643,"height":1000,"url":"https:\/\/www.guerini.it\/wp-content\/uploads\/2025\/09\/I-teatri-del-corpo_9788881074907.webp","type":"image\/webp"}],"twitter_card":"summary_large_image","twitter_misc":{"Tempo di lettura stimato":"2 minuti"},"schema":{"@context":"https:\/\/schema.org","@graph":[{"@type":"WebPage","@id":"https:\/\/www.guerini.it\/index.php\/prodotto\/i-teatri-del-corpo\/","url":"https:\/\/www.guerini.it\/index.php\/prodotto\/i-teatri-del-corpo\/","name":"Pierangelo Barone, I teatri del corpo - Guerini Scientifica","isPartOf":{"@id":"https:\/\/www.guerini.it\/#website"},"primaryImageOfPage":{"@id":"https:\/\/www.guerini.it\/index.php\/prodotto\/i-teatri-del-corpo\/#primaryimage"},"image":{"@id":"https:\/\/www.guerini.it\/index.php\/prodotto\/i-teatri-del-corpo\/#primaryimage"},"thumbnailUrl":"https:\/\/www.guerini.it\/wp-content\/uploads\/2025\/09\/I-teatri-del-corpo_9788881074907.webp","datePublished":"2025-09-23T12:29:14+00:00","dateModified":"2025-09-26T10:08:44+00:00","description":"Il volume mostra come l\u2019educazione sia una tecnologia di potere che, agendo sui corpi, modella la soggettivit\u00e0 nei diversi contesti storici e culturali.","breadcrumb":{"@id":"https:\/\/www.guerini.it\/index.php\/prodotto\/i-teatri-del-corpo\/#breadcrumb"},"inLanguage":"it-IT","potentialAction":[{"@type":"ReadAction","target":["https:\/\/www.guerini.it\/index.php\/prodotto\/i-teatri-del-corpo\/"]}]},{"@type":"ImageObject","inLanguage":"it-IT","@id":"https:\/\/www.guerini.it\/index.php\/prodotto\/i-teatri-del-corpo\/#primaryimage","url":"https:\/\/www.guerini.it\/wp-content\/uploads\/2025\/09\/I-teatri-del-corpo_9788881074907.webp","contentUrl":"https:\/\/www.guerini.it\/wp-content\/uploads\/2025\/09\/I-teatri-del-corpo_9788881074907.webp","width":643,"height":1000,"caption":"P. Barone, I teatri del corpo, Guerini scientifica, 2025"},{"@type":"BreadcrumbList","@id":"https:\/\/www.guerini.it\/index.php\/prodotto\/i-teatri-del-corpo\/#breadcrumb","itemListElement":[{"@type":"ListItem","position":1,"name":"Home","item":"https:\/\/www.guerini.it\/"},{"@type":"ListItem","position":2,"name":"Catalogo","item":"https:\/\/www.guerini.it\/index.php\/negozio\/"},{"@type":"ListItem","position":3,"name":"I teatri del corpo"}]},{"@type":"WebSite","@id":"https:\/\/www.guerini.it\/#website","url":"https:\/\/www.guerini.it\/","name":"Guerini e Associati","description":"30 anni di libri, idee e libert\u00e0","publisher":{"@id":"https:\/\/www.guerini.it\/#organization"},"potentialAction":[{"@type":"SearchAction","target":{"@type":"EntryPoint","urlTemplate":"https:\/\/www.guerini.it\/?s={search_term_string}"},"query-input":{"@type":"PropertyValueSpecification","valueRequired":true,"valueName":"search_term_string"}}],"inLanguage":"it-IT"},{"@type":"Organization","@id":"https:\/\/www.guerini.it\/#organization","name":"Guerini e Associati","url":"https:\/\/www.guerini.it\/","logo":{"@type":"ImageObject","inLanguage":"it-IT","@id":"https:\/\/www.guerini.it\/#\/schema\/logo\/image\/","url":"https:\/\/www.guerini.it\/wp-content\/uploads\/2021\/03\/Logo-Guerini-OK_-e1615831292285.png","contentUrl":"https:\/\/www.guerini.it\/wp-content\/uploads\/2021\/03\/Logo-Guerini-OK_-e1615831292285.png","width":2805,"height":1870,"caption":"Guerini e Associati"},"image":{"@id":"https:\/\/www.guerini.it\/#\/schema\/logo\/image\/"}}]}},"_links":{"self":[{"href":"https:\/\/www.guerini.it\/index.php\/wp-json\/wp\/v2\/product\/25802","targetHints":{"allow":["GET"]}}],"collection":[{"href":"https:\/\/www.guerini.it\/index.php\/wp-json\/wp\/v2\/product"}],"about":[{"href":"https:\/\/www.guerini.it\/index.php\/wp-json\/wp\/v2\/types\/product"}],"wp:featuredmedia":[{"embeddable":true,"href":"https:\/\/www.guerini.it\/index.php\/wp-json\/wp\/v2\/media\/25804"}],"wp:attachment":[{"href":"https:\/\/www.guerini.it\/index.php\/wp-json\/wp\/v2\/media?parent=25802"}],"wp:term":[{"taxonomy":"product_brand","embeddable":true,"href":"https:\/\/www.guerini.it\/index.php\/wp-json\/wp\/v2\/product_brand?post=25802"},{"taxonomy":"product_cat","embeddable":true,"href":"https:\/\/www.guerini.it\/index.php\/wp-json\/wp\/v2\/product_cat?post=25802"},{"taxonomy":"product_tag","embeddable":true,"href":"https:\/\/www.guerini.it\/index.php\/wp-json\/wp\/v2\/product_tag?post=25802"}],"curies":[{"name":"wp","href":"https:\/\/api.w.org\/{rel}","templated":true}]}}