{"id":25982,"date":"2025-11-27T11:50:20","date_gmt":"2025-11-27T10:50:20","guid":{"rendered":"https:\/\/www.guerini.it\/?post_type=product&#038;p=25982"},"modified":"2026-04-07T14:41:26","modified_gmt":"2026-04-07T12:41:26","slug":"yes-youth-enhancement-score","status":"publish","type":"product","link":"https:\/\/www.guerini.it\/index.php\/prodotto\/yes-youth-enhancement-score\/","title":{"rendered":"Yes &#8211; Youth enhancement score"},"content":{"rendered":"<p>Come vivono oggi i giovani in Italia e in Europa? Quali paesi offrono loro le migliori opportunit\u00e0 di lavoro, crescita e realizzazione personale? Il volume presenta i risultati di una ricerca condotta dall\u2019Ufficio Studi LIUC insieme a FSI sul benessere socio-economico delle nuove generazioni, analizzando fattori come la qualit\u00e0 dell\u2019occupazione, l\u2019adeguatezza delle retribuzioni rispetto al costo della vita e delle abitazioni, la possibilit\u00e0 di fare impresa e la soddisfazione per il lavoro e per la vita in generale. Attraverso un insieme di indicatori originali, lo studio propone due strumenti innovativi di lettura della condizione giovanile: l\u2019indice di maturit\u00e0, che misura a quale et\u00e0 si diventa di fatto adulti, e l\u2019indice YES (Youth Enhancement Score), che confronta paesi europei e regioni italiane in termini di capacit\u00e0 di attrarre e valorizzare i giovani.<br \/>\nUn\u2019analisi che offre dati, spunti e prospettive per comprendere meglio il rapporto tra le nuove generazioni e il loro futuro.<\/p>\n<hr \/>\n<p><strong>Anna Gervasoni<\/strong> \u00e8 rettore dell\u2019Universit\u00e0 Carlo Cattaneo &#8211; LIUC, dove \u00e8 professore ordinario di Economia e gestione delle imprese. Dirige il MAPE, master universitario in Private Equity, e ExSuf, il Center of Excellence UNECE \u2013 LIUC dedicato alla finanza sostenibile per le infrastrutture e le smart cities. \u00c8 direttore generale di AIFI (Associazione Italiana del Private Equity, Venture Capital e Private Debt).<br \/>\n<strong>Chiara Gigliarano<\/strong> \u00e8 professore ordinario di Statistica economica presso l\u2019Universit\u00e0 Carlo Cattaneo &#8211; LIUC e Direttore dell\u2019Ufficio Studi LIUC. I suoi interessi di ricerca si concentrano su misurazione di disuguaglianza, polarizzazione e povert\u00e0, e indicatori compositi di benessere. \u00c8 vicepresidente della Societ\u00e0 Italiana di Economia Demografia e Statistica e direttore responsabile della Rivista Italiana di Economia Demografia e Statistica.<\/p>\n","protected":false},"excerpt":{"rendered":"<p>Come vivono oggi i giovani in Italia e in Europa? Quali paesi offrono loro le migliori opportunit\u00e0 di lavoro, crescita e realizzazione personale? Il volume presenta i risultati di una [&hellip;]<\/p>\n","protected":false},"featured_media":25983,"template":"","meta":{"_editorskit_title_hidden":false,"_editorskit_reading_time":0,"_editorskit_is_block_options_detached":false,"_editorskit_block_options_position":"{}","_monsterinsights_skip_tracking":false,"_monsterinsights_sitenote_active":false,"_monsterinsights_sitenote_note":"","_monsterinsights_sitenote_category":0},"product_brand":[],"product_cat":[6805,6700],"product_tag":[7717,10713,11069,6815,8109,11367],"class_list":{"0":"post-25982","1":"product","2":"type-product","3":"status-publish","4":"has-post-thumbnail","6":"product_cat-guerini-next","7":"product_cat-universita-cattaneo-libri","8":"product_tag-benessere","9":"product_tag-crescita-personale","10":"product_tag-crescita-professionale","11":"product_tag-economia","12":"product_tag-giovani","13":"product_tag-sociologia","14":"pa_guerini_amazon_link-https-www-amazon-it-yes-enhancement-bussola-ricostruire-prospettiva-dp-8868966247","15":"pa_guerini_feltrinelli_link-https-www-lafeltrinelli-it-yes-youth-enhancement-score-bussola-libro-vari-e-9788868966249","16":"pa_guerini_ibs_link-https-www-ibs-it-yes-youth-enhancement-score-bussola-libro-vari-e-9788868966249","17":"pa_guerini_libruniver_link-https-www-libreriauniversitaria-it-yes-youth-enhancement-score-bussola-libro-9788868966249","18":"pa_guerini_mondadori_link-https-www-mondadoristore-it-yes_-_youth_enhancement_score-_la_bussola_per_ricostruire_la_prospettiva_dei_giovani-p-9788868966249","20":"first","21":"instock","22":"sale","23":"shipping-taxable","24":"purchasable","25":"product-type-simple"},"yoast_head":"<!-- This site is optimized with the Yoast SEO plugin v25.4 - https:\/\/yoast.com\/wordpress\/plugins\/seo\/ -->\n<title>Yes - Youth enhancement score - Anna Gervasoni, Chiara Gigliarano (a cura di) - Guerini Edizioni<\/title>\n<meta name=\"description\" content=\"Come vivono oggi i giovani in Italia e in Europa? Quali paesi offrono loro le migliori opportunit\u00e0 di lavoro, crescita e realizzazione personale?\" \/>\n<meta name=\"robots\" content=\"index, follow, max-snippet:-1, max-image-preview:large, max-video-preview:-1\" \/>\n<link rel=\"canonical\" href=\"https:\/\/www.guerini.it\/index.php\/prodotto\/yes-youth-enhancement-score\/\" \/>\n<meta property=\"og:locale\" content=\"it_IT\" \/>\n<meta property=\"og:type\" content=\"article\" \/>\n<meta property=\"og:title\" content=\"Yes - Youth enhancement score - Anna Gervasoni, Chiara Gigliarano (a cura di) - Guerini Edizioni\" \/>\n<meta property=\"og:description\" content=\"Come vivono oggi i giovani in Italia e in Europa? Quali paesi offrono loro le migliori opportunit\u00e0 di lavoro, crescita e realizzazione personale?\" \/>\n<meta property=\"og:url\" content=\"https:\/\/www.guerini.it\/index.php\/prodotto\/yes-youth-enhancement-score\/\" \/>\n<meta property=\"og:site_name\" content=\"Guerini e Associati\" \/>\n<meta property=\"article:modified_time\" content=\"2026-04-07T12:41:26+00:00\" \/>\n<meta property=\"og:image\" content=\"https:\/\/www.guerini.it\/wp-content\/uploads\/2025\/11\/9788868966249.webp\" \/>\n\t<meta property=\"og:image:width\" content=\"652\" \/>\n\t<meta property=\"og:image:height\" content=\"1000\" \/>\n\t<meta property=\"og:image:type\" content=\"image\/webp\" \/>\n<meta name=\"twitter:card\" content=\"summary_large_image\" \/>\n<meta name=\"twitter:label1\" content=\"Tempo di lettura stimato\" \/>\n\t<meta name=\"twitter:data1\" content=\"2 minuti\" \/>\n<!-- \/ Yoast SEO plugin. -->","yoast_head_json":{"title":"Yes - Youth enhancement score - Anna Gervasoni, Chiara Gigliarano (a cura di) - Guerini Edizioni","description":"Come vivono oggi i giovani in Italia e in Europa? Quali paesi offrono loro le migliori opportunit\u00e0 di lavoro, crescita e realizzazione personale?","robots":{"index":"index","follow":"follow","max-snippet":"max-snippet:-1","max-image-preview":"max-image-preview:large","max-video-preview":"max-video-preview:-1"},"canonical":"https:\/\/www.guerini.it\/index.php\/prodotto\/yes-youth-enhancement-score\/","og_locale":"it_IT","og_type":"article","og_title":"Yes - Youth enhancement score - Anna Gervasoni, Chiara Gigliarano (a cura di) - Guerini Edizioni","og_description":"Come vivono oggi i giovani in Italia e in Europa? Quali paesi offrono loro le migliori opportunit\u00e0 di lavoro, crescita e realizzazione personale?","og_url":"https:\/\/www.guerini.it\/index.php\/prodotto\/yes-youth-enhancement-score\/","og_site_name":"Guerini e Associati","article_modified_time":"2026-04-07T12:41:26+00:00","og_image":[{"width":652,"height":1000,"url":"https:\/\/www.guerini.it\/wp-content\/uploads\/2025\/11\/9788868966249.webp","type":"image\/webp"}],"twitter_card":"summary_large_image","twitter_misc":{"Tempo di lettura stimato":"2 minuti"},"schema":{"@context":"https:\/\/schema.org","@graph":[{"@type":"WebPage","@id":"https:\/\/www.guerini.it\/index.php\/prodotto\/yes-youth-enhancement-score\/","url":"https:\/\/www.guerini.it\/index.php\/prodotto\/yes-youth-enhancement-score\/","name":"Yes - Youth enhancement score - Anna Gervasoni, Chiara Gigliarano (a cura di) - Guerini Edizioni","isPartOf":{"@id":"https:\/\/www.guerini.it\/#website"},"primaryImageOfPage":{"@id":"https:\/\/www.guerini.it\/index.php\/prodotto\/yes-youth-enhancement-score\/#primaryimage"},"image":{"@id":"https:\/\/www.guerini.it\/index.php\/prodotto\/yes-youth-enhancement-score\/#primaryimage"},"thumbnailUrl":"https:\/\/www.guerini.it\/wp-content\/uploads\/2025\/11\/9788868966249.webp","datePublished":"2025-11-27T10:50:20+00:00","dateModified":"2026-04-07T12:41:26+00:00","description":"Come vivono oggi i giovani in Italia e in Europa? Quali paesi offrono loro le migliori opportunit\u00e0 di lavoro, crescita e realizzazione personale?","breadcrumb":{"@id":"https:\/\/www.guerini.it\/index.php\/prodotto\/yes-youth-enhancement-score\/#breadcrumb"},"inLanguage":"it-IT","potentialAction":[{"@type":"ReadAction","target":["https:\/\/www.guerini.it\/index.php\/prodotto\/yes-youth-enhancement-score\/"]}]},{"@type":"ImageObject","inLanguage":"it-IT","@id":"https:\/\/www.guerini.it\/index.php\/prodotto\/yes-youth-enhancement-score\/#primaryimage","url":"https:\/\/www.guerini.it\/wp-content\/uploads\/2025\/11\/9788868966249.webp","contentUrl":"https:\/\/www.guerini.it\/wp-content\/uploads\/2025\/11\/9788868966249.webp","width":652,"height":1000,"caption":"Front cover di Yes-youth enhancement score, a cura di Anna Gervasoni e Chiara Gigliarano, Guerini Next, 2026"},{"@type":"BreadcrumbList","@id":"https:\/\/www.guerini.it\/index.php\/prodotto\/yes-youth-enhancement-score\/#breadcrumb","itemListElement":[{"@type":"ListItem","position":1,"name":"Home","item":"https:\/\/www.guerini.it\/"},{"@type":"ListItem","position":2,"name":"Catalogo","item":"https:\/\/www.guerini.it\/index.php\/negozio\/"},{"@type":"ListItem","position":3,"name":"Yes &#8211; Youth enhancement score"}]},{"@type":"WebSite","@id":"https:\/\/www.guerini.it\/#website","url":"https:\/\/www.guerini.it\/","name":"Guerini e Associati","description":"30 anni di libri, idee e libert\u00e0","publisher":{"@id":"https:\/\/www.guerini.it\/#organization"},"potentialAction":[{"@type":"SearchAction","target":{"@type":"EntryPoint","urlTemplate":"https:\/\/www.guerini.it\/?s={search_term_string}"},"query-input":{"@type":"PropertyValueSpecification","valueRequired":true,"valueName":"search_term_string"}}],"inLanguage":"it-IT"},{"@type":"Organization","@id":"https:\/\/www.guerini.it\/#organization","name":"Guerini e Associati","url":"https:\/\/www.guerini.it\/","logo":{"@type":"ImageObject","inLanguage":"it-IT","@id":"https:\/\/www.guerini.it\/#\/schema\/logo\/image\/","url":"https:\/\/www.guerini.it\/wp-content\/uploads\/2021\/03\/Logo-Guerini-OK_-e1615831292285.png","contentUrl":"https:\/\/www.guerini.it\/wp-content\/uploads\/2021\/03\/Logo-Guerini-OK_-e1615831292285.png","width":2805,"height":1870,"caption":"Guerini e Associati"},"image":{"@id":"https:\/\/www.guerini.it\/#\/schema\/logo\/image\/"}}]}},"_links":{"self":[{"href":"https:\/\/www.guerini.it\/index.php\/wp-json\/wp\/v2\/product\/25982","targetHints":{"allow":["GET"]}}],"collection":[{"href":"https:\/\/www.guerini.it\/index.php\/wp-json\/wp\/v2\/product"}],"about":[{"href":"https:\/\/www.guerini.it\/index.php\/wp-json\/wp\/v2\/types\/product"}],"wp:featuredmedia":[{"embeddable":true,"href":"https:\/\/www.guerini.it\/index.php\/wp-json\/wp\/v2\/media\/25983"}],"wp:attachment":[{"href":"https:\/\/www.guerini.it\/index.php\/wp-json\/wp\/v2\/media?parent=25982"}],"wp:term":[{"taxonomy":"product_brand","embeddable":true,"href":"https:\/\/www.guerini.it\/index.php\/wp-json\/wp\/v2\/product_brand?post=25982"},{"taxonomy":"product_cat","embeddable":true,"href":"https:\/\/www.guerini.it\/index.php\/wp-json\/wp\/v2\/product_cat?post=25982"},{"taxonomy":"product_tag","embeddable":true,"href":"https:\/\/www.guerini.it\/index.php\/wp-json\/wp\/v2\/product_tag?post=25982"}],"curies":[{"name":"wp","href":"https:\/\/api.w.org\/{rel}","templated":true}]}}