{"id":26006,"date":"2025-12-09T18:17:40","date_gmt":"2025-12-09T17:17:40","guid":{"rendered":"https:\/\/www.guerini.it\/?post_type=product&#038;p=26006"},"modified":"2026-01-23T12:02:29","modified_gmt":"2026-01-23T11:02:29","slug":"come-fare-il-tuo-primo-milione","status":"publish","type":"product","link":"https:\/\/www.guerini.it\/index.php\/prodotto\/come-fare-il-tuo-primo-milione\/","title":{"rendered":"Come fare il tuo primo milione"},"content":{"rendered":"<p style=\"text-align: justify;\">Chi non vorrebbe essere libero di gestire il proprio tempo come pi\u00f9 desidera?<br \/>\nQuesto tipo di indipendenza \u00e8 sicuramente preziosa al giorno d\u2019oggi, ma sempre pi\u00f9 rara, poich\u00e9 si ottiene solo grazie al benessere finanziario. Per un futuro libero e sereno da ogni preoccupazione, \u00e8 necessario amministrare il proprio denaro con strategia, seguendo i trucchi segreti dei pi\u00f9 grandi.<br \/>\n<em>Come fare il tuo primo milione<\/em> racconta proprio questo: come conquistare l\u2019indipendenza economica con il metodo svedese coniato da Tobias Schildfat. Un libro che in Svezia ha gi\u00e0 venduto 100.000 copie, e che in Italia esce in una nuova versione, aggiornata e ampliata con materiali inediti.<br \/>\nUna guida essenziale per chi \u00e8 pronto a diventare libero. Finanziariamente, e non.<\/p>\n<hr \/>\n<p style=\"text-align: justify;\"><strong>TOBIAS SCHILDFAT<\/strong> \u00e8 economista, imprenditore e autore di un bestseller in Svezia. Ha lavorato come broker azionario e manager per importanti aziende svedesi come Findus e insegna finanza personale alla John Cabot University di Roma. \u00c8 CEO e co-fondatore di Solentro, startup nota anche per la partecipazione al programma <em>The Dragons\u2019 Den<\/em>.<\/p>\n","protected":false},"excerpt":{"rendered":"<p>Chi non vorrebbe essere libero di gestire il proprio tempo come pi\u00f9 desidera? Questo tipo di indipendenza \u00e8 sicuramente preziosa al giorno d\u2019oggi, ma sempre pi\u00f9 rara, poich\u00e9 si ottiene [&hellip;]<\/p>\n","protected":false},"featured_media":26007,"template":"","meta":{"_editorskit_title_hidden":false,"_editorskit_reading_time":0,"_editorskit_is_block_options_detached":false,"_editorskit_block_options_position":"{}","_monsterinsights_skip_tracking":false,"_monsterinsights_sitenote_active":false,"_monsterinsights_sitenote_note":"","_monsterinsights_sitenote_category":0},"product_brand":[],"product_cat":[6728,6542],"product_tag":[12329,13260,13262,13261,13263],"class_list":{"0":"post-26006","1":"product","2":"type-product","3":"status-publish","4":"has-post-thumbnail","6":"product_cat-ultime_novita","7":"product_cat-log-edizioni","8":"product_tag-educazione-finanziaria","9":"product_tag-finanza-personale","10":"product_tag-gestione-del-denaro","11":"product_tag-indipendenza-finanziaria","12":"product_tag-investimento","13":"pa_guerini_amazon_link-https-www-amazon-it-primo-milione-possono-diventare-ricchi-dp-889807221","14":"pa_guerini_feltrinelli_link-https-www-lafeltrinelli-it-come-fare-tuo-primo-milione-libro-tobias-schildfat-e-9788898072217","15":"pa_guerini_ibs_link-https-www-ibs-it-come-fare-tuo-primo-milione-libro-tobias-schildfat-e-9788898072217","16":"pa_guerini_libruniver_link-https-www-libreriauniversitaria-it-fare-primo-milione-tutti-possono-libro-9788898072217","17":"pa_guerini_mondadori_link-https-www-mondadoristore-it-come_fare_il_tuo_primo_milione-_tutti_possono_diventare_ricchi_ma_non_tutti_sanno_come_farlo-p-9788898072217","19":"first","20":"instock","21":"sale","22":"shipping-taxable","23":"purchasable","24":"product-type-simple"},"yoast_head":"<!-- This site is optimized with the Yoast SEO plugin v25.4 - https:\/\/yoast.com\/wordpress\/plugins\/seo\/ -->\n<title>Tobias Schildfat, Come fare il tuo primo milione - Guerini e Associati<\/title>\n<meta name=\"description\" content=\"Come fare il tuo primo milione racconta come conquistare l\u2019indipendenza economica con il metodo svedese coniato da Tobias Schildfat. Una guida per chi \u00e8 pronto a diventare libero. Finanziariamente, e non.\" \/>\n<meta name=\"robots\" content=\"index, follow, max-snippet:-1, max-image-preview:large, max-video-preview:-1\" \/>\n<link rel=\"canonical\" href=\"https:\/\/www.guerini.it\/index.php\/prodotto\/come-fare-il-tuo-primo-milione\/\" \/>\n<meta property=\"og:locale\" content=\"it_IT\" \/>\n<meta property=\"og:type\" content=\"article\" \/>\n<meta property=\"og:title\" content=\"Tobias Schildfat, Come fare il tuo primo milione - Guerini e Associati\" \/>\n<meta property=\"og:description\" content=\"Come fare il tuo primo milione racconta come conquistare l\u2019indipendenza economica con il metodo svedese coniato da Tobias Schildfat. Una guida per chi \u00e8 pronto a diventare libero. Finanziariamente, e non.\" \/>\n<meta property=\"og:url\" content=\"https:\/\/www.guerini.it\/index.php\/prodotto\/come-fare-il-tuo-primo-milione\/\" \/>\n<meta property=\"og:site_name\" content=\"Guerini e Associati\" \/>\n<meta property=\"article:modified_time\" content=\"2026-01-23T11:02:29+00:00\" \/>\n<meta property=\"og:image\" content=\"https:\/\/www.guerini.it\/wp-content\/uploads\/2025\/12\/COME-FARE-IL-TUO-PRIMO-MILIONE_9788898072217.webp\" \/>\n\t<meta property=\"og:image:width\" content=\"615\" \/>\n\t<meta property=\"og:image:height\" content=\"1000\" \/>\n\t<meta property=\"og:image:type\" content=\"image\/webp\" \/>\n<meta name=\"twitter:card\" content=\"summary_large_image\" \/>\n<meta name=\"twitter:label1\" content=\"Tempo di lettura stimato\" \/>\n\t<meta name=\"twitter:data1\" content=\"2 minuti\" \/>\n<!-- \/ Yoast SEO plugin. -->","yoast_head_json":{"title":"Tobias Schildfat, Come fare il tuo primo milione - Guerini e Associati","description":"Come fare il tuo primo milione racconta come conquistare l\u2019indipendenza economica con il metodo svedese coniato da Tobias Schildfat. Una guida per chi \u00e8 pronto a diventare libero. Finanziariamente, e non.","robots":{"index":"index","follow":"follow","max-snippet":"max-snippet:-1","max-image-preview":"max-image-preview:large","max-video-preview":"max-video-preview:-1"},"canonical":"https:\/\/www.guerini.it\/index.php\/prodotto\/come-fare-il-tuo-primo-milione\/","og_locale":"it_IT","og_type":"article","og_title":"Tobias Schildfat, Come fare il tuo primo milione - Guerini e Associati","og_description":"Come fare il tuo primo milione racconta come conquistare l\u2019indipendenza economica con il metodo svedese coniato da Tobias Schildfat. Una guida per chi \u00e8 pronto a diventare libero. Finanziariamente, e non.","og_url":"https:\/\/www.guerini.it\/index.php\/prodotto\/come-fare-il-tuo-primo-milione\/","og_site_name":"Guerini e Associati","article_modified_time":"2026-01-23T11:02:29+00:00","og_image":[{"width":615,"height":1000,"url":"https:\/\/www.guerini.it\/wp-content\/uploads\/2025\/12\/COME-FARE-IL-TUO-PRIMO-MILIONE_9788898072217.webp","type":"image\/webp"}],"twitter_card":"summary_large_image","twitter_misc":{"Tempo di lettura stimato":"2 minuti"},"schema":{"@context":"https:\/\/schema.org","@graph":[{"@type":"WebPage","@id":"https:\/\/www.guerini.it\/index.php\/prodotto\/come-fare-il-tuo-primo-milione\/","url":"https:\/\/www.guerini.it\/index.php\/prodotto\/come-fare-il-tuo-primo-milione\/","name":"Tobias Schildfat, Come fare il tuo primo milione - Guerini e Associati","isPartOf":{"@id":"https:\/\/www.guerini.it\/#website"},"primaryImageOfPage":{"@id":"https:\/\/www.guerini.it\/index.php\/prodotto\/come-fare-il-tuo-primo-milione\/#primaryimage"},"image":{"@id":"https:\/\/www.guerini.it\/index.php\/prodotto\/come-fare-il-tuo-primo-milione\/#primaryimage"},"thumbnailUrl":"https:\/\/www.guerini.it\/wp-content\/uploads\/2025\/12\/COME-FARE-IL-TUO-PRIMO-MILIONE_9788898072217.webp","datePublished":"2025-12-09T17:17:40+00:00","dateModified":"2026-01-23T11:02:29+00:00","description":"Come fare il tuo primo milione racconta come conquistare l\u2019indipendenza economica con il metodo svedese coniato da Tobias Schildfat. Una guida per chi \u00e8 pronto a diventare libero. Finanziariamente, e non.","breadcrumb":{"@id":"https:\/\/www.guerini.it\/index.php\/prodotto\/come-fare-il-tuo-primo-milione\/#breadcrumb"},"inLanguage":"it-IT","potentialAction":[{"@type":"ReadAction","target":["https:\/\/www.guerini.it\/index.php\/prodotto\/come-fare-il-tuo-primo-milione\/"]}]},{"@type":"ImageObject","inLanguage":"it-IT","@id":"https:\/\/www.guerini.it\/index.php\/prodotto\/come-fare-il-tuo-primo-milione\/#primaryimage","url":"https:\/\/www.guerini.it\/wp-content\/uploads\/2025\/12\/COME-FARE-IL-TUO-PRIMO-MILIONE_9788898072217.webp","contentUrl":"https:\/\/www.guerini.it\/wp-content\/uploads\/2025\/12\/COME-FARE-IL-TUO-PRIMO-MILIONE_9788898072217.webp","width":615,"height":1000,"caption":"Front Cover di T. Schildfat, Come fare il tuo primo milione, LOG edizioni, 2026"},{"@type":"BreadcrumbList","@id":"https:\/\/www.guerini.it\/index.php\/prodotto\/come-fare-il-tuo-primo-milione\/#breadcrumb","itemListElement":[{"@type":"ListItem","position":1,"name":"Home","item":"https:\/\/www.guerini.it\/"},{"@type":"ListItem","position":2,"name":"Catalogo","item":"https:\/\/www.guerini.it\/index.php\/negozio\/"},{"@type":"ListItem","position":3,"name":"Come fare il tuo primo milione"}]},{"@type":"WebSite","@id":"https:\/\/www.guerini.it\/#website","url":"https:\/\/www.guerini.it\/","name":"Guerini e Associati","description":"30 anni di libri, idee e libert\u00e0","publisher":{"@id":"https:\/\/www.guerini.it\/#organization"},"potentialAction":[{"@type":"SearchAction","target":{"@type":"EntryPoint","urlTemplate":"https:\/\/www.guerini.it\/?s={search_term_string}"},"query-input":{"@type":"PropertyValueSpecification","valueRequired":true,"valueName":"search_term_string"}}],"inLanguage":"it-IT"},{"@type":"Organization","@id":"https:\/\/www.guerini.it\/#organization","name":"Guerini e Associati","url":"https:\/\/www.guerini.it\/","logo":{"@type":"ImageObject","inLanguage":"it-IT","@id":"https:\/\/www.guerini.it\/#\/schema\/logo\/image\/","url":"https:\/\/www.guerini.it\/wp-content\/uploads\/2021\/03\/Logo-Guerini-OK_-e1615831292285.png","contentUrl":"https:\/\/www.guerini.it\/wp-content\/uploads\/2021\/03\/Logo-Guerini-OK_-e1615831292285.png","width":2805,"height":1870,"caption":"Guerini e Associati"},"image":{"@id":"https:\/\/www.guerini.it\/#\/schema\/logo\/image\/"}}]}},"_links":{"self":[{"href":"https:\/\/www.guerini.it\/index.php\/wp-json\/wp\/v2\/product\/26006","targetHints":{"allow":["GET"]}}],"collection":[{"href":"https:\/\/www.guerini.it\/index.php\/wp-json\/wp\/v2\/product"}],"about":[{"href":"https:\/\/www.guerini.it\/index.php\/wp-json\/wp\/v2\/types\/product"}],"wp:featuredmedia":[{"embeddable":true,"href":"https:\/\/www.guerini.it\/index.php\/wp-json\/wp\/v2\/media\/26007"}],"wp:attachment":[{"href":"https:\/\/www.guerini.it\/index.php\/wp-json\/wp\/v2\/media?parent=26006"}],"wp:term":[{"taxonomy":"product_brand","embeddable":true,"href":"https:\/\/www.guerini.it\/index.php\/wp-json\/wp\/v2\/product_brand?post=26006"},{"taxonomy":"product_cat","embeddable":true,"href":"https:\/\/www.guerini.it\/index.php\/wp-json\/wp\/v2\/product_cat?post=26006"},{"taxonomy":"product_tag","embeddable":true,"href":"https:\/\/www.guerini.it\/index.php\/wp-json\/wp\/v2\/product_tag?post=26006"}],"curies":[{"name":"wp","href":"https:\/\/api.w.org\/{rel}","templated":true}]}}