{"id":26015,"date":"2025-12-22T15:30:11","date_gmt":"2025-12-22T14:30:11","guid":{"rendered":"https:\/\/www.guerini.it\/?post_type=product&#038;p=26015"},"modified":"2026-01-19T15:31:06","modified_gmt":"2026-01-19T14:31:06","slug":"una-nuova-giustizia","status":"publish","type":"product","link":"https:\/\/www.guerini.it\/index.php\/prodotto\/una-nuova-giustizia\/","title":{"rendered":"Una nuova Giustizia"},"content":{"rendered":"<p style=\"text-align: justify;\"><em>Questo sistema, definito con verecondo eufemismo \u00abdegenerazione correntizia\u00bb, non \u00e8 ben conosciuto dai cittadini, che pur nutrendo nei confronti dell\u2019amministrazione della Giustizia notevoli perplessit\u00e0, non ne conoscono le pi\u00f9 recondite anomalie. Ma siamo certi che se l\u2019imputato sapesse che il suo giudice \u00e8 a sua volta giudicato dal suo accusatore, perderebbe il residuo di fede e speranza nella Giustizia umana, e confiderebbe solo nella carit\u00e0 divina.<\/em><\/p>\n<p style=\"text-align: justify;\">Separazione delle carriere, ridefinizione dell\u2019autogoverno della magistratura, nascita di un\u2019Alta Corte disciplinare. Qual \u00e8 la posta in gioco della Riforma costituzionale? Questo testo rappresenta a tutti gli effetti il capitolo conclusivo di un lungo percorso iniziato quasi trent\u2019anni fa con la pubblicazione, nel 1997, del volume <em>Giustizia.<\/em> Ripartendo dalle fragilit\u00e0 strutturali che gi\u00e0 allora segnavano il nostro sistema giudiziario, Carlo Nordio ricostruisce con lucidit\u00e0 le incoerenze che hanno accompagnato l\u2019introduzione del codice Vassalli e la sua difficile convivenza con una Costituzione modellata su un impianto del tutto diverso. Ne emerge un quadro sorprendente, in cui contraddizioni normative, carriere unite e logiche correntizie hanno progressivamente minato la fiducia dei cittadini nella terziet\u00e0 del giudice e nell\u2019imparzialit\u00e0 dell\u2019accusa. Questo testo illumina ci\u00f2 che troppo spesso resta nascosto dietro sigle, tecnicismi e scontri corporativi. Una riflessione necessaria, che interroga chiunque creda che la Giustizia sia il cuore vivo di una democrazia.<\/p>\n<hr \/>\n<p style=\"text-align: justify;\"><strong>CARLO NORDIO<\/strong>, politico, editorialista ed ex magistrato, dal 22 ottobre 2022 \u00e8 Ministro della Giustizia del Governo Meloni. \u00c8 stato procuratore aggiunto di Venezia fino al 2017. Negli anni Novanta ha condotto le indagini sui reati di Tangentopoli, sulla Colonna Veneta delle BR, l\u2019inchiesta sul MOSE; \u00e8 stato consulente della commissione parlamentare per il terrorismo e presidente della commissione ministeriale per la riforma del codice penale. \u00c8 stato fino al 2022 membro del Cda della Fondazione Einaudi. Editorialista di <em>Messaggero, Gazzettino<\/em> e <em>Mattino di Napoli<\/em>. Per le nostre edizioni ha scritto <em>Giustizia<\/em> (1997), <em>Emergenza giustizia<\/em> (1999), <em>La stagione dell\u2019indulgenza e i suoi frutti avvelenati<\/em> (2019), <em>Giustizia. Ultimo atto<\/em> (2022) e, con Giuliano Pisapia, <em>In attesa di giustizia<\/em> (2010).<\/p>\n","protected":false},"excerpt":{"rendered":"<p>Questo sistema, definito con verecondo eufemismo \u00abdegenerazione correntizia\u00bb, non \u00e8 ben conosciuto dai cittadini, che pur nutrendo nei confronti dell\u2019amministrazione della Giustizia notevoli perplessit\u00e0, non ne conoscono le pi\u00f9 recondite [&hellip;]<\/p>\n","protected":false},"featured_media":26016,"template":"","meta":{"_editorskit_title_hidden":false,"_editorskit_reading_time":0,"_editorskit_is_block_options_detached":false,"_editorskit_block_options_position":"{}","_monsterinsights_skip_tracking":false,"_monsterinsights_sitenote_active":false,"_monsterinsights_sitenote_note":"","_monsterinsights_sitenote_category":0},"product_brand":[],"product_cat":[6728,6585],"product_tag":[7825,7824,7826,7643,9540],"class_list":{"0":"post-26015","1":"product","2":"type-product","3":"status-publish","4":"has-post-thumbnail","6":"product_cat-ultime_novita","7":"product_cat-sma","8":"product_tag-carlo-nordio","9":"product_tag-giustizia","10":"product_tag-magistratura","11":"product_tag-politica","12":"product_tag-riforme","13":"pa_guerini_amazon_link-https-www-amazon-it-una-nuova-giustizia-carlo-nordio-dp-8862503695","14":"pa_guerini_feltrinelli_link-https-www-lafeltrinelli-it-nuova-giustizia-libro-carlo-nordio-e-9788862503693","15":"pa_guerini_ibs_link-https-www-ibs-it-nuova-giustizia-libro-carlo-nordio-e-9788862503693","16":"pa_guerini_libruniver_link-https-www-libreriauniversitaria-it-nuova-giustizia-nordio-carlo-guerini-libro-9788862503693","17":"pa_guerini_mondadori_link-https-www-mondadoristore-it-una-nuova-giustizia-libro-carlo-nordio-p-9788862503693","19":"first","20":"instock","21":"sale","22":"shipping-taxable","23":"purchasable","24":"product-type-simple"},"yoast_head":"<!-- This site is optimized with the Yoast SEO plugin v25.4 - https:\/\/yoast.com\/wordpress\/plugins\/seo\/ -->\n<title>Carlo Nordio, Una nuova Giustizia - Guerini e Associati<\/title>\n<meta name=\"description\" content=\"Separazione delle carriere, autogoverno della magistratura, Alta Corte disciplinare: cosa \u00e8 in gioco nella riforma costituzionale?\" \/>\n<meta name=\"robots\" content=\"index, follow, max-snippet:-1, max-image-preview:large, max-video-preview:-1\" \/>\n<link rel=\"canonical\" href=\"https:\/\/www.guerini.it\/index.php\/prodotto\/una-nuova-giustizia\/\" \/>\n<meta property=\"og:locale\" content=\"it_IT\" \/>\n<meta property=\"og:type\" content=\"article\" \/>\n<meta property=\"og:title\" content=\"Carlo Nordio, Una nuova Giustizia - Guerini e Associati\" \/>\n<meta property=\"og:description\" content=\"Separazione delle carriere, autogoverno della magistratura, Alta Corte disciplinare: cosa \u00e8 in gioco nella riforma costituzionale?\" \/>\n<meta property=\"og:url\" content=\"https:\/\/www.guerini.it\/index.php\/prodotto\/una-nuova-giustizia\/\" \/>\n<meta property=\"og:site_name\" content=\"Guerini e Associati\" \/>\n<meta property=\"article:modified_time\" content=\"2026-01-19T14:31:06+00:00\" \/>\n<meta property=\"og:image\" content=\"https:\/\/www.guerini.it\/wp-content\/uploads\/2025\/12\/9788862503693.webp\" \/>\n\t<meta property=\"og:image:width\" content=\"667\" \/>\n\t<meta property=\"og:image:height\" content=\"1000\" \/>\n\t<meta property=\"og:image:type\" content=\"image\/webp\" \/>\n<meta name=\"twitter:card\" content=\"summary_large_image\" \/>\n<meta name=\"twitter:label1\" content=\"Tempo di lettura stimato\" \/>\n\t<meta name=\"twitter:data1\" content=\"2 minuti\" \/>\n<!-- \/ Yoast SEO plugin. -->","yoast_head_json":{"title":"Carlo Nordio, Una nuova Giustizia - Guerini e Associati","description":"Separazione delle carriere, autogoverno della magistratura, Alta Corte disciplinare: cosa \u00e8 in gioco nella riforma costituzionale?","robots":{"index":"index","follow":"follow","max-snippet":"max-snippet:-1","max-image-preview":"max-image-preview:large","max-video-preview":"max-video-preview:-1"},"canonical":"https:\/\/www.guerini.it\/index.php\/prodotto\/una-nuova-giustizia\/","og_locale":"it_IT","og_type":"article","og_title":"Carlo Nordio, Una nuova Giustizia - Guerini e Associati","og_description":"Separazione delle carriere, autogoverno della magistratura, Alta Corte disciplinare: cosa \u00e8 in gioco nella riforma costituzionale?","og_url":"https:\/\/www.guerini.it\/index.php\/prodotto\/una-nuova-giustizia\/","og_site_name":"Guerini e Associati","article_modified_time":"2026-01-19T14:31:06+00:00","og_image":[{"width":667,"height":1000,"url":"https:\/\/www.guerini.it\/wp-content\/uploads\/2025\/12\/9788862503693.webp","type":"image\/webp"}],"twitter_card":"summary_large_image","twitter_misc":{"Tempo di lettura stimato":"2 minuti"},"schema":{"@context":"https:\/\/schema.org","@graph":[{"@type":"WebPage","@id":"https:\/\/www.guerini.it\/index.php\/prodotto\/una-nuova-giustizia\/","url":"https:\/\/www.guerini.it\/index.php\/prodotto\/una-nuova-giustizia\/","name":"Carlo Nordio, Una nuova Giustizia - Guerini e Associati","isPartOf":{"@id":"https:\/\/www.guerini.it\/#website"},"primaryImageOfPage":{"@id":"https:\/\/www.guerini.it\/index.php\/prodotto\/una-nuova-giustizia\/#primaryimage"},"image":{"@id":"https:\/\/www.guerini.it\/index.php\/prodotto\/una-nuova-giustizia\/#primaryimage"},"thumbnailUrl":"https:\/\/www.guerini.it\/wp-content\/uploads\/2025\/12\/9788862503693.webp","datePublished":"2025-12-22T14:30:11+00:00","dateModified":"2026-01-19T14:31:06+00:00","description":"Separazione delle carriere, autogoverno della magistratura, Alta Corte disciplinare: cosa \u00e8 in gioco nella riforma costituzionale?","breadcrumb":{"@id":"https:\/\/www.guerini.it\/index.php\/prodotto\/una-nuova-giustizia\/#breadcrumb"},"inLanguage":"it-IT","potentialAction":[{"@type":"ReadAction","target":["https:\/\/www.guerini.it\/index.php\/prodotto\/una-nuova-giustizia\/"]}]},{"@type":"ImageObject","inLanguage":"it-IT","@id":"https:\/\/www.guerini.it\/index.php\/prodotto\/una-nuova-giustizia\/#primaryimage","url":"https:\/\/www.guerini.it\/wp-content\/uploads\/2025\/12\/9788862503693.webp","contentUrl":"https:\/\/www.guerini.it\/wp-content\/uploads\/2025\/12\/9788862503693.webp","width":667,"height":1000,"caption":"Front Cover di C. Nordio, Una nuova Giustizia, Guerini e Associati, 2026"},{"@type":"BreadcrumbList","@id":"https:\/\/www.guerini.it\/index.php\/prodotto\/una-nuova-giustizia\/#breadcrumb","itemListElement":[{"@type":"ListItem","position":1,"name":"Home","item":"https:\/\/www.guerini.it\/"},{"@type":"ListItem","position":2,"name":"Catalogo","item":"https:\/\/www.guerini.it\/index.php\/negozio\/"},{"@type":"ListItem","position":3,"name":"Una nuova Giustizia"}]},{"@type":"WebSite","@id":"https:\/\/www.guerini.it\/#website","url":"https:\/\/www.guerini.it\/","name":"Guerini e Associati","description":"30 anni di libri, idee e libert\u00e0","publisher":{"@id":"https:\/\/www.guerini.it\/#organization"},"potentialAction":[{"@type":"SearchAction","target":{"@type":"EntryPoint","urlTemplate":"https:\/\/www.guerini.it\/?s={search_term_string}"},"query-input":{"@type":"PropertyValueSpecification","valueRequired":true,"valueName":"search_term_string"}}],"inLanguage":"it-IT"},{"@type":"Organization","@id":"https:\/\/www.guerini.it\/#organization","name":"Guerini e Associati","url":"https:\/\/www.guerini.it\/","logo":{"@type":"ImageObject","inLanguage":"it-IT","@id":"https:\/\/www.guerini.it\/#\/schema\/logo\/image\/","url":"https:\/\/www.guerini.it\/wp-content\/uploads\/2021\/03\/Logo-Guerini-OK_-e1615831292285.png","contentUrl":"https:\/\/www.guerini.it\/wp-content\/uploads\/2021\/03\/Logo-Guerini-OK_-e1615831292285.png","width":2805,"height":1870,"caption":"Guerini e Associati"},"image":{"@id":"https:\/\/www.guerini.it\/#\/schema\/logo\/image\/"}}]}},"_links":{"self":[{"href":"https:\/\/www.guerini.it\/index.php\/wp-json\/wp\/v2\/product\/26015","targetHints":{"allow":["GET"]}}],"collection":[{"href":"https:\/\/www.guerini.it\/index.php\/wp-json\/wp\/v2\/product"}],"about":[{"href":"https:\/\/www.guerini.it\/index.php\/wp-json\/wp\/v2\/types\/product"}],"wp:featuredmedia":[{"embeddable":true,"href":"https:\/\/www.guerini.it\/index.php\/wp-json\/wp\/v2\/media\/26016"}],"wp:attachment":[{"href":"https:\/\/www.guerini.it\/index.php\/wp-json\/wp\/v2\/media?parent=26015"}],"wp:term":[{"taxonomy":"product_brand","embeddable":true,"href":"https:\/\/www.guerini.it\/index.php\/wp-json\/wp\/v2\/product_brand?post=26015"},{"taxonomy":"product_cat","embeddable":true,"href":"https:\/\/www.guerini.it\/index.php\/wp-json\/wp\/v2\/product_cat?post=26015"},{"taxonomy":"product_tag","embeddable":true,"href":"https:\/\/www.guerini.it\/index.php\/wp-json\/wp\/v2\/product_tag?post=26015"}],"curies":[{"name":"wp","href":"https:\/\/api.w.org\/{rel}","templated":true}]}}