{"id":26025,"date":"2025-12-17T14:41:20","date_gmt":"2025-12-17T13:41:20","guid":{"rendered":"https:\/\/www.guerini.it\/?post_type=product&#038;p=26025"},"modified":"2026-01-23T11:57:07","modified_gmt":"2026-01-23T10:57:07","slug":"il-sistema-toyota-per-la-sanita-2","status":"publish","type":"product","link":"https:\/\/www.guerini.it\/index.php\/prodotto\/il-sistema-toyota-per-la-sanita-2\/","title":{"rendered":"Il Sistema Toyota per la sanit\u00e0"},"content":{"rendered":"<p style=\"text-align: justify;\"><em>Come dimostrano i successi nelle strutture sanitarie di tutto il mondo, con il Sistema Toyota non solo si riducono gli sprechi, ma si migliora la qualit\u00e0 dei servizi.<\/em><br \/>\n<em>\u00c8 una rivoluzione: vi spieghiamo come metterla in atto.<\/em><br \/>\nAlberto Galgano<\/p>\n<p>A vent\u2019anni dalla prima pubblicazione, questo volume torna in una nuova edizione che conferma la lungimiranza che ne guid\u00f2 la stesura, rivelandosi ancora oggi di grande attualit\u00e0. Il tema \u00e8 l\u2019applicazione dei principi della Lean Production alla sanit\u00e0, con l\u2019obiettivo di accrescere il valore per il paziente e, al tempo stesso, mettere al centro le persone che operano all\u2019interno delle strutture sanitarie. Le numerose esperienze maturate negli ultimi anni, in Italia e non solo, mostrano come il Sistema Toyota consenta di ridurre gli sprechi e migliorare in modo significativo la qualit\u00e0 dei servizi e dei processi assistenziali. A distanza di anni, restano qui le basi del metodo e le condizioni necessarie per introdurlo con successo nelle organizzazioni sanitarie, offrendo una guida chiara e operativa per realizzare un cambiamento concreto e sostenibile.<\/p>\n<hr \/>\n<p style=\"text-align: justify;\"><strong>Alberto Galgano<\/strong> (1927-2017) \u00e8 stato presidente del Gruppo Galgano e uno dei principali divulgatori del Sistema Toyota in Italia. Nel 1997 ha ricevuto il premio internazionale AKAO per i suoi contributi nel campo del Quality Function Deployment.<\/p>\n<p><strong>Mariacristina Galgano<\/strong> \u00e8 CEO del Gruppo Galgano. Ha collaborato con numerose realt\u00e0 italiane, pubbliche e private, in progetti di Lean Transformation e di Change Management. \u00c8 inoltre ideatrice e curatrice del progetto \u00abSviluppo manageriale al femminile\u00bb.<\/p>\n","protected":false},"excerpt":{"rendered":"<p>Come dimostrano i successi nelle strutture sanitarie di tutto il mondo, con il Sistema Toyota non solo si riducono gli sprechi, ma si migliora la qualit\u00e0 dei servizi. \u00c8 una [&hellip;]<\/p>\n","protected":false},"featured_media":26026,"template":"","meta":{"_editorskit_title_hidden":false,"_editorskit_reading_time":0,"_editorskit_is_block_options_detached":false,"_editorskit_block_options_position":"{}","_monsterinsights_skip_tracking":false,"_monsterinsights_sitenote_active":false,"_monsterinsights_sitenote_note":"","_monsterinsights_sitenote_category":0},"product_brand":[],"product_cat":[6728,6547],"product_tag":[9116,11816,7316,6803,10749,7337,7515],"class_list":{"0":"post-26025","1":"product","2":"type-product","3":"status-publish","4":"has-post-thumbnail","6":"product_cat-ultime_novita","7":"product_cat-sga","8":"product_tag-aziende","9":"product_tag-efficienza","10":"product_tag-lean","11":"product_tag-management","12":"product_tag-organizzazione-aziendale","13":"product_tag-sanita","14":"product_tag-valore","15":"pa_guerini_amazon_link-https-www-amazon-it-sistema-toyota-sanit-pi-qualit-dp-886896614","16":"pa_guerini_feltrinelli_link-https-www-lafeltrinelli-it-sistema-toyota-per-sanita-piu-libro-alberto-galgano-cristina-galgano-e-9788868966140","17":"pa_guerini_ibs_link-https-www-ibs-it-sistema-toyota-per-sanita-piu-libro-alberto-galgano-cristina-galgano-e-9788868966140","18":"pa_guerini_mondadori_link-https-www-mondadoristore-it-il-sistema-toyota-per-la-sanita-piu-qualita-meno-sprechi-libro-alberto-galgano-cristina-galgano-p-9788868966140","20":"first","21":"instock","22":"sale","23":"shipping-taxable","24":"purchasable","25":"product-type-simple"},"yoast_head":"<!-- This site is optimized with the Yoast SEO plugin v25.4 - https:\/\/yoast.com\/wordpress\/plugins\/seo\/ -->\n<title>Alberto Galgano, Mariacristina Galgano, Il Sistema Toyota per la sanit\u00e0 - Guerini Editore<\/title>\n<meta name=\"description\" content=\"A vent\u2019anni dalla prima pubblicazione, questo volume rimane una guida chiara e operativa per realizzare un cambiamento concreto e sostenibile all&#039;interno delle organizzazioni sanitarie\" \/>\n<meta name=\"robots\" content=\"index, follow, max-snippet:-1, max-image-preview:large, max-video-preview:-1\" \/>\n<link rel=\"canonical\" href=\"https:\/\/www.guerini.it\/index.php\/prodotto\/il-sistema-toyota-per-la-sanita-2\/\" \/>\n<meta property=\"og:locale\" content=\"it_IT\" \/>\n<meta property=\"og:type\" content=\"article\" \/>\n<meta property=\"og:title\" content=\"Alberto Galgano, Mariacristina Galgano, Il Sistema Toyota per la sanit\u00e0 - Guerini Editore\" \/>\n<meta property=\"og:description\" content=\"A vent\u2019anni dalla prima pubblicazione, questo volume rimane una guida chiara e operativa per realizzare un cambiamento concreto e sostenibile all&#039;interno delle organizzazioni sanitarie\" \/>\n<meta property=\"og:url\" content=\"https:\/\/www.guerini.it\/index.php\/prodotto\/il-sistema-toyota-per-la-sanita-2\/\" \/>\n<meta property=\"og:site_name\" content=\"Guerini e Associati\" \/>\n<meta property=\"article:modified_time\" content=\"2026-01-23T10:57:07+00:00\" \/>\n<meta property=\"og:image\" content=\"https:\/\/www.guerini.it\/wp-content\/uploads\/2025\/12\/IL-SYSTEMA-TOYOTA-PER-LA-SANITa_9788868966140.webp\" \/>\n\t<meta property=\"og:image:width\" content=\"643\" \/>\n\t<meta property=\"og:image:height\" content=\"1000\" \/>\n\t<meta property=\"og:image:type\" content=\"image\/webp\" \/>\n<meta name=\"twitter:card\" content=\"summary_large_image\" \/>\n<meta name=\"twitter:label1\" content=\"Tempo di lettura stimato\" \/>\n\t<meta name=\"twitter:data1\" content=\"2 minuti\" \/>\n<!-- \/ Yoast SEO plugin. -->","yoast_head_json":{"title":"Alberto Galgano, Mariacristina Galgano, Il Sistema Toyota per la sanit\u00e0 - Guerini Editore","description":"A vent\u2019anni dalla prima pubblicazione, questo volume rimane una guida chiara e operativa per realizzare un cambiamento concreto e sostenibile all'interno delle organizzazioni sanitarie","robots":{"index":"index","follow":"follow","max-snippet":"max-snippet:-1","max-image-preview":"max-image-preview:large","max-video-preview":"max-video-preview:-1"},"canonical":"https:\/\/www.guerini.it\/index.php\/prodotto\/il-sistema-toyota-per-la-sanita-2\/","og_locale":"it_IT","og_type":"article","og_title":"Alberto Galgano, Mariacristina Galgano, Il Sistema Toyota per la sanit\u00e0 - Guerini Editore","og_description":"A vent\u2019anni dalla prima pubblicazione, questo volume rimane una guida chiara e operativa per realizzare un cambiamento concreto e sostenibile all'interno delle organizzazioni sanitarie","og_url":"https:\/\/www.guerini.it\/index.php\/prodotto\/il-sistema-toyota-per-la-sanita-2\/","og_site_name":"Guerini e Associati","article_modified_time":"2026-01-23T10:57:07+00:00","og_image":[{"width":643,"height":1000,"url":"https:\/\/www.guerini.it\/wp-content\/uploads\/2025\/12\/IL-SYSTEMA-TOYOTA-PER-LA-SANITa_9788868966140.webp","type":"image\/webp"}],"twitter_card":"summary_large_image","twitter_misc":{"Tempo di lettura stimato":"2 minuti"},"schema":{"@context":"https:\/\/schema.org","@graph":[{"@type":"WebPage","@id":"https:\/\/www.guerini.it\/index.php\/prodotto\/il-sistema-toyota-per-la-sanita-2\/","url":"https:\/\/www.guerini.it\/index.php\/prodotto\/il-sistema-toyota-per-la-sanita-2\/","name":"Alberto Galgano, Mariacristina Galgano, Il Sistema Toyota per la sanit\u00e0 - Guerini Editore","isPartOf":{"@id":"https:\/\/www.guerini.it\/#website"},"primaryImageOfPage":{"@id":"https:\/\/www.guerini.it\/index.php\/prodotto\/il-sistema-toyota-per-la-sanita-2\/#primaryimage"},"image":{"@id":"https:\/\/www.guerini.it\/index.php\/prodotto\/il-sistema-toyota-per-la-sanita-2\/#primaryimage"},"thumbnailUrl":"https:\/\/www.guerini.it\/wp-content\/uploads\/2025\/12\/IL-SYSTEMA-TOYOTA-PER-LA-SANITa_9788868966140.webp","datePublished":"2025-12-17T13:41:20+00:00","dateModified":"2026-01-23T10:57:07+00:00","description":"A vent\u2019anni dalla prima pubblicazione, questo volume rimane una guida chiara e operativa per realizzare un cambiamento concreto e sostenibile all'interno delle organizzazioni sanitarie","breadcrumb":{"@id":"https:\/\/www.guerini.it\/index.php\/prodotto\/il-sistema-toyota-per-la-sanita-2\/#breadcrumb"},"inLanguage":"it-IT","potentialAction":[{"@type":"ReadAction","target":["https:\/\/www.guerini.it\/index.php\/prodotto\/il-sistema-toyota-per-la-sanita-2\/"]}]},{"@type":"ImageObject","inLanguage":"it-IT","@id":"https:\/\/www.guerini.it\/index.php\/prodotto\/il-sistema-toyota-per-la-sanita-2\/#primaryimage","url":"https:\/\/www.guerini.it\/wp-content\/uploads\/2025\/12\/IL-SYSTEMA-TOYOTA-PER-LA-SANITa_9788868966140.webp","contentUrl":"https:\/\/www.guerini.it\/wp-content\/uploads\/2025\/12\/IL-SYSTEMA-TOYOTA-PER-LA-SANITa_9788868966140.webp","width":643,"height":1000,"caption":"Front Cover di \"A. Galgano, M. Galgano, Il Sistema Toyota per la sanit\u00e0, Guerini Next, 2026\""},{"@type":"BreadcrumbList","@id":"https:\/\/www.guerini.it\/index.php\/prodotto\/il-sistema-toyota-per-la-sanita-2\/#breadcrumb","itemListElement":[{"@type":"ListItem","position":1,"name":"Home","item":"https:\/\/www.guerini.it\/"},{"@type":"ListItem","position":2,"name":"Catalogo","item":"https:\/\/www.guerini.it\/index.php\/negozio\/"},{"@type":"ListItem","position":3,"name":"Il Sistema Toyota per la sanit\u00e0"}]},{"@type":"WebSite","@id":"https:\/\/www.guerini.it\/#website","url":"https:\/\/www.guerini.it\/","name":"Guerini e Associati","description":"30 anni di libri, idee e libert\u00e0","publisher":{"@id":"https:\/\/www.guerini.it\/#organization"},"potentialAction":[{"@type":"SearchAction","target":{"@type":"EntryPoint","urlTemplate":"https:\/\/www.guerini.it\/?s={search_term_string}"},"query-input":{"@type":"PropertyValueSpecification","valueRequired":true,"valueName":"search_term_string"}}],"inLanguage":"it-IT"},{"@type":"Organization","@id":"https:\/\/www.guerini.it\/#organization","name":"Guerini e Associati","url":"https:\/\/www.guerini.it\/","logo":{"@type":"ImageObject","inLanguage":"it-IT","@id":"https:\/\/www.guerini.it\/#\/schema\/logo\/image\/","url":"https:\/\/www.guerini.it\/wp-content\/uploads\/2021\/03\/Logo-Guerini-OK_-e1615831292285.png","contentUrl":"https:\/\/www.guerini.it\/wp-content\/uploads\/2021\/03\/Logo-Guerini-OK_-e1615831292285.png","width":2805,"height":1870,"caption":"Guerini e Associati"},"image":{"@id":"https:\/\/www.guerini.it\/#\/schema\/logo\/image\/"}}]}},"_links":{"self":[{"href":"https:\/\/www.guerini.it\/index.php\/wp-json\/wp\/v2\/product\/26025","targetHints":{"allow":["GET"]}}],"collection":[{"href":"https:\/\/www.guerini.it\/index.php\/wp-json\/wp\/v2\/product"}],"about":[{"href":"https:\/\/www.guerini.it\/index.php\/wp-json\/wp\/v2\/types\/product"}],"wp:featuredmedia":[{"embeddable":true,"href":"https:\/\/www.guerini.it\/index.php\/wp-json\/wp\/v2\/media\/26026"}],"wp:attachment":[{"href":"https:\/\/www.guerini.it\/index.php\/wp-json\/wp\/v2\/media?parent=26025"}],"wp:term":[{"taxonomy":"product_brand","embeddable":true,"href":"https:\/\/www.guerini.it\/index.php\/wp-json\/wp\/v2\/product_brand?post=26025"},{"taxonomy":"product_cat","embeddable":true,"href":"https:\/\/www.guerini.it\/index.php\/wp-json\/wp\/v2\/product_cat?post=26025"},{"taxonomy":"product_tag","embeddable":true,"href":"https:\/\/www.guerini.it\/index.php\/wp-json\/wp\/v2\/product_tag?post=26025"}],"curies":[{"name":"wp","href":"https:\/\/api.w.org\/{rel}","templated":true}]}}