{"id":26078,"date":"2026-01-09T12:32:19","date_gmt":"2026-01-09T11:32:19","guid":{"rendered":"https:\/\/www.guerini.it\/?post_type=product&#038;p=26078"},"modified":"2026-01-20T15:12:42","modified_gmt":"2026-01-20T14:12:42","slug":"guida-alla-valutazione-dei-dirigenti-scolastici","status":"publish","type":"product","link":"https:\/\/www.guerini.it\/index.php\/prodotto\/guida-alla-valutazione-dei-dirigenti-scolastici\/","title":{"rendered":"Guida alla valutazione dei dirigenti scolastici"},"content":{"rendered":"<p style=\"text-align: justify;\">Con il nuovo Sistema di valutazione adottato con il D.M. n. 47\/2025, i dirigenti scolastici sono oggi chiamati a rispondere dei loro risultati attraverso il raggiungimento di obiettivi nazionali e regionali, accanto alla verifica di determinati comportamenti professionali e organizzativi. Ai dirigenti scolastici \u00e8 chiesto, dunque, di pianificare la gestione delle scuole anche tenendo conto di tali fattori di valutazione che riguardano le aree di processo strategiche per garantire pienamente l\u2019efficienza e l\u2019efficacia del servizio erogato. Con questa guida, aggiornata ai nuovi obiettivi \u2013 nazionali e regionali \u2013 declinati dal Ministero dell\u2019Istruzione e del Merito e dai Direttori generali degli Uffici scolastici regionali per l\u2019anno scolastico 2025\/2026, le autrici intendono fornire una bussola per orientare i dirigenti scolastici a indirizzare la loro azione verso una valutazione dei risultati pienamente positiva. Al contempo essa si propone di favorire la loro consapevolezza sulla rilevanza della stessa valutazione in un\u2019ottica di miglioramento professionale continuo, a beneficio della comunit\u00e0 scolastica. A tale scopo il testo proposto contiene gli strumenti normativi essenziali, gli approfondimenti su temi specifici e le indicazioni operative pi\u00f9 opportune per rispondere adeguatamente alle sfide della valutazione.<\/p>\n<hr \/>\n<p style=\"text-align: justify;\">RAFFAELLA BRIANI, componente dello staff Nazionale dell\u2019ANP (Associazione nazionale dirigenti pubblici e alte professionalit\u00e0 della scuola), \u00e8 dirigente scolastico dal 2012 nonch\u00e9 dal primo settembre 2024 componente del Consiglio Superiore della Pubblica Istruzione. Abilitata all\u2019esercizio della professione forense, \u00e8 autrice di diverse pubblicazioni di diritto amministrativo e di giustizia amministrativa, tra cui la monografia <em>L\u2019istruzione probatoria nel processo amministrativo<\/em> (Milano 2013). Come autore ha contribuito al manuale <em>Concorso dirigenti scolastici<\/em> (2022 e 2023); ha collaborato, inoltre, alla cura dei manuali <em>Concorso a cattedra 2020. Scuola dell\u2019infanzia<\/em> (voll. 1 e 2) e <em>Concorso a cattedra 2020. Scuola primaria<\/em> (voll. 1 e 2) (2020), tutti pubblicati presso le nostre edizioni.<\/p>\n<p style=\"text-align: justify;\">SANDRA SCICOLONE, componente dello staff Nazionale dell\u2019ANP (Associazione Nazionale dirigenti pubblici e alte professionalit\u00e0 della scuola), \u00e8 dirigente scolastico dal 2013 nonch\u00e9 dal primo settembre 2024 componente del Consiglio Superiore della Pubblica Istruzione e del suo Ufficio di Presidenza. Svolge intensa attivit\u00e0 di formazione e aggiornamento per dirigenti e docenti su tematiche ordinamentali, organizzative e didattiche. Come autore ha contribuito ai manuali <em>Concorso dirigenti scolastici. Prova Orale<\/em> (2019) e <em>Concorso dirigenti scolastici<\/em> (2022 e 2023); ha collaborato, inoltre, alla cura dei manuali <em>Concorso a cattedra 2020. Scuola dell\u2019infanzia<\/em> (voll. 1 e 2) e <em>Concorso a cattedra 2020. Scuola primaria<\/em> (voll. 1 e 2) (2020), tutti pubblicati presso le nostre edizioni.<\/p>\n","protected":false},"excerpt":{"rendered":"<p>Con il nuovo Sistema di valutazione adottato con il D.M. n. 47\/2025, i dirigenti scolastici sono oggi chiamati a rispondere dei loro risultati attraverso il raggiungimento di obiettivi nazionali e [&hellip;]<\/p>\n","protected":false},"featured_media":26079,"template":"","meta":{"_editorskit_title_hidden":false,"_editorskit_reading_time":0,"_editorskit_is_block_options_detached":false,"_editorskit_block_options_position":"{}","_monsterinsights_skip_tracking":false,"_monsterinsights_sitenote_active":false,"_monsterinsights_sitenote_note":"","_monsterinsights_sitenote_category":0},"product_brand":[],"product_cat":[8379],"product_tag":[13394,6790,13395],"class_list":{"0":"post-26078","1":"product","2":"type-product","3":"status-publish","4":"has-post-thumbnail","6":"product_cat-manuali","7":"product_tag-governance-scolastica","8":"product_tag-scuola","9":"product_tag-valutazione-dirigenti-scolastici-2025-2026","10":"pa_guerini_amazon_link-https-www-amazon-it-guida-alla-valutazione-dirigenti-scolastici-dp-8862503547","11":"pa_guerini_feltrinelli_link-https-www-lafeltrinelli-it-guida-alla-valutazione-dei-dirigenti-libro-vari-e-9788862503549","12":"pa_guerini_ibs_link-https-www-ibs-it-guida-alla-valutazione-dei-dirigenti-libro-vari-e-9788862503549","13":"pa_guerini_libruniver_link-https-www-libreriauniversitaria-it-guida-valutazione-dirigenti-scolastici-guerini-libro-9788862503549","14":"pa_guerini_mondadori_link-https-www-mondadoristore-it-guida-alla-valutazione-dei-dirigenti-scolastici-libro-p-9788862503549","16":"first","17":"instock","18":"sale","19":"shipping-taxable","20":"purchasable","21":"product-type-simple"},"yoast_head":"<!-- This site is optimized with the Yoast SEO plugin v25.4 - https:\/\/yoast.com\/wordpress\/plugins\/seo\/ -->\n<title>Raffaella Briani, Sandra Scicolone, Guida alla valutazione dei dirigenti scolastici - Guerini e Associati<\/title>\n<meta name=\"description\" content=\"Il testo contiene gli strumenti normativi, gli approfondimenti su temi specifici e le indicazioni operative pi\u00f9 opportune per rispondere alle sfide della valutazione.\" \/>\n<meta name=\"robots\" content=\"index, follow, max-snippet:-1, max-image-preview:large, max-video-preview:-1\" \/>\n<link rel=\"canonical\" href=\"https:\/\/www.guerini.it\/index.php\/prodotto\/guida-alla-valutazione-dei-dirigenti-scolastici\/\" \/>\n<meta property=\"og:locale\" content=\"it_IT\" \/>\n<meta property=\"og:type\" content=\"article\" \/>\n<meta property=\"og:title\" content=\"Raffaella Briani, Sandra Scicolone, Guida alla valutazione dei dirigenti scolastici - Guerini e Associati\" \/>\n<meta property=\"og:description\" content=\"Il testo contiene gli strumenti normativi, gli approfondimenti su temi specifici e le indicazioni operative pi\u00f9 opportune per rispondere alle sfide della valutazione.\" \/>\n<meta property=\"og:url\" content=\"https:\/\/www.guerini.it\/index.php\/prodotto\/guida-alla-valutazione-dei-dirigenti-scolastici\/\" \/>\n<meta property=\"og:site_name\" content=\"Guerini e Associati\" \/>\n<meta property=\"article:modified_time\" content=\"2026-01-20T14:12:42+00:00\" \/>\n<meta property=\"og:image\" content=\"https:\/\/www.guerini.it\/wp-content\/uploads\/2026\/01\/GUIDA-ALLA-VALUTAZIONE-DEI-DIRIGENTI-SCOLASTICI_9788862503549.webp\" \/>\n\t<meta property=\"og:image:width\" content=\"643\" \/>\n\t<meta property=\"og:image:height\" content=\"1000\" \/>\n\t<meta property=\"og:image:type\" content=\"image\/webp\" \/>\n<meta name=\"twitter:card\" content=\"summary_large_image\" \/>\n<meta name=\"twitter:label1\" content=\"Tempo di lettura stimato\" \/>\n\t<meta name=\"twitter:data1\" content=\"3 minuti\" \/>\n<!-- \/ Yoast SEO plugin. -->","yoast_head_json":{"title":"Raffaella Briani, Sandra Scicolone, Guida alla valutazione dei dirigenti scolastici - Guerini e Associati","description":"Il testo contiene gli strumenti normativi, gli approfondimenti su temi specifici e le indicazioni operative pi\u00f9 opportune per rispondere alle sfide della valutazione.","robots":{"index":"index","follow":"follow","max-snippet":"max-snippet:-1","max-image-preview":"max-image-preview:large","max-video-preview":"max-video-preview:-1"},"canonical":"https:\/\/www.guerini.it\/index.php\/prodotto\/guida-alla-valutazione-dei-dirigenti-scolastici\/","og_locale":"it_IT","og_type":"article","og_title":"Raffaella Briani, Sandra Scicolone, Guida alla valutazione dei dirigenti scolastici - Guerini e Associati","og_description":"Il testo contiene gli strumenti normativi, gli approfondimenti su temi specifici e le indicazioni operative pi\u00f9 opportune per rispondere alle sfide della valutazione.","og_url":"https:\/\/www.guerini.it\/index.php\/prodotto\/guida-alla-valutazione-dei-dirigenti-scolastici\/","og_site_name":"Guerini e Associati","article_modified_time":"2026-01-20T14:12:42+00:00","og_image":[{"width":643,"height":1000,"url":"https:\/\/www.guerini.it\/wp-content\/uploads\/2026\/01\/GUIDA-ALLA-VALUTAZIONE-DEI-DIRIGENTI-SCOLASTICI_9788862503549.webp","type":"image\/webp"}],"twitter_card":"summary_large_image","twitter_misc":{"Tempo di lettura stimato":"3 minuti"},"schema":{"@context":"https:\/\/schema.org","@graph":[{"@type":"WebPage","@id":"https:\/\/www.guerini.it\/index.php\/prodotto\/guida-alla-valutazione-dei-dirigenti-scolastici\/","url":"https:\/\/www.guerini.it\/index.php\/prodotto\/guida-alla-valutazione-dei-dirigenti-scolastici\/","name":"Raffaella Briani, Sandra Scicolone, Guida alla valutazione dei dirigenti scolastici - Guerini e Associati","isPartOf":{"@id":"https:\/\/www.guerini.it\/#website"},"primaryImageOfPage":{"@id":"https:\/\/www.guerini.it\/index.php\/prodotto\/guida-alla-valutazione-dei-dirigenti-scolastici\/#primaryimage"},"image":{"@id":"https:\/\/www.guerini.it\/index.php\/prodotto\/guida-alla-valutazione-dei-dirigenti-scolastici\/#primaryimage"},"thumbnailUrl":"https:\/\/www.guerini.it\/wp-content\/uploads\/2026\/01\/GUIDA-ALLA-VALUTAZIONE-DEI-DIRIGENTI-SCOLASTICI_9788862503549.webp","datePublished":"2026-01-09T11:32:19+00:00","dateModified":"2026-01-20T14:12:42+00:00","description":"Il testo contiene gli strumenti normativi, gli approfondimenti su temi specifici e le indicazioni operative pi\u00f9 opportune per rispondere alle sfide della valutazione.","breadcrumb":{"@id":"https:\/\/www.guerini.it\/index.php\/prodotto\/guida-alla-valutazione-dei-dirigenti-scolastici\/#breadcrumb"},"inLanguage":"it-IT","potentialAction":[{"@type":"ReadAction","target":["https:\/\/www.guerini.it\/index.php\/prodotto\/guida-alla-valutazione-dei-dirigenti-scolastici\/"]}]},{"@type":"ImageObject","inLanguage":"it-IT","@id":"https:\/\/www.guerini.it\/index.php\/prodotto\/guida-alla-valutazione-dei-dirigenti-scolastici\/#primaryimage","url":"https:\/\/www.guerini.it\/wp-content\/uploads\/2026\/01\/GUIDA-ALLA-VALUTAZIONE-DEI-DIRIGENTI-SCOLASTICI_9788862503549.webp","contentUrl":"https:\/\/www.guerini.it\/wp-content\/uploads\/2026\/01\/GUIDA-ALLA-VALUTAZIONE-DEI-DIRIGENTI-SCOLASTICI_9788862503549.webp","width":643,"height":1000,"caption":"Front cover di \"R. Briani, S. Scicolone, Guida alla valutazione dei dirigenti scolastici, Guerini e Associati, 2026\""},{"@type":"BreadcrumbList","@id":"https:\/\/www.guerini.it\/index.php\/prodotto\/guida-alla-valutazione-dei-dirigenti-scolastici\/#breadcrumb","itemListElement":[{"@type":"ListItem","position":1,"name":"Home","item":"https:\/\/www.guerini.it\/"},{"@type":"ListItem","position":2,"name":"Catalogo","item":"https:\/\/www.guerini.it\/index.php\/negozio\/"},{"@type":"ListItem","position":3,"name":"Guida alla valutazione dei dirigenti scolastici"}]},{"@type":"WebSite","@id":"https:\/\/www.guerini.it\/#website","url":"https:\/\/www.guerini.it\/","name":"Guerini e Associati","description":"30 anni di libri, idee e libert\u00e0","publisher":{"@id":"https:\/\/www.guerini.it\/#organization"},"potentialAction":[{"@type":"SearchAction","target":{"@type":"EntryPoint","urlTemplate":"https:\/\/www.guerini.it\/?s={search_term_string}"},"query-input":{"@type":"PropertyValueSpecification","valueRequired":true,"valueName":"search_term_string"}}],"inLanguage":"it-IT"},{"@type":"Organization","@id":"https:\/\/www.guerini.it\/#organization","name":"Guerini e Associati","url":"https:\/\/www.guerini.it\/","logo":{"@type":"ImageObject","inLanguage":"it-IT","@id":"https:\/\/www.guerini.it\/#\/schema\/logo\/image\/","url":"https:\/\/www.guerini.it\/wp-content\/uploads\/2021\/03\/Logo-Guerini-OK_-e1615831292285.png","contentUrl":"https:\/\/www.guerini.it\/wp-content\/uploads\/2021\/03\/Logo-Guerini-OK_-e1615831292285.png","width":2805,"height":1870,"caption":"Guerini e Associati"},"image":{"@id":"https:\/\/www.guerini.it\/#\/schema\/logo\/image\/"}}]}},"_links":{"self":[{"href":"https:\/\/www.guerini.it\/index.php\/wp-json\/wp\/v2\/product\/26078","targetHints":{"allow":["GET"]}}],"collection":[{"href":"https:\/\/www.guerini.it\/index.php\/wp-json\/wp\/v2\/product"}],"about":[{"href":"https:\/\/www.guerini.it\/index.php\/wp-json\/wp\/v2\/types\/product"}],"wp:featuredmedia":[{"embeddable":true,"href":"https:\/\/www.guerini.it\/index.php\/wp-json\/wp\/v2\/media\/26079"}],"wp:attachment":[{"href":"https:\/\/www.guerini.it\/index.php\/wp-json\/wp\/v2\/media?parent=26078"}],"wp:term":[{"taxonomy":"product_brand","embeddable":true,"href":"https:\/\/www.guerini.it\/index.php\/wp-json\/wp\/v2\/product_brand?post=26078"},{"taxonomy":"product_cat","embeddable":true,"href":"https:\/\/www.guerini.it\/index.php\/wp-json\/wp\/v2\/product_cat?post=26078"},{"taxonomy":"product_tag","embeddable":true,"href":"https:\/\/www.guerini.it\/index.php\/wp-json\/wp\/v2\/product_tag?post=26078"}],"curies":[{"name":"wp","href":"https:\/\/api.w.org\/{rel}","templated":true}]}}