{"id":26109,"date":"2026-01-23T14:16:10","date_gmt":"2026-01-23T13:16:10","guid":{"rendered":"https:\/\/www.guerini.it\/?post_type=product&#038;p=26109"},"modified":"2026-02-06T10:45:30","modified_gmt":"2026-02-06T09:45:30","slug":"7-abitudini-quotidiane-per-cambiare-il-mondo","status":"publish","type":"product","link":"https:\/\/www.guerini.it\/index.php\/prodotto\/7-abitudini-quotidiane-per-cambiare-il-mondo\/","title":{"rendered":"7 Abitudini quotidiane per cambiare il mondo"},"content":{"rendered":"<p style=\"text-align: justify;\"><em>Questo libro offre un modo attentamente ragionato e profon\u00addamente umano per affrontare le nostre sfide pi\u00f9 difficili. Una lettura essenziale.<br \/>\n<\/em><strong>Juan Manuel Santos<\/strong><br \/>\nPremio Nobel per la Pace ed ex presidente della Colombia<\/p>\n<p style=\"text-align: justify;\"><em>Stiamo affrontando molteplici crisi globali che possiamo risol\u00advere se la maggioranza di noi agir\u00e0 con urgenza e saggezza. Kahane spiega come.<br \/>\n<\/em><strong>Mary Robinson<\/strong><br \/>\ngi\u00e0 presidente dell\u2019Irlanda ed ex presidente di The Elders<\/p>\n<p style=\"text-align: justify;\"><em>Il cambiamento \u00e8 difficile, ma Kahane offre un quadro potente e convincente per realizzarlo e una guida saggia per creare un mondo migliore.<br \/>\n<\/em><strong>Mustafa Suleyman<br \/>\n<\/strong>CEO di Microsoft AI<\/p>\n<p style=\"text-align: justify;\">Come possiamo contribuire a creare un mondo migliore? Adam Kahane, forte di trent\u2019anni di lavoro al fianco dei principali protagonisti del cam\u00adbiamento, offre una risposta: sette abitudini quotidiane per trasformare i sistemi. Attraverso storie vivide di cambiamenti profondi, Kahane mostra come queste pratiche permettano a persone ordinarie di ottenere risultati straordinari.<\/p>\n<hr \/>\n<p style=\"text-align: justify;\">ADAM KAHANE \u00e8 direttore di Reos Partners, un\u2019impresa sociale internazionale che aiuta le persone a compiere progressi concreti insieme. \u00c8 uno dei principali ideatori e facilitatori di processi attraverso i quali i leader del mondo imprenditoriale, governativo e della societ\u00e0 civile collaborano per affrontare le sfide pi\u00f9 importanti e complesse. Ha lavorato in pi\u00f9 di cinquanta paesi in tutto il mondo con dirigenti e politici, generali e guerriglieri, funzionari pubblici e sindacalisti, attivisti comunitari e funzionari delle Nazioni Unite, membri del clero e artisti.<\/p>\n","protected":false},"excerpt":{"rendered":"<p>Questo libro offre un modo attentamente ragionato e profon\u00addamente umano per affrontare le nostre sfide pi\u00f9 difficili. Una lettura essenziale. Juan Manuel Santos Premio Nobel per la Pace ed ex [&hellip;]<\/p>\n","protected":false},"featured_media":26110,"template":"","meta":{"_editorskit_title_hidden":false,"_editorskit_reading_time":0,"_editorskit_is_block_options_detached":false,"_editorskit_block_options_position":"{}","_monsterinsights_skip_tracking":false,"_monsterinsights_sitenote_active":false,"_monsterinsights_sitenote_note":"","_monsterinsights_sitenote_category":0},"product_brand":[],"product_cat":[6805,6728],"product_tag":[13503,13505,13506,13504,13502],"class_list":{"0":"post-26109","1":"product","2":"type-product","3":"status-publish","4":"has-post-thumbnail","6":"product_cat-guerini-next","7":"product_cat-ultime_novita","8":"product_tag-cambiamento-quotidiano","9":"product_tag-impegno-radicale","10":"product_tag-innovazione-sociale","11":"product_tag-leadership-partecipativa","12":"product_tag-sistemi-complessi","13":"pa_guerini_amazon_link-https-www-amazon-it-abitudini-quotidiane-cambiare-trasformare-rigenerazione-dp-886896631x","14":"pa_guerini_feltrinelli_link-https-www-lafeltrinelli-it-7-abitudini-quotidiane-per-cambiare-libro-adam-kahane-e-9788868966317","15":"pa_guerini_ibs_link-https-www-ibs-it-7-abitudini-quotidiane-per-cambiare-libro-adam-kahane-e-9788868966317","16":"pa_guerini_libruniver_link-https-www-libreriauniversitaria-it-7-abitudini-quotidiane-cambiare-mondo-libro-9788868966317","17":"pa_guerini_mondadori_link-https-www-mondadoristore-it-7-abitudini-quotidiane-per-cambiare-il-mondo-libro-adam-kahane-p-9788868966317","19":"first","20":"instock","21":"sale","22":"shipping-taxable","23":"purchasable","24":"product-type-simple"},"yoast_head":"<!-- This site is optimized with the Yoast SEO plugin v25.4 - https:\/\/yoast.com\/wordpress\/plugins\/seo\/ -->\n<title>Adam Kahane, 7 Abitudini quotidiane per cambiare il mondo - Guerini editore<\/title>\n<meta name=\"description\" content=\"Attraverso storie di cambiamenti profondi, Kahane mostra come le abitudini quotidiane permettano a persone ordinarie di ottenere risultati straordinari.\" \/>\n<meta name=\"robots\" content=\"index, follow, max-snippet:-1, max-image-preview:large, max-video-preview:-1\" \/>\n<link rel=\"canonical\" href=\"https:\/\/www.guerini.it\/index.php\/prodotto\/7-abitudini-quotidiane-per-cambiare-il-mondo\/\" \/>\n<meta property=\"og:locale\" content=\"it_IT\" \/>\n<meta property=\"og:type\" content=\"article\" \/>\n<meta property=\"og:title\" content=\"Adam Kahane, 7 Abitudini quotidiane per cambiare il mondo - Guerini editore\" \/>\n<meta property=\"og:description\" content=\"Attraverso storie di cambiamenti profondi, Kahane mostra come le abitudini quotidiane permettano a persone ordinarie di ottenere risultati straordinari.\" \/>\n<meta property=\"og:url\" content=\"https:\/\/www.guerini.it\/index.php\/prodotto\/7-abitudini-quotidiane-per-cambiare-il-mondo\/\" \/>\n<meta property=\"og:site_name\" content=\"Guerini e Associati\" \/>\n<meta property=\"article:modified_time\" content=\"2026-02-06T09:45:30+00:00\" \/>\n<meta property=\"og:image\" content=\"https:\/\/www.guerini.it\/wp-content\/uploads\/2026\/01\/9788868966317.webp\" \/>\n\t<meta property=\"og:image:width\" content=\"643\" \/>\n\t<meta property=\"og:image:height\" content=\"1000\" \/>\n\t<meta property=\"og:image:type\" content=\"image\/webp\" \/>\n<meta name=\"twitter:card\" content=\"summary_large_image\" \/>\n<meta name=\"twitter:label1\" content=\"Tempo di lettura stimato\" \/>\n\t<meta name=\"twitter:data1\" content=\"2 minuti\" \/>\n<!-- \/ Yoast SEO plugin. -->","yoast_head_json":{"title":"Adam Kahane, 7 Abitudini quotidiane per cambiare il mondo - Guerini editore","description":"Attraverso storie di cambiamenti profondi, Kahane mostra come le abitudini quotidiane permettano a persone ordinarie di ottenere risultati straordinari.","robots":{"index":"index","follow":"follow","max-snippet":"max-snippet:-1","max-image-preview":"max-image-preview:large","max-video-preview":"max-video-preview:-1"},"canonical":"https:\/\/www.guerini.it\/index.php\/prodotto\/7-abitudini-quotidiane-per-cambiare-il-mondo\/","og_locale":"it_IT","og_type":"article","og_title":"Adam Kahane, 7 Abitudini quotidiane per cambiare il mondo - Guerini editore","og_description":"Attraverso storie di cambiamenti profondi, Kahane mostra come le abitudini quotidiane permettano a persone ordinarie di ottenere risultati straordinari.","og_url":"https:\/\/www.guerini.it\/index.php\/prodotto\/7-abitudini-quotidiane-per-cambiare-il-mondo\/","og_site_name":"Guerini e Associati","article_modified_time":"2026-02-06T09:45:30+00:00","og_image":[{"width":643,"height":1000,"url":"https:\/\/www.guerini.it\/wp-content\/uploads\/2026\/01\/9788868966317.webp","type":"image\/webp"}],"twitter_card":"summary_large_image","twitter_misc":{"Tempo di lettura stimato":"2 minuti"},"schema":{"@context":"https:\/\/schema.org","@graph":[{"@type":"WebPage","@id":"https:\/\/www.guerini.it\/index.php\/prodotto\/7-abitudini-quotidiane-per-cambiare-il-mondo\/","url":"https:\/\/www.guerini.it\/index.php\/prodotto\/7-abitudini-quotidiane-per-cambiare-il-mondo\/","name":"Adam Kahane, 7 Abitudini quotidiane per cambiare il mondo - Guerini editore","isPartOf":{"@id":"https:\/\/www.guerini.it\/#website"},"primaryImageOfPage":{"@id":"https:\/\/www.guerini.it\/index.php\/prodotto\/7-abitudini-quotidiane-per-cambiare-il-mondo\/#primaryimage"},"image":{"@id":"https:\/\/www.guerini.it\/index.php\/prodotto\/7-abitudini-quotidiane-per-cambiare-il-mondo\/#primaryimage"},"thumbnailUrl":"https:\/\/www.guerini.it\/wp-content\/uploads\/2026\/01\/9788868966317.webp","datePublished":"2026-01-23T13:16:10+00:00","dateModified":"2026-02-06T09:45:30+00:00","description":"Attraverso storie di cambiamenti profondi, Kahane mostra come le abitudini quotidiane permettano a persone ordinarie di ottenere risultati straordinari.","breadcrumb":{"@id":"https:\/\/www.guerini.it\/index.php\/prodotto\/7-abitudini-quotidiane-per-cambiare-il-mondo\/#breadcrumb"},"inLanguage":"it-IT","potentialAction":[{"@type":"ReadAction","target":["https:\/\/www.guerini.it\/index.php\/prodotto\/7-abitudini-quotidiane-per-cambiare-il-mondo\/"]}]},{"@type":"ImageObject","inLanguage":"it-IT","@id":"https:\/\/www.guerini.it\/index.php\/prodotto\/7-abitudini-quotidiane-per-cambiare-il-mondo\/#primaryimage","url":"https:\/\/www.guerini.it\/wp-content\/uploads\/2026\/01\/9788868966317.webp","contentUrl":"https:\/\/www.guerini.it\/wp-content\/uploads\/2026\/01\/9788868966317.webp","width":643,"height":1000,"caption":"Front cover di A. Kahane, 7 abitudini quotidiane per cambiare il mondo, Guerini Next, 2026"},{"@type":"BreadcrumbList","@id":"https:\/\/www.guerini.it\/index.php\/prodotto\/7-abitudini-quotidiane-per-cambiare-il-mondo\/#breadcrumb","itemListElement":[{"@type":"ListItem","position":1,"name":"Home","item":"https:\/\/www.guerini.it\/"},{"@type":"ListItem","position":2,"name":"Catalogo","item":"https:\/\/www.guerini.it\/index.php\/negozio\/"},{"@type":"ListItem","position":3,"name":"7 Abitudini quotidiane per cambiare il mondo"}]},{"@type":"WebSite","@id":"https:\/\/www.guerini.it\/#website","url":"https:\/\/www.guerini.it\/","name":"Guerini e Associati","description":"30 anni di libri, idee e libert\u00e0","publisher":{"@id":"https:\/\/www.guerini.it\/#organization"},"potentialAction":[{"@type":"SearchAction","target":{"@type":"EntryPoint","urlTemplate":"https:\/\/www.guerini.it\/?s={search_term_string}"},"query-input":{"@type":"PropertyValueSpecification","valueRequired":true,"valueName":"search_term_string"}}],"inLanguage":"it-IT"},{"@type":"Organization","@id":"https:\/\/www.guerini.it\/#organization","name":"Guerini e Associati","url":"https:\/\/www.guerini.it\/","logo":{"@type":"ImageObject","inLanguage":"it-IT","@id":"https:\/\/www.guerini.it\/#\/schema\/logo\/image\/","url":"https:\/\/www.guerini.it\/wp-content\/uploads\/2021\/03\/Logo-Guerini-OK_-e1615831292285.png","contentUrl":"https:\/\/www.guerini.it\/wp-content\/uploads\/2021\/03\/Logo-Guerini-OK_-e1615831292285.png","width":2805,"height":1870,"caption":"Guerini e Associati"},"image":{"@id":"https:\/\/www.guerini.it\/#\/schema\/logo\/image\/"}}]}},"_links":{"self":[{"href":"https:\/\/www.guerini.it\/index.php\/wp-json\/wp\/v2\/product\/26109","targetHints":{"allow":["GET"]}}],"collection":[{"href":"https:\/\/www.guerini.it\/index.php\/wp-json\/wp\/v2\/product"}],"about":[{"href":"https:\/\/www.guerini.it\/index.php\/wp-json\/wp\/v2\/types\/product"}],"wp:featuredmedia":[{"embeddable":true,"href":"https:\/\/www.guerini.it\/index.php\/wp-json\/wp\/v2\/media\/26110"}],"wp:attachment":[{"href":"https:\/\/www.guerini.it\/index.php\/wp-json\/wp\/v2\/media?parent=26109"}],"wp:term":[{"taxonomy":"product_brand","embeddable":true,"href":"https:\/\/www.guerini.it\/index.php\/wp-json\/wp\/v2\/product_brand?post=26109"},{"taxonomy":"product_cat","embeddable":true,"href":"https:\/\/www.guerini.it\/index.php\/wp-json\/wp\/v2\/product_cat?post=26109"},{"taxonomy":"product_tag","embeddable":true,"href":"https:\/\/www.guerini.it\/index.php\/wp-json\/wp\/v2\/product_tag?post=26109"}],"curies":[{"name":"wp","href":"https:\/\/api.w.org\/{rel}","templated":true}]}}