{"id":26125,"date":"2026-01-30T16:53:47","date_gmt":"2026-01-30T15:53:47","guid":{"rendered":"https:\/\/www.guerini.it\/?post_type=product&#038;p=26125"},"modified":"2026-04-07T14:38:55","modified_gmt":"2026-04-07T12:38:55","slug":"teorie-della-verita-2","status":"publish","type":"product","link":"https:\/\/www.guerini.it\/index.php\/prodotto\/teorie-della-verita-2\/","title":{"rendered":"Teorie della verit\u00e0"},"content":{"rendered":"<p style=\"text-align: justify;\">Il concetto di verit\u00e0 ha un ruolo centrale in ogni tentativo di rendere conto di noi stessi e della nostra relazione col mondo, il che rende infine inevitabile domandarsi <em>che cosa sia la verit\u00e0<\/em> in quanto tale. Dall\u2019inizio del secolo scorso, la riflessione su questo venerabile interrogativo ha avuto uno speciale impulso nella tradizione filosofica analitica, ove ha raggiunto livelli di raffinatezza senza precedenti. Questo volume si occupa delle teorie con cui i filosofi analitici hanno tentato di analizzare l\u2019elusiva natura di questa \u00abcosa\u00bb oppure, all\u2019opposto, di demistificare la questione stessa della verit\u00e0. A vent\u2019anni dalla pubblicazione della prima edizione, <em>Teorie della verit\u00e0<\/em> rimane la pi\u00f9 completa introduzione in lingua italiana al dibattito analitico contemporaneo su questo tema.<\/p>\n<hr \/>\n<p style=\"text-align: justify;\"><strong>Giorgio Volpe<\/strong> insegna Filosofia della conoscenza e Filosofia del linguaggio all\u2019Universit\u00e0 di Bologna. Si occupa di epistemologia, filosofia della logica, filosofia del linguaggio e metaetica, affrontando questioni riguardanti la conoscenza, la razionalit\u00e0 epistemica, lo scetticismo, il pluralismo aletico, il realismo, il relativismo e la postverit\u00e0. \u00c8 autore di due monografie (Milano 2005; Roma 2012) e di numerosi saggi specialistici pubblicati su riviste nazionali e internazionali.<\/p>\n","protected":false},"excerpt":{"rendered":"<p>Il concetto di verit\u00e0 ha un ruolo centrale in ogni tentativo di rendere conto di noi stessi e della nostra relazione col mondo, il che rende infine inevitabile domandarsi che [&hellip;]<\/p>\n","protected":false},"featured_media":26132,"template":"","meta":{"_editorskit_title_hidden":false,"_editorskit_reading_time":0,"_editorskit_is_block_options_detached":false,"_editorskit_block_options_position":"{}","_monsterinsights_skip_tracking":false,"_monsterinsights_sitenote_active":false,"_monsterinsights_sitenote_note":"","_monsterinsights_sitenote_category":0},"product_brand":[],"product_cat":[6661],"product_tag":[],"class_list":{"0":"post-26125","1":"product","2":"type-product","3":"status-publish","4":"has-post-thumbnail","6":"product_cat-op-ns","7":"pa_guerini_amazon_link-https-www-amazon-it-teorie-della-verit-nuova-ediz-dp-8881075105","8":"pa_guerini_feltrinelli_link-https-www-lafeltrinelli-it-teorie-della-verita-nuova-ediz-libro-giorgio-volpe-e-9788881075102","9":"pa_guerini_ibs_link-https-www-ibs-it-teorie-della-verita-nuova-ediz-libro-giorgio-volpe-e-9788881075102","10":"pa_guerini_libruniver_link-https-www-libreriauniversitaria-it-teorie-verita-nuova-ediz-volpe-libro-9788881075102","11":"pa_guerini_mondadori_link-https-www-mondadoristore-it-teorie_della_verita-_nuova_ediz-p-9788881075102","13":"first","14":"instock","15":"sale","16":"shipping-taxable","17":"purchasable","18":"product-type-simple"},"yoast_head":"<!-- This site is optimized with the Yoast SEO plugin v25.4 - https:\/\/yoast.com\/wordpress\/plugins\/seo\/ -->\n<title>Giorgio Volpe, Teorie della verit\u00e0 - Guerini e Associati<\/title>\n<meta name=\"description\" content=\"Che cos&#039;\u00e8 la verit\u00e0? Questo volume si occupa delle teorie con cui i filosofi analitici hanno tentato di analizzare l\u2019elusiva natura di questa \u00abcosa\u00bb oppure, all\u2019opposto, di demistificare la questione stessa della verit\u00e0.\" \/>\n<meta name=\"robots\" content=\"index, follow, max-snippet:-1, max-image-preview:large, max-video-preview:-1\" \/>\n<link rel=\"canonical\" href=\"https:\/\/www.guerini.it\/index.php\/prodotto\/teorie-della-verita-2\/\" \/>\n<meta property=\"og:locale\" content=\"it_IT\" \/>\n<meta property=\"og:type\" content=\"article\" \/>\n<meta property=\"og:title\" content=\"Giorgio Volpe, Teorie della verit\u00e0 - Guerini e Associati\" \/>\n<meta property=\"og:description\" content=\"Che cos&#039;\u00e8 la verit\u00e0? Questo volume si occupa delle teorie con cui i filosofi analitici hanno tentato di analizzare l\u2019elusiva natura di questa \u00abcosa\u00bb oppure, all\u2019opposto, di demistificare la questione stessa della verit\u00e0.\" \/>\n<meta property=\"og:url\" content=\"https:\/\/www.guerini.it\/index.php\/prodotto\/teorie-della-verita-2\/\" \/>\n<meta property=\"og:site_name\" content=\"Guerini e Associati\" \/>\n<meta property=\"article:modified_time\" content=\"2026-04-07T12:38:55+00:00\" \/>\n<meta property=\"og:image\" content=\"https:\/\/www.guerini.it\/wp-content\/uploads\/2026\/01\/TEORIE-DELLA-VERITA_9788881075102.webp\" \/>\n\t<meta property=\"og:image:width\" content=\"1200\" \/>\n\t<meta property=\"og:image:height\" content=\"1849\" \/>\n\t<meta property=\"og:image:type\" content=\"image\/webp\" \/>\n<meta name=\"twitter:card\" content=\"summary_large_image\" \/>\n<meta name=\"twitter:label1\" content=\"Tempo di lettura stimato\" \/>\n\t<meta name=\"twitter:data1\" content=\"2 minuti\" \/>\n<!-- \/ Yoast SEO plugin. -->","yoast_head_json":{"title":"Giorgio Volpe, Teorie della verit\u00e0 - Guerini e Associati","description":"Che cos'\u00e8 la verit\u00e0? Questo volume si occupa delle teorie con cui i filosofi analitici hanno tentato di analizzare l\u2019elusiva natura di questa \u00abcosa\u00bb oppure, all\u2019opposto, di demistificare la questione stessa della verit\u00e0.","robots":{"index":"index","follow":"follow","max-snippet":"max-snippet:-1","max-image-preview":"max-image-preview:large","max-video-preview":"max-video-preview:-1"},"canonical":"https:\/\/www.guerini.it\/index.php\/prodotto\/teorie-della-verita-2\/","og_locale":"it_IT","og_type":"article","og_title":"Giorgio Volpe, Teorie della verit\u00e0 - Guerini e Associati","og_description":"Che cos'\u00e8 la verit\u00e0? Questo volume si occupa delle teorie con cui i filosofi analitici hanno tentato di analizzare l\u2019elusiva natura di questa \u00abcosa\u00bb oppure, all\u2019opposto, di demistificare la questione stessa della verit\u00e0.","og_url":"https:\/\/www.guerini.it\/index.php\/prodotto\/teorie-della-verita-2\/","og_site_name":"Guerini e Associati","article_modified_time":"2026-04-07T12:38:55+00:00","og_image":[{"width":1200,"height":1849,"url":"https:\/\/www.guerini.it\/wp-content\/uploads\/2026\/01\/TEORIE-DELLA-VERITA_9788881075102.webp","type":"image\/webp"}],"twitter_card":"summary_large_image","twitter_misc":{"Tempo di lettura stimato":"2 minuti"},"schema":{"@context":"https:\/\/schema.org","@graph":[{"@type":"WebPage","@id":"https:\/\/www.guerini.it\/index.php\/prodotto\/teorie-della-verita-2\/","url":"https:\/\/www.guerini.it\/index.php\/prodotto\/teorie-della-verita-2\/","name":"Giorgio Volpe, Teorie della verit\u00e0 - Guerini e Associati","isPartOf":{"@id":"https:\/\/www.guerini.it\/#website"},"primaryImageOfPage":{"@id":"https:\/\/www.guerini.it\/index.php\/prodotto\/teorie-della-verita-2\/#primaryimage"},"image":{"@id":"https:\/\/www.guerini.it\/index.php\/prodotto\/teorie-della-verita-2\/#primaryimage"},"thumbnailUrl":"https:\/\/www.guerini.it\/wp-content\/uploads\/2026\/01\/TEORIE-DELLA-VERITA_9788881075102.webp","datePublished":"2026-01-30T15:53:47+00:00","dateModified":"2026-04-07T12:38:55+00:00","description":"Che cos'\u00e8 la verit\u00e0? Questo volume si occupa delle teorie con cui i filosofi analitici hanno tentato di analizzare l\u2019elusiva natura di questa \u00abcosa\u00bb oppure, all\u2019opposto, di demistificare la questione stessa della verit\u00e0.","breadcrumb":{"@id":"https:\/\/www.guerini.it\/index.php\/prodotto\/teorie-della-verita-2\/#breadcrumb"},"inLanguage":"it-IT","potentialAction":[{"@type":"ReadAction","target":["https:\/\/www.guerini.it\/index.php\/prodotto\/teorie-della-verita-2\/"]}]},{"@type":"ImageObject","inLanguage":"it-IT","@id":"https:\/\/www.guerini.it\/index.php\/prodotto\/teorie-della-verita-2\/#primaryimage","url":"https:\/\/www.guerini.it\/wp-content\/uploads\/2026\/01\/TEORIE-DELLA-VERITA_9788881075102.webp","contentUrl":"https:\/\/www.guerini.it\/wp-content\/uploads\/2026\/01\/TEORIE-DELLA-VERITA_9788881075102.webp","width":1200,"height":1849,"caption":"Front cover di G. Volpe, Teorie della verit\u00e0, Guerini e Associati, 2026"},{"@type":"BreadcrumbList","@id":"https:\/\/www.guerini.it\/index.php\/prodotto\/teorie-della-verita-2\/#breadcrumb","itemListElement":[{"@type":"ListItem","position":1,"name":"Home","item":"https:\/\/www.guerini.it\/"},{"@type":"ListItem","position":2,"name":"Catalogo","item":"https:\/\/www.guerini.it\/index.php\/negozio\/"},{"@type":"ListItem","position":3,"name":"Teorie della verit\u00e0"}]},{"@type":"WebSite","@id":"https:\/\/www.guerini.it\/#website","url":"https:\/\/www.guerini.it\/","name":"Guerini e Associati","description":"30 anni di libri, idee e libert\u00e0","publisher":{"@id":"https:\/\/www.guerini.it\/#organization"},"potentialAction":[{"@type":"SearchAction","target":{"@type":"EntryPoint","urlTemplate":"https:\/\/www.guerini.it\/?s={search_term_string}"},"query-input":{"@type":"PropertyValueSpecification","valueRequired":true,"valueName":"search_term_string"}}],"inLanguage":"it-IT"},{"@type":"Organization","@id":"https:\/\/www.guerini.it\/#organization","name":"Guerini e Associati","url":"https:\/\/www.guerini.it\/","logo":{"@type":"ImageObject","inLanguage":"it-IT","@id":"https:\/\/www.guerini.it\/#\/schema\/logo\/image\/","url":"https:\/\/www.guerini.it\/wp-content\/uploads\/2021\/03\/Logo-Guerini-OK_-e1615831292285.png","contentUrl":"https:\/\/www.guerini.it\/wp-content\/uploads\/2021\/03\/Logo-Guerini-OK_-e1615831292285.png","width":2805,"height":1870,"caption":"Guerini e Associati"},"image":{"@id":"https:\/\/www.guerini.it\/#\/schema\/logo\/image\/"}}]}},"_links":{"self":[{"href":"https:\/\/www.guerini.it\/index.php\/wp-json\/wp\/v2\/product\/26125","targetHints":{"allow":["GET"]}}],"collection":[{"href":"https:\/\/www.guerini.it\/index.php\/wp-json\/wp\/v2\/product"}],"about":[{"href":"https:\/\/www.guerini.it\/index.php\/wp-json\/wp\/v2\/types\/product"}],"wp:featuredmedia":[{"embeddable":true,"href":"https:\/\/www.guerini.it\/index.php\/wp-json\/wp\/v2\/media\/26132"}],"wp:attachment":[{"href":"https:\/\/www.guerini.it\/index.php\/wp-json\/wp\/v2\/media?parent=26125"}],"wp:term":[{"taxonomy":"product_brand","embeddable":true,"href":"https:\/\/www.guerini.it\/index.php\/wp-json\/wp\/v2\/product_brand?post=26125"},{"taxonomy":"product_cat","embeddable":true,"href":"https:\/\/www.guerini.it\/index.php\/wp-json\/wp\/v2\/product_cat?post=26125"},{"taxonomy":"product_tag","embeddable":true,"href":"https:\/\/www.guerini.it\/index.php\/wp-json\/wp\/v2\/product_tag?post=26125"}],"curies":[{"name":"wp","href":"https:\/\/api.w.org\/{rel}","templated":true}]}}