{"id":26134,"date":"2026-02-05T14:49:06","date_gmt":"2026-02-05T13:49:06","guid":{"rendered":"https:\/\/www.guerini.it\/?post_type=product&#038;p=26134"},"modified":"2026-03-20T14:18:04","modified_gmt":"2026-03-20T13:18:04","slug":"project-engagement","status":"publish","type":"product","link":"https:\/\/www.guerini.it\/index.php\/prodotto\/project-engagement\/","title":{"rendered":"Project engagement"},"content":{"rendered":"<p style=\"text-align: justify;\">Il project management non \u00e8 solo una tecnica: \u00e8 una filosofia del lavoro, un modo di pensare e organizzare l\u2019azione per trasformare le idee in risultati concreti. Eppure, nella realt\u00e0 quotidiana, i progetti spesso non arrivano al traguardo: slittano, si disperdono, costano pi\u00f9 del previsto o, peggio, si spengono lungo la strada. Perch\u00e9? Questo libro offre una risposta chiara: il successo di un progetto nasce dall\u2019equilibrio tra hard skill e soft skill. Da un lato, la capacit\u00e0 di pianificare tempi, costi, obiettivi, risorse. Dall\u2019altro, la forza del team, la leadership, la comunicazione, la gestione dei conflitti. Attraverso un percorso che unisce metodo e consapevolezza, questo volume guida il lettore a comprendere come la dimensione organizzativa e quella umana si intreccino nel lavoro di progetto.<\/p>\n<hr \/>\n<p style=\"text-align: justify;\"><strong>MASSIMO PILATI<\/strong> \u00e8 professore ordinario di Organizzazione aziendale al Dipartimento di Economia \u00abMarco Biagi\u00bb, Universit\u00e0 di Modena e Reggio Emilia. \u00c8 autore di diverse pubblicazioni in tema di project management, comportamento organizzativo e people management. \u00c8 stato visiting professor presso University of Florida, University of Limerick, Universidad de Sevilla, Universidad de Barcelona, University of California Santa Barbara, I\u00c9SEG \u2013 School of Management, XJTLU \u2013 International Business School Suzhou (IBSS). Per le nostre edizioni ha pubblicato <em>Problem solving e decision making<\/em> (2023).<\/p>\n","protected":false},"excerpt":{"rendered":"<p>Il project management non \u00e8 solo una tecnica: \u00e8 una filosofia del lavoro, un modo di pensare e organizzare l\u2019azione per trasformare le idee in risultati concreti. Eppure, nella realt\u00e0 [&hellip;]<\/p>\n","protected":false},"featured_media":26135,"template":"","meta":{"_editorskit_title_hidden":false,"_editorskit_reading_time":0,"_editorskit_is_block_options_detached":false,"_editorskit_block_options_position":"{}","_monsterinsights_skip_tracking":false,"_monsterinsights_sitenote_active":false,"_monsterinsights_sitenote_note":"","_monsterinsights_sitenote_category":0},"product_brand":[],"product_cat":[6805],"product_tag":[6967,13547,13546],"class_list":{"0":"post-26134","1":"product","2":"type-product","3":"status-publish","4":"has-post-thumbnail","6":"product_cat-guerini-next","7":"product_tag-leadership","8":"product_tag-progetti","9":"product_tag-project-management","10":"pa_guerini_amazon_link-https-www-amazon-it-project-engagement-larte-leadesrhip-progetto-dp-8868965860","11":"pa_guerini_feltrinelli_link-https-www-lafeltrinelli-it-project-engagement-arte-della-leadesrhip-libro-massimo-pilati-e-9788868965860","12":"pa_guerini_ibs_link-https-www-ibs-it-project-engagement-arte-della-leadesrhip-libro-massimo-pilati-e-9788868965860","13":"pa_guerini_libruniver_link-https-www-libreriauniversitaria-it-project-engagement-arte-leadesrhip-progetto-libro-9788868965860","14":"pa_guerini_mondadori_link-https-www-mondadoristore-it-project-engagement-larte-della-leadesrhip-di-progetto-libro-massimo-pilati-p-9788868965860","16":"first","17":"instock","18":"sale","19":"shipping-taxable","20":"purchasable","21":"product-type-simple"},"yoast_head":"<!-- This site is optimized with the Yoast SEO plugin v25.4 - https:\/\/yoast.com\/wordpress\/plugins\/seo\/ -->\n<title>Massimo Pilati, Project engagement - Guerini editore<\/title>\n<meta name=\"description\" content=\"Unendo metodo e consapevolezza, questo volume guida il lettore nel comprendere come la dimensione organizzativa e quella umana si intreccino nel lavoro di progetto.\" \/>\n<meta name=\"robots\" content=\"index, follow, max-snippet:-1, max-image-preview:large, max-video-preview:-1\" \/>\n<link rel=\"canonical\" href=\"https:\/\/www.guerini.it\/index.php\/prodotto\/project-engagement\/\" \/>\n<meta property=\"og:locale\" content=\"it_IT\" \/>\n<meta property=\"og:type\" content=\"article\" \/>\n<meta property=\"og:title\" content=\"Massimo Pilati, Project engagement - Guerini editore\" \/>\n<meta property=\"og:description\" content=\"Unendo metodo e consapevolezza, questo volume guida il lettore nel comprendere come la dimensione organizzativa e quella umana si intreccino nel lavoro di progetto.\" \/>\n<meta property=\"og:url\" content=\"https:\/\/www.guerini.it\/index.php\/prodotto\/project-engagement\/\" \/>\n<meta property=\"og:site_name\" content=\"Guerini e Associati\" \/>\n<meta property=\"article:modified_time\" content=\"2026-03-20T13:18:04+00:00\" \/>\n<meta property=\"og:image\" content=\"https:\/\/www.guerini.it\/wp-content\/uploads\/2026\/02\/PROJECT-ENGAGEMENT_9788868965860.webp\" \/>\n\t<meta property=\"og:image:width\" content=\"667\" \/>\n\t<meta property=\"og:image:height\" content=\"1000\" \/>\n\t<meta property=\"og:image:type\" content=\"image\/webp\" \/>\n<meta name=\"twitter:card\" content=\"summary_large_image\" \/>\n<meta name=\"twitter:label1\" content=\"Tempo di lettura stimato\" \/>\n\t<meta name=\"twitter:data1\" content=\"2 minuti\" \/>\n<!-- \/ Yoast SEO plugin. -->","yoast_head_json":{"title":"Massimo Pilati, Project engagement - Guerini editore","description":"Unendo metodo e consapevolezza, questo volume guida il lettore nel comprendere come la dimensione organizzativa e quella umana si intreccino nel lavoro di progetto.","robots":{"index":"index","follow":"follow","max-snippet":"max-snippet:-1","max-image-preview":"max-image-preview:large","max-video-preview":"max-video-preview:-1"},"canonical":"https:\/\/www.guerini.it\/index.php\/prodotto\/project-engagement\/","og_locale":"it_IT","og_type":"article","og_title":"Massimo Pilati, Project engagement - Guerini editore","og_description":"Unendo metodo e consapevolezza, questo volume guida il lettore nel comprendere come la dimensione organizzativa e quella umana si intreccino nel lavoro di progetto.","og_url":"https:\/\/www.guerini.it\/index.php\/prodotto\/project-engagement\/","og_site_name":"Guerini e Associati","article_modified_time":"2026-03-20T13:18:04+00:00","og_image":[{"width":667,"height":1000,"url":"https:\/\/www.guerini.it\/wp-content\/uploads\/2026\/02\/PROJECT-ENGAGEMENT_9788868965860.webp","type":"image\/webp"}],"twitter_card":"summary_large_image","twitter_misc":{"Tempo di lettura stimato":"2 minuti"},"schema":{"@context":"https:\/\/schema.org","@graph":[{"@type":"WebPage","@id":"https:\/\/www.guerini.it\/index.php\/prodotto\/project-engagement\/","url":"https:\/\/www.guerini.it\/index.php\/prodotto\/project-engagement\/","name":"Massimo Pilati, Project engagement - Guerini editore","isPartOf":{"@id":"https:\/\/www.guerini.it\/#website"},"primaryImageOfPage":{"@id":"https:\/\/www.guerini.it\/index.php\/prodotto\/project-engagement\/#primaryimage"},"image":{"@id":"https:\/\/www.guerini.it\/index.php\/prodotto\/project-engagement\/#primaryimage"},"thumbnailUrl":"https:\/\/www.guerini.it\/wp-content\/uploads\/2026\/02\/PROJECT-ENGAGEMENT_9788868965860.webp","datePublished":"2026-02-05T13:49:06+00:00","dateModified":"2026-03-20T13:18:04+00:00","description":"Unendo metodo e consapevolezza, questo volume guida il lettore nel comprendere come la dimensione organizzativa e quella umana si intreccino nel lavoro di progetto.","breadcrumb":{"@id":"https:\/\/www.guerini.it\/index.php\/prodotto\/project-engagement\/#breadcrumb"},"inLanguage":"it-IT","potentialAction":[{"@type":"ReadAction","target":["https:\/\/www.guerini.it\/index.php\/prodotto\/project-engagement\/"]}]},{"@type":"ImageObject","inLanguage":"it-IT","@id":"https:\/\/www.guerini.it\/index.php\/prodotto\/project-engagement\/#primaryimage","url":"https:\/\/www.guerini.it\/wp-content\/uploads\/2026\/02\/PROJECT-ENGAGEMENT_9788868965860.webp","contentUrl":"https:\/\/www.guerini.it\/wp-content\/uploads\/2026\/02\/PROJECT-ENGAGEMENT_9788868965860.webp","width":667,"height":1000,"caption":"Front cover di M. Pilati, Project engagement, Guerini Next, 2026"},{"@type":"BreadcrumbList","@id":"https:\/\/www.guerini.it\/index.php\/prodotto\/project-engagement\/#breadcrumb","itemListElement":[{"@type":"ListItem","position":1,"name":"Home","item":"https:\/\/www.guerini.it\/"},{"@type":"ListItem","position":2,"name":"Catalogo","item":"https:\/\/www.guerini.it\/index.php\/negozio\/"},{"@type":"ListItem","position":3,"name":"Project engagement"}]},{"@type":"WebSite","@id":"https:\/\/www.guerini.it\/#website","url":"https:\/\/www.guerini.it\/","name":"Guerini e Associati","description":"30 anni di libri, idee e libert\u00e0","publisher":{"@id":"https:\/\/www.guerini.it\/#organization"},"potentialAction":[{"@type":"SearchAction","target":{"@type":"EntryPoint","urlTemplate":"https:\/\/www.guerini.it\/?s={search_term_string}"},"query-input":{"@type":"PropertyValueSpecification","valueRequired":true,"valueName":"search_term_string"}}],"inLanguage":"it-IT"},{"@type":"Organization","@id":"https:\/\/www.guerini.it\/#organization","name":"Guerini e Associati","url":"https:\/\/www.guerini.it\/","logo":{"@type":"ImageObject","inLanguage":"it-IT","@id":"https:\/\/www.guerini.it\/#\/schema\/logo\/image\/","url":"https:\/\/www.guerini.it\/wp-content\/uploads\/2021\/03\/Logo-Guerini-OK_-e1615831292285.png","contentUrl":"https:\/\/www.guerini.it\/wp-content\/uploads\/2021\/03\/Logo-Guerini-OK_-e1615831292285.png","width":2805,"height":1870,"caption":"Guerini e Associati"},"image":{"@id":"https:\/\/www.guerini.it\/#\/schema\/logo\/image\/"}}]}},"_links":{"self":[{"href":"https:\/\/www.guerini.it\/index.php\/wp-json\/wp\/v2\/product\/26134","targetHints":{"allow":["GET"]}}],"collection":[{"href":"https:\/\/www.guerini.it\/index.php\/wp-json\/wp\/v2\/product"}],"about":[{"href":"https:\/\/www.guerini.it\/index.php\/wp-json\/wp\/v2\/types\/product"}],"wp:featuredmedia":[{"embeddable":true,"href":"https:\/\/www.guerini.it\/index.php\/wp-json\/wp\/v2\/media\/26135"}],"wp:attachment":[{"href":"https:\/\/www.guerini.it\/index.php\/wp-json\/wp\/v2\/media?parent=26134"}],"wp:term":[{"taxonomy":"product_brand","embeddable":true,"href":"https:\/\/www.guerini.it\/index.php\/wp-json\/wp\/v2\/product_brand?post=26134"},{"taxonomy":"product_cat","embeddable":true,"href":"https:\/\/www.guerini.it\/index.php\/wp-json\/wp\/v2\/product_cat?post=26134"},{"taxonomy":"product_tag","embeddable":true,"href":"https:\/\/www.guerini.it\/index.php\/wp-json\/wp\/v2\/product_tag?post=26134"}],"curies":[{"name":"wp","href":"https:\/\/api.w.org\/{rel}","templated":true}]}}