{"id":26156,"date":"2026-02-24T16:22:41","date_gmt":"2026-02-24T15:22:41","guid":{"rendered":"https:\/\/www.guerini.it\/?post_type=product&#038;p=26156"},"modified":"2026-03-09T09:45:40","modified_gmt":"2026-03-09T08:45:40","slug":"manifesto-per-loccidente","status":"publish","type":"product","link":"https:\/\/www.guerini.it\/index.php\/prodotto\/manifesto-per-loccidente\/","title":{"rendered":"Manifesto per l&#8217;Occidente"},"content":{"rendered":"<p>Che cosa resta oggi dell\u2019identit\u00e0 dell\u2019Occidente? \u00c8 ancora possibile difendere e trasmettere un\u2019eredit\u00e0 culturale fatta di libert\u00e0, dignit\u00e0, pensiero critico, arte, diritto, scienza, spiritualit\u00e0?<br \/>\nQuesto testo nasce per rispondere a una sfida urgente: riconoscere e rilanciare i valori fondanti della civilt\u00e0 occidentale nel pieno di un dibattito ideologico sempre pi\u00f9 polarizzato. Nel cuore della polemica \u00abwoke\u00bb e \u00abpost-coloniale\u00bb \u2013 che tende a cancellare simboli, opere, concetti centrali della nostra storia \u2013 voci esperte e autorevoli delineano venticinque valori-chiave dell\u2019Occidente, dalla <em>democrazia<\/em> alla <em>libert\u00e0<\/em>, dalla <em>dignit\u00e0<\/em> alla <em>persona<\/em>, dalla <em>responsabilit\u00e0<\/em> all\u2019<em>universalismo<\/em>, offrendo una lettura rigorosa, ma accessibile a tutti.<br \/>\nUn vero e proprio manifesto culturale contro la <em>cancel culture<\/em> e contro ogni forma di delegittimazione dell\u2019eredit\u00e0 occidentale, che non \u00e8 esclusiva, ma aperta, dinamica, universale.<\/p>\n<hr \/>\n<p><strong>GIUSEPPE VALDITARA<\/strong> \u00e8 professore ordinario di Diritto privato romano nell\u2019Universit\u00e0 di Torino. Dal 2022 \u00e8 Ministro dell\u2019Istruzione e del Merito della Repubblica italiana. \u00c8 stato preside della facolt\u00e0 di Giurisprudenza dell\u2019Universit\u00e0 Europea di Roma, assessore all\u2019Istruzione e all\u2019edilizia scolastica della Provincia di Milano, senatore della Repubblica. Nel 2020 ha fondato <em>Lettera150<\/em>. Nel 2024 ha pubblicato <em>La scuola dei talenti<\/em> (Milano), nel 2022, per le nostre edizioni, <em>Alle radici romane della Costituzione<\/em> e nel 2025 <em>La rivoluzione del buon senso. Per un Paese normale<\/em>.<\/p>\n<p><strong>GIAMPAOLO AZZONI<\/strong> \u00e8 professore ordinario di Filosofia del diritto nell\u2019Universit\u00e0 di Pavia, docente nei corsi di Teoria generale del diritto, Diritto Naturale e Relazioni Pubbliche. \u00c8 stato dal 2019 al 2025 ProRettore Vicario dell\u2019Universit\u00e0 di Pavia. Le sue attuali ricerche sono accomunate da una prospettiva di forti interrelazioni tra contemporaneit\u00e0 e cultura classica. Tra i suoi libri il pi\u00f9 rappresentativo \u00e8: <em>Nomofanie: esercizi di filosofia del diritto<\/em> (2021).<\/p>\n","protected":false},"excerpt":{"rendered":"<p>Che cosa resta oggi dell\u2019identit\u00e0 dell\u2019Occidente? \u00c8 ancora possibile difendere e trasmettere un\u2019eredit\u00e0 culturale fatta di libert\u00e0, dignit\u00e0, pensiero critico, arte, diritto, scienza, spiritualit\u00e0? Questo testo nasce per rispondere a [&hellip;]<\/p>\n","protected":false},"featured_media":26158,"template":"","meta":{"_editorskit_title_hidden":false,"_editorskit_reading_time":0,"_editorskit_is_block_options_detached":false,"_editorskit_block_options_position":"{}","_monsterinsights_skip_tracking":false,"_monsterinsights_sitenote_active":false,"_monsterinsights_sitenote_note":"","_monsterinsights_sitenote_category":0},"product_brand":[],"product_cat":[13602,6728],"product_tag":[13600,13599,10381,13601,13598],"class_list":{"0":"post-26156","1":"product","2":"type-product","3":"status-publish","4":"has-post-thumbnail","6":"product_cat-i-libri-di-lettera150","7":"product_cat-ultime_novita","8":"product_tag-civilta-europea","9":"product_tag-identita-culturale","10":"product_tag-occidente","11":"product_tag-storia-delle-idee","12":"product_tag-valori-occidentali","13":"pa_guerini_amazon_link-https-www-amazon-it-manifesto-loccidente-i-valori-universali-dp-8862509766","14":"pa_guerini_feltrinelli_link-https-www-lafeltrinelli-it-manifesto-per-occidente-valori-universali-libro-vari-e-9788862509763","15":"pa_guerini_ibs_link-https-www-ibs-it-manifesto-per-occidente-valori-universali-libro-vari-e-9788862509763","16":"pa_guerini_libruniver_link-https-www-libreriauniversitaria-it-manifesto-occidente-valori-universali-nostra-libro-9788862509763","17":"pa_guerini_link_amazon-https-www-amazon-it-manifesto-loccidente-valori-universali-cultura-ebook-dp-b0grfvy8fq","18":"pa_guerini_link_ibs-https-www-ibs-it-manifesto-per-occidente-ebook-vari-e-9788881955404","19":"pa_guerini_link_lafeltrinelli-https-www-lafeltrinelli-it-manifesto-per-occidente-ebook-vari-e-9788881955404","20":"pa_guerini_mondadori_link-https-www-mondadoristore-it-manifesto-per-loccidente-i-valori-universali-della-nostra-cultura-libro-p-9788862509763","22":"first","23":"instock","24":"sale","25":"shipping-taxable","26":"purchasable","27":"product-type-simple"},"yoast_head":"<!-- This site is optimized with the Yoast SEO plugin v25.4 - https:\/\/yoast.com\/wordpress\/plugins\/seo\/ -->\n<title>Manifesto per l&#039;Occidente, a cura di G. Valditara, G. Azzoni - Guerini e Associati<\/title>\n<meta name=\"description\" content=\"Un manifesto culturale contro ogni forma di delegittimazione dell\u2019eredit\u00e0 occidentale, che non \u00e8 esclusiva, ma aperta, dinamica, universale.\" \/>\n<meta name=\"robots\" content=\"index, follow, max-snippet:-1, max-image-preview:large, max-video-preview:-1\" \/>\n<link rel=\"canonical\" href=\"https:\/\/www.guerini.it\/index.php\/prodotto\/manifesto-per-loccidente\/\" \/>\n<meta property=\"og:locale\" content=\"it_IT\" \/>\n<meta property=\"og:type\" content=\"article\" \/>\n<meta property=\"og:title\" content=\"Manifesto per l&#039;Occidente, a cura di G. Valditara, G. Azzoni - Guerini e Associati\" \/>\n<meta property=\"og:description\" content=\"Un manifesto culturale contro ogni forma di delegittimazione dell\u2019eredit\u00e0 occidentale, che non \u00e8 esclusiva, ma aperta, dinamica, universale.\" \/>\n<meta property=\"og:url\" content=\"https:\/\/www.guerini.it\/index.php\/prodotto\/manifesto-per-loccidente\/\" \/>\n<meta property=\"og:site_name\" content=\"Guerini e Associati\" \/>\n<meta property=\"article:modified_time\" content=\"2026-03-09T08:45:40+00:00\" \/>\n<meta property=\"og:image\" content=\"https:\/\/www.guerini.it\/wp-content\/uploads\/2026\/02\/9788862509763.webp\" \/>\n\t<meta property=\"og:image:width\" content=\"615\" \/>\n\t<meta property=\"og:image:height\" content=\"1000\" \/>\n\t<meta property=\"og:image:type\" content=\"image\/webp\" \/>\n<meta name=\"twitter:card\" content=\"summary_large_image\" \/>\n<meta name=\"twitter:label1\" content=\"Tempo di lettura stimato\" \/>\n\t<meta name=\"twitter:data1\" content=\"2 minuti\" \/>\n<!-- \/ Yoast SEO plugin. -->","yoast_head_json":{"title":"Manifesto per l'Occidente, a cura di G. Valditara, G. Azzoni - Guerini e Associati","description":"Un manifesto culturale contro ogni forma di delegittimazione dell\u2019eredit\u00e0 occidentale, che non \u00e8 esclusiva, ma aperta, dinamica, universale.","robots":{"index":"index","follow":"follow","max-snippet":"max-snippet:-1","max-image-preview":"max-image-preview:large","max-video-preview":"max-video-preview:-1"},"canonical":"https:\/\/www.guerini.it\/index.php\/prodotto\/manifesto-per-loccidente\/","og_locale":"it_IT","og_type":"article","og_title":"Manifesto per l'Occidente, a cura di G. Valditara, G. Azzoni - Guerini e Associati","og_description":"Un manifesto culturale contro ogni forma di delegittimazione dell\u2019eredit\u00e0 occidentale, che non \u00e8 esclusiva, ma aperta, dinamica, universale.","og_url":"https:\/\/www.guerini.it\/index.php\/prodotto\/manifesto-per-loccidente\/","og_site_name":"Guerini e Associati","article_modified_time":"2026-03-09T08:45:40+00:00","og_image":[{"width":615,"height":1000,"url":"https:\/\/www.guerini.it\/wp-content\/uploads\/2026\/02\/9788862509763.webp","type":"image\/webp"}],"twitter_card":"summary_large_image","twitter_misc":{"Tempo di lettura stimato":"2 minuti"},"schema":{"@context":"https:\/\/schema.org","@graph":[{"@type":"WebPage","@id":"https:\/\/www.guerini.it\/index.php\/prodotto\/manifesto-per-loccidente\/","url":"https:\/\/www.guerini.it\/index.php\/prodotto\/manifesto-per-loccidente\/","name":"Manifesto per l'Occidente, a cura di G. Valditara, G. Azzoni - Guerini e Associati","isPartOf":{"@id":"https:\/\/www.guerini.it\/#website"},"primaryImageOfPage":{"@id":"https:\/\/www.guerini.it\/index.php\/prodotto\/manifesto-per-loccidente\/#primaryimage"},"image":{"@id":"https:\/\/www.guerini.it\/index.php\/prodotto\/manifesto-per-loccidente\/#primaryimage"},"thumbnailUrl":"https:\/\/www.guerini.it\/wp-content\/uploads\/2026\/02\/9788862509763.webp","datePublished":"2026-02-24T15:22:41+00:00","dateModified":"2026-03-09T08:45:40+00:00","description":"Un manifesto culturale contro ogni forma di delegittimazione dell\u2019eredit\u00e0 occidentale, che non \u00e8 esclusiva, ma aperta, dinamica, universale.","breadcrumb":{"@id":"https:\/\/www.guerini.it\/index.php\/prodotto\/manifesto-per-loccidente\/#breadcrumb"},"inLanguage":"it-IT","potentialAction":[{"@type":"ReadAction","target":["https:\/\/www.guerini.it\/index.php\/prodotto\/manifesto-per-loccidente\/"]}]},{"@type":"ImageObject","inLanguage":"it-IT","@id":"https:\/\/www.guerini.it\/index.php\/prodotto\/manifesto-per-loccidente\/#primaryimage","url":"https:\/\/www.guerini.it\/wp-content\/uploads\/2026\/02\/9788862509763.webp","contentUrl":"https:\/\/www.guerini.it\/wp-content\/uploads\/2026\/02\/9788862509763.webp","width":615,"height":1000,"caption":"Front Cover di Manifesto per l'Occidente, a cura di G. Valditara, G. Azzoni, Guerini e Associati, 2026"},{"@type":"BreadcrumbList","@id":"https:\/\/www.guerini.it\/index.php\/prodotto\/manifesto-per-loccidente\/#breadcrumb","itemListElement":[{"@type":"ListItem","position":1,"name":"Home","item":"https:\/\/www.guerini.it\/"},{"@type":"ListItem","position":2,"name":"Catalogo","item":"https:\/\/www.guerini.it\/index.php\/negozio\/"},{"@type":"ListItem","position":3,"name":"Manifesto per l&#8217;Occidente"}]},{"@type":"WebSite","@id":"https:\/\/www.guerini.it\/#website","url":"https:\/\/www.guerini.it\/","name":"Guerini e Associati","description":"30 anni di libri, idee e libert\u00e0","publisher":{"@id":"https:\/\/www.guerini.it\/#organization"},"potentialAction":[{"@type":"SearchAction","target":{"@type":"EntryPoint","urlTemplate":"https:\/\/www.guerini.it\/?s={search_term_string}"},"query-input":{"@type":"PropertyValueSpecification","valueRequired":true,"valueName":"search_term_string"}}],"inLanguage":"it-IT"},{"@type":"Organization","@id":"https:\/\/www.guerini.it\/#organization","name":"Guerini e Associati","url":"https:\/\/www.guerini.it\/","logo":{"@type":"ImageObject","inLanguage":"it-IT","@id":"https:\/\/www.guerini.it\/#\/schema\/logo\/image\/","url":"https:\/\/www.guerini.it\/wp-content\/uploads\/2021\/03\/Logo-Guerini-OK_-e1615831292285.png","contentUrl":"https:\/\/www.guerini.it\/wp-content\/uploads\/2021\/03\/Logo-Guerini-OK_-e1615831292285.png","width":2805,"height":1870,"caption":"Guerini e Associati"},"image":{"@id":"https:\/\/www.guerini.it\/#\/schema\/logo\/image\/"}}]}},"_links":{"self":[{"href":"https:\/\/www.guerini.it\/index.php\/wp-json\/wp\/v2\/product\/26156","targetHints":{"allow":["GET"]}}],"collection":[{"href":"https:\/\/www.guerini.it\/index.php\/wp-json\/wp\/v2\/product"}],"about":[{"href":"https:\/\/www.guerini.it\/index.php\/wp-json\/wp\/v2\/types\/product"}],"wp:featuredmedia":[{"embeddable":true,"href":"https:\/\/www.guerini.it\/index.php\/wp-json\/wp\/v2\/media\/26158"}],"wp:attachment":[{"href":"https:\/\/www.guerini.it\/index.php\/wp-json\/wp\/v2\/media?parent=26156"}],"wp:term":[{"taxonomy":"product_brand","embeddable":true,"href":"https:\/\/www.guerini.it\/index.php\/wp-json\/wp\/v2\/product_brand?post=26156"},{"taxonomy":"product_cat","embeddable":true,"href":"https:\/\/www.guerini.it\/index.php\/wp-json\/wp\/v2\/product_cat?post=26156"},{"taxonomy":"product_tag","embeddable":true,"href":"https:\/\/www.guerini.it\/index.php\/wp-json\/wp\/v2\/product_tag?post=26156"}],"curies":[{"name":"wp","href":"https:\/\/api.w.org\/{rel}","templated":true}]}}