{"id":26178,"date":"2026-03-12T11:12:37","date_gmt":"2026-03-12T10:12:37","guid":{"rendered":"https:\/\/www.guerini.it\/?post_type=product&#038;p=26178"},"modified":"2026-03-20T14:17:08","modified_gmt":"2026-03-20T13:17:08","slug":"banconote-digitali","status":"publish","type":"product","link":"https:\/\/www.guerini.it\/index.php\/prodotto\/banconote-digitali\/","title":{"rendered":"Banconote digitali"},"content":{"rendered":"<p style=\"text-align: justify;\">Oggi pagare \u00e8 facile e veloce: le grandi banche custodiscono i nostri risparmi, mentre i circuiti internazionali garantiscono transazioni globali sicure, determinando l\u2019efficienza e la capillarit\u00e0 del mercato. E allora perch\u00e9, in questo scenario gi\u00e0 ampiamente strutturato, la Banca Centrale Europea ha annunciato di voler introdurre l\u2019Euro Digitale? Qui viene fatta luce su questo cambiamento imminente: una rivoluzione tech che coinvolge il mondo delle banche e che anche l\u2019Unione Europea \u00e8 decisa a intraprendere. Andrea Gnetti, che lavora attivamente da anni nel settore, traccia le basi di questo importante cambiamento per l\u2019Europa. Cambiamento che ha avuto origine dalla diffusione di nuovi metodi di pagamento digitali, come le <em>stablecoin<\/em>, e dalle crescenti tensioni geopolitiche e nella conseguente necessit\u00e0 dell\u2019Unione Europea di estendere la sovranit\u00e0 monetaria al mondo digitale.<br \/>\nUn testo-guida per il cittadino che ha a cuore sapere come potranno evolvere le tecnologie che cambieranno il suo modo di pagare. Perch\u00e9 il denaro sta cambiando pelle, ed \u00e8 meglio farsi trovare preparati.<\/p>\n<hr \/>\n<p style=\"text-align: justify;\"><strong>Andrea Gnetti<\/strong> \u00e8 leader e imprenditore con oltre 25 anni di esperienza ai vertici del settore Payments &amp; Banking. La sua carriera si fonda su un percorso unico che combina consulenza strategica per brand globali (McKinsey &amp; Company, EY), la guida di aree di business chiave in importanti gruppi bancari (UniCredit, Capitalia) e la creazione di startup innovative. Ha contribuito a plasmare il panorama dei pagamenti guidando lo sviluppo di molti prodotti di pagamento in Italia e ricoprendo per oltre 5 anni il ruolo di membro del Consiglio di Amministrazione di Bancomat, Visa Italy e V-Pay Europe. Attualmente guida la nuova ondata di innovazione nei pagamenti come co-fondatore e CEO di Excellence Payments.<\/p>\n","protected":false},"excerpt":{"rendered":"<p>Oggi pagare \u00e8 facile e veloce: le grandi banche custodiscono i nostri risparmi, mentre i circuiti internazionali garantiscono transazioni globali sicure, determinando l\u2019efficienza e la capillarit\u00e0 del mercato. E allora [&hellip;]<\/p>\n","protected":false},"featured_media":26179,"template":"","meta":{"_editorskit_title_hidden":false,"_editorskit_reading_time":0,"_editorskit_is_block_options_detached":false,"_editorskit_block_options_position":"{}","_monsterinsights_skip_tracking":false,"_monsterinsights_sitenote_active":false,"_monsterinsights_sitenote_note":"","_monsterinsights_sitenote_category":0},"product_brand":[],"product_cat":[6805,12530,6728],"product_tag":[6763,6760,7054,13016],"class_list":{"0":"post-26178","1":"product","2":"type-product","3":"status-publish","4":"has-post-thumbnail","6":"product_cat-guerini-next","7":"product_cat-strategia-e-gestione-delle-istituzioni-finanziarie","8":"product_cat-ultime_novita","9":"product_tag-banche","10":"product_tag-finanza","11":"product_tag-investimenti","12":"product_tag-unione-europea","13":"pa_guerini_amazon_link-https-www-amazon-it-banconote-digitali-perch-digitale-cambier-dp-8868966395","14":"pa_guerini_feltrinelli_link-https-www-lafeltrinelli-it-banconote-digitali-perche-euro-digitale-libro-andrea-gnetti-e-9788868966393","15":"pa_guerini_ibs_link-https-www-ibs-it-banconote-digitali-perche-euro-digitale-libro-andrea-gnetti-e-9788868966393","16":"pa_guerini_libruniver_link-https-www-libreriauniversitaria-it-banconote-digitali-perche-euro-digitale-libro-9788868966393","17":"pa_guerini_mondadori_link-https-www-mondadoristore-it-banconote-digitali-perche-leuro-digitale-cambiera-forse-tutto-libro-andrea-gnetti-p-9788868966393","19":"first","20":"instock","21":"shipping-taxable","22":"purchasable","23":"product-type-simple"},"yoast_head":"<!-- This site is optimized with the Yoast SEO plugin v25.4 - https:\/\/yoast.com\/wordpress\/plugins\/seo\/ -->\n<title>Andrea Gnetti, Banconote digitali - Guerini Editore<\/title>\n<meta name=\"description\" content=\"Una guida per il cittadino, per comprendere la rivoluzione tecnologica del mondo delle banche e le decisioni che l&#039;Unione Europea sta prendendo a riguardo.\" \/>\n<meta name=\"robots\" content=\"index, follow, max-snippet:-1, max-image-preview:large, max-video-preview:-1\" \/>\n<link rel=\"canonical\" href=\"https:\/\/www.guerini.it\/index.php\/prodotto\/banconote-digitali\/\" \/>\n<meta property=\"og:locale\" content=\"it_IT\" \/>\n<meta property=\"og:type\" content=\"article\" \/>\n<meta property=\"og:title\" content=\"Andrea Gnetti, Banconote digitali - Guerini Editore\" \/>\n<meta property=\"og:description\" content=\"Una guida per il cittadino, per comprendere la rivoluzione tecnologica del mondo delle banche e le decisioni che l&#039;Unione Europea sta prendendo a riguardo.\" \/>\n<meta property=\"og:url\" content=\"https:\/\/www.guerini.it\/index.php\/prodotto\/banconote-digitali\/\" \/>\n<meta property=\"og:site_name\" content=\"Guerini e Associati\" \/>\n<meta property=\"article:modified_time\" content=\"2026-03-20T13:17:08+00:00\" \/>\n<meta property=\"og:image\" content=\"https:\/\/www.guerini.it\/wp-content\/uploads\/2026\/03\/9788868966393_BANCONOTE-DIGITIALI.webp\" \/>\n\t<meta property=\"og:image:width\" content=\"667\" \/>\n\t<meta property=\"og:image:height\" content=\"1000\" \/>\n\t<meta property=\"og:image:type\" content=\"image\/webp\" \/>\n<meta name=\"twitter:card\" content=\"summary_large_image\" \/>\n<meta name=\"twitter:label1\" content=\"Tempo di lettura stimato\" \/>\n\t<meta name=\"twitter:data1\" content=\"2 minuti\" \/>\n<!-- \/ Yoast SEO plugin. -->","yoast_head_json":{"title":"Andrea Gnetti, Banconote digitali - Guerini Editore","description":"Una guida per il cittadino, per comprendere la rivoluzione tecnologica del mondo delle banche e le decisioni che l'Unione Europea sta prendendo a riguardo.","robots":{"index":"index","follow":"follow","max-snippet":"max-snippet:-1","max-image-preview":"max-image-preview:large","max-video-preview":"max-video-preview:-1"},"canonical":"https:\/\/www.guerini.it\/index.php\/prodotto\/banconote-digitali\/","og_locale":"it_IT","og_type":"article","og_title":"Andrea Gnetti, Banconote digitali - Guerini Editore","og_description":"Una guida per il cittadino, per comprendere la rivoluzione tecnologica del mondo delle banche e le decisioni che l'Unione Europea sta prendendo a riguardo.","og_url":"https:\/\/www.guerini.it\/index.php\/prodotto\/banconote-digitali\/","og_site_name":"Guerini e Associati","article_modified_time":"2026-03-20T13:17:08+00:00","og_image":[{"width":667,"height":1000,"url":"https:\/\/www.guerini.it\/wp-content\/uploads\/2026\/03\/9788868966393_BANCONOTE-DIGITIALI.webp","type":"image\/webp"}],"twitter_card":"summary_large_image","twitter_misc":{"Tempo di lettura stimato":"2 minuti"},"schema":{"@context":"https:\/\/schema.org","@graph":[{"@type":"WebPage","@id":"https:\/\/www.guerini.it\/index.php\/prodotto\/banconote-digitali\/","url":"https:\/\/www.guerini.it\/index.php\/prodotto\/banconote-digitali\/","name":"Andrea Gnetti, Banconote digitali - Guerini Editore","isPartOf":{"@id":"https:\/\/www.guerini.it\/#website"},"primaryImageOfPage":{"@id":"https:\/\/www.guerini.it\/index.php\/prodotto\/banconote-digitali\/#primaryimage"},"image":{"@id":"https:\/\/www.guerini.it\/index.php\/prodotto\/banconote-digitali\/#primaryimage"},"thumbnailUrl":"https:\/\/www.guerini.it\/wp-content\/uploads\/2026\/03\/9788868966393_BANCONOTE-DIGITIALI.webp","datePublished":"2026-03-12T10:12:37+00:00","dateModified":"2026-03-20T13:17:08+00:00","description":"Una guida per il cittadino, per comprendere la rivoluzione tecnologica del mondo delle banche e le decisioni che l'Unione Europea sta prendendo a riguardo.","breadcrumb":{"@id":"https:\/\/www.guerini.it\/index.php\/prodotto\/banconote-digitali\/#breadcrumb"},"inLanguage":"it-IT","potentialAction":[{"@type":"ReadAction","target":["https:\/\/www.guerini.it\/index.php\/prodotto\/banconote-digitali\/"]}]},{"@type":"ImageObject","inLanguage":"it-IT","@id":"https:\/\/www.guerini.it\/index.php\/prodotto\/banconote-digitali\/#primaryimage","url":"https:\/\/www.guerini.it\/wp-content\/uploads\/2026\/03\/9788868966393_BANCONOTE-DIGITIALI.webp","contentUrl":"https:\/\/www.guerini.it\/wp-content\/uploads\/2026\/03\/9788868966393_BANCONOTE-DIGITIALI.webp","width":667,"height":1000,"caption":"Front cover di A. Gnetti, Banconote digitali, Guerini Next, 2026"},{"@type":"BreadcrumbList","@id":"https:\/\/www.guerini.it\/index.php\/prodotto\/banconote-digitali\/#breadcrumb","itemListElement":[{"@type":"ListItem","position":1,"name":"Home","item":"https:\/\/www.guerini.it\/"},{"@type":"ListItem","position":2,"name":"Catalogo","item":"https:\/\/www.guerini.it\/index.php\/negozio\/"},{"@type":"ListItem","position":3,"name":"Banconote digitali"}]},{"@type":"WebSite","@id":"https:\/\/www.guerini.it\/#website","url":"https:\/\/www.guerini.it\/","name":"Guerini e Associati","description":"30 anni di libri, idee e libert\u00e0","publisher":{"@id":"https:\/\/www.guerini.it\/#organization"},"potentialAction":[{"@type":"SearchAction","target":{"@type":"EntryPoint","urlTemplate":"https:\/\/www.guerini.it\/?s={search_term_string}"},"query-input":{"@type":"PropertyValueSpecification","valueRequired":true,"valueName":"search_term_string"}}],"inLanguage":"it-IT"},{"@type":"Organization","@id":"https:\/\/www.guerini.it\/#organization","name":"Guerini e Associati","url":"https:\/\/www.guerini.it\/","logo":{"@type":"ImageObject","inLanguage":"it-IT","@id":"https:\/\/www.guerini.it\/#\/schema\/logo\/image\/","url":"https:\/\/www.guerini.it\/wp-content\/uploads\/2021\/03\/Logo-Guerini-OK_-e1615831292285.png","contentUrl":"https:\/\/www.guerini.it\/wp-content\/uploads\/2021\/03\/Logo-Guerini-OK_-e1615831292285.png","width":2805,"height":1870,"caption":"Guerini e Associati"},"image":{"@id":"https:\/\/www.guerini.it\/#\/schema\/logo\/image\/"}}]}},"_links":{"self":[{"href":"https:\/\/www.guerini.it\/index.php\/wp-json\/wp\/v2\/product\/26178","targetHints":{"allow":["GET"]}}],"collection":[{"href":"https:\/\/www.guerini.it\/index.php\/wp-json\/wp\/v2\/product"}],"about":[{"href":"https:\/\/www.guerini.it\/index.php\/wp-json\/wp\/v2\/types\/product"}],"wp:featuredmedia":[{"embeddable":true,"href":"https:\/\/www.guerini.it\/index.php\/wp-json\/wp\/v2\/media\/26179"}],"wp:attachment":[{"href":"https:\/\/www.guerini.it\/index.php\/wp-json\/wp\/v2\/media?parent=26178"}],"wp:term":[{"taxonomy":"product_brand","embeddable":true,"href":"https:\/\/www.guerini.it\/index.php\/wp-json\/wp\/v2\/product_brand?post=26178"},{"taxonomy":"product_cat","embeddable":true,"href":"https:\/\/www.guerini.it\/index.php\/wp-json\/wp\/v2\/product_cat?post=26178"},{"taxonomy":"product_tag","embeddable":true,"href":"https:\/\/www.guerini.it\/index.php\/wp-json\/wp\/v2\/product_tag?post=26178"}],"curies":[{"name":"wp","href":"https:\/\/api.w.org\/{rel}","templated":true}]}}