{"id":26185,"date":"2026-03-13T12:19:17","date_gmt":"2026-03-13T11:19:17","guid":{"rendered":"https:\/\/www.guerini.it\/?post_type=product&#038;p=26185"},"modified":"2026-04-07T14:37:56","modified_gmt":"2026-04-07T12:37:56","slug":"value-2024","status":"publish","type":"product","link":"https:\/\/www.guerini.it\/index.php\/prodotto\/value-2024\/","title":{"rendered":"Value 2024"},"content":{"rendered":"<p style=\"text-align: justify;\">In un panorama economico sempre pi\u00f9 frammentato e complesso, come si definisce e come si misura oggi il valore? Il volume raccoglie contributi scientifici e riflessioni maturate dal dialogo tra il mondo accademico, l\u2019istat e le istituzioni, mettendo in luce la duplice dimensione della crescita: quella globale, legata alle grandi dinamiche dei mercati, e quella locale, profondamente radicata nei territori. Ne emerge una lettura integrata della ricchezza delle nazioni come fenomeno complesso e multidimensionale. La ricchezza non si esaurisce nei flussi economici correnti, ma prende forma nella capacit\u00e0 di governare risorse strategiche, costruire reti produttive resilienti, accumulare patrimonio nel tempo e adattarsi a un contesto globale in continuo mutamento. Il volume rafforza cos\u00ec la consapevolezza che ricchezza, competitivit\u00e0 e resilienza delle economie dipendono da un intreccio sempre pi\u00f9 stretto tra risorse materiali, strutture produttive, relazioni internazionali, capacit\u00e0 di accumulazione e qualit\u00e0 delle reti d\u2019impresa.<\/p>\n<hr \/>\n<p style=\"text-align: justify;\"><strong>Giovanni Paolo Crespi<\/strong> \u00e8 professore ordinario di Metodi matematici dell\u2019economia e delle scienze attuariali e finanziarie presso l\u2019Universit\u00e0 Carlo Cattaneo \u2013 LIUC, dove dirige il Data Analytics and Science Hub. I suoi interessi di ricerca riguardano principalmente l\u2019ottimizzazione, le disequazioni variazionali e la teoria dei giochi, con attenzione alle possibili applicazioni in campo economico e finanziario.<\/p>\n<p><strong>Chiara Gigliarano<\/strong> \u00e8 professore ordinario di Statistica economica presso l\u2019Universit\u00e0 Carlo Cattaneo \u2013 LIUC e direttore dell\u2019Ufficio Studi LIUC. I suoi interessi di ricerca si concentrano su misurazione di disuguaglianza, polarizzazione e povert\u00e0, e indicatori compositi di benessere. \u00c8 vicepresidente della Societ\u00e0 Italiana di Economia Demografia e Statistica e direttore responsabile della <em>Rivista Italiana di Economia Demografia e Statistica<\/em>.<\/p>\n","protected":false},"excerpt":{"rendered":"<p>In un panorama economico sempre pi\u00f9 frammentato e complesso, come si definisce e come si misura oggi il valore? Il volume raccoglie contributi scientifici e riflessioni maturate dal dialogo tra [&hellip;]<\/p>\n","protected":false},"featured_media":26186,"template":"","meta":{"_editorskit_title_hidden":false,"_editorskit_reading_time":0,"_editorskit_is_block_options_detached":false,"_editorskit_block_options_position":"{}","_monsterinsights_skip_tracking":false,"_monsterinsights_sitenote_active":false,"_monsterinsights_sitenote_note":"","_monsterinsights_sitenote_category":0},"product_brand":[],"product_cat":[6805,6700],"product_tag":[13520,7020,7050,13521,7532],"class_list":{"0":"post-26185","1":"product","2":"type-product","3":"status-publish","4":"has-post-thumbnail","6":"product_cat-guerini-next","7":"product_cat-universita-cattaneo-libri","8":"product_tag-accademia","9":"product_tag-formazione","10":"product_tag-storia","11":"product_tag-talenti","12":"product_tag-universita","13":"pa_guerini_amazon_link-https-www-amazon-it-value-misurazione-valore-nelleconomia-globale-locale-dp-8868966360","14":"pa_guerini_feltrinelli_link-https-www-lafeltrinelli-it-value-2024-misurazione-del-valore-libro-vari-e-9788868966362","15":"pa_guerini_ibs_link-https-www-ibs-it-value-2024-misurazione-del-valore-libro-vari-e-9788868966362","16":"pa_guerini_libruniver_link-https-www-libreriauniversitaria-it-value-2024-misurazione-valore-economia-libro-9788868966362","17":"pa_guerini_mondadori_link-https-www-mondadoristore-it-value-2024-la-misurazione-del-valore-nelleconomia-globalelocale-libro-p-9788868966362","19":"first","20":"instock","21":"sale","22":"shipping-taxable","23":"purchasable","24":"product-type-simple"},"yoast_head":"<!-- This site is optimized with the Yoast SEO plugin v25.4 - https:\/\/yoast.com\/wordpress\/plugins\/seo\/ -->\n<title>Value 2024, a cura di G.P. Crespi, C. Gigliarano - Guerini Editore<\/title>\n<meta name=\"description\" content=\"Il volume mostra come ricchezza, competitivit\u00e0 e resilienza delle economie dipendono da un intreccio tra risorse, strutture, relazioni e qualit\u00e0 delle reti d\u2019impresa.\" \/>\n<meta name=\"robots\" content=\"index, follow, max-snippet:-1, max-image-preview:large, max-video-preview:-1\" \/>\n<link rel=\"canonical\" href=\"https:\/\/www.guerini.it\/index.php\/prodotto\/value-2024\/\" \/>\n<meta property=\"og:locale\" content=\"it_IT\" \/>\n<meta property=\"og:type\" content=\"article\" \/>\n<meta property=\"og:title\" content=\"Value 2024, a cura di G.P. Crespi, C. Gigliarano - Guerini Editore\" \/>\n<meta property=\"og:description\" content=\"Il volume mostra come ricchezza, competitivit\u00e0 e resilienza delle economie dipendono da un intreccio tra risorse, strutture, relazioni e qualit\u00e0 delle reti d\u2019impresa.\" \/>\n<meta property=\"og:url\" content=\"https:\/\/www.guerini.it\/index.php\/prodotto\/value-2024\/\" \/>\n<meta property=\"og:site_name\" content=\"Guerini e Associati\" \/>\n<meta property=\"article:modified_time\" content=\"2026-04-07T12:37:56+00:00\" \/>\n<meta property=\"og:image\" content=\"https:\/\/www.guerini.it\/wp-content\/uploads\/2026\/03\/VALUE-2024_9788868966362.webp\" \/>\n\t<meta property=\"og:image:width\" content=\"652\" \/>\n\t<meta property=\"og:image:height\" content=\"1000\" \/>\n\t<meta property=\"og:image:type\" content=\"image\/webp\" \/>\n<meta name=\"twitter:card\" content=\"summary_large_image\" \/>\n<meta name=\"twitter:label1\" content=\"Tempo di lettura stimato\" \/>\n\t<meta name=\"twitter:data1\" content=\"2 minuti\" \/>\n<!-- \/ Yoast SEO plugin. -->","yoast_head_json":{"title":"Value 2024, a cura di G.P. Crespi, C. Gigliarano - Guerini Editore","description":"Il volume mostra come ricchezza, competitivit\u00e0 e resilienza delle economie dipendono da un intreccio tra risorse, strutture, relazioni e qualit\u00e0 delle reti d\u2019impresa.","robots":{"index":"index","follow":"follow","max-snippet":"max-snippet:-1","max-image-preview":"max-image-preview:large","max-video-preview":"max-video-preview:-1"},"canonical":"https:\/\/www.guerini.it\/index.php\/prodotto\/value-2024\/","og_locale":"it_IT","og_type":"article","og_title":"Value 2024, a cura di G.P. Crespi, C. Gigliarano - Guerini Editore","og_description":"Il volume mostra come ricchezza, competitivit\u00e0 e resilienza delle economie dipendono da un intreccio tra risorse, strutture, relazioni e qualit\u00e0 delle reti d\u2019impresa.","og_url":"https:\/\/www.guerini.it\/index.php\/prodotto\/value-2024\/","og_site_name":"Guerini e Associati","article_modified_time":"2026-04-07T12:37:56+00:00","og_image":[{"width":652,"height":1000,"url":"https:\/\/www.guerini.it\/wp-content\/uploads\/2026\/03\/VALUE-2024_9788868966362.webp","type":"image\/webp"}],"twitter_card":"summary_large_image","twitter_misc":{"Tempo di lettura stimato":"2 minuti"},"schema":{"@context":"https:\/\/schema.org","@graph":[{"@type":"WebPage","@id":"https:\/\/www.guerini.it\/index.php\/prodotto\/value-2024\/","url":"https:\/\/www.guerini.it\/index.php\/prodotto\/value-2024\/","name":"Value 2024, a cura di G.P. Crespi, C. Gigliarano - Guerini Editore","isPartOf":{"@id":"https:\/\/www.guerini.it\/#website"},"primaryImageOfPage":{"@id":"https:\/\/www.guerini.it\/index.php\/prodotto\/value-2024\/#primaryimage"},"image":{"@id":"https:\/\/www.guerini.it\/index.php\/prodotto\/value-2024\/#primaryimage"},"thumbnailUrl":"https:\/\/www.guerini.it\/wp-content\/uploads\/2026\/03\/VALUE-2024_9788868966362.webp","datePublished":"2026-03-13T11:19:17+00:00","dateModified":"2026-04-07T12:37:56+00:00","description":"Il volume mostra come ricchezza, competitivit\u00e0 e resilienza delle economie dipendono da un intreccio tra risorse, strutture, relazioni e qualit\u00e0 delle reti d\u2019impresa.","breadcrumb":{"@id":"https:\/\/www.guerini.it\/index.php\/prodotto\/value-2024\/#breadcrumb"},"inLanguage":"it-IT","potentialAction":[{"@type":"ReadAction","target":["https:\/\/www.guerini.it\/index.php\/prodotto\/value-2024\/"]}]},{"@type":"ImageObject","inLanguage":"it-IT","@id":"https:\/\/www.guerini.it\/index.php\/prodotto\/value-2024\/#primaryimage","url":"https:\/\/www.guerini.it\/wp-content\/uploads\/2026\/03\/VALUE-2024_9788868966362.webp","contentUrl":"https:\/\/www.guerini.it\/wp-content\/uploads\/2026\/03\/VALUE-2024_9788868966362.webp","width":652,"height":1000,"caption":"Front cover di Value 2024, a cura di G.P. Crespi, C. Gigliarano, Guerini Next, 2026"},{"@type":"BreadcrumbList","@id":"https:\/\/www.guerini.it\/index.php\/prodotto\/value-2024\/#breadcrumb","itemListElement":[{"@type":"ListItem","position":1,"name":"Home","item":"https:\/\/www.guerini.it\/"},{"@type":"ListItem","position":2,"name":"Catalogo","item":"https:\/\/www.guerini.it\/index.php\/negozio\/"},{"@type":"ListItem","position":3,"name":"Value 2024"}]},{"@type":"WebSite","@id":"https:\/\/www.guerini.it\/#website","url":"https:\/\/www.guerini.it\/","name":"Guerini e Associati","description":"30 anni di libri, idee e libert\u00e0","publisher":{"@id":"https:\/\/www.guerini.it\/#organization"},"potentialAction":[{"@type":"SearchAction","target":{"@type":"EntryPoint","urlTemplate":"https:\/\/www.guerini.it\/?s={search_term_string}"},"query-input":{"@type":"PropertyValueSpecification","valueRequired":true,"valueName":"search_term_string"}}],"inLanguage":"it-IT"},{"@type":"Organization","@id":"https:\/\/www.guerini.it\/#organization","name":"Guerini e Associati","url":"https:\/\/www.guerini.it\/","logo":{"@type":"ImageObject","inLanguage":"it-IT","@id":"https:\/\/www.guerini.it\/#\/schema\/logo\/image\/","url":"https:\/\/www.guerini.it\/wp-content\/uploads\/2021\/03\/Logo-Guerini-OK_-e1615831292285.png","contentUrl":"https:\/\/www.guerini.it\/wp-content\/uploads\/2021\/03\/Logo-Guerini-OK_-e1615831292285.png","width":2805,"height":1870,"caption":"Guerini e Associati"},"image":{"@id":"https:\/\/www.guerini.it\/#\/schema\/logo\/image\/"}}]}},"_links":{"self":[{"href":"https:\/\/www.guerini.it\/index.php\/wp-json\/wp\/v2\/product\/26185","targetHints":{"allow":["GET"]}}],"collection":[{"href":"https:\/\/www.guerini.it\/index.php\/wp-json\/wp\/v2\/product"}],"about":[{"href":"https:\/\/www.guerini.it\/index.php\/wp-json\/wp\/v2\/types\/product"}],"wp:featuredmedia":[{"embeddable":true,"href":"https:\/\/www.guerini.it\/index.php\/wp-json\/wp\/v2\/media\/26186"}],"wp:attachment":[{"href":"https:\/\/www.guerini.it\/index.php\/wp-json\/wp\/v2\/media?parent=26185"}],"wp:term":[{"taxonomy":"product_brand","embeddable":true,"href":"https:\/\/www.guerini.it\/index.php\/wp-json\/wp\/v2\/product_brand?post=26185"},{"taxonomy":"product_cat","embeddable":true,"href":"https:\/\/www.guerini.it\/index.php\/wp-json\/wp\/v2\/product_cat?post=26185"},{"taxonomy":"product_tag","embeddable":true,"href":"https:\/\/www.guerini.it\/index.php\/wp-json\/wp\/v2\/product_tag?post=26185"}],"curies":[{"name":"wp","href":"https:\/\/api.w.org\/{rel}","templated":true}]}}