{"id":26204,"date":"2026-03-19T14:49:07","date_gmt":"2026-03-19T13:49:07","guid":{"rendered":"https:\/\/www.guerini.it\/?post_type=product&#038;p=26204"},"modified":"2026-04-10T15:54:46","modified_gmt":"2026-04-10T13:54:46","slug":"longevity-economy","status":"publish","type":"product","link":"https:\/\/www.guerini.it\/index.php\/prodotto\/longevity-economy\/","title":{"rendered":"Longevity economy"},"content":{"rendered":"<p style=\"text-align: justify;\">Negli ultimi ottant\u2019anni abbiamo vissuto una trasformazione senza precedenti: la popolazione mondiale \u00e8 cresciuta come mai prima e la vita si \u00e8 allungata di oltre vent\u2019anni. Per la prima volta nella storia, una quota crescente di cittadini supera i 65 anni. Non \u00e8 solo un cambiamento demografico: \u00e8 una rivoluzione economica e sociale. Ma come trasformare l\u2019invecchiamento in una risorsa quando la societ\u00e0 lo percepisce solo come un costo?<br \/>\nLa risposta di Alberto Brambilla \u00e8 nella Longevity Economy, che ridefinisce consumi, risparmi, servizi e modelli di welfare. I Longennial \u2013 dai cinquantenni ai Silver \u2013 rappresentano una risorsa decisiva di esperienza, patrimonio e capacit\u00e0 di spesa, ancora poco valorizzata.<br \/>\nUn approccio capace di trasformare la longevit\u00e0 in una straordinaria opportunit\u00e0 di sviluppo e di orientare politiche, imprese e comunit\u00e0 verso un obiettivo ambizioso e necessario: far contare ogni anno vissuto al massimo, per s\u00e9 e per l\u2019Italia.<\/p>\n<hr \/>\n<p style=\"text-align: justify;\"><strong>Alberto Brambilla<\/strong> presiede il Centro Studi e Ricerche Itinerari Previdenziali. Gi\u00e0 presidente del Nucleo di Valutazione della Spesa Previdenziale presso il Ministero del Lavoro e della Previdenza Sociale, \u00e8 stato dal 2001 al 2006 sottosegretario di Stato al Ministero del Welfare con delega alla Previdenza Sociale, partecipando al coordinamento della riforma delle pensioni. Ha ricoperto l\u2019incarico di consigliere economico alla Presidenza del Consiglio dei Ministri dal 2018 al 2020. Per le nostre edizioni ha pubblicato <em>Capire i fondi pensione. Le nuove frontiere della previdenza e del welfare integrativo<\/em> (2021), <em>Il consenso a tutti i costi. Quando la politica promette, il cittadino deve sempre chiedere: chi paga?<\/em> (2022), <em>Italia 2045. Una transizione demografica e razionale<\/em> (2023).<\/p>\n","protected":false},"excerpt":{"rendered":"<p>Negli ultimi ottant\u2019anni abbiamo vissuto una trasformazione senza precedenti: la popolazione mondiale \u00e8 cresciuta come mai prima e la vita si \u00e8 allungata di oltre vent\u2019anni. Per la prima volta [&hellip;]<\/p>\n","protected":false},"featured_media":26206,"template":"","meta":{"_editorskit_title_hidden":false,"_editorskit_reading_time":0,"_editorskit_is_block_options_detached":false,"_editorskit_block_options_position":"{}","_monsterinsights_skip_tracking":false,"_monsterinsights_sitenote_active":false,"_monsterinsights_sitenote_note":"","_monsterinsights_sitenote_category":0},"product_brand":[],"product_cat":[6728],"product_tag":[7341,7419,7643,13650,6816,7339],"class_list":{"0":"post-26204","1":"product","2":"type-product","3":"status-publish","4":"has-post-thumbnail","6":"product_cat-ultime_novita","7":"product_tag-lavoro","8":"product_tag-pensioni","9":"product_tag-politica","10":"product_tag-silver-economy","11":"product_tag-societa","12":"product_tag-welfare","13":"pa_guerini_amazon_link-https-www-amazon-it-longevity-economy-economia-prossimi-decenni-dp-8862501803","14":"pa_guerini_feltrinelli_link-https-www-lafeltrinelli-it-longevity-economy-da-silver-a-libro-alberto-brambilla-e-9788862501804","15":"pa_guerini_ibs_link-https-www-ibs-it-longevity-economy-da-silver-a-libro-alberto-brambilla-e-9788862501804","16":"pa_guerini_libruniver_link-https-www-libreriauniversitaria-it-longevity-economy-silver-longevity-grande-libro-9788862501804","17":"pa_guerini_mondadori_link-https-www-mondadoristore-it-longevity-economy-libro-alberto-brambilla-p-9788862501804","19":"first","20":"instock","21":"sale","22":"shipping-taxable","23":"purchasable","24":"product-type-simple"},"yoast_head":"<!-- This site is optimized with the Yoast SEO plugin v25.4 - https:\/\/yoast.com\/wordpress\/plugins\/seo\/ -->\n<title>Alberto Brambilla, Longevity economy - Guerini e Associati<\/title>\n<meta name=\"description\" content=\"Come trasformare l\u2019invecchiamento in una risorsa? La risposta di Alberto Brambilla \u00e8 nella Longevity Economy, che ridefinisce consumi, risparmi, servizi e modelli di welfare.\" \/>\n<meta name=\"robots\" content=\"index, follow, max-snippet:-1, max-image-preview:large, max-video-preview:-1\" \/>\n<link rel=\"canonical\" href=\"https:\/\/www.guerini.it\/index.php\/prodotto\/longevity-economy\/\" \/>\n<meta property=\"og:locale\" content=\"it_IT\" \/>\n<meta property=\"og:type\" content=\"article\" \/>\n<meta property=\"og:title\" content=\"Alberto Brambilla, Longevity economy - Guerini e Associati\" \/>\n<meta property=\"og:description\" content=\"Come trasformare l\u2019invecchiamento in una risorsa? La risposta di Alberto Brambilla \u00e8 nella Longevity Economy, che ridefinisce consumi, risparmi, servizi e modelli di welfare.\" \/>\n<meta property=\"og:url\" content=\"https:\/\/www.guerini.it\/index.php\/prodotto\/longevity-economy\/\" \/>\n<meta property=\"og:site_name\" content=\"Guerini e Associati\" \/>\n<meta property=\"article:modified_time\" content=\"2026-04-10T13:54:46+00:00\" \/>\n<meta property=\"og:image\" content=\"https:\/\/www.guerini.it\/wp-content\/uploads\/2026\/03\/LONGEVITY-ECONOMY_9788862501804.webp\" \/>\n\t<meta property=\"og:image:width\" content=\"643\" \/>\n\t<meta property=\"og:image:height\" content=\"1000\" \/>\n\t<meta property=\"og:image:type\" content=\"image\/webp\" \/>\n<meta name=\"twitter:card\" content=\"summary_large_image\" \/>\n<meta name=\"twitter:label1\" content=\"Tempo di lettura stimato\" \/>\n\t<meta name=\"twitter:data1\" content=\"2 minuti\" \/>\n<!-- \/ Yoast SEO plugin. -->","yoast_head_json":{"title":"Alberto Brambilla, Longevity economy - Guerini e Associati","description":"Come trasformare l\u2019invecchiamento in una risorsa? La risposta di Alberto Brambilla \u00e8 nella Longevity Economy, che ridefinisce consumi, risparmi, servizi e modelli di welfare.","robots":{"index":"index","follow":"follow","max-snippet":"max-snippet:-1","max-image-preview":"max-image-preview:large","max-video-preview":"max-video-preview:-1"},"canonical":"https:\/\/www.guerini.it\/index.php\/prodotto\/longevity-economy\/","og_locale":"it_IT","og_type":"article","og_title":"Alberto Brambilla, Longevity economy - Guerini e Associati","og_description":"Come trasformare l\u2019invecchiamento in una risorsa? La risposta di Alberto Brambilla \u00e8 nella Longevity Economy, che ridefinisce consumi, risparmi, servizi e modelli di welfare.","og_url":"https:\/\/www.guerini.it\/index.php\/prodotto\/longevity-economy\/","og_site_name":"Guerini e Associati","article_modified_time":"2026-04-10T13:54:46+00:00","og_image":[{"width":643,"height":1000,"url":"https:\/\/www.guerini.it\/wp-content\/uploads\/2026\/03\/LONGEVITY-ECONOMY_9788862501804.webp","type":"image\/webp"}],"twitter_card":"summary_large_image","twitter_misc":{"Tempo di lettura stimato":"2 minuti"},"schema":{"@context":"https:\/\/schema.org","@graph":[{"@type":"WebPage","@id":"https:\/\/www.guerini.it\/index.php\/prodotto\/longevity-economy\/","url":"https:\/\/www.guerini.it\/index.php\/prodotto\/longevity-economy\/","name":"Alberto Brambilla, Longevity economy - Guerini e Associati","isPartOf":{"@id":"https:\/\/www.guerini.it\/#website"},"primaryImageOfPage":{"@id":"https:\/\/www.guerini.it\/index.php\/prodotto\/longevity-economy\/#primaryimage"},"image":{"@id":"https:\/\/www.guerini.it\/index.php\/prodotto\/longevity-economy\/#primaryimage"},"thumbnailUrl":"https:\/\/www.guerini.it\/wp-content\/uploads\/2026\/03\/LONGEVITY-ECONOMY_9788862501804.webp","datePublished":"2026-03-19T13:49:07+00:00","dateModified":"2026-04-10T13:54:46+00:00","description":"Come trasformare l\u2019invecchiamento in una risorsa? La risposta di Alberto Brambilla \u00e8 nella Longevity Economy, che ridefinisce consumi, risparmi, servizi e modelli di welfare.","breadcrumb":{"@id":"https:\/\/www.guerini.it\/index.php\/prodotto\/longevity-economy\/#breadcrumb"},"inLanguage":"it-IT","potentialAction":[{"@type":"ReadAction","target":["https:\/\/www.guerini.it\/index.php\/prodotto\/longevity-economy\/"]}]},{"@type":"ImageObject","inLanguage":"it-IT","@id":"https:\/\/www.guerini.it\/index.php\/prodotto\/longevity-economy\/#primaryimage","url":"https:\/\/www.guerini.it\/wp-content\/uploads\/2026\/03\/LONGEVITY-ECONOMY_9788862501804.webp","contentUrl":"https:\/\/www.guerini.it\/wp-content\/uploads\/2026\/03\/LONGEVITY-ECONOMY_9788862501804.webp","width":643,"height":1000,"caption":"Front cover di A. Brambilla, Longevity Economy, Guerini e Associati, 2026"},{"@type":"BreadcrumbList","@id":"https:\/\/www.guerini.it\/index.php\/prodotto\/longevity-economy\/#breadcrumb","itemListElement":[{"@type":"ListItem","position":1,"name":"Home","item":"https:\/\/www.guerini.it\/"},{"@type":"ListItem","position":2,"name":"Catalogo","item":"https:\/\/www.guerini.it\/index.php\/negozio\/"},{"@type":"ListItem","position":3,"name":"Longevity economy"}]},{"@type":"WebSite","@id":"https:\/\/www.guerini.it\/#website","url":"https:\/\/www.guerini.it\/","name":"Guerini e Associati","description":"30 anni di libri, idee e libert\u00e0","publisher":{"@id":"https:\/\/www.guerini.it\/#organization"},"potentialAction":[{"@type":"SearchAction","target":{"@type":"EntryPoint","urlTemplate":"https:\/\/www.guerini.it\/?s={search_term_string}"},"query-input":{"@type":"PropertyValueSpecification","valueRequired":true,"valueName":"search_term_string"}}],"inLanguage":"it-IT"},{"@type":"Organization","@id":"https:\/\/www.guerini.it\/#organization","name":"Guerini e Associati","url":"https:\/\/www.guerini.it\/","logo":{"@type":"ImageObject","inLanguage":"it-IT","@id":"https:\/\/www.guerini.it\/#\/schema\/logo\/image\/","url":"https:\/\/www.guerini.it\/wp-content\/uploads\/2021\/03\/Logo-Guerini-OK_-e1615831292285.png","contentUrl":"https:\/\/www.guerini.it\/wp-content\/uploads\/2021\/03\/Logo-Guerini-OK_-e1615831292285.png","width":2805,"height":1870,"caption":"Guerini e Associati"},"image":{"@id":"https:\/\/www.guerini.it\/#\/schema\/logo\/image\/"}}]}},"_links":{"self":[{"href":"https:\/\/www.guerini.it\/index.php\/wp-json\/wp\/v2\/product\/26204","targetHints":{"allow":["GET"]}}],"collection":[{"href":"https:\/\/www.guerini.it\/index.php\/wp-json\/wp\/v2\/product"}],"about":[{"href":"https:\/\/www.guerini.it\/index.php\/wp-json\/wp\/v2\/types\/product"}],"wp:featuredmedia":[{"embeddable":true,"href":"https:\/\/www.guerini.it\/index.php\/wp-json\/wp\/v2\/media\/26206"}],"wp:attachment":[{"href":"https:\/\/www.guerini.it\/index.php\/wp-json\/wp\/v2\/media?parent=26204"}],"wp:term":[{"taxonomy":"product_brand","embeddable":true,"href":"https:\/\/www.guerini.it\/index.php\/wp-json\/wp\/v2\/product_brand?post=26204"},{"taxonomy":"product_cat","embeddable":true,"href":"https:\/\/www.guerini.it\/index.php\/wp-json\/wp\/v2\/product_cat?post=26204"},{"taxonomy":"product_tag","embeddable":true,"href":"https:\/\/www.guerini.it\/index.php\/wp-json\/wp\/v2\/product_tag?post=26204"}],"curies":[{"name":"wp","href":"https:\/\/api.w.org\/{rel}","templated":true}]}}