{"id":26219,"date":"2026-03-23T15:47:58","date_gmt":"2026-03-23T14:47:58","guid":{"rendered":"https:\/\/www.guerini.it\/?post_type=product&#038;p=26219"},"modified":"2026-04-03T13:20:26","modified_gmt":"2026-04-03T11:20:26","slug":"estremi","status":"publish","type":"product","link":"https:\/\/www.guerini.it\/index.php\/prodotto\/estremi\/","title":{"rendered":"Estremi"},"content":{"rendered":"<p style=\"text-align: justify;\">Viviamo in un\u2019epoca di estremi. Visioni contrapposte e fenomeni radicali creano un senso di incertezza che sta rapidamente compromettendo la capacit\u00e0 degli Stati e delle classi dirigenti di governare il cambiamento. Forze sociali, politiche e culturali radicali hanno spesso nella storia rappresentato un cambiamento positivo, fino a quando per\u00f2 la radicalit\u00e0 non si \u00e8 trasformata in polarizzazione, in negazione delle ragioni dell\u2019altro, in uno strumento di lotta, in caos, in violenza. Ora che gli estremi sono la cifra preponderante delle relazioni tra Stati, partiti e individui, occorre una nuova ricetta di governo. Servono risposte pragmatiche di fronte al ritorno della guerra, al potere dei para-Stati tecnologici, al clima che cambia, alle migrazioni di massa, alla polarizzazione politica, alla divisione del mondo in sfere d\u2019influenza. Cambiamenti epocali, resi pi\u00f9 distruttivi dall\u2019ideologia. <em>Estremi<\/em> mette in guardia dai rischi dell\u2019esasperazione nelle relazioni internazionali e in quelle tra partiti, sistemi, modelli politici e perfino tra individui, con una visione realista e non nostalgica, alla ricerca di soluzioni efficaci per i prossimi decenni. Per scongiurare la catastrofe.<\/p>\n<hr \/>\n<p style=\"text-align: justify;\"><strong>Gianluca Ansalone<\/strong> \u00e8 un manager di imprese multinazionali. Per quasi tutta la sua vita professionale ha svolto incarichi istituzionali presso la Presidenza del Consiglio dei Ministri, il Comitato Parlamentare per la Sicurezza della Repubblica (CoPaSiR) e la Presidenza della Repubblica. \u00c8 docente di Geopolitica e Strategia presso il Campus Biomedico e la Scuola Ufficiali Carabinieri. Contribuisce regolarmente al dibattito su temi di attualit\u00e0 internazionale<br \/>\ncon interventi e opinioni sulle principali testate nazionali.<\/p>\n","protected":false},"excerpt":{"rendered":"<p>Viviamo in un\u2019epoca di estremi. Visioni contrapposte e fenomeni radicali creano un senso di incertezza che sta rapidamente compromettendo la capacit\u00e0 degli Stati e delle classi dirigenti di governare il [&hellip;]<\/p>\n","protected":false},"featured_media":26220,"template":"","meta":{"_editorskit_title_hidden":false,"_editorskit_reading_time":0,"_editorskit_is_block_options_detached":false,"_editorskit_block_options_position":"{}","_monsterinsights_skip_tracking":false,"_monsterinsights_sitenote_active":false,"_monsterinsights_sitenote_note":"","_monsterinsights_sitenote_category":0},"product_brand":[],"product_cat":[11784,6728],"product_tag":[13674,13676,7643,13675],"class_list":{"0":"post-26219","1":"product","2":"type-product","3":"status-publish","4":"has-post-thumbnail","6":"product_cat-biblioteca-contemporanea","7":"product_cat-ultime_novita","8":"product_tag-estremismi","9":"product_tag-negazionisti","10":"product_tag-politica","11":"product_tag-teorie-del-complotto","12":"pa_guerini_amazon_link-https-www-amazon-it-estremi-mondo-bilico-caos-polarizzazione-dp-8862504713","13":"pa_guerini_feltrinelli_link-https-www-lafeltrinelli-it-estremi-mondo-in-bilico-tra-libro-gianluca-ansalone-e-9788862504713","14":"pa_guerini_ibs_link-https-www-ibs-it-estremi-mondo-in-bilico-tra-libro-gianluca-ansalone-e-9788862504713","15":"pa_guerini_libruniver_link-https-www-libreriauniversitaria-it-estremi-mondo-bilico-caos-polarizzazione-libro-9788862504713","16":"pa_guerini_mondadori_link-https-www-mondadoristore-it-estremi-il-mondo-in-bilico-tra-caos-e-polarizzazione-libro-gianluca-ansalone-p-9788862504713","18":"first","19":"instock","20":"sale","21":"shipping-taxable","22":"purchasable","23":"product-type-simple"},"yoast_head":"<!-- This site is optimized with the Yoast SEO plugin v25.4 - https:\/\/yoast.com\/wordpress\/plugins\/seo\/ -->\n<title>Gianluca Ansalone, Estremi - Guerini e Associati<\/title>\n<meta name=\"description\" content=\"Il volume mette in guardia dai rischi dell\u2019esasperazione nelle relazioni internazionali e in quelle tra partiti, sistemi e modelli politici, alla ricerca di soluzioni efficaci per i prossimi decenni.\" \/>\n<meta name=\"robots\" content=\"index, follow, max-snippet:-1, max-image-preview:large, max-video-preview:-1\" \/>\n<link rel=\"canonical\" href=\"https:\/\/www.guerini.it\/index.php\/prodotto\/estremi\/\" \/>\n<meta property=\"og:locale\" content=\"it_IT\" \/>\n<meta property=\"og:type\" content=\"article\" \/>\n<meta property=\"og:title\" content=\"Gianluca Ansalone, Estremi - Guerini e Associati\" \/>\n<meta property=\"og:description\" content=\"Il volume mette in guardia dai rischi dell\u2019esasperazione nelle relazioni internazionali e in quelle tra partiti, sistemi e modelli politici, alla ricerca di soluzioni efficaci per i prossimi decenni.\" \/>\n<meta property=\"og:url\" content=\"https:\/\/www.guerini.it\/index.php\/prodotto\/estremi\/\" \/>\n<meta property=\"og:site_name\" content=\"Guerini e Associati\" \/>\n<meta property=\"article:modified_time\" content=\"2026-04-03T11:20:26+00:00\" \/>\n<meta property=\"og:image\" content=\"https:\/\/www.guerini.it\/wp-content\/uploads\/2026\/03\/ESTREMI_9788862504713.webp\" \/>\n\t<meta property=\"og:image:width\" content=\"667\" \/>\n\t<meta property=\"og:image:height\" content=\"1000\" \/>\n\t<meta property=\"og:image:type\" content=\"image\/webp\" \/>\n<meta name=\"twitter:card\" content=\"summary_large_image\" \/>\n<meta name=\"twitter:label1\" content=\"Tempo di lettura stimato\" \/>\n\t<meta name=\"twitter:data1\" content=\"2 minuti\" \/>\n<!-- \/ Yoast SEO plugin. -->","yoast_head_json":{"title":"Gianluca Ansalone, Estremi - Guerini e Associati","description":"Il volume mette in guardia dai rischi dell\u2019esasperazione nelle relazioni internazionali e in quelle tra partiti, sistemi e modelli politici, alla ricerca di soluzioni efficaci per i prossimi decenni.","robots":{"index":"index","follow":"follow","max-snippet":"max-snippet:-1","max-image-preview":"max-image-preview:large","max-video-preview":"max-video-preview:-1"},"canonical":"https:\/\/www.guerini.it\/index.php\/prodotto\/estremi\/","og_locale":"it_IT","og_type":"article","og_title":"Gianluca Ansalone, Estremi - Guerini e Associati","og_description":"Il volume mette in guardia dai rischi dell\u2019esasperazione nelle relazioni internazionali e in quelle tra partiti, sistemi e modelli politici, alla ricerca di soluzioni efficaci per i prossimi decenni.","og_url":"https:\/\/www.guerini.it\/index.php\/prodotto\/estremi\/","og_site_name":"Guerini e Associati","article_modified_time":"2026-04-03T11:20:26+00:00","og_image":[{"width":667,"height":1000,"url":"https:\/\/www.guerini.it\/wp-content\/uploads\/2026\/03\/ESTREMI_9788862504713.webp","type":"image\/webp"}],"twitter_card":"summary_large_image","twitter_misc":{"Tempo di lettura stimato":"2 minuti"},"schema":{"@context":"https:\/\/schema.org","@graph":[{"@type":"WebPage","@id":"https:\/\/www.guerini.it\/index.php\/prodotto\/estremi\/","url":"https:\/\/www.guerini.it\/index.php\/prodotto\/estremi\/","name":"Gianluca Ansalone, Estremi - Guerini e Associati","isPartOf":{"@id":"https:\/\/www.guerini.it\/#website"},"primaryImageOfPage":{"@id":"https:\/\/www.guerini.it\/index.php\/prodotto\/estremi\/#primaryimage"},"image":{"@id":"https:\/\/www.guerini.it\/index.php\/prodotto\/estremi\/#primaryimage"},"thumbnailUrl":"https:\/\/www.guerini.it\/wp-content\/uploads\/2026\/03\/ESTREMI_9788862504713.webp","datePublished":"2026-03-23T14:47:58+00:00","dateModified":"2026-04-03T11:20:26+00:00","description":"Il volume mette in guardia dai rischi dell\u2019esasperazione nelle relazioni internazionali e in quelle tra partiti, sistemi e modelli politici, alla ricerca di soluzioni efficaci per i prossimi decenni.","breadcrumb":{"@id":"https:\/\/www.guerini.it\/index.php\/prodotto\/estremi\/#breadcrumb"},"inLanguage":"it-IT","potentialAction":[{"@type":"ReadAction","target":["https:\/\/www.guerini.it\/index.php\/prodotto\/estremi\/"]}]},{"@type":"ImageObject","inLanguage":"it-IT","@id":"https:\/\/www.guerini.it\/index.php\/prodotto\/estremi\/#primaryimage","url":"https:\/\/www.guerini.it\/wp-content\/uploads\/2026\/03\/ESTREMI_9788862504713.webp","contentUrl":"https:\/\/www.guerini.it\/wp-content\/uploads\/2026\/03\/ESTREMI_9788862504713.webp","width":667,"height":1000,"caption":"Front Cover di G. Ansalone, Estremi, Guerini e Associati, 2026"},{"@type":"BreadcrumbList","@id":"https:\/\/www.guerini.it\/index.php\/prodotto\/estremi\/#breadcrumb","itemListElement":[{"@type":"ListItem","position":1,"name":"Home","item":"https:\/\/www.guerini.it\/"},{"@type":"ListItem","position":2,"name":"Catalogo","item":"https:\/\/www.guerini.it\/index.php\/negozio\/"},{"@type":"ListItem","position":3,"name":"Estremi"}]},{"@type":"WebSite","@id":"https:\/\/www.guerini.it\/#website","url":"https:\/\/www.guerini.it\/","name":"Guerini e Associati","description":"30 anni di libri, idee e libert\u00e0","publisher":{"@id":"https:\/\/www.guerini.it\/#organization"},"potentialAction":[{"@type":"SearchAction","target":{"@type":"EntryPoint","urlTemplate":"https:\/\/www.guerini.it\/?s={search_term_string}"},"query-input":{"@type":"PropertyValueSpecification","valueRequired":true,"valueName":"search_term_string"}}],"inLanguage":"it-IT"},{"@type":"Organization","@id":"https:\/\/www.guerini.it\/#organization","name":"Guerini e Associati","url":"https:\/\/www.guerini.it\/","logo":{"@type":"ImageObject","inLanguage":"it-IT","@id":"https:\/\/www.guerini.it\/#\/schema\/logo\/image\/","url":"https:\/\/www.guerini.it\/wp-content\/uploads\/2021\/03\/Logo-Guerini-OK_-e1615831292285.png","contentUrl":"https:\/\/www.guerini.it\/wp-content\/uploads\/2021\/03\/Logo-Guerini-OK_-e1615831292285.png","width":2805,"height":1870,"caption":"Guerini e Associati"},"image":{"@id":"https:\/\/www.guerini.it\/#\/schema\/logo\/image\/"}}]}},"_links":{"self":[{"href":"https:\/\/www.guerini.it\/index.php\/wp-json\/wp\/v2\/product\/26219","targetHints":{"allow":["GET"]}}],"collection":[{"href":"https:\/\/www.guerini.it\/index.php\/wp-json\/wp\/v2\/product"}],"about":[{"href":"https:\/\/www.guerini.it\/index.php\/wp-json\/wp\/v2\/types\/product"}],"wp:featuredmedia":[{"embeddable":true,"href":"https:\/\/www.guerini.it\/index.php\/wp-json\/wp\/v2\/media\/26220"}],"wp:attachment":[{"href":"https:\/\/www.guerini.it\/index.php\/wp-json\/wp\/v2\/media?parent=26219"}],"wp:term":[{"taxonomy":"product_brand","embeddable":true,"href":"https:\/\/www.guerini.it\/index.php\/wp-json\/wp\/v2\/product_brand?post=26219"},{"taxonomy":"product_cat","embeddable":true,"href":"https:\/\/www.guerini.it\/index.php\/wp-json\/wp\/v2\/product_cat?post=26219"},{"taxonomy":"product_tag","embeddable":true,"href":"https:\/\/www.guerini.it\/index.php\/wp-json\/wp\/v2\/product_tag?post=26219"}],"curies":[{"name":"wp","href":"https:\/\/api.w.org\/{rel}","templated":true}]}}