{"id":26256,"date":"2026-04-03T16:06:10","date_gmt":"2026-04-03T14:06:10","guid":{"rendered":"https:\/\/www.guerini.it\/?post_type=product&#038;p=26256"},"modified":"2026-04-03T16:06:10","modified_gmt":"2026-04-03T14:06:10","slug":"la-macchina-della-propaganda-europea","status":"publish","type":"product","link":"https:\/\/www.guerini.it\/index.php\/prodotto\/la-macchina-della-propaganda-europea\/","title":{"rendered":"La macchina della propaganda europea"},"content":{"rendered":"<p style=\"text-align: justify;\">Un tema di cui nessuno parla: per la prima volta viene smontato pezzo per pezzo l\u2019apparato attraverso cui l\u2019Unione europea ha costruito, finanziato e messo in funzione un sistema capillare di controllo della narrazione pubblica.<br \/>\nAttraverso un\u2019analisi documentata dei flussi di denaro verso ONG, media e universit\u00e0, il testo mostra come risorse pubbliche europee vengano utilizzate per produrre consenso artificiale, marginalizzare il dissenso e promuovere un\u2019ideologia integrazionista presentata come neutrale e inevitabile.<br \/>\nNe emerge il ritratto di una \u00absociet\u00e0 civile\u00bb largamente cooptata, di un\u2019informazione strutturalmente dipendente e di un\u2019accademia trasformata in veicolo di legittimazione politica.<br \/>\nUn\u2019inchiesta che solleva interrogativi fondamentali sullo stato della democrazia in Europa e sul confine sempre pi\u00f9 labile tra informazione, attivismo e propaganda.<\/p>\n<p style=\"text-align: right;\"><em>Qualcosa sta cambiando nella tumultuosa epoca che stiamo vivendo. La verit\u00e0 talvolta emerge. E quella svelata nel brillante saggio di Thomas Fazi pu\u00f2 far male ma ha finalit\u00e0 virtuose. Ha il potere di scuotere le coscienze e di spingere noi cittadini a pretendere trasparenza e veridicit\u00e0 dalle nostre istituzioni.<\/em><br \/>\n<em>Come dovrebbe sempre essere in democrazia, come troppe volte nel nostro recente passato non \u00e8 stato, come in futuro non dovrebbe pi\u00f9 accadere se l\u2019Occidente vuole continuare a fregiarsi di quei valori liberali, di tolleranza e di indipendenza giudiziaria cos\u00ec frequentemente evocati ma troppo spesso traditi.<\/em><br \/>\nMarcello Foa<\/p>\n<hr \/>\n<p style=\"text-align: justify;\">THOMAS FAZI \u00e8 scrittore e giornalista. Scrive di questioni europee e internazionali per varie testate straniere. Tra i suoi libri: <em>Sovranit\u00e0 o barbarie. Il ritorno della questione nazionale<\/em> (2018) e <em>Una civilt\u00e0 possibile. La lezione dimenticata di Federico Caff\u00e8<\/em> (2022). Il suo sito \u00e8 <em>thomasfazi.net<\/em>.<\/p>\n","protected":false},"excerpt":{"rendered":"<p>Un tema di cui nessuno parla: per la prima volta viene smontato pezzo per pezzo l\u2019apparato attraverso cui l\u2019Unione europea ha costruito, finanziato e messo in funzione un sistema capillare [&hellip;]<\/p>\n","protected":false},"featured_media":26257,"template":"","meta":{"_editorskit_title_hidden":false,"_editorskit_reading_time":0,"_editorskit_is_block_options_detached":false,"_editorskit_block_options_position":"{}","_monsterinsights_skip_tracking":false,"_monsterinsights_sitenote_active":false,"_monsterinsights_sitenote_note":"","_monsterinsights_sitenote_category":0},"product_brand":[],"product_cat":[6730,12325],"product_tag":[7327,13709,13710,13016,7532,13711],"class_list":{"0":"post-26256","1":"product","2":"type-product","3":"status-publish","4":"has-post-thumbnail","6":"product_cat-coming_soon","7":"product_cat-scintille","8":"product_tag-europa","9":"product_tag-finanziamenti-pubblici","10":"product_tag-media-e-informazione","11":"product_tag-unione-europea","12":"product_tag-universita","13":"product_tag-usaid","15":"first","16":"instock","17":"sale","18":"shipping-taxable","19":"purchasable","20":"product-type-simple"},"yoast_head":"<!-- This site is optimized with the Yoast SEO plugin v25.4 - https:\/\/yoast.com\/wordpress\/plugins\/seo\/ -->\n<title>Thomas Fazi, La macchina della propaganda europea - Guerini e Associati<\/title>\n<meta name=\"description\" content=\"Un\u2019inchiesta che solleva interrogativi fondamentali sullo stato della democrazia in Europa e sul confine tra informazione, attivismo e propaganda.\" \/>\n<meta name=\"robots\" content=\"index, follow, max-snippet:-1, max-image-preview:large, max-video-preview:-1\" \/>\n<link rel=\"canonical\" href=\"https:\/\/www.guerini.it\/index.php\/prodotto\/la-macchina-della-propaganda-europea\/\" \/>\n<meta property=\"og:locale\" content=\"it_IT\" \/>\n<meta property=\"og:type\" content=\"article\" \/>\n<meta property=\"og:title\" content=\"Thomas Fazi, La macchina della propaganda europea - Guerini e Associati\" \/>\n<meta property=\"og:description\" content=\"Un\u2019inchiesta che solleva interrogativi fondamentali sullo stato della democrazia in Europa e sul confine tra informazione, attivismo e propaganda.\" \/>\n<meta property=\"og:url\" content=\"https:\/\/www.guerini.it\/index.php\/prodotto\/la-macchina-della-propaganda-europea\/\" \/>\n<meta property=\"og:site_name\" content=\"Guerini e Associati\" \/>\n<meta property=\"og:image\" content=\"https:\/\/www.guerini.it\/wp-content\/uploads\/2026\/04\/LA-MACCHINA-DELLA-PROPAGANDA-EUROPEA_9788862504737.webp\" \/>\n\t<meta property=\"og:image:width\" content=\"667\" \/>\n\t<meta property=\"og:image:height\" content=\"1000\" \/>\n\t<meta property=\"og:image:type\" content=\"image\/webp\" \/>\n<meta name=\"twitter:card\" content=\"summary_large_image\" \/>\n<meta name=\"twitter:label1\" content=\"Tempo di lettura stimato\" \/>\n\t<meta name=\"twitter:data1\" content=\"2 minuti\" \/>\n<!-- \/ Yoast SEO plugin. -->","yoast_head_json":{"title":"Thomas Fazi, La macchina della propaganda europea - Guerini e Associati","description":"Un\u2019inchiesta che solleva interrogativi fondamentali sullo stato della democrazia in Europa e sul confine tra informazione, attivismo e propaganda.","robots":{"index":"index","follow":"follow","max-snippet":"max-snippet:-1","max-image-preview":"max-image-preview:large","max-video-preview":"max-video-preview:-1"},"canonical":"https:\/\/www.guerini.it\/index.php\/prodotto\/la-macchina-della-propaganda-europea\/","og_locale":"it_IT","og_type":"article","og_title":"Thomas Fazi, La macchina della propaganda europea - Guerini e Associati","og_description":"Un\u2019inchiesta che solleva interrogativi fondamentali sullo stato della democrazia in Europa e sul confine tra informazione, attivismo e propaganda.","og_url":"https:\/\/www.guerini.it\/index.php\/prodotto\/la-macchina-della-propaganda-europea\/","og_site_name":"Guerini e Associati","og_image":[{"width":667,"height":1000,"url":"https:\/\/www.guerini.it\/wp-content\/uploads\/2026\/04\/LA-MACCHINA-DELLA-PROPAGANDA-EUROPEA_9788862504737.webp","type":"image\/webp"}],"twitter_card":"summary_large_image","twitter_misc":{"Tempo di lettura stimato":"2 minuti"},"schema":{"@context":"https:\/\/schema.org","@graph":[{"@type":"WebPage","@id":"https:\/\/www.guerini.it\/index.php\/prodotto\/la-macchina-della-propaganda-europea\/","url":"https:\/\/www.guerini.it\/index.php\/prodotto\/la-macchina-della-propaganda-europea\/","name":"Thomas Fazi, La macchina della propaganda europea - Guerini e Associati","isPartOf":{"@id":"https:\/\/www.guerini.it\/#website"},"primaryImageOfPage":{"@id":"https:\/\/www.guerini.it\/index.php\/prodotto\/la-macchina-della-propaganda-europea\/#primaryimage"},"image":{"@id":"https:\/\/www.guerini.it\/index.php\/prodotto\/la-macchina-della-propaganda-europea\/#primaryimage"},"thumbnailUrl":"https:\/\/www.guerini.it\/wp-content\/uploads\/2026\/04\/LA-MACCHINA-DELLA-PROPAGANDA-EUROPEA_9788862504737.webp","datePublished":"2026-04-03T14:06:10+00:00","description":"Un\u2019inchiesta che solleva interrogativi fondamentali sullo stato della democrazia in Europa e sul confine tra informazione, attivismo e propaganda.","breadcrumb":{"@id":"https:\/\/www.guerini.it\/index.php\/prodotto\/la-macchina-della-propaganda-europea\/#breadcrumb"},"inLanguage":"it-IT","potentialAction":[{"@type":"ReadAction","target":["https:\/\/www.guerini.it\/index.php\/prodotto\/la-macchina-della-propaganda-europea\/"]}]},{"@type":"ImageObject","inLanguage":"it-IT","@id":"https:\/\/www.guerini.it\/index.php\/prodotto\/la-macchina-della-propaganda-europea\/#primaryimage","url":"https:\/\/www.guerini.it\/wp-content\/uploads\/2026\/04\/LA-MACCHINA-DELLA-PROPAGANDA-EUROPEA_9788862504737.webp","contentUrl":"https:\/\/www.guerini.it\/wp-content\/uploads\/2026\/04\/LA-MACCHINA-DELLA-PROPAGANDA-EUROPEA_9788862504737.webp","width":667,"height":1000,"caption":"Front cover di T. Fazi, La macchina della propaganda europea, Guerini e Associati, 2026"},{"@type":"BreadcrumbList","@id":"https:\/\/www.guerini.it\/index.php\/prodotto\/la-macchina-della-propaganda-europea\/#breadcrumb","itemListElement":[{"@type":"ListItem","position":1,"name":"Home","item":"https:\/\/www.guerini.it\/"},{"@type":"ListItem","position":2,"name":"Catalogo","item":"https:\/\/www.guerini.it\/index.php\/negozio\/"},{"@type":"ListItem","position":3,"name":"La macchina della propaganda europea"}]},{"@type":"WebSite","@id":"https:\/\/www.guerini.it\/#website","url":"https:\/\/www.guerini.it\/","name":"Guerini e Associati","description":"30 anni di libri, idee e libert\u00e0","publisher":{"@id":"https:\/\/www.guerini.it\/#organization"},"potentialAction":[{"@type":"SearchAction","target":{"@type":"EntryPoint","urlTemplate":"https:\/\/www.guerini.it\/?s={search_term_string}"},"query-input":{"@type":"PropertyValueSpecification","valueRequired":true,"valueName":"search_term_string"}}],"inLanguage":"it-IT"},{"@type":"Organization","@id":"https:\/\/www.guerini.it\/#organization","name":"Guerini e Associati","url":"https:\/\/www.guerini.it\/","logo":{"@type":"ImageObject","inLanguage":"it-IT","@id":"https:\/\/www.guerini.it\/#\/schema\/logo\/image\/","url":"https:\/\/www.guerini.it\/wp-content\/uploads\/2021\/03\/Logo-Guerini-OK_-e1615831292285.png","contentUrl":"https:\/\/www.guerini.it\/wp-content\/uploads\/2021\/03\/Logo-Guerini-OK_-e1615831292285.png","width":2805,"height":1870,"caption":"Guerini e Associati"},"image":{"@id":"https:\/\/www.guerini.it\/#\/schema\/logo\/image\/"}}]}},"_links":{"self":[{"href":"https:\/\/www.guerini.it\/index.php\/wp-json\/wp\/v2\/product\/26256","targetHints":{"allow":["GET"]}}],"collection":[{"href":"https:\/\/www.guerini.it\/index.php\/wp-json\/wp\/v2\/product"}],"about":[{"href":"https:\/\/www.guerini.it\/index.php\/wp-json\/wp\/v2\/types\/product"}],"wp:featuredmedia":[{"embeddable":true,"href":"https:\/\/www.guerini.it\/index.php\/wp-json\/wp\/v2\/media\/26257"}],"wp:attachment":[{"href":"https:\/\/www.guerini.it\/index.php\/wp-json\/wp\/v2\/media?parent=26256"}],"wp:term":[{"taxonomy":"product_brand","embeddable":true,"href":"https:\/\/www.guerini.it\/index.php\/wp-json\/wp\/v2\/product_brand?post=26256"},{"taxonomy":"product_cat","embeddable":true,"href":"https:\/\/www.guerini.it\/index.php\/wp-json\/wp\/v2\/product_cat?post=26256"},{"taxonomy":"product_tag","embeddable":true,"href":"https:\/\/www.guerini.it\/index.php\/wp-json\/wp\/v2\/product_tag?post=26256"}],"curies":[{"name":"wp","href":"https:\/\/api.w.org\/{rel}","templated":true}]}}