{"id":26279,"date":"2026-04-15T17:24:48","date_gmt":"2026-04-15T15:24:48","guid":{"rendered":"https:\/\/www.guerini.it\/?post_type=product&#038;p=26279"},"modified":"2026-04-15T17:24:49","modified_gmt":"2026-04-15T15:24:49","slug":"investire-in-borsa","status":"publish","type":"product","link":"https:\/\/www.guerini.it\/index.php\/prodotto\/investire-in-borsa\/","title":{"rendered":"Investire in borsa"},"content":{"rendered":"<p style=\"text-align: justify;\">In un\u2019epoca dominata da guru della finanza che promettono ricette miracolose e guadagni facili, \u00e8 essenziale scegliere la strada della sincerit\u00e0. In Borsa non si guadagna sempre e la sopravvivenza non \u00e8 solo un punto di partenza, ma il presupposto fondamentale di ogni possibile successo. Frutto di quarantasei anni vissuti sui mercati, tra l\u2019euforia degli anni Ottanta e i grandi crolli globali, questo non \u00e8 un arido manuale tecnico, ma il racconto di un\u2019esperienza di vita. Attraverso aneddoti personali l\u2019autore svela come la Borsa sia, in fondo, una metafora della vita stessa: un sistema complesso e imprevedibile che richiede lucidit\u00e0, misura e capacit\u00e0 di adattamento.<br \/>\nDalla riscoperta della dimensione pratica rispetto alla teoria astratta fino alla gestione delle trappole mentali e dell\u2019irrazionalit\u00e0 dei mercati, vengono qui forniti gli strumenti per diventare investitori consapevoli. Perch\u00e9 navigare nell\u2019incertezza non significa evitare le tempeste, ma imparare a superarle e uscirne rafforzati.<\/p>\n<hr \/>\n<p style=\"text-align: justify;\"><strong>Umberto Borghesi<\/strong>, laureato in Filosofia a Firenze, lavora da oltre quarant\u2019anni nella finanza e nell\u2019asset management. Ha ricoperto il ruolo di Financial Advisor per diverse istituzioni, per poi diventare gestore presso una boutique di Investment Management a Londra.<\/p>\n<p><strong>Leonardo Borghesi<\/strong> vive a Firenze, dove affianca il padre nella gestione degli affari di famiglia. Laureato magistrale all\u2019Universit\u00e0 di Torino dopo gli studi classici, coltiva da sempre la passione per la scrittura, che lo ha portato a collaborare con giornali locali.<\/p>\n","protected":false},"excerpt":{"rendered":"<p>In un\u2019epoca dominata da guru della finanza che promettono ricette miracolose e guadagni facili, \u00e8 essenziale scegliere la strada della sincerit\u00e0. In Borsa non si guadagna sempre e la sopravvivenza [&hellip;]<\/p>\n","protected":false},"featured_media":26280,"template":"","meta":{"_editorskit_title_hidden":false,"_editorskit_reading_time":0,"_editorskit_is_block_options_detached":false,"_editorskit_block_options_position":"{}","_monsterinsights_skip_tracking":false,"_monsterinsights_sitenote_active":false,"_monsterinsights_sitenote_note":"","_monsterinsights_sitenote_category":0},"product_brand":[],"product_cat":[6730,6805],"product_tag":[12329,13742,13743,13740,13741,13744,13745],"class_list":{"0":"post-26279","1":"product","2":"type-product","3":"status-publish","4":"has-post-thumbnail","6":"product_cat-coming_soon","7":"product_cat-guerini-next","8":"product_tag-educazione-finanziaria","9":"product_tag-finanza-comportamentale","10":"product_tag-gestione-dellincertezza","11":"product_tag-investimento-consapevole","12":"product_tag-mercati-finanziari","13":"product_tag-psicologia-del-trading","14":"product_tag-strategia-di-sopravvivenza","16":"first","17":"instock","18":"sale","19":"shipping-taxable","20":"purchasable","21":"product-type-simple"},"yoast_head":"<!-- This site is optimized with the Yoast SEO plugin v25.4 - https:\/\/yoast.com\/wordpress\/plugins\/seo\/ -->\n<title>Umberto Borghesi, Leonardo Borghesi, Investire in borsa - Guerini Editore<\/title>\n<meta name=\"description\" content=\"Attraverso il racconto della sua esperienza di vita, l\u2019autore vuole offrire gli strumenti per diventare investitori consapevoli.\" \/>\n<meta name=\"robots\" content=\"index, follow, max-snippet:-1, max-image-preview:large, max-video-preview:-1\" \/>\n<link rel=\"canonical\" href=\"https:\/\/www.guerini.it\/index.php\/prodotto\/investire-in-borsa\/\" \/>\n<meta property=\"og:locale\" content=\"it_IT\" \/>\n<meta property=\"og:type\" content=\"article\" \/>\n<meta property=\"og:title\" content=\"Umberto Borghesi, Leonardo Borghesi, Investire in borsa - Guerini Editore\" \/>\n<meta property=\"og:description\" content=\"Attraverso il racconto della sua esperienza di vita, l\u2019autore vuole offrire gli strumenti per diventare investitori consapevoli.\" \/>\n<meta property=\"og:url\" content=\"https:\/\/www.guerini.it\/index.php\/prodotto\/investire-in-borsa\/\" \/>\n<meta property=\"og:site_name\" content=\"Guerini e Associati\" \/>\n<meta property=\"article:modified_time\" content=\"2026-04-15T15:24:49+00:00\" \/>\n<meta property=\"og:image\" content=\"https:\/\/www.guerini.it\/wp-content\/uploads\/2026\/04\/INVESTIRE-IN-BORSA_9788868966478.webp\" \/>\n\t<meta property=\"og:image:width\" content=\"667\" \/>\n\t<meta property=\"og:image:height\" content=\"1000\" \/>\n\t<meta property=\"og:image:type\" content=\"image\/webp\" \/>\n<meta name=\"twitter:card\" content=\"summary_large_image\" \/>\n<meta name=\"twitter:label1\" content=\"Tempo di lettura stimato\" \/>\n\t<meta name=\"twitter:data1\" content=\"2 minuti\" \/>\n<!-- \/ Yoast SEO plugin. -->","yoast_head_json":{"title":"Umberto Borghesi, Leonardo Borghesi, Investire in borsa - Guerini Editore","description":"Attraverso il racconto della sua esperienza di vita, l\u2019autore vuole offrire gli strumenti per diventare investitori consapevoli.","robots":{"index":"index","follow":"follow","max-snippet":"max-snippet:-1","max-image-preview":"max-image-preview:large","max-video-preview":"max-video-preview:-1"},"canonical":"https:\/\/www.guerini.it\/index.php\/prodotto\/investire-in-borsa\/","og_locale":"it_IT","og_type":"article","og_title":"Umberto Borghesi, Leonardo Borghesi, Investire in borsa - Guerini Editore","og_description":"Attraverso il racconto della sua esperienza di vita, l\u2019autore vuole offrire gli strumenti per diventare investitori consapevoli.","og_url":"https:\/\/www.guerini.it\/index.php\/prodotto\/investire-in-borsa\/","og_site_name":"Guerini e Associati","article_modified_time":"2026-04-15T15:24:49+00:00","og_image":[{"width":667,"height":1000,"url":"https:\/\/www.guerini.it\/wp-content\/uploads\/2026\/04\/INVESTIRE-IN-BORSA_9788868966478.webp","type":"image\/webp"}],"twitter_card":"summary_large_image","twitter_misc":{"Tempo di lettura stimato":"2 minuti"},"schema":{"@context":"https:\/\/schema.org","@graph":[{"@type":"WebPage","@id":"https:\/\/www.guerini.it\/index.php\/prodotto\/investire-in-borsa\/","url":"https:\/\/www.guerini.it\/index.php\/prodotto\/investire-in-borsa\/","name":"Umberto Borghesi, Leonardo Borghesi, Investire in borsa - Guerini Editore","isPartOf":{"@id":"https:\/\/www.guerini.it\/#website"},"primaryImageOfPage":{"@id":"https:\/\/www.guerini.it\/index.php\/prodotto\/investire-in-borsa\/#primaryimage"},"image":{"@id":"https:\/\/www.guerini.it\/index.php\/prodotto\/investire-in-borsa\/#primaryimage"},"thumbnailUrl":"https:\/\/www.guerini.it\/wp-content\/uploads\/2026\/04\/INVESTIRE-IN-BORSA_9788868966478.webp","datePublished":"2026-04-15T15:24:48+00:00","dateModified":"2026-04-15T15:24:49+00:00","description":"Attraverso il racconto della sua esperienza di vita, l\u2019autore vuole offrire gli strumenti per diventare investitori consapevoli.","breadcrumb":{"@id":"https:\/\/www.guerini.it\/index.php\/prodotto\/investire-in-borsa\/#breadcrumb"},"inLanguage":"it-IT","potentialAction":[{"@type":"ReadAction","target":["https:\/\/www.guerini.it\/index.php\/prodotto\/investire-in-borsa\/"]}]},{"@type":"ImageObject","inLanguage":"it-IT","@id":"https:\/\/www.guerini.it\/index.php\/prodotto\/investire-in-borsa\/#primaryimage","url":"https:\/\/www.guerini.it\/wp-content\/uploads\/2026\/04\/INVESTIRE-IN-BORSA_9788868966478.webp","contentUrl":"https:\/\/www.guerini.it\/wp-content\/uploads\/2026\/04\/INVESTIRE-IN-BORSA_9788868966478.webp","width":667,"height":1000,"caption":"Front cover di U. Borghesi, L. Borghesi, Investire in borsa, Guerini Next, 2026"},{"@type":"BreadcrumbList","@id":"https:\/\/www.guerini.it\/index.php\/prodotto\/investire-in-borsa\/#breadcrumb","itemListElement":[{"@type":"ListItem","position":1,"name":"Home","item":"https:\/\/www.guerini.it\/"},{"@type":"ListItem","position":2,"name":"Catalogo","item":"https:\/\/www.guerini.it\/index.php\/negozio\/"},{"@type":"ListItem","position":3,"name":"Investire in borsa"}]},{"@type":"WebSite","@id":"https:\/\/www.guerini.it\/#website","url":"https:\/\/www.guerini.it\/","name":"Guerini e Associati","description":"30 anni di libri, idee e libert\u00e0","publisher":{"@id":"https:\/\/www.guerini.it\/#organization"},"potentialAction":[{"@type":"SearchAction","target":{"@type":"EntryPoint","urlTemplate":"https:\/\/www.guerini.it\/?s={search_term_string}"},"query-input":{"@type":"PropertyValueSpecification","valueRequired":true,"valueName":"search_term_string"}}],"inLanguage":"it-IT"},{"@type":"Organization","@id":"https:\/\/www.guerini.it\/#organization","name":"Guerini e Associati","url":"https:\/\/www.guerini.it\/","logo":{"@type":"ImageObject","inLanguage":"it-IT","@id":"https:\/\/www.guerini.it\/#\/schema\/logo\/image\/","url":"https:\/\/www.guerini.it\/wp-content\/uploads\/2021\/03\/Logo-Guerini-OK_-e1615831292285.png","contentUrl":"https:\/\/www.guerini.it\/wp-content\/uploads\/2021\/03\/Logo-Guerini-OK_-e1615831292285.png","width":2805,"height":1870,"caption":"Guerini e Associati"},"image":{"@id":"https:\/\/www.guerini.it\/#\/schema\/logo\/image\/"}}]}},"_links":{"self":[{"href":"https:\/\/www.guerini.it\/index.php\/wp-json\/wp\/v2\/product\/26279","targetHints":{"allow":["GET"]}}],"collection":[{"href":"https:\/\/www.guerini.it\/index.php\/wp-json\/wp\/v2\/product"}],"about":[{"href":"https:\/\/www.guerini.it\/index.php\/wp-json\/wp\/v2\/types\/product"}],"wp:featuredmedia":[{"embeddable":true,"href":"https:\/\/www.guerini.it\/index.php\/wp-json\/wp\/v2\/media\/26280"}],"wp:attachment":[{"href":"https:\/\/www.guerini.it\/index.php\/wp-json\/wp\/v2\/media?parent=26279"}],"wp:term":[{"taxonomy":"product_brand","embeddable":true,"href":"https:\/\/www.guerini.it\/index.php\/wp-json\/wp\/v2\/product_brand?post=26279"},{"taxonomy":"product_cat","embeddable":true,"href":"https:\/\/www.guerini.it\/index.php\/wp-json\/wp\/v2\/product_cat?post=26279"},{"taxonomy":"product_tag","embeddable":true,"href":"https:\/\/www.guerini.it\/index.php\/wp-json\/wp\/v2\/product_tag?post=26279"}],"curies":[{"name":"wp","href":"https:\/\/api.w.org\/{rel}","templated":true}]}}