{"id":26322,"date":"2026-05-07T16:47:37","date_gmt":"2026-05-07T14:47:37","guid":{"rendered":"https:\/\/www.guerini.it\/?post_type=product&#038;p=26322"},"modified":"2026-05-07T16:47:37","modified_gmt":"2026-05-07T14:47:37","slug":"senza-maschera","status":"publish","type":"product","link":"https:\/\/www.guerini.it\/index.php\/prodotto\/senza-maschera\/","title":{"rendered":"Senza maschera"},"content":{"rendered":"<p style=\"text-align: right;\"><em>Tommaso non \u00e8 uno yes man. Quando non \u00e8 d\u2019accordo, lo dice. Argomenta il suo punto di vista, prova a convincerti, non si limita ad annuire. In politica \u2013 e ancora di pi\u00f9 nella comunicazione politica \u2013 questo atteggiamento \u00e8 fondamentale. Perch\u00e9 il consenso si costruisce con idee vive e autentiche, non con il conformismo. La politica non \u00e8 fatta di algoritmi o slogan passeggeri, ma di persone.<\/em><br \/>\nGiorgia Meloni<\/p>\n<p style=\"text-align: justify;\">Come si comunica un leader politico sui social media? Nel tempo in cui Instagram e TikTok sono parte del modo in cui soprattutto i giovani guardano la realt\u00e0, la politica non pu\u00f2 restarne fuori. Dal 2018 Tommaso Longobardi ha contribuito a raccontare Giorgia Meloni in una forma nuova, diretta e riconoscibile, accompagnandone il percorso dall\u2019opposizione alla Presidenza del Consiglio, fino a diventare la prima donna alla guida del Governo italiano. Da \u00abIo sono Giorgia\u00bb al fenomeno internazionale \u00abMelodi\u00bb, l\u2019autore ripercorre il dietro le quinte di una comunicazione fatta di intuizioni, retroscena, rapporto umano, autoironia e capacit\u00e0 di trasformare critiche e imprevisti in racconto. <em>Senza maschera<\/em> \u00e8 il racconto di uno dei casi pi\u00f9 rilevanti della comunicazione politica italiana contemporanea: con seriet\u00e0, ma senza prendersi mai troppo sul serio.<\/p>\n<hr \/>\n<p style=\"text-align: justify;\"><strong>TOMMASO LONGOBARDI<\/strong>, laureato in Psicologia, lavora nella comunicazione digitale da oltre dieci anni. Ha iniziato come libero professionista e collaboratore per agenzie e aziende e ha seguito progetti di comunicazione strategica, content e social media per clienti del settore privato e pubblico. Oggi \u00e8 il responsabile della comunicazione digitale del Presidente Meloni.<\/p>\n","protected":false},"excerpt":{"rendered":"<p>Tommaso non \u00e8 uno yes man. Quando non \u00e8 d\u2019accordo, lo dice. Argomenta il suo punto di vista, prova a convincerti, non si limita ad annuire. In politica \u2013 e [&hellip;]<\/p>\n","protected":false},"featured_media":26323,"template":"","meta":{"_editorskit_title_hidden":false,"_editorskit_reading_time":0,"_editorskit_is_block_options_detached":false,"_editorskit_block_options_position":"{}","_monsterinsights_skip_tracking":false,"_monsterinsights_sitenote_active":false,"_monsterinsights_sitenote_note":"","_monsterinsights_sitenote_category":0},"product_brand":[],"product_cat":[6730,12325],"product_tag":[13768,7643,7504,13769],"class_list":{"0":"post-26322","1":"product","2":"type-product","3":"status-publish","4":"has-post-thumbnail","6":"product_cat-coming_soon","7":"product_cat-scintille","8":"product_tag-personalita","9":"product_tag-politica","10":"product_tag-social-media","11":"product_tag-strategie","13":"first","14":"instock","15":"sale","16":"shipping-taxable","17":"purchasable","18":"product-type-simple"},"yoast_head":"<!-- This site is optimized with the Yoast SEO plugin v25.4 - https:\/\/yoast.com\/wordpress\/plugins\/seo\/ -->\n<title>Tommaso Longobardi, Senza maschera - Guerini e Associati<\/title>\n<meta name=\"description\" content=\"L&#039;autore ripercorre il dietro le quinte di uno dei casi pi\u00f9 rilevanti della comunicazione politica italiana contemporanea: con seriet\u00e0, ma senza prendersi troppo sul serio.\" \/>\n<meta name=\"robots\" content=\"index, follow, max-snippet:-1, max-image-preview:large, max-video-preview:-1\" \/>\n<link rel=\"canonical\" href=\"https:\/\/www.guerini.it\/index.php\/prodotto\/senza-maschera\/\" \/>\n<meta property=\"og:locale\" content=\"it_IT\" \/>\n<meta property=\"og:type\" content=\"article\" \/>\n<meta property=\"og:title\" content=\"Tommaso Longobardi, Senza maschera - Guerini e Associati\" \/>\n<meta property=\"og:description\" content=\"L&#039;autore ripercorre il dietro le quinte di uno dei casi pi\u00f9 rilevanti della comunicazione politica italiana contemporanea: con seriet\u00e0, ma senza prendersi troppo sul serio.\" \/>\n<meta property=\"og:url\" content=\"https:\/\/www.guerini.it\/index.php\/prodotto\/senza-maschera\/\" \/>\n<meta property=\"og:site_name\" content=\"Guerini e Associati\" \/>\n<meta property=\"og:image\" content=\"https:\/\/www.guerini.it\/wp-content\/uploads\/2026\/05\/SENZA-MASCHERA_9788862509015.webp\" \/>\n\t<meta property=\"og:image:width\" content=\"1654\" \/>\n\t<meta property=\"og:image:height\" content=\"2480\" \/>\n\t<meta property=\"og:image:type\" content=\"image\/webp\" \/>\n<meta name=\"twitter:card\" content=\"summary_large_image\" \/>\n<meta name=\"twitter:label1\" content=\"Tempo di lettura stimato\" \/>\n\t<meta name=\"twitter:data1\" content=\"2 minuti\" \/>\n<!-- \/ Yoast SEO plugin. -->","yoast_head_json":{"title":"Tommaso Longobardi, Senza maschera - Guerini e Associati","description":"L'autore ripercorre il dietro le quinte di uno dei casi pi\u00f9 rilevanti della comunicazione politica italiana contemporanea: con seriet\u00e0, ma senza prendersi troppo sul serio.","robots":{"index":"index","follow":"follow","max-snippet":"max-snippet:-1","max-image-preview":"max-image-preview:large","max-video-preview":"max-video-preview:-1"},"canonical":"https:\/\/www.guerini.it\/index.php\/prodotto\/senza-maschera\/","og_locale":"it_IT","og_type":"article","og_title":"Tommaso Longobardi, Senza maschera - Guerini e Associati","og_description":"L'autore ripercorre il dietro le quinte di uno dei casi pi\u00f9 rilevanti della comunicazione politica italiana contemporanea: con seriet\u00e0, ma senza prendersi troppo sul serio.","og_url":"https:\/\/www.guerini.it\/index.php\/prodotto\/senza-maschera\/","og_site_name":"Guerini e Associati","og_image":[{"width":1654,"height":2480,"url":"https:\/\/www.guerini.it\/wp-content\/uploads\/2026\/05\/SENZA-MASCHERA_9788862509015.webp","type":"image\/webp"}],"twitter_card":"summary_large_image","twitter_misc":{"Tempo di lettura stimato":"2 minuti"},"schema":{"@context":"https:\/\/schema.org","@graph":[{"@type":"WebPage","@id":"https:\/\/www.guerini.it\/index.php\/prodotto\/senza-maschera\/","url":"https:\/\/www.guerini.it\/index.php\/prodotto\/senza-maschera\/","name":"Tommaso Longobardi, Senza maschera - Guerini e Associati","isPartOf":{"@id":"https:\/\/www.guerini.it\/#website"},"primaryImageOfPage":{"@id":"https:\/\/www.guerini.it\/index.php\/prodotto\/senza-maschera\/#primaryimage"},"image":{"@id":"https:\/\/www.guerini.it\/index.php\/prodotto\/senza-maschera\/#primaryimage"},"thumbnailUrl":"https:\/\/www.guerini.it\/wp-content\/uploads\/2026\/05\/SENZA-MASCHERA_9788862509015.webp","datePublished":"2026-05-07T14:47:37+00:00","description":"L'autore ripercorre il dietro le quinte di uno dei casi pi\u00f9 rilevanti della comunicazione politica italiana contemporanea: con seriet\u00e0, ma senza prendersi troppo sul serio.","breadcrumb":{"@id":"https:\/\/www.guerini.it\/index.php\/prodotto\/senza-maschera\/#breadcrumb"},"inLanguage":"it-IT","potentialAction":[{"@type":"ReadAction","target":["https:\/\/www.guerini.it\/index.php\/prodotto\/senza-maschera\/"]}]},{"@type":"ImageObject","inLanguage":"it-IT","@id":"https:\/\/www.guerini.it\/index.php\/prodotto\/senza-maschera\/#primaryimage","url":"https:\/\/www.guerini.it\/wp-content\/uploads\/2026\/05\/SENZA-MASCHERA_9788862509015.webp","contentUrl":"https:\/\/www.guerini.it\/wp-content\/uploads\/2026\/05\/SENZA-MASCHERA_9788862509015.webp","width":1654,"height":2480,"caption":"Front cover di T. Longobardi, Senza maschera, Guerini e Associati, 2026"},{"@type":"BreadcrumbList","@id":"https:\/\/www.guerini.it\/index.php\/prodotto\/senza-maschera\/#breadcrumb","itemListElement":[{"@type":"ListItem","position":1,"name":"Home","item":"https:\/\/www.guerini.it\/"},{"@type":"ListItem","position":2,"name":"Catalogo","item":"https:\/\/www.guerini.it\/index.php\/negozio\/"},{"@type":"ListItem","position":3,"name":"Senza maschera"}]},{"@type":"WebSite","@id":"https:\/\/www.guerini.it\/#website","url":"https:\/\/www.guerini.it\/","name":"Guerini e Associati","description":"30 anni di libri, idee e libert\u00e0","publisher":{"@id":"https:\/\/www.guerini.it\/#organization"},"potentialAction":[{"@type":"SearchAction","target":{"@type":"EntryPoint","urlTemplate":"https:\/\/www.guerini.it\/?s={search_term_string}"},"query-input":{"@type":"PropertyValueSpecification","valueRequired":true,"valueName":"search_term_string"}}],"inLanguage":"it-IT"},{"@type":"Organization","@id":"https:\/\/www.guerini.it\/#organization","name":"Guerini e Associati","url":"https:\/\/www.guerini.it\/","logo":{"@type":"ImageObject","inLanguage":"it-IT","@id":"https:\/\/www.guerini.it\/#\/schema\/logo\/image\/","url":"https:\/\/www.guerini.it\/wp-content\/uploads\/2021\/03\/Logo-Guerini-OK_-e1615831292285.png","contentUrl":"https:\/\/www.guerini.it\/wp-content\/uploads\/2021\/03\/Logo-Guerini-OK_-e1615831292285.png","width":2805,"height":1870,"caption":"Guerini e Associati"},"image":{"@id":"https:\/\/www.guerini.it\/#\/schema\/logo\/image\/"}}]}},"_links":{"self":[{"href":"https:\/\/www.guerini.it\/index.php\/wp-json\/wp\/v2\/product\/26322","targetHints":{"allow":["GET"]}}],"collection":[{"href":"https:\/\/www.guerini.it\/index.php\/wp-json\/wp\/v2\/product"}],"about":[{"href":"https:\/\/www.guerini.it\/index.php\/wp-json\/wp\/v2\/types\/product"}],"wp:featuredmedia":[{"embeddable":true,"href":"https:\/\/www.guerini.it\/index.php\/wp-json\/wp\/v2\/media\/26323"}],"wp:attachment":[{"href":"https:\/\/www.guerini.it\/index.php\/wp-json\/wp\/v2\/media?parent=26322"}],"wp:term":[{"taxonomy":"product_brand","embeddable":true,"href":"https:\/\/www.guerini.it\/index.php\/wp-json\/wp\/v2\/product_brand?post=26322"},{"taxonomy":"product_cat","embeddable":true,"href":"https:\/\/www.guerini.it\/index.php\/wp-json\/wp\/v2\/product_cat?post=26322"},{"taxonomy":"product_tag","embeddable":true,"href":"https:\/\/www.guerini.it\/index.php\/wp-json\/wp\/v2\/product_tag?post=26322"}],"curies":[{"name":"wp","href":"https:\/\/api.w.org\/{rel}","templated":true}]}}