{"id":26333,"date":"2026-05-12T16:39:22","date_gmt":"2026-05-12T14:39:22","guid":{"rendered":"https:\/\/www.guerini.it\/?post_type=product&#038;p=26333"},"modified":"2026-05-12T16:39:23","modified_gmt":"2026-05-12T14:39:23","slug":"gli-imprenditori-e-il-bene-dellimpresa","status":"publish","type":"product","link":"https:\/\/www.guerini.it\/index.php\/prodotto\/gli-imprenditori-e-il-bene-dellimpresa\/","title":{"rendered":"Gli imprenditori e il bene dell&#8217;impresa"},"content":{"rendered":"<p style=\"text-align: justify;\">Gli imprenditori rappresentano una risorsa insostituibile per lo sviluppo economico: investono, innovano, creano posti di lavoro. Producono fatti. \u00c8 sempre stato cos\u00ec e sar\u00e0 sempre cos\u00ec, a maggior ragione in Italia. Il libro \u00e8 il risultato del viaggio condotto in quindici aziende familiari fortemente caratterizzate dal ruolo dell\u2019imprenditore. Vocazioni produttive, stadi evolutivi, ambiti geografici, dimensioni strutturali, modelli di governance alla soglia del \u00abdi tutto, di pi\u00f9\u00bb, come avrebbe detto la RAI sul finire degli anni Ottanta. Ma anche tanti tratti comuni, dall\u2019apertura al rischio alle fatiche del mestiere, dalla tensione all\u2019innovazione ai legami con i dipendenti. Con un\u2019idea dominante, una bussola ricorrente: il bene dell\u2019impresa. \u00abAnche un viaggio di mille miglia inizia con un singolo passo\u00bb affermava Lao Tzu, nel 500 a.C. Il libro rappresenta uno dei primi passi compiuti da CIVIS, il centro istituzionale della LIUC dedicato alla Cultura, all\u2019Innovazione e ai Valori Imprenditoriali per lo Sviluppo, costituito a inizio 2025 grazie al contributo della Fondazione Villoresi Poggi. L\u2019attivit\u00e0 prosegue, il viaggio continua.<\/p>\n<hr \/>\n<p style=\"text-align: justify;\"><strong>Luca Antonelli<\/strong>, PhD Candidate in Management, Finance and Accounting presso l\u2019Universit\u00e0 Carlo Cattaneo \u2013 LIUC, \u00e8 dal 2018 membro dello Sport Knowledge &amp; Entertainment Center di SDA Bocconi School of Management. In SDA Bocconi \u00e8 coordinatore accademico per il FIFA Master e per l\u2019International Business Academy (IBA) ed \u00e8 Learning Facilitator per la 1 to 1 Academy rivolta agli atleti.<\/p>\n<p><strong>Mario Fontanella Pisa<\/strong>, ingegnere, \u00e8 lecturer presso l\u2019Universit\u00e0 Carlo Cattaneo \u2013 LIUC e svolge la propria attivit\u00e0 nell\u2019ambito di CIVIS. Svolge inoltre attivit\u00e0 di consulenza in materia di sostenibilit\u00e0, reporting ESG e integrazione dei principi di economia circolare nelle strategie aziendali.<\/p>\n<p><strong>Federico Visconti<\/strong> \u00e8 professore ordinario di Economia aziendale presso l\u2019Universit\u00e0 Carlo Cattaneo \u2013 LIUC, dove \u00e8 direttore di CIVIS. Ha svolto la propria carriera presso l\u2019Universit\u00e0 Bocconi e l\u2019Universit\u00e0 della Valle d\u2019Aosta. \u00c8 presidente della Fondazione Comunitaria del Varesotto, vicepresidente di Fideuram Intesa Sanpaolo Private Banking e membro del Consiglio dell\u2019ISTAT.<\/p>\n","protected":false},"excerpt":{"rendered":"<p>Gli imprenditori rappresentano una risorsa insostituibile per lo sviluppo economico: investono, innovano, creano posti di lavoro. Producono fatti. \u00c8 sempre stato cos\u00ec e sar\u00e0 sempre cos\u00ec, a maggior ragione in [&hellip;]<\/p>\n","protected":false},"featured_media":26334,"template":"","meta":{"_editorskit_title_hidden":false,"_editorskit_reading_time":0,"_editorskit_is_block_options_detached":false,"_editorskit_block_options_position":"{}","_monsterinsights_skip_tracking":false,"_monsterinsights_sitenote_active":false,"_monsterinsights_sitenote_note":"","_monsterinsights_sitenote_category":0},"product_brand":[],"product_cat":[6730,6805,6700],"product_tag":[13832,11597,8540,13831,6745,6952,13833],"class_list":{"0":"post-26333","1":"product","2":"type-product","3":"status-publish","4":"has-post-thumbnail","6":"product_cat-coming_soon","7":"product_cat-guerini-next","8":"product_cat-universita-cattaneo-libri","9":"product_tag-bene-comune","10":"product_tag-cultura-dimpresa","11":"product_tag-governance","12":"product_tag-impresa-familiare","13":"product_tag-innovazione","14":"product_tag-sviluppo-economico","15":"product_tag-vocazione","17":"first","18":"instock","19":"sale","20":"shipping-taxable","21":"purchasable","22":"product-type-simple"},"yoast_head":"<!-- This site is optimized with the Yoast SEO plugin v25.4 - https:\/\/yoast.com\/wordpress\/plugins\/seo\/ -->\n<title>Luca Antonelli, Mario Fontanella Pisa, Federico Visconti, Gli imprenditori e il bene dell&#039;impresa - Guerini Editore<\/title>\n<meta name=\"description\" content=\"Questo volume \u00e8 il risultato di un viaggio condotto in quindici aziende familiari fortemente caratterizzate dal ruolo dell\u2019imprenditore.\" \/>\n<meta name=\"robots\" content=\"index, follow, max-snippet:-1, max-image-preview:large, max-video-preview:-1\" \/>\n<link rel=\"canonical\" href=\"https:\/\/www.guerini.it\/index.php\/prodotto\/gli-imprenditori-e-il-bene-dellimpresa\/\" \/>\n<meta property=\"og:locale\" content=\"it_IT\" \/>\n<meta property=\"og:type\" content=\"article\" \/>\n<meta property=\"og:title\" content=\"Luca Antonelli, Mario Fontanella Pisa, Federico Visconti, Gli imprenditori e il bene dell&#039;impresa - Guerini Editore\" \/>\n<meta property=\"og:description\" content=\"Questo volume \u00e8 il risultato di un viaggio condotto in quindici aziende familiari fortemente caratterizzate dal ruolo dell\u2019imprenditore.\" \/>\n<meta property=\"og:url\" content=\"https:\/\/www.guerini.it\/index.php\/prodotto\/gli-imprenditori-e-il-bene-dellimpresa\/\" \/>\n<meta property=\"og:site_name\" content=\"Guerini e Associati\" \/>\n<meta property=\"article:modified_time\" content=\"2026-05-12T14:39:23+00:00\" \/>\n<meta property=\"og:image\" content=\"https:\/\/www.guerini.it\/wp-content\/uploads\/2026\/05\/IMPRENDITORI-E-IL-BENE-DELLIMPRESA-GLI_9788868966515.webp\" \/>\n\t<meta property=\"og:image:width\" content=\"652\" \/>\n\t<meta property=\"og:image:height\" content=\"1000\" \/>\n\t<meta property=\"og:image:type\" content=\"image\/webp\" \/>\n<meta name=\"twitter:card\" content=\"summary_large_image\" \/>\n<meta name=\"twitter:label1\" content=\"Tempo di lettura stimato\" \/>\n\t<meta name=\"twitter:data1\" content=\"2 minuti\" \/>\n<!-- \/ Yoast SEO plugin. -->","yoast_head_json":{"title":"Luca Antonelli, Mario Fontanella Pisa, Federico Visconti, Gli imprenditori e il bene dell'impresa - Guerini Editore","description":"Questo volume \u00e8 il risultato di un viaggio condotto in quindici aziende familiari fortemente caratterizzate dal ruolo dell\u2019imprenditore.","robots":{"index":"index","follow":"follow","max-snippet":"max-snippet:-1","max-image-preview":"max-image-preview:large","max-video-preview":"max-video-preview:-1"},"canonical":"https:\/\/www.guerini.it\/index.php\/prodotto\/gli-imprenditori-e-il-bene-dellimpresa\/","og_locale":"it_IT","og_type":"article","og_title":"Luca Antonelli, Mario Fontanella Pisa, Federico Visconti, Gli imprenditori e il bene dell'impresa - Guerini Editore","og_description":"Questo volume \u00e8 il risultato di un viaggio condotto in quindici aziende familiari fortemente caratterizzate dal ruolo dell\u2019imprenditore.","og_url":"https:\/\/www.guerini.it\/index.php\/prodotto\/gli-imprenditori-e-il-bene-dellimpresa\/","og_site_name":"Guerini e Associati","article_modified_time":"2026-05-12T14:39:23+00:00","og_image":[{"width":652,"height":1000,"url":"https:\/\/www.guerini.it\/wp-content\/uploads\/2026\/05\/IMPRENDITORI-E-IL-BENE-DELLIMPRESA-GLI_9788868966515.webp","type":"image\/webp"}],"twitter_card":"summary_large_image","twitter_misc":{"Tempo di lettura stimato":"2 minuti"},"schema":{"@context":"https:\/\/schema.org","@graph":[{"@type":"WebPage","@id":"https:\/\/www.guerini.it\/index.php\/prodotto\/gli-imprenditori-e-il-bene-dellimpresa\/","url":"https:\/\/www.guerini.it\/index.php\/prodotto\/gli-imprenditori-e-il-bene-dellimpresa\/","name":"Luca Antonelli, Mario Fontanella Pisa, Federico Visconti, Gli imprenditori e il bene dell'impresa - Guerini Editore","isPartOf":{"@id":"https:\/\/www.guerini.it\/#website"},"primaryImageOfPage":{"@id":"https:\/\/www.guerini.it\/index.php\/prodotto\/gli-imprenditori-e-il-bene-dellimpresa\/#primaryimage"},"image":{"@id":"https:\/\/www.guerini.it\/index.php\/prodotto\/gli-imprenditori-e-il-bene-dellimpresa\/#primaryimage"},"thumbnailUrl":"https:\/\/www.guerini.it\/wp-content\/uploads\/2026\/05\/IMPRENDITORI-E-IL-BENE-DELLIMPRESA-GLI_9788868966515.webp","datePublished":"2026-05-12T14:39:22+00:00","dateModified":"2026-05-12T14:39:23+00:00","description":"Questo volume \u00e8 il risultato di un viaggio condotto in quindici aziende familiari fortemente caratterizzate dal ruolo dell\u2019imprenditore.","breadcrumb":{"@id":"https:\/\/www.guerini.it\/index.php\/prodotto\/gli-imprenditori-e-il-bene-dellimpresa\/#breadcrumb"},"inLanguage":"it-IT","potentialAction":[{"@type":"ReadAction","target":["https:\/\/www.guerini.it\/index.php\/prodotto\/gli-imprenditori-e-il-bene-dellimpresa\/"]}]},{"@type":"ImageObject","inLanguage":"it-IT","@id":"https:\/\/www.guerini.it\/index.php\/prodotto\/gli-imprenditori-e-il-bene-dellimpresa\/#primaryimage","url":"https:\/\/www.guerini.it\/wp-content\/uploads\/2026\/05\/IMPRENDITORI-E-IL-BENE-DELLIMPRESA-GLI_9788868966515.webp","contentUrl":"https:\/\/www.guerini.it\/wp-content\/uploads\/2026\/05\/IMPRENDITORI-E-IL-BENE-DELLIMPRESA-GLI_9788868966515.webp","width":652,"height":1000,"caption":"Front cover di L. Antonelli, M. Fontanella Pisa, F. Visconti, Gli imprenditori e il bene dell'impresa, Guerini Next, 2026"},{"@type":"BreadcrumbList","@id":"https:\/\/www.guerini.it\/index.php\/prodotto\/gli-imprenditori-e-il-bene-dellimpresa\/#breadcrumb","itemListElement":[{"@type":"ListItem","position":1,"name":"Home","item":"https:\/\/www.guerini.it\/"},{"@type":"ListItem","position":2,"name":"Catalogo","item":"https:\/\/www.guerini.it\/index.php\/negozio\/"},{"@type":"ListItem","position":3,"name":"Gli imprenditori e il bene dell&#8217;impresa"}]},{"@type":"WebSite","@id":"https:\/\/www.guerini.it\/#website","url":"https:\/\/www.guerini.it\/","name":"Guerini e Associati","description":"30 anni di libri, idee e libert\u00e0","publisher":{"@id":"https:\/\/www.guerini.it\/#organization"},"potentialAction":[{"@type":"SearchAction","target":{"@type":"EntryPoint","urlTemplate":"https:\/\/www.guerini.it\/?s={search_term_string}"},"query-input":{"@type":"PropertyValueSpecification","valueRequired":true,"valueName":"search_term_string"}}],"inLanguage":"it-IT"},{"@type":"Organization","@id":"https:\/\/www.guerini.it\/#organization","name":"Guerini e Associati","url":"https:\/\/www.guerini.it\/","logo":{"@type":"ImageObject","inLanguage":"it-IT","@id":"https:\/\/www.guerini.it\/#\/schema\/logo\/image\/","url":"https:\/\/www.guerini.it\/wp-content\/uploads\/2021\/03\/Logo-Guerini-OK_-e1615831292285.png","contentUrl":"https:\/\/www.guerini.it\/wp-content\/uploads\/2021\/03\/Logo-Guerini-OK_-e1615831292285.png","width":2805,"height":1870,"caption":"Guerini e Associati"},"image":{"@id":"https:\/\/www.guerini.it\/#\/schema\/logo\/image\/"}}]}},"_links":{"self":[{"href":"https:\/\/www.guerini.it\/index.php\/wp-json\/wp\/v2\/product\/26333","targetHints":{"allow":["GET"]}}],"collection":[{"href":"https:\/\/www.guerini.it\/index.php\/wp-json\/wp\/v2\/product"}],"about":[{"href":"https:\/\/www.guerini.it\/index.php\/wp-json\/wp\/v2\/types\/product"}],"wp:featuredmedia":[{"embeddable":true,"href":"https:\/\/www.guerini.it\/index.php\/wp-json\/wp\/v2\/media\/26334"}],"wp:attachment":[{"href":"https:\/\/www.guerini.it\/index.php\/wp-json\/wp\/v2\/media?parent=26333"}],"wp:term":[{"taxonomy":"product_brand","embeddable":true,"href":"https:\/\/www.guerini.it\/index.php\/wp-json\/wp\/v2\/product_brand?post=26333"},{"taxonomy":"product_cat","embeddable":true,"href":"https:\/\/www.guerini.it\/index.php\/wp-json\/wp\/v2\/product_cat?post=26333"},{"taxonomy":"product_tag","embeddable":true,"href":"https:\/\/www.guerini.it\/index.php\/wp-json\/wp\/v2\/product_tag?post=26333"}],"curies":[{"name":"wp","href":"https:\/\/api.w.org\/{rel}","templated":true}]}}